{"id":938,"date":"2009-01-02T15:03:01","date_gmt":"2009-01-02T20:03:01","guid":{"rendered":"http:\/\/localhost\/wordpress\/?page_id=938"},"modified":"2016-01-10T13:24:51","modified_gmt":"2016-01-10T18:24:51","slug":"kanadisches-bier","status":"publish","type":"page","link":"http:\/\/fahrradinontario.net\/?page_id=938","title":{"rendered":"Kanadisches Bier"},"content":{"rendered":"<p>Mit dieser Seite m\u00f6chte ich dazu beitragen, ein Vorurteil aus der Welt zu schaffen. Und zwar jenes, dass amerikanisches Bier grunds\u00e4tzlich schlecht w\u00e4re. Dass dieses Vorurteil \u00fcberhaupt existiert, liegt wohl daran, weil der Markt von den gro\u00dfen Brauereien dominiert wird, die etwas produzieren, was jeden ansprechen soll aber keinen Charakter mehr hat. Die Namen kennt jeder und deshalb will ich mich auch nicht lange mit damit aufhalten und herum philosophieren (das k\u00f6nnen andere sowieso besser), sondern nur ein paar der kleinen, feinen Brauereien vorstellen, die ich hier bisher entdeckt habe. Zwar ist das Bier dieser Brauereien etwas teurer, und man bekommt kein Modellauto mit jedem gr\u00f6\u00dferen Karton, aber daf\u00fcr sind die Verpackungen teilweise sehr sch\u00f6n gemacht, und somit gibt es zum guten Bier noch etwas zum Anschauen.<\/p>\n<p><strong>Verpackungseinheiten und Vertrieb<\/strong><br \/>\n Ist vielleicht auch mal ganz interessant, weil es so anders als in Deutschland ist. Den guten deutschen Kasten kennt man hier nicht. Es gibt entweder Dosen in den verschiedensten Gr\u00f6\u00dfen oder Kartons mit 6 &#8211; 24 Flaschen. Kaufen tut man sein Bier in Ontario entweder im <a href=\"http:\/\/www.thebeerstore.ca\/\" target=\"_top\">Beer Store<\/a> oder im <a href=\"http:\/\/www.lcbo.ca\/entry.html\" target=\"_top\">LCBO<\/a>. Superm\u00e4rkte oder Tankstellen d\u00fcrfen keine alkoholischen Getr\u00e4nke f\u00fchren. In Quebec gibt es Bier vornehmlich in kleineren &#8222;Convenience Stores&#8220;, die \u00fcber eine entsprechende Lizenz verf\u00fcgen. Pfand gibt es auf alle Flaschen und Dosen (soviel zu &#8222;Dosenpfand g\u00e4be es ja nur in Deutschland&#8220;). Das ist aber auch wieder abh\u00e4ngig von Provinz beziehungsweise Bundesstaat.<\/p>\n<p><img loading=\"lazy\" decoding=\"async\" class=\"alignright\" style=\"float: right\" title=\" \" src=\"wp-content\/uploads\/2009\/01\/creemore1.jpg\" alt=\"\" width=\"180\" height=\"168\" \/><\/p>\n<p><strong>Creemore Springs<\/strong><br \/>\n Mein Favorit! Und auch der vieler meiner kanadischen Kollegen. Das Lager schmeckt malzig, so wie einige belgische Biere, aber nicht zu sehr, dass es st\u00f6rend sein k\u00f6nnte. Der hohe Malzgehalt gibt em Bier auch eine sehr sch\u00f6ne Bernsteinfarbe.<\/p>\n<p>Interessanterweise bietet <a href=\"http:\/\/www.creemoresprings.com\/live\/\">Creemore Springs<\/a> zu bestimmten Jahreszeiten sogar ein Bockbier an, und das ist wirklich gut und braucht den Vergleich mit deutschen Bockbieren nicht im geringsten zu scheuen. Ganz im Gegensatz zu vielen &#8222;Strong Beer&#8220;, die hier verkauft werden.<\/p>\n<p style=\"clear:both\"><img loading=\"lazy\" decoding=\"async\" class=\"alignright\" style=\"float: right\" title=\" \" src=\"wp-content\/uploads\/2009\/01\/creemore2.jpg\" alt=\"\" width=\"180\" height=\"218\" \/><\/p>\n<p>Creemore ist eine kleine Stadt im Norden von Toronto, ungef\u00e4hr 25 km s\u00fcdlich von Wassaga Beach. Ein Besuch lohnt sich, denn die Hauptstra\u00dfe sieht ein bischen so aus, als ob dort die Zeit seit 100 Jahren stehengeblieben ist (zumindest, wenn man sich die vielen SUVs wegdenkt).<\/p>\n<p>Leider ist die Brauerei vor einiger Zeit von <a href=\"http:\/\/www.molson.com\/\" target=\"_top\">Molson<\/a> (gr\u00f6\u00dftes Brauereiunternehmen in Kanada, &#8222;Canadian&#8220;) \u00fcbernommen worden. Das hat zum Gl\u00fcck noch keine Auswirkungen auf den Biergeschmack. Aber das 8er Pack Flaschen wurde durch ein 8er Pack Dosen ersetzt. Finde ich jetzt nicht soo schlimm. Auch wenn das jetzt vielleicht gegen mich spricht, aber ich finde Bierdosen eigentlich ganz praktisch.<\/p>\n<p><img loading=\"lazy\" decoding=\"async\" class=\"alignleft\" title=\"Die Creemore Springs Brauerei\" src=\"wp-content\/uploads\/2009\/01\/creemore3.jpg\" alt=\"\" width=\"600\" height=\"272\" \/><\/p>\n<p style=\"clear:both\"><img loading=\"lazy\" decoding=\"async\" class=\"alignleft\" style=\"float: left\" title=\" \" src=\"wp-content\/uploads\/2009\/01\/steamwhistle1.jpg\" alt=\"\" width=\"180\" height=\"218\" \/><\/p>\n<p><strong>Steamwhistle<\/strong><br \/>\n Interessant an dieser Brauerei ist vor allem der Standort. <a href=\"http:\/\/www.steamwhistle.ca\/\">Steamwhistle<\/a> ist n\u00e4mlich in einem umgebauten Lokschuppen (daher auch der Name) direkt neben Toronto&#8217;s CN Tower untergebracht. Das Bier ist OK, k\u00f6nnte aber etwas mehr Charakter haben.<\/p>\n<p style=\"clear:both\"><img loading=\"lazy\" decoding=\"async\" class=\"alignleft\" style=\"float: left\" title=\" \" src=\"wp-content\/uploads\/2009\/01\/camerons2.jpg\" alt=\"\" width=\"65\" height=\"190\" \/><br \/>\n <img loading=\"lazy\" decoding=\"async\" class=\"alignright\" style=\"float: right\" title=\" \" src=\"wp-content\/uploads\/2009\/01\/camerons1.jpg\" alt=\"\" width=\"180\" height=\"176\" \/><\/p>\n<p><strong>Camerons<\/strong><br \/>\n Ein kleine Brauerei in Oakville (da kommt man vorbei, wenn man von Toronto zu den Niagaraf\u00e4llen f\u00e4hrt). Das Bier ist sehr gut und hat schon einige Preise eingeheimst. Aber irgend etwas im Nachgeschmack gef\u00e4llt mir pers\u00f6nlich nicht. <a href=\"http:\/\/www.cameronsbrewing.com\/\">Camerons<\/a> gibt es im Neunerpack, und das ist wohl ziemlich einzigartig.<\/p>\n<p style=\"clear:both\"><img loading=\"lazy\" decoding=\"async\" class=\"alignleft\" style=\"float: left\" title=\" \" src=\"wp-content\/uploads\/2009\/01\/greatlakes1.jpg\" alt=\"\" width=\"180\" height=\"213\" \/><br \/>\n <img loading=\"lazy\" decoding=\"async\" class=\"alignright\" style=\"float: right\" title=\" \" src=\"wp-content\/uploads\/2009\/01\/greatlakes2.jpg\" alt=\"\" width=\"66\" height=\"210\" \/><\/p>\n<p><strong>Great Lakes<\/strong><br \/>\n Nicht zu verwechseln mit der Great Lakes Brauerei in Cleveland \/ Ohio! &#8222;Black Jack&#8220; ist ein dunkles Lager und im Geschmack vergleichbar mit einem deutschen K\u00f6stritzer. Auch wenn <a href=\"http:\/\/www.greatlakesbeer.com\/\">Great Lakes<\/a> mehr oder weniger bei mir um die Ecke liegt, habe ich sie bisher noch nicht besucht obwohl man mit unten stehendem Etikett, welches auf jeder Packung klebt, dazu aufgefordert wird. Ein echtes Vers\u00e4umnis, denn das Bier ist nicht schlecht.<\/p>\n<p style=\"clear:both\"><img loading=\"lazy\" decoding=\"async\" class=\"alignleft\" title=\" \" src=\"wp-content\/uploads\/2009\/01\/greatlakes.jpg\" alt=\"\" width=\"571\" height=\"296\" \/><\/p>\n<p style=\"clear:both\"><img loading=\"lazy\" decoding=\"async\" class=\"alignleft\" style=\"float: left\" title=\" \" src=\"wp-content\/uploads\/2009\/01\/greatlakesc1.jpg\" alt=\"\" width=\"156\" height=\"180\" \/><br \/>\n <img loading=\"lazy\" decoding=\"async\" class=\"alignright\" style=\"float: right\" title=\" \" src=\"wp-content\/uploads\/2009\/01\/greatlakesc2.jpg\" alt=\"\" width=\"57\" height=\"180\" \/><\/p>\n<p><strong>Great Lakes \/ Cleveland<\/strong><br \/>\n Hat hier zwar eigentlich nix zu suchen, weil Cleveland in Ohio und somit den USA liegt, ich habe es aber trotzem in der Liste. Zum einem als Erg\u00e4nzung zu dem vorangegangenem Bier und zum anderem, weil es wirklich sehr gut ist. <a href=\"http:\/\/www.greatlakesbrewing.com\/\" target=\"_top\">Great Lakes<\/a> hat viele Sorten im Angebot. Das Dortmunder Gold ist ein echtes Export und hat mich schon \u00fcberzeugt.<\/p>\n<p style=\"clear:both\">Zur Weihnachtszeit gibt es ein Christmas Ale mit weihnachtlichen Gew\u00fcrzen. Entspricht vielleicht nicht dem Reinheitsgebot, ist aber trotzdem lecker. Leider gibt es dieses Bier\u00a0nur in Cleveland und Umgebung.<\/p>\n<p style=\"clear:both\"><img loading=\"lazy\" decoding=\"async\" class=\"alignright\" style=\"float: right\" title=\" \" src=\"wp-content\/uploads\/2009\/01\/chambly.jpg\" alt=\"\" width=\"180\" height=\"240\" \/><\/p>\n<p><strong>Blanche de Chambly<\/strong><br \/>\n Und jetzt mal etwas anderes. Blanche de Chambly wird in Quebec von der <a href=\"http:\/\/www.unibroue.com\/\" target=\"_top\">Unibroue<\/a> Brauerei hergestellt und ist ein White Beer, also ein Hefeweizen und sogar ein tr\u00fcbes. Obwohl ich nicht wirklich ein Weizenbier Fan bin, gef\u00e4llt mir der fruchtige Geschmack des Blanche de Chambly recht gut. Und das Bild auf dem Etikett hat auch etwas. Chambly liegt \u00f6stlich neben Montreal, und Biere von <a href=\"http:\/\/www.unibroue.com\/\" target=\"_top\">Unibroue<\/a> sollen auch in Deutschland erh\u00e4ltlich sein.<\/p>\n<p style=\"clear:both\"><img loading=\"lazy\" decoding=\"async\" class=\"alignleft\" style=\"float: left\" title=\" \" src=\"wp-content\/uploads\/2009\/01\/millstd2.jpg\" alt=\"\" width=\"156\" height=\"196\" \/><br \/>\n <img loading=\"lazy\" decoding=\"async\" class=\"alignright\" style=\"float: right\" title=\" \" src=\"wp-content\/uploads\/2009\/01\/millst.jpg\" alt=\"\" width=\"210\" height=\"196\" \/><\/p>\n<p><strong>Mill St. Brewery<\/strong><br \/>\n <a href=\"http:\/\/www.millstreetbrewery.com\/main.htm\" target=\"_top\">Mill St.<\/a> ist eine kleine Brauerei in Toronto. Mill St. wirbt damit, dass in ihren Bieren keinerlei Fremdstoffe enthalten sind (also quasi streng nach Reinheitsgebot gebraut). Daher auch der Name &#8222;Organic&#8220;. Das mag zwar stimmen, trotzdem schmeckt das Lager etwas fade. Das Tankhouse Ale ist dagegen schon etwas besseres.<\/p>\n<p style=\"clear:both\">Mill St. ist \u00fcbrigens im <a href=\"http:\/\/www.thedistillerydistrict.com\/index.html\" target=\"_top\">Distillery District<\/a> beheimatet (auch wenn das Bier dort nicht mehr gebraut wird). Das ist eine ehemalige Distillerie, in der jetzt Gesch\u00e4fte, Galerien und Restaurants untergebracht sind, und ein Besuch dort lohnt sich!<\/p>\n<p style=\"clear:both\"><img loading=\"lazy\" decoding=\"async\" class=\"alignleft\" style=\"float: left\" title=\" \" src=\"wp-content\/uploads\/2009\/01\/robertsimpson1.jpg\" alt=\"\" width=\"210\" height=\"184\" \/><\/p>\n<p><strong>Robert Simpson<\/strong><br \/>\n Die <a href=\"http:\/\/www.robertsimpsonbrewery.com\/\" target=\"_top\">Robert Simpson Brewery<\/a> ist in Barrie, n\u00f6rdlich von Toronto, beheimatet. Der Internet Auftritt ist leider etwas spartanisch. Aber zumindest die Adresse kann man der Seite entnehmen. Das Bier ist ein Ale, hat einen angenehm weichen Geschmack, und ist strikt nach dem &#8222;Beer Purity Law&#8220; von 1516 gebraut.<\/p>\n<p style=\"clear:both\"><img loading=\"lazy\" decoding=\"async\" class=\"alignright\" style=\"float: right\" title=\" \" src=\"wp-content\/uploads\/2009\/01\/brickman.jpg\" alt=\"\" width=\"135\" height=\"180\" \/><\/p>\n<p><strong>Brick<\/strong><br \/>\n Die <a href=\"http:\/\/www.brickbeer.com\/\" target=\"_top\">Brick Brewery<\/a> wurde 1984 als eine der ersten neueren &#8222;Microbreweries&#8220; in Ontario gegr\u00fcndet. Das Pilsener wird mit Hopfen aus Deutschland hergestellt, und ist geschmacklich OK. Die Brauerei liegt in Waterloo, einer Gegend mit vielen deutschen Einwanderern. Dem entsprechend gibt es dort auch ein gro\u00dfes Oktoberfest.<\/p>\n<p style=\"clear:both\"><img loading=\"lazy\" decoding=\"async\" class=\"alignleft\" style=\"float: left\" title=\" \" src=\"wp-content\/uploads\/2009\/01\/sleeman.jpg\" alt=\"\" width=\"210\" height=\"172\" \/><br \/>\n <img loading=\"lazy\" decoding=\"async\" class=\"alignright\" style=\"float: right\" title=\" \" src=\"wp-content\/uploads\/2009\/01\/sleeman2.jpg\" alt=\"\" width=\"53\" height=\"172\" \/><\/p>\n<p><strong>Sleeman<\/strong><br \/>\n <a href=\"http:\/\/www.sleeman.com\/\" target=\"_top\">Sleeman<\/a> in Guelph ist schon eher eine gr\u00f6\u00dfere Brauerei, und das Bier ist fast \u00fcberall in Ontario zu bekommen. Das Cream Ale ist aber deutlich\u00a0besser als das Angebot der anderen gro\u00dfen Brauereien, und dar\u00fcber hinaus bietet Sleeman noch einige Spezialit\u00e4teten wie das sehr gute India Pale Ale.<\/p>\n<p style=\"clear:both\">Sleeman gibt es \u00fcbrigens auch auf den Transatlantikfl\u00fcgen von Air Canada. Somit ist es f\u00fcr viele der erste Kontakt mit kanadischem Bier.  Dazu ein Tipp: Wenn die Stewardess fragt, welches Bier man denn gerne haben m\u00f6che, einfach &#8222;Sleeman&#8220; sagen. Nicht nur, dass man damit &#8222;insiderm\u00e4ssig&#8220; antworten kann, man bekommt auch das bessere Bier.<\/p>\n<p style=\"clear:both\"><img loading=\"lazy\" decoding=\"async\" class=\"alignleft\" style=\"float: left\" title=\" \" src=\"wp-content\/uploads\/2009\/01\/nickelapple.jpg\" alt=\"\" width=\"68\" height=\"209\" \/><br \/>\n <img loading=\"lazy\" decoding=\"async\" class=\"alignright\" style=\"float: right\" title=\" \" src=\"wp-content\/uploads\/2009\/01\/nickelbrook.jpg\" alt=\"\" width=\"180\" height=\"209\" \/><\/p>\n<p><strong>Nickel Brook<\/strong><br \/>\n <a href=\"http:\/\/www.nickelbrook.com\/index.html\" target=\"_top\">Nickel Brook<\/a> ist eine Micro Bewery in Burlington. Der Name der Brauerei ist eigentlich &#8222;Better Bitter&#8220;, und genauso schmeckt auch das Bier: ein bitteres Ale, genauso wie ich es mag.<\/p>\n<p>Das Green Apple Pilsener (Bier mit Apfelgeschmack!) ist dagegen nicht ganz so mein Fall.<\/p>\n<p style=\"clear:both\"><img loading=\"lazy\" decoding=\"async\" class=\"alignleft\" style=\"float: left\" title=\" \" src=\"wp-content\/uploads\/2009\/01\/cool.jpg\" alt=\"\" width=\"210\" height=\"170\" \/><\/p>\n<p><strong>Cool<\/strong><br \/>\n Die <a href=\"http:\/\/www.coolbeer.com\/home.html\" target=\"_top\">Cool Beer Brewing Company<\/a> wurde zwar in Brampton gegr\u00fcndet, ist aber irgendwann nach Toronto in die Evans Avenue in Etobicoke umgezogen. Das Cool Beer ist ein Lager und ganz OK, wenn auch nicht unbedingt weltklasse.<\/p>\n<p style=\"clear:both\"><img loading=\"lazy\" decoding=\"async\" class=\"alignleft\" style=\"float: left\" title=\" \" src=\"wp-content\/uploads\/2009\/01\/muskoka.jpg\" alt=\"\" width=\"210\" height=\"185\" \/><\/p>\n<p><strong>Muskoka<\/strong><br \/>\n Die <a href=\"http:\/\/www.muskokabrewery.com\/\" target=\"_top\">Muskoka<\/a> Biere kommen aus Bracebridge, und das liegt wiederum n\u00f6rdlich von Toronto am Lake Muskoka, ungef\u00e4hr auf halber Strecke zwischen der Georgian Bay und dem Algongin Nationalpark. Bisher habe ich nur das Cream Ale probiert, und das ist okay, allerdings nicht ganz so gut wie z.B. Sleeman. Muskoka hat allerdings noch mehr zu bieten, und ich bin schon auf die anderen Sorten gespannt.<\/p>\n<p style=\"clear:both\"><img loading=\"lazy\" decoding=\"async\" class=\"alignright\" style=\"float: right\" title=\" \" src=\"wp-content\/uploads\/2009\/01\/neustadt.jpg\" alt=\"\" width=\"210\" height=\"176\" \/><\/p>\n<p><strong>Neustadt<\/strong><br \/>\n Dieses Bier kommt von der <a href=\"http:\/\/www.neustadtsprings.com\/\" target=\"_top\">Neustadt Springs Brewery<\/a> aus dem gleichnamigen Ort nordwestlich von Toronto. Der Name l\u00e4\u00dft auf einen deutschen Ursprung schlie\u00dfen und tats\u00e4chlich wurde die Brauerei 1859 urspr\u00fcnglich als Crystal Springs Brewery von einem deutschen Einwanderer gegr\u00fcndet. Sie wurde allerdings 1916 w\u00e4hrend der Prohibition geschlossen. Die jetzigen Besitzer stammen aus England und haben die Brauerei 1997 wiederer\u00f6ffnet. Das Lager hat einen leicht bitteren Geschmack und gef\u00e4llt mir sehr gut.<\/p>\n<p style=\"clear:both\"><img loading=\"lazy\" decoding=\"async\" class=\"alignleft\" style=\"float: left\" title=\" \" src=\"wp-content\/uploads\/2009\/01\/amsterdam.jpg\" alt=\"\" width=\"210\" height=\"168\" \/><\/p>\n<p><strong>Amsterdam<\/strong><br \/>\n Und jetzt mal wieder ein Bier aus dem Herzen von Toronto, denn die <a href=\"http:\/\/www.amsterdambeer.com\/\" target=\"_top\">Amsterdam Brewing Co.<\/a> ist in der Bathurst Street beheimatet. Sie bietet viele verschiedene Sorten und unter anderem auch ein helles Bock-, ein helles Weizen und ein Oktoberfestbier (M\u00e4rzen). Alle habe ich noch nicht probiert, aber das Natural Blonde hat mich nicht wirklich \u00fcberzeugen \u00f6nnen. Mal sehen, wie die anderen Sorten so sind&#8230;<\/p>\n<p style=\"clear:both\"><img loading=\"lazy\" decoding=\"async\" class=\"alignright\" style=\"float: right\" title=\" \" src=\"wp-content\/uploads\/2009\/01\/sgtmajor.jpg\" alt=\"\" width=\"220\" height=\"136\" \/><\/p>\n<p><strong>Scotch Irish Brewing<\/strong><br \/>\n Wie der Name schon sagt, produziert die <a href=\"http:\/\/www.scotchirishbrewing.ca\/\" target=\"_top\">Scotch Irish Brewing<\/a> Ales nach britischem Stil. Die Brauerei liegt in Carleton Place, circa 50 km s\u00fcdlich von Ottawa.<\/p>\n<p style=\"clear:both\">India Pales Ales wurden urspr\u00fcnglich zur Versorgung der britischen Truppen in Indien gebraut. Um die Haltbarkeit zu er\u00f6hen, wurde das\u00a0Bier mit\u00a0extra viel Hopfen gebraut. Das Resultat ist recht bitteres und kr\u00e4ftiges Bier, welches aber gerade bei hei\u00dfem Wetter besonders erfrischend ist.<\/p>\n<p style=\"clear:both\"><img loading=\"lazy\" decoding=\"async\" class=\"alignleft\" style=\"float: left\" title=\" \" src=\"wp-content\/uploads\/2009\/01\/heritage1.jpg\" alt=\"\" width=\"216\" height=\"180\" \/><br \/>\n <img loading=\"lazy\" decoding=\"async\" class=\"alignright\" style=\"float: right\" title=\" \" src=\"wp-content\/uploads\/2009\/01\/heritage2.jpg\" alt=\"\" width=\"76\" height=\"180\" \/><\/p>\n<p><strong>Heritage Brewing<\/strong><br \/>\n <a href=\"http:\/\/www.heritagebrewing.com\" target=\"_top\">Heritage Brewing<\/a> und Scotch Irish Brewing sind offenbar ein und dieselbe Brauerei, und Heritage ist wohl der Markenname f\u00fcr die Lager. Das recht hopfige Premium Lager wird ebenfalls in die witzigen kleinen Flaschen (Stubby) abgef\u00fcllt.<\/p>\n<p style=\"clear:both\"><img loading=\"lazy\" decoding=\"async\" class=\"alignleft\" style=\"float: left\" title=\" \" src=\"wp-content\/uploads\/2009\/01\/keiths.jpg\" alt=\"\" width=\"210\" height=\"186\" \/><\/p>\n<p><strong>Alexander Keith&#8217;s<\/strong><br \/>\n Keith&#8217;s ist ein in Kanada recht popul\u00e4res Bier und obwohl es aus Halifax stammt, ist es fast \u00fcberall zu bekommen. Die <a href=\"http:\/\/www.keiths.ca\/\" target=\"_top\">Alexander Keith&#8217;s Nova Scotia Brewery<\/a> wurde bereits 1820 gegr\u00fcndet und ist somit eine der \u00e4ltesten Braueereien Nordamerikas.<\/p>\n<p>Keith&#8217;s will auch ein India Pale Ale sein, geschmacklich kommt es aber nicht ann\u00e4hernd an Sgt. Major oder Sleeman heran. Anstelle von extra Hopfen scheint bei der Produktion eher extra viel Wasser zum Einsatz zu kommen.<\/p>\n<p><img loading=\"lazy\" decoding=\"async\" class=\"alignleft\" title=\"Die Alexander Keith's Nova Scotia Brewery in Halifax\" src=\"wp-content\/uploads\/2009\/01\/keiths2.jpg\" alt=\"\" width=\"600\" height=\"224\" \/><\/p>\n<p style=\"clear:both\"><img loading=\"lazy\" decoding=\"async\" style=\"float: left\" class=\"alignleft\" title=\" \" src=\"wp-content\/uploads\/2010\/06\/Propeller.JPG\" alt=\"\" width=\"210\" height=\"176\" \/><\/p>\n<p><strong>Propeller<\/strong><br \/>\nAuch wenn Keith&#8217;s die gr\u00f6\u00dfte Brauerei in Halifax ist, gibt es dort auch Alternativen. Die <a href=\"http:\/\/www.drinkpropeller.ca\">Propeller Brewing Company<\/a> hat nicht nur einen interessanten Namen sondern macht auch ein interessantes Bier. Das Bitter ist, wie der Name schon sagt, ein recht hopfiges ESB (Extra Special Bitter).\n<\/p>\n<p style=\"clear:both\"><img loading=\"lazy\" decoding=\"async\" class=\"alignright\" style=\"float: right\" title=\" \" src=\"wp-content\/uploads\/2009\/01\/oldcredit.jpg\" alt=\"\" width=\"210\" height=\"202\" \/><\/p>\n<p><strong>Old Credit<\/strong><br \/>\nDie <a href=\"http:\/\/www.oldcreditbrewing.com\">Old Credit Brewing<\/a> Brauerei hat zwei entscheidende Vorteile: Zum einen liegt sie nur ein paar Kilometer entfernt von mir, und ich kann mir das Bier direkt bei der Brauerei kaufen, und zum anderen hat sie neben den in Kanada \u00fcblichen 340 ml auch 680 ml Flaschen im Angebot. Achja&#8230; und das Pilsner ist auch sehr lecker. <\/p>\n<p style=\"clear:both\"><img loading=\"lazy\" decoding=\"async\" style=\"float: left\" class=\"alignleft\" title=\" \" src=\"wp-content\/uploads\/2013\/06\/Magnotta.jpg\" alt=\"\" width=\"170\" height=\"220\" \/><\/p>\n<p><strong>Magnotta<\/strong><br \/>\nDie Bier der kleinen <a href=\"http:\/\/www.magnotta.com\/Brewery\/\">Magnotta Brauerei<\/a> in Vaughan gleich im Norden von Toronto werden unter dem Markennamen True North verkauft. Eigentlich ist Magnotta ein ziemlich gro\u00dfes Weingut in Niagara, und das Bier wird nur so nebenher gebraut. Neben den standard Ales gibt es auch ein True North Copper Altbier was richtig lecker ist. Es ist recht hopfig und damit vielleicht ein wenig bitterer als g\u00e4ngige dem Massengeschmack angepasste Altbiere, das muss aber nicht unbedingt schlecht sein.\n<\/p\n\n\n\n<p style=\"clear:both\"><\/p>\n<p style=\"clear:both\"><span style=\"font-weight: bold;\">Und es gibt noch viel mehr!<\/span><\/p>\n<ul>\n<li>30 &#8222;Microbreweries&#8220; in Ontario haben sich zu den <a href=\"http:\/\/www.ontariocraftbrewers.ca\/default.aspx\" target=\"_top\">Ontario Craft Brewers<\/a> zusammengeschlossen, und deren Internetseite gibt einen guten \u00dcberblick.<\/li>\n<li>F\u00fcr diejenigen, die mehr \u00fcber kanadisches Bier erfahren wollen, gibt es den <a href=\"http:\/\/worldofbeer.com\/guide.html\" target=\"_top\">Great Canadian Beer Guide<\/a> von Stephen Beaumont.<\/li>\n<li>Ein \u00dcberblick \u00fcber die Bierszene in Toronto mit einer Liste der Pubs bietet <a href=\"http:\/\/www.bartowel.com\/\" target=\"_top\">The Bar Towel<\/a>.<\/li>\n<li><a href=\"http:\/\/www.brewers.ca\/default_e.asp\" target=\"_top\">Brewer Association of Canada<\/a>, der Brauereiverband.<\/li>\n<\/ul>\n<p style=\"clear:both\">\u00a0<\/p>\n","protected":false},"excerpt":{"rendered":"<p>Mit dieser Seite m\u00f6chte ich dazu beitragen, ein Vorurteil aus der Welt zu schaffen. Und zwar jenes, dass amerikanisches Bier <a class=\"more-link\" href=\"http:\/\/fahrradinontario.net\/?page_id=938\">weiterlesen&#8230;<\/a><\/p>\n","protected":false},"author":2,"featured_media":1828,"parent":11,"menu_order":4,"comment_status":"closed","ping_status":"closed","template":"","meta":{"footnotes":""},"class_list":["post-938","page","type-page","status-publish","has-post-thumbnail","hentry"],"_links":{"self":[{"href":"http:\/\/fahrradinontario.net\/index.php?rest_route=\/wp\/v2\/pages\/938","targetHints":{"allow":["GET"]}}],"collection":[{"href":"http:\/\/fahrradinontario.net\/index.php?rest_route=\/wp\/v2\/pages"}],"about":[{"href":"http:\/\/fahrradinontario.net\/index.php?rest_route=\/wp\/v2\/types\/page"}],"author":[{"embeddable":true,"href":"http:\/\/fahrradinontario.net\/index.php?rest_route=\/wp\/v2\/users\/2"}],"replies":[{"embeddable":true,"href":"http:\/\/fahrradinontario.net\/index.php?rest_route=%2Fwp%2Fv2%2Fcomments&post=938"}],"version-history":[{"count":24,"href":"http:\/\/fahrradinontario.net\/index.php?rest_route=\/wp\/v2\/pages\/938\/revisions"}],"predecessor-version":[{"id":1829,"href":"http:\/\/fahrradinontario.net\/index.php?rest_route=\/wp\/v2\/pages\/938\/revisions\/1829"}],"up":[{"embeddable":true,"href":"http:\/\/fahrradinontario.net\/index.php?rest_route=\/wp\/v2\/pages\/11"}],"wp:featuredmedia":[{"embeddable":true,"href":"http:\/\/fahrradinontario.net\/index.php?rest_route=\/wp\/v2\/media\/1828"}],"wp:attachment":[{"href":"http:\/\/fahrradinontario.net\/index.php?rest_route=%2Fwp%2Fv2%2Fmedia&parent=938"}],"curies":[{"name":"wp","href":"https:\/\/api.w.org\/{rel}","templated":true}]}}