

{"id":800,"date":"2009-01-01T08:56:32","date_gmt":"2009-01-01T13:56:32","guid":{"rendered":"http:\/\/localhost\/wordpress\/?page_id=800"},"modified":"2025-11-08T13:53:05","modified_gmt":"2025-11-08T18:53:05","slug":"eriesee-amerikanische-seite","status":"publish","type":"page","link":"http:\/\/fahrradinontario.net\/?page_id=800","title":{"rendered":"Eriesee (amerikanische Seite)"},"content":{"rendered":"<p>Der <a href=\"http:\/\/de.wikipedia.org\/wiki\/Eriesee\">Eriesee<\/a> ist der flachste der gro\u00dfen Seen und einer der reizvollsten f\u00fcr Ausfl\u00fcge. Er ist warm und lockt mit vielen und langen Sandstr\u00e4nden, die im Sommer alle ziemlich belebt sind. Das n\u00f6rdliche Ufer geh\u00f6rt zu Ontario und das s\u00fcdliche teilen sich die Staaten Ohio, Pennsylvania und New York. Ganz im Westen hat Michigan auch noch ein St\u00fcck des Sees.<\/p>\n<p>Die unten stehende Karte markiert die Ecken, zu denen es auf dieser und der <a href=\"http:\/\/fahrradinontario.net\/?page_id=336\">Seite \u00fcber den kanadischen Teil des Eriesees<\/a> Bilder und Texte gibt.<\/p>\n<p style=\"clear: both;\">\n\n\n\t\t\t\t<div id=\"map_ol3js_1\" class=\"map undefined\" data-map_name=\"undefined\" data-map=\"map_ol3js_1\" style=\"width:100%; max-width:100%; height:400px; display:block; overflow:hidden;border:2px solid grey;\" >\n\t\t\t\t  <div id=\"map_ol3js_1_popup\" class=\"ol-popup\" >\n\t\t\t\t\t<a href=\"#\" id=\"map_ol3js_1_popup-closer\" class=\"ol-popup-closer\"><\/a>\n\t\t\t\t\t<div id=\"map_ol3js_1_popup-content\" ><\/div>\n\t\t\t\t  <\/div>\n\t\t\t\t<\/div>\n\t\t\t\n\n\t\t\t\t<script type=\"text\/javascript\">\n\t\t\t\t\ttranslations['openlayer'] = \"open layer\";\n\t\t\t\t\ttranslations['openlayerAtStartup'] = \"open layer at startup\";\n\t\t\t\t\ttranslations['generateLink'] = \"Der Link zur Karte mit ausgew\u00e4hlten Overlays und angezeigtem Ausschnitt\";\n\t\t\t\t\ttranslations['shortDescription'] = \"Kurzbeschreibung\";\n\t\t\t\t\ttranslations['generatedShortCode'] = \"to get a text control link paste this code in your wordpress editor\";\n\t\t\t\t\ttranslations['closeLayer'] = \"close layer\";\n\t\t\t\t\ttranslations['cantGenerateLink'] = \"put this string in the existing map short code to control this map\";\n\t\t\t  <\/script>\n\n\n\t\t\t  <script type=\"text\/javascript\">\n\t\t\t  vectorM['map_ol3js_1'] = [];\n\t        \n        var raster = getTileLayer(\"osm\",\"NoKey\");\t\t\t\n\n\t\t\t  var map_ol3js_1 = new ol.Map({\n\t\t\t\tinteractions: ol.interaction.defaults.defaults({mouseWheelZoom:false}),\n\t\t\t\tlayers: [raster],\n\t\t\t\ttarget: \"map_ol3js_1\",\n\t\t\t\tview: new ol.View({\n\t\t\t\t  center: ol.proj.transform([-81.265,42.221], \"EPSG:4326\", \"EPSG:3857\"),\n\t\t\t\t  zoom: 7\n\t\t\t\t})\n\t\t\t  });\n\t\t\t  \n    var style0 = {\n      \"Point\": [new ol.style.Style({\n\n          image: new ol.style.Icon({\n            anchor: [0.5, 41],\n            anchorXUnits: \"fraction\",\n            anchorYUnits: \"pixels\",\n            opacity: 0.75,\n            src: \"http:\/\/fahrradinontario.net\/wp-content\/plugins\/osm\/icons\/mic_blue_pinother_02.png\"\n          })\n      })],\n\n      \"LineString\": [new ol.style.Style({\n        stroke: new ol.style.Stroke({\n          color: \"blue\",\n          width: 8\n        })\n      })],\n      \"MultiLineString\": [new ol.style.Style({\n        stroke: new ol.style.Stroke({\n          color: \"blue\",\n          width: 4\n        })\n      })]\n    };\n\t\t  vectorL0 = new ol.layer.Vector({\n\n\t\t\tsource: new ol.source.Vector({\n\t\t  url:\"\/wp-content\/GPXData\/Erie.kml\",\n\t\t\t  format: new ol.format.KML({ showPointNames: false})\n\t\t\t}),\n         zIndex: 92\n\t\t  });map_ol3js_1.addLayer(vectorL0);addControls2Map(map_ol3js_1,0,0,3,0,5,6,7,0,1);\nosm_addPopupClickhandler(map_ol3js_1,  \"map_ol3js_1\"); \nosm_addMouseHover(map_ol3js_1); <\/script>\n<p style=\"clear: both;\">\n<p style=\"clear: right;\">Eine Tour entlang des amerikanischen Teils des Eriesees erschlie\u00dft ein St\u00fcck Industriegeschichte mit leider schlechtem Ausgang. Hier war einst das Herz der Schwerindustrie, die in der zweiten H\u00e4lfte des 20. Jahrhunderts stark abgebaut wurde. Als w\u00e4re das nicht genug, folgt seit einiger Zeit auch noch der R\u00fcckgang der Automobilindustrie, die der Gegend ebenfalls ihren Stempel aufgesetzt hat. Die Folge sind ehemals bl\u00fchende Industriest\u00e4dte, welche die H\u00e4lfte ihrer Einwohner verloren haben.<\/p>\n<p style=\"clear: both;\">\n<p id=\"Toledo\"><strong>Toledo<\/strong><br \/>\n <a href=\"http:\/\/de.wikipedia.org\/wiki\/Toledo_%28Ohio%29\" target=\"_top\" rel=\"noopener noreferrer\">Toledo<\/a> liegt an der s\u00fcd\u00f6stlichen Spitze des Eriesees. Der gr\u00f6\u00dfte Arbeitgeber in Toledo war einmal die riesige Fabrik, in der der ber\u00fchmte Jeep produziert wurde.<\/p>\n<p style=\"clear:both\"><img loading=\"lazy\" decoding=\"async\" class=\"alignleft\" title=\" \" src=\"\/wp-content\/Bilder\/Eriesee\/L1010207.jpg\" alt=\"\" width=\"365\" height=\"243\" \/><\/p>\n<p><img loading=\"lazy\" decoding=\"async\" class=\"alignright\" style=\"clear:right\" title=\" \" src=\"\/wp-content\/Bilder\/Eriesee\/L1010238.jpg\" alt=\"\" width=\"365\" height=\"243\" \/><\/p>\n<p style=\"clear: both;\">\n<p style=\"clear:both\"><img loading=\"lazy\" decoding=\"async\" class=\"alignleft\" title=\" \" src=\"\/wp-content\/Bilder\/Eriesee\/L1010244.jpg\" alt=\"\" width=\"365\" height=\"243\" \/><\/p>\n<p><img loading=\"lazy\" decoding=\"async\" class=\"alignright\" style=\"clear:right\" title=\" \" src=\"\/wp-content\/Bilder\/Eriesee\/L1010249.jpg\" alt=\"\" width=\"365\" height=\"243\" \/><\/p>\n<p style=\"clear: both;\">\n<p>Es hat sich viel ver\u00e4ndert, seit ich Toledo das letzte Mal besucht habe. Auf beiden Seiten des Maumee River sind weitl\u00e4ufige Parks entstanden, und im <a href=\"http:\/\/www.nmgl.org\/\">National Museum of the Great Lakes<\/a> kann ein alter Frachter besichtigt werden.<\/p>\n<p style=\"clear:both\"><img loading=\"lazy\" decoding=\"async\" class=\"alignleft\" title=\" \" src=\"\/wp-content\/Bilder\/Eriesee\/L1010264.jpg\" alt=\"\" width=\"365\" height=\"243\" \/><\/p>\n<p><img loading=\"lazy\" decoding=\"async\" class=\"alignright\" style=\"clear:right\" title=\" \" src=\"\/wp-content\/Bilder\/Eriesee\/L1010278.jpg\" alt=\"\" width=\"365\" height=\"243\" \/><\/p>\n<p style=\"clear: both;\">\n<p style=\"clear: both;\">Um Toledo gab es einmal einen gro\u00dfen Streit zwischen Ohio und Michigan, den sogenannten Toledo War (1835\u20131836). Durch den Bau des Eriekanals bl\u00fchten die Regionen rund um die gro\u00dfen Seen, und alle Anrainerstaaten wollten ein St\u00fcck vom Kuchen, also einen Hafen an den gro\u00dfen Seen, haben. Toledo hatte genau einen solchen, und um den stritten sich Ohio und Michigan bis aufs Blut. Gro\u00dfe Verluste waren dabei allerdings nicht zu beklagen, und schlie\u00dflich bekam Ohio Toledo und Michigan im Ausgleich dazu die Upper Peninsula (was schlussendlich sogar mehr einbrachte).<\/p>\n<p id=\"Islands\" style=\"clear: right;\"><strong>Marblehead Lighthouse<\/strong><br \/>\n1822 gebaut ist der Marblehead Lighthouse der dienst\u00e4lteste Leuchtturm an den gro\u00dfen Seen. Au\u00dferdem geh\u00f6ren er und die reizvolle K\u00fcste drum herum zu den meistfotografierten Gegenden am Eriesee.<\/p>\n<p style=\"clear: both;\">\n<p style=\"clear:both\"><img loading=\"lazy\" decoding=\"async\" class=\"alignleft\" title=\" \" src=\"\/wp-content\/uploads\/2013\/05\/IMGP5219.jpg\" alt=\"\" width=\"365\" height=\"243\" \/><\/p>\n<p><img loading=\"lazy\" decoding=\"async\" class=\"alignright\" style=\"clear: right;\" title=\" \" src=\"\/wp-content\/uploads\/2013\/05\/IMGP5208.jpg\" alt=\"\" width=\"365\" height=\"243\" \/><\/p>\n<p style=\"clear: both;\">\n<p id=\"Islands\" style=\"clear: right;\"><strong>Lake Erie Islands<\/strong><br \/>\nDie amerikanischen Inseln im Eriesee (Kelly&#8217;s Island, South Bass, Middle Bass und North Bass) befinden sind zwischen Toledo und Cleveland. Die Halbinsel Catawba Island und die Orte Sandusky und Port Clinton sind die Sprungbretter zu den Inseln, die von dort per F\u00e4hre zu erreichen sind. Auf den Inseln befinden sich haupts\u00e4chlich private Cottages und Weing\u00fcter.<\/p>\n<p style=\"clear: right;\">Am F\u00e4hranlegepunkt auf South Bass kann man Fahrr\u00e4der oder kleine Elektroautos mieten und damit die Insel erkunden. Es gibt einen kleinen Ort mit mit Restaurants und Bars, und der Rest der Insel besteht haupts\u00e4chlich aus privaten Cottages.<\/p>\n<p style=\"clear: both;\">\n<p style=\"clear:both\"><img loading=\"lazy\" decoding=\"async\" class=\"alignleft\" title=\" \" src=\"\/wp-content\/uploads\/2013\/05\/IMGP5227.jpg\" alt=\"\" width=\"365\" height=\"243\" \/><\/p>\n<p><img loading=\"lazy\" decoding=\"async\" class=\"alignright\" style=\"clear: right;\" title=\" \" src=\"\/wp-content\/uploads\/2013\/05\/IMGP5260.jpg\" alt=\"\" width=\"365\" height=\"243\" \/><\/p>\n<p style=\"clear: both;\">\n<p style=\"clear: both;\">Am 10. September 1813 fand eine Seeschlacht auf dem Eriesee statt. Elf amerikanische Schiffe konnten sich gegen sechs englische durchsetzen. Die Schlacht spielte sich in der Gegend um die Inseln ab. Die Auswirkung der Schlacht war, dass die Briten das im Jahr zuvor eroberte Detroit aufgeben mussten. <a href=\"http:\/\/www.nps.gov\/pevi\/\" target=\"_top\">Perry&#8217;s Victory and International Peace Memorial<\/a> auf South Bass erinnert an die Schlacht.<\/p>\n<p style=\"clear:both\"><img loading=\"lazy\" decoding=\"async\" class=\"alignleft\" title=\" \" src=\"\/wp-content\/uploads\/2013\/05\/IMGP5231.jpg\" alt=\"\" width=\"365\" height=\"243\" \/><\/p>\n<p><img loading=\"lazy\" decoding=\"async\" class=\"alignright\" style=\"clear: right;\" title=\" \" src=\"\/wp-content\/uploads\/2013\/05\/IMGP5235.jpg\" alt=\"\" width=\"365\" height=\"243\" \/><\/p>\n<p style=\"clear: both;\">\n<p style=\"clear: both;\">Das Memorial kann bestiegen werden und von oben hat man einen guten Blick \u00fcber die Insel.<\/p>\n<p><strong>Cleveland<\/strong><br \/>\n<a href=\"http:\/\/de.wikipedia.org\/wiki\/Cleveland\">Cleveland<\/a> war lange Zeit ein wichtiges Zentrum der Schwerindustrie. Die Niedergang begann in den 60er Jahren des 20. Jahrhunderts, als Stahl aus \u00dcbersee billiger wurde. Heute lebt die Stadt mehr vom Tourismus als von der Industrie.<\/p>\n<p style=\"clear:both\"><img loading=\"lazy\" decoding=\"async\" class=\"alignleft\" title=\" \" src=\"\/wp-content\/uploads\/2013\/05\/IMGP5275.jpg\" alt=\"\" width=\"365\" height=\"243\" \/><\/p>\n<p><img loading=\"lazy\" decoding=\"async\" class=\"alignright\" style=\"clear: right;\" title=\" \" src=\"\/wp-content\/uploads\/2013\/05\/IMGP5286.jpg\" alt=\"\" width=\"365\" height=\"243\" \/><\/p>\n<p style=\"clear: both;\">\n<p style=\"clear: both;\">Die blauen Busse auf dem Parkplatz geh\u00f6ren zum Andr\u00e9 Rieu &amp; Strau\u00df Ochestra. Der ist auch in Amerika bekannt und beliebt.<\/p>\n<p style=\"clear: both;\">\n<p style=\"clear:both\"><img loading=\"lazy\" decoding=\"async\" class=\"alignleft\" title=\" \" src=\"\/wp-content\/uploads\/2013\/05\/IMGP5302.jpg\" alt=\"\" width=\"365\" height=\"243\" \/><\/p>\n<p><img loading=\"lazy\" decoding=\"async\" class=\"alignright\" style=\"clear: right;\" title=\" \" src=\"\/wp-content\/uploads\/2013\/05\/IMGP5306.jpg\" alt=\"\" width=\"365\" height=\"243\" \/><\/p>\n<p style=\"clear: both;\">\n<p style=\"clear: both\">Die Rock and Roll Hall Of Fame ist interessant, aber die Ausstellung ist irgendwie in den 90ern mit dem Tod Curd Cobains stehen geblieben. Allerdings schweben bunte Trabbis in der Eingangshalle.<\/p>\n<p style=\"clear: both;\">\n<p style=\"clear:both\"><img loading=\"lazy\" decoding=\"async\" class=\"alignleft\" title=\" \" src=\"\/wp-content\/uploads\/2013\/05\/IMGP5309.jpg\" alt=\"\" width=\"365\" height=\"243\" \/><\/p>\n<p><img loading=\"lazy\" decoding=\"async\" class=\"alignright\" style=\"clear: right;\" title=\" \" src=\"\/wp-content\/uploads\/2013\/05\/IMGP5313.jpg\" alt=\"\" width=\"365\" height=\"243\" \/><\/p>\n<p style=\"clear: both;\">\n<p id=\"Erie\" style=\"clear: right;\"><strong>Erie und Presque Island<\/strong><br \/>\nVon Cleveland geht es weiter Richtung Osten. Schon bald verl\u00e4sst man Ohio und \u00fcberquert die Grenze nach Pennsylvania. Dort lohnt sich ein Halt in Erie und ein Besuch der <a href=\"http:\/\/en.wikipedia.org\/wiki\/Presque_Isle_State_Park\/\" target=\"_top\">Presque Island<\/a>.<\/p>\n<p>Gesch\u00fctzt vor den Engl\u00e4ndern in der Bucht von Presque Island bei Erie, bauten die Amerikaner ihre Flotte f\u00fcr die Schlacht auf dem Eriesee. Nach der Schlacht kehrten Die Schiffe in die Bucht zur\u00fcck und erlebten dort einen harten Winter.<\/p>\n<p style=\"clear:both\"><img loading=\"lazy\" decoding=\"async\" class=\"alignright\" style=\"float: right\" title=\" \" src=\"\/wp-content\/uploads\/2013\/05\/IMGP5363.jpg\" alt=\"\" width=\"233\" height=\"350\" \/><\/p>\n<p> Heute ist Presque Island ein fast \u00fcberall \u00f6ffentlich zug\u00e4nglicher State Park mit sch\u00f6nen Str\u00e4nden und einem reizvollen Radweg, auf dem man 25 km lang rund um die Halbinsel fahren kann. Auch hier gibt es nat\u00fcrlich ein Denkmal an die Geschehnisse in 1813.<\/p>\n<p><img loading=\"lazy\" decoding=\"async\" class=\"alignleft\"  title=\" \" src=\"\/wp-content\/uploads\/2013\/05\/IMGP5340.jpg\" alt=\"\" width=\"365\" height=\"243\" \/><\/p>\n<p style=\"clear: both;\">\n<p style=\"clear: both;\">\n<p style=\"clear: both;\"><img loading=\"lazy\" decoding=\"async\" class=\"alignleft\" style=\"float: left\" title=\" \" src=\"\/wp-content\/uploads\/2013\/05\/IMGP5420.jpg\" alt=\"\" width=\"365\" height=\"243\" \/><\/p>\n<p>Oliver Hazard Perry war der Kommandant der amerikanischen Flotte w\u00e4hrend der Schlacht auf dem Eriesee. Die Niagara ist eine Replik seines Kommandoschiffes und kann im Erie Maritime Museum bewundert werden. Das Original wurde 1813 auf Presque Island gebaut und 1820 dort versenkt. Sie wurde 1913 wieder gehoben und in den folgenden Jahren teilweise restauriert. 1988 wurde sie dann schlie\u00dflich komplett neu aufgebaut.<\/p>\n<p style=\"clear: both;\">\n<p style=\"clear: both;\"><img loading=\"lazy\" decoding=\"async\" class=\"alignright\" style=\"float: right\" title=\" \" src=\"\/wp-content\/uploads\/2013\/05\/IMGP2696.jpg\" alt=\"\" width=\"365\" height=\"243\" \/><\/p>\n<p><\/br><\/br><\/p>\n<p>In der Stadt Erie selbst gibt es nicht besonder viel zu sehen. Man kann noch beim Hafen vorbeischauen und den Bicentennial Tower besteigen. Von oben hat man einen tollen Blick auf die Stadt und den Presque Isle State Park<\/p>\n<p style=\"clear: both;\">\n<p style=\"clear: both;\"><img loading=\"lazy\" decoding=\"async\" class=\"aligncenter\" title=\" \" src=\"\/wp-content\/uploads\/2013\/05\/Erie.jpg\" alt=\"\" width=\"1200\" height=\"400\" \/><\/p>\n<p style=\"clear: both;\">\n<p><strong id=\"NorthEast\">North East<\/strong><br \/>\nAuch am Eriesee wird Wein angebaut. Das Zentrum daf\u00fcr ist <a href=\"http:\/\/en.wikipedia.org\/wiki\/North_East,_Pennsylvania\">North East<\/a> an der Grenze zwischen Pennsylvania und New York State.<\/p>\n<p style=\"clear: right;\"><img loading=\"lazy\" decoding=\"async\" class=\"alignleft\" title=\"Weinfelder mit Seeblick\" src=\"\/wp-content\/uploads\/2013\/05\/NorthEast.jpg\" alt=\"\" width=\"1200\" height=\"377\" \/><\/p>\n<p style=\"clear: both;\">\n<p style=\"clear: both;\">Wenn man sich die Lage von Pennsylvania auf der Karte anschaut, f\u00e4llt der Zipfel am Eriesee sofort ins Auge. Die Regel, dass Grenzen zwischen den Bundesstaaten entweder mit dem Lineal gezogen wurden oder entlang der Fl\u00fcsse verlaufen, scheint hier durchbrochen zu sein. Die Erkl\u00e4rung daf\u00fcr ist wie beim Toledo War die wirtschaftliche Bedeutung der gro\u00dfen Seen im 19. Jahrhundert und Pennsylvanias Anspruch auf einen Hafen (eben Erie) an den Seen.<\/p>\n<p style=\"clear: both;\">Gleich hinter North East Richtung Osten kommt man in den Bundesstaat New York und schlie\u00dflich nach Buffalo.<\/p>\n<p style=\"clear: both;\">\n<p><strong id=\"Buffalo\">Buffalo<\/strong><br \/>\nBuffalo profitierte einst davon, dass hier der Erie Kanal begann, der den Hudson River und somit New York und Amerikas Ostk\u00fcste mit den Gro\u00dfen Seen verband. Das f\u00fchrte dazu, dass sich viel Industrie und Handelsfirmen hier ansiedelten und Geld in die Stadt brachten. Die Zeit der gro\u00dfen Warenbewegungen \u00fcber die Seen ist allerdings vorbei, und der Kanal wird nur noch f\u00fcr Touristenboote genutzt. Heute ist es eher die N\u00e4he zu Kanada, von der Buffalo lebt. Je nach Wechselkurs zwischen kanadischem und amerikanischem Dollar, fahren viele Kanadier \u00fcber die Grenze zum Einkaufen.<\/p>\n<p style=\"clear: both;\">\n<p style=\"clear:both\"><img loading=\"lazy\" decoding=\"async\" class=\"alignright\" style=\"float: right\" title=\" \" src=\"\/wp-content\/uploads\/2013\/05\/IMGP2047.jpg\" alt=\"\" width=\"233\" height=\"350\" \/><\/p>\n<p> Es gibt in Buffalo aus der Bl\u00fctezeit noch viele prachtvolle Bauten, so dass sich ein Besuch der Stadt durchaus lohnt. Insbesondere der Historic District Allentown mit seinen vielen viktorianischen H\u00e4usern ist einen Besuch wert.<\/p>\n<p><img loading=\"lazy\" decoding=\"async\" class=\"alignleft\"  title=\" \" src=\"\/wp-content\/uploads\/2013\/05\/IMGP2056.jpg\" alt=\"\" width=\"365\" height=\"243\" \/><\/p>\n<p style=\"clear: both;\">\n<p style=\"clear: right;\">Der <a href=\"http:\/\/www.forest-lawn.com\/\" target=\"_top\">Forest Lawn Cementory<\/a> wurde 1849 gegr\u00fcndet und bietet viele ber\u00fchmte und sehenswerte Mausoleen und Kunstwerke wie zu Beispiel The Little Girl von Grace Rumsey Goodyear.<\/p>\n<p style=\"clear:both\"><img loading=\"lazy\" decoding=\"async\" class=\"alignleft\" title=\" \" src=\"\/wp-content\/uploads\/2013\/05\/IMGP2003.jpg\" alt=\"\" width=\"365\" height=\"243\" \/><\/p>\n<p><img loading=\"lazy\" decoding=\"async\" class=\"alignright\" style=\"clear: right;\" title=\" \" src=\"\/wp-content\/uploads\/2013\/05\/IMGP2007.jpg\" alt=\"\" width=\"365\" height=\"243\" \/><\/p>\n<p style=\"clear: both;\">\n<p style=\"clear:both\"><img loading=\"lazy\" decoding=\"async\" class=\"alignleft\" title=\" \" src=\"\/wp-content\/uploads\/2013\/05\/IMGP1997.jpg\" alt=\"\" width=\"365\" height=\"243\" \/><\/p>\n<p><img loading=\"lazy\" decoding=\"async\" class=\"alignright\" style=\"clear: right;\" title=\" \" src=\"\/wp-content\/uploads\/2013\/05\/IMGP2001.jpg\" alt=\"\" width=\"365\" height=\"243\" \/><\/p>\n<p style=\"clear: both;\">\n<p style=\"clear: both;\">Bei Buffalo f\u00e4hrt man \u00fcber die Peace Bridge wieder zur\u00fcck Richtung Toronto. Und was es alles am auf der n\u00f6rdlichen Seite des Eriesees zu entdecken gibt, steht hier: <a href=\"http:\/\/fahrradinontario.net\/?page_id=336\">Eriesee (kanadische Seite)<\/a>.<\/p>\n<p style=\"clear: both;\">\n","protected":false},"excerpt":{"rendered":"<p>Der Eriesee ist der flachste der gro\u00dfen Seen und einer der reizvollsten f\u00fcr Ausfl\u00fcge. Er ist warm und lockt mit <a class=\"more-link\" href=\"http:\/\/fahrradinontario.net\/?page_id=800\">weiterlesen&#8230;<\/a><\/p>\n","protected":false},"author":2,"featured_media":1836,"parent":14,"menu_order":12,"comment_status":"closed","ping_status":"closed","template":"","meta":{"footnotes":""},"class_list":["post-800","page","type-page","status-publish","has-post-thumbnail","hentry"],"_links":{"self":[{"href":"http:\/\/fahrradinontario.net\/index.php?rest_route=\/wp\/v2\/pages\/800","targetHints":{"allow":["GET"]}}],"collection":[{"href":"http:\/\/fahrradinontario.net\/index.php?rest_route=\/wp\/v2\/pages"}],"about":[{"href":"http:\/\/fahrradinontario.net\/index.php?rest_route=\/wp\/v2\/types\/page"}],"author":[{"embeddable":true,"href":"http:\/\/fahrradinontario.net\/index.php?rest_route=\/wp\/v2\/users\/2"}],"replies":[{"embeddable":true,"href":"http:\/\/fahrradinontario.net\/index.php?rest_route=%2Fwp%2Fv2%2Fcomments&post=800"}],"version-history":[{"count":61,"href":"http:\/\/fahrradinontario.net\/index.php?rest_route=\/wp\/v2\/pages\/800\/revisions"}],"predecessor-version":[{"id":1854,"href":"http:\/\/fahrradinontario.net\/index.php?rest_route=\/wp\/v2\/pages\/800\/revisions\/1854"}],"up":[{"embeddable":true,"href":"http:\/\/fahrradinontario.net\/index.php?rest_route=\/wp\/v2\/pages\/14"}],"wp:featuredmedia":[{"embeddable":true,"href":"http:\/\/fahrradinontario.net\/index.php?rest_route=\/wp\/v2\/media\/1836"}],"wp:attachment":[{"href":"http:\/\/fahrradinontario.net\/index.php?rest_route=%2Fwp%2Fv2%2Fmedia&parent=800"}],"curies":[{"name":"wp","href":"https:\/\/api.w.org\/{rel}","templated":true}]}}