

{"id":406,"date":"2008-12-25T10:05:59","date_gmt":"2008-12-25T15:05:59","guid":{"rendered":"http:\/\/localhost\/wordpress\/?page_id=406"},"modified":"2023-12-31T08:53:00","modified_gmt":"2023-12-31T13:53:00","slug":"ottawa","status":"publish","type":"page","link":"http:\/\/fahrradinontario.net\/?page_id=406","title":{"rendered":"Ottawa"},"content":{"rendered":"<p>Ottawa ist Kanadas Hauptstadt und deswegen ist hier Repr\u00e4sentation besonders wichtig. Allein schon die Lage am Zusammenfluss des Ottawa River mit dem Rideau River, dem Rideau Kanal und dem Rivi\u00e8re Gatineau ist etwas Besonderes.<\/p>\n<p>Entlang der Fl\u00fcsse gibt es sch\u00f6ne Radwege, von denen aus der Radler tolle Blicke auf die Stadt und die Parlamentsgeb\u00e4ude hat. Hier sind die Radtouren, die mich durch Kanadas Hauptstadt f\u00fchrten:<\/p>\n\n\n\t\t\t\t<div id=\"map_ol3js_1\" class=\"map undefined\" data-map_name=\"undefined\" data-map=\"map_ol3js_1\" style=\"width:100%; max-width:100%; height:420px; display:block; overflow:hidden;border:2px solid grey;\" >\n\t\t\t\t  <div id=\"map_ol3js_1_popup\" class=\"ol-popup\" >\n\t\t\t\t\t<a href=\"#\" id=\"map_ol3js_1_popup-closer\" class=\"ol-popup-closer\"><\/a>\n\t\t\t\t\t<div id=\"map_ol3js_1_popup-content\" ><\/div>\n\t\t\t\t  <\/div>\n\t\t\t\t<\/div>\n\t\t\t\n\n\t\t\t\t<script type=\"text\/javascript\">\n\t\t\t\t\ttranslations['openlayer'] = \"open layer\";\n\t\t\t\t\ttranslations['openlayerAtStartup'] = \"open layer at startup\";\n\t\t\t\t\ttranslations['generateLink'] = \"Der Link zur Karte mit ausgew\u00e4hlten Overlays und angezeigtem Ausschnitt\";\n\t\t\t\t\ttranslations['shortDescription'] = \"Kurzbeschreibung\";\n\t\t\t\t\ttranslations['generatedShortCode'] = \"to get a text control link paste this code in your wordpress editor\";\n\t\t\t\t\ttranslations['closeLayer'] = \"close layer\";\n\t\t\t\t\ttranslations['cantGenerateLink'] = \"put this string in the existing map short code to control this map\";\n\t\t\t  <\/script>\n\n\n\t\t\t  <script type=\"text\/javascript\">\n\t\t\t  vectorM['map_ol3js_1'] = [];\n\t        \n        var raster = getTileLayer(\"osm\",\"NoKey\");\t\t\t\n\n\t\t\t  var map_ol3js_1 = new ol.Map({\n\t\t\t\tinteractions: ol.interaction.defaults.defaults({mouseWheelZoom:false}),\n\t\t\t\tlayers: [raster],\n\t\t\t\ttarget: \"map_ol3js_1\",\n\t\t\t\tview: new ol.View({\n\t\t\t\t  center: ol.proj.transform([-75.7232,45.4144], \"EPSG:4326\", \"EPSG:3857\"),\n\t\t\t\t  zoom: 11\n\t\t\t\t})\n\t\t\t  });\n\t\t\t  \n    var style0 = {\n      \"Point\": [new ol.style.Style({\n\n          image: new ol.style.Icon({\n            anchor: [0.5, 41],\n            anchorXUnits: \"fraction\",\n            anchorYUnits: \"pixels\",\n            opacity: 0.75,\n            src: \"http:\/\/fahrradinontario.net\/wp-content\/plugins\/osm\/icons\/mic_red_pinother_02.png\"\n          })\n      })],\n\n      \"LineString\": [new ol.style.Style({\n        stroke: new ol.style.Stroke({\n          color: \"red\",\n          width: 8\n        })\n      })],\n      \"MultiLineString\": [new ol.style.Style({\n        stroke: new ol.style.Stroke({\n          color: \"red\",\n          width: 4\n        })\n      })]\n    };\n\t\t  var vectorL0 = new ol.layer.Vector({\n\t\t\t\tsource: new ol.source.Vector({\n\t\t\t\turl:\"\/wp-content\/GPXData\/Ottawa1.gpx\",\n\t\t\t\tformat: new ol.format.GPX({\n\t\t\t\t\textractStyles: false\n\t\t\t\t})\n\t\t\t}),\n\t\t\tzIndex: 92,\n\t\t\tstyle: function(feature, resolution) {return style0[feature.getGeometry().getType()];}\n\t\t  });\n\t\t  map_ol3js_1.addLayer(vectorL0);\n    var style1 = {\n      \"Point\": [new ol.style.Style({\n\n          image: new ol.style.Icon({\n            anchor: [0.5, 41],\n            anchorXUnits: \"fraction\",\n            anchorYUnits: \"pixels\",\n            opacity: 0.75,\n            src: \"http:\/\/fahrradinontario.net\/wp-content\/plugins\/osm\/icons\/mic_green_pinother_02.png\"\n          })\n      })],\n\n      \"LineString\": [new ol.style.Style({\n        stroke: new ol.style.Stroke({\n          color: \"green\",\n          width: 8\n        })\n      })],\n      \"MultiLineString\": [new ol.style.Style({\n        stroke: new ol.style.Stroke({\n          color: \"green\",\n          width: 4\n        })\n      })]\n    };\n\t\t  var vectorL1 = new ol.layer.Vector({\n\t\t\t\tsource: new ol.source.Vector({\n\t\t\t\turl:\"\/wp-content\/GPXData\/Ottawa2.gpx\",\n\t\t\t\tformat: new ol.format.GPX({\n\t\t\t\t\textractStyles: false\n\t\t\t\t})\n\t\t\t}),\n\t\t\tzIndex: 92,\n\t\t\tstyle: function(feature, resolution) {return style1[feature.getGeometry().getType()];}\n\t\t  });\n\t\t  map_ol3js_1.addLayer(vectorL1);\n    var style2 = {\n      \"Point\": [new ol.style.Style({\n\n          image: new ol.style.Icon({\n            anchor: [0.5, 41],\n            anchorXUnits: \"fraction\",\n            anchorYUnits: \"pixels\",\n            opacity: 0.75,\n            src: \"http:\/\/fahrradinontario.net\/wp-content\/plugins\/osm\/icons\/mic_blue_pinother_02.png\"\n          })\n      })],\n\n      \"LineString\": [new ol.style.Style({\n        stroke: new ol.style.Stroke({\n          color: \"blue\",\n          width: 8\n        })\n      })],\n      \"MultiLineString\": [new ol.style.Style({\n        stroke: new ol.style.Stroke({\n          color: \"blue\",\n          width: 4\n        })\n      })]\n    };\n\t\t  var vectorL2 = new ol.layer.Vector({\n\t\t\t\tsource: new ol.source.Vector({\n\t\t\t\turl:\"\/wp-content\/GPXData\/Ottawa3.gpx\",\n\t\t\t\tformat: new ol.format.GPX({\n\t\t\t\t\textractStyles: false\n\t\t\t\t})\n\t\t\t}),\n\t\t\tzIndex: 92,\n\t\t\tstyle: function(feature, resolution) {return style2[feature.getGeometry().getType()];}\n\t\t  });\n\t\t  map_ol3js_1.addLayer(vectorL2);addControls2Map(map_ol3js_1,0,0,3,0,5,6,7,0,1);\nosm_addPopupClickhandler(map_ol3js_1,  \"map_ol3js_1\"); \nosm_addMouseHover(map_ol3js_1); <\/script>\n<p style=\"clear:both\">\n<p style=\"clear:both\">\n<p>Ein gut ausgebauter Radweg f\u00fchrt am Ottawa Fluss direkt unterhalb des Parliament Hill entlang und endet am Rideau Kanal. <\/p>\n<p style=\"clear:both\">\n<p style=\"clear:both\"><img loading=\"lazy\" decoding=\"async\" class=\"alignleft\" title=\" \" src=\"\/wp-content\/Bilder\/Ottawa\/IMGP5144.jpg\" alt=\"\" width=\"365\" height=\"243\" \/><\/p>\n<p><img loading=\"lazy\" decoding=\"async\" class=\"alignright\" style=\"clear:right\" title=\" \" src=\"\/wp-content\/Bilder\/Ottawa\/IMGP5152.jpg\" alt=\"\" width=\"365\" height=\"243\" \/><\/p>\n<p style=\"clear:both\">\n<p>Der <a href=\"https:\/\/de.wikipedia.org\/wiki\/Rideau_Canal\">Rideau Kanal<\/a> wurde Mitte des 18. Jahrhunderts gebaut und bietet mit seinen vielen Schleusen auf den letzten 100 Metern einen imposanten Anblick.<\/p>\n<p style=\"clear:both\">\n<p style=\"clear:both\"><img loading=\"lazy\" decoding=\"async\" class=\"alignleft\" title=\" \" src=\"\/wp-content\/Bilder\/Ottawa\/IMGP1334.jpg\" alt=\"\" width=\"365\" height=\"243\" \/><\/p>\n<p><img loading=\"lazy\" decoding=\"async\" class=\"alignright\" style=\"clear:right\" title=\" \" src=\"\/wp-content\/Bilder\/Ottawa\/IMGP9629.jpg\" alt=\"\" width=\"365\" height=\"243\" \/><\/p>\n<p style=\"clear:both\">\n<p>Gegen\u00fcber des Parliament Hill ist <a href=\"https:\/\/www.historymuseum.ca\/\">Kanadas Nationalmuseum f\u00fcr Geschichte und Gesellschaft<\/a>.<\/p>\n<p style=\"clear:both\">\n<p style=\"clear:both\"><img loading=\"lazy\" decoding=\"async\" class=\"alignleft\" title=\" \" src=\"\/wp-content\/Bilder\/Ottawa\/IMGP9599.jpg\" alt=\"\" width=\"365\" height=\"243\" \/><\/p>\n<p><img loading=\"lazy\" decoding=\"async\" class=\"alignright\" style=\"clear:right\" title=\" \" src=\"\/wp-content\/Bilder\/Ottawa\/IMGP5185.jpg\" alt=\"\" width=\"365\" height=\"243\" \/><\/p>\n<p style=\"clear:both\">\n<p>Von der Alexandra Bridge, auf der es einen Radweg gibt, hat man tolle Blicke auf den Parliament Hill und das Museum.<\/p>\n<p style=\"clear: right;\"><img loading=\"lazy\" decoding=\"async\" class=\"aligncenter\" title=\" \" src=\"\/wp-content\/Bilder\/Ottawa\/Ottawa7.jpg\" alt=\"\" width=\"1200\" height=\"399\" \/><\/p>\n<p style=\"clear:both\"><img loading=\"lazy\" decoding=\"async\" class=\"alignleft\" style=\"float: left; title=\" \" src=\"\/wp-content\/Bilder\/Ottawa\/IMGP5813.jpg\" alt=\"\" width=\"365\" height=\"243\" \/><\/p>\n<p><\/br><\/p>\n<p>Eine weitere Attraktion ist der <a href=\"https:\/\/www.byward-market.com\/\">ByWard Market<\/a>. Dort sind Restaurants, L\u00e4den und Marktst\u00e4nde, wo es sowohl frische Lebensmitteln als auch Kunst zu kaufen gibt.<\/p>\n<p style=\"clear:both\">\n<p><img loading=\"lazy\" decoding=\"async\" class=\"alignright\" style=\"clear: right;\" title=\" \" src=\"\/wp-content\/Bilder\/Ottawa\/IMGP1376.jpg\" alt=\"\" width=\"243\" height=\"365\"><\/p>\n<p>\n<\/br><br \/>\nEtwas Besonderes ist der Kanada Day am 1. Juli in Ottawa. An dem Tag feiert die ganze Stadt, und Mitglieder der Regierung k\u00f6nnen aus der N\u00e4he erlebt werden. Das ist Micha\u00eblle Jean, ehemals <a href=\"https:\/\/de.wikipedia.org\/wiki\/Generalgouverneur_von_Kanada\">Governor General<\/a> von Kanada.<\/p>\n<p style=\"clear:both\">\n<p style=\"clear:both\"><img loading=\"lazy\" decoding=\"async\" class=\"alignleft\" title=\" \" src=\"\/wp-content\/Bilder\/Ottawa\/IMGP1386.jpg\" alt=\"\" width=\"365\" height=\"243\" \/><\/p>\n<p><img loading=\"lazy\" decoding=\"async\" class=\"alignright\" style=\"clear:right\" title=\" \" src=\"\/wp-content\/Bilder\/Ottawa\/IMGP1422.jpg\" alt=\"\" width=\"365\" height=\"243\" \/><\/p>\n<p style=\"clear:both\">\n<p>Auf der Tour entlang des Rideau Kanals ging es auch bei einigen Botschaftsgeb\u00e4uden vorbei, die alle sehr sch\u00f6n gelegen sind. Das Bild unten zeigt die armenische Botschaft ganz in der N\u00e4he der deutschen Repr\u00e4sentation.<\/p>\n<p style=\"clear:both\">\n<p style=\"clear:both\"><img loading=\"lazy\" decoding=\"async\" class=\"alignleft\" title=\" \" src=\"\/wp-content\/Bilder\/Ottawa\/IMGP5161.jpg\" alt=\"\" width=\"365\" height=\"243\" \/><\/p>\n<p><img loading=\"lazy\" decoding=\"async\" class=\"alignright\" style=\"clear:right\" title=\" \" src=\"\/wp-content\/Bilder\/Ottawa\/IMGP5163.jpg\" alt=\"\" width=\"365\" height=\"243\" \/><\/p>\n<p style=\"clear:both\">\n<p><img loading=\"lazy\" decoding=\"async\" class=\"alignright\" style=\"clear: right;\" title=\" \" src=\"\/wp-content\/Bilder\/Ottawa\/IMGP1477.jpg\" alt=\"\" width=\"243\" height=\"365\"><\/p>\n<p>\n<\/br><br \/>\nKlar, mit so vielen Fl\u00fcssen gibt es nat\u00fcrlich auch Wasserf\u00e4lle in Ottawa. Da w\u00e4ren einmal die Rideau Falls wo der gleichnamige Fluss in den Ottawa Fluss geradezu hineinf\u00e4llt.<\/p>\n<p>Etwas flussaufw\u00e4rts sind die Hog&#8217;s Back Falls. Dort zweigt der Rideau Kanal vom Fluss ab, um den Schiffen \u00fcber mehrere Schleusen eine etwas angenehmere Fahrt hinunter in den Ottawa Fluss zu erm\u00f6glichen.\n<\/p>\n<p style=\"clear:both\">\n<p style=\"clear:both\"><img loading=\"lazy\" decoding=\"async\" class=\"alignleft\" title=\" \" src=\"\/wp-content\/Bilder\/Ottawa\/IMGP9645.jpg\" alt=\"\" width=\"365\" height=\"243\" \/><\/p>\n<p><img loading=\"lazy\" decoding=\"async\" class=\"alignright\" style=\"clear:right\" title=\" \" src=\"\/wp-content\/Bilder\/Ottawa\/IMGP9648.jpg\" alt=\"\" width=\"365\" height=\"243\" \/><\/p>\n<p style=\"clear:both\">\n<p>Am Ottawa River geht die Radtour durch den <a href=\"https:\/\/ncc-ccn.gc.ca\/places\/remic-rapids-park\">Remic Rapids Park<\/a>, wo der Radler die <a href=\"https:\/\/www.jfceprano.com\/\">John Felice Ceprano Rock Sculptures<\/a> im Fluss bewundern kann.<\/p>\n<p style=\"clear:both\">\n<p style=\"clear:both\"><img loading=\"lazy\" decoding=\"async\" class=\"alignleft\" title=\" \" src=\"\/wp-content\/Bilder\/Ottawa\/IMGP5128.jpg\" alt=\"\" width=\"365\" height=\"243\" \/><\/p>\n<p><img loading=\"lazy\" decoding=\"async\" class=\"alignright\" style=\"clear:right\" title=\" \" src=\"\/wp-content\/Bilder\/Ottawa\/IMGP5133.jpg\" alt=\"\" width=\"365\" height=\"243\" \/><\/p>\n<p style=\"clear:both\">\n<p>Das ist noch viel mehr Kunst und Kultur in Ottawa zu entdecken, und auf einiges davon trifft der Radler entlang der Tour.<\/p>\n<p style=\"clear:both\">\n<p style=\"clear:both\"><img loading=\"lazy\" decoding=\"async\" class=\"alignleft\" title=\" \" src=\"\/wp-content\/Bilder\/Ottawa\/IMGP9541.jpg\" alt=\"\" width=\"365\" height=\"243\" \/><\/p>\n<p><img loading=\"lazy\" decoding=\"async\" class=\"alignright\" style=\"clear:right\" title=\" \" src=\"\/wp-content\/Bilder\/Ottawa\/IMGP9554.jpg\" alt=\"\" width=\"365\" height=\"243\" \/><\/p>\n<p style=\"clear:both\">\n<p>Der Winter trifft Ottawa recht hart, aber die Einwohner gehen gut damit um. Entlang des Ottawa River saugt sich die klare Luft aus dem Norden Feuchtigkeit auf und versorgt die Stadt mit ordentlich Schnee. <\/p>\n<p style=\"clear:both\">\n<p style=\"clear:both\"><img loading=\"lazy\" decoding=\"async\" class=\"alignleft\" title=\" \" src=\"\/wp-content\/Bilder\/Ottawa\/Ottawa3.jpg\" alt=\"\" width=\"365\" height=\"243\" \/><\/p>\n<p><img loading=\"lazy\" decoding=\"async\" class=\"alignright\" style=\"clear:right\" title=\" \" src=\"\/wp-content\/Bilder\/Ottawa\/IMGP1979.jpg\" alt=\"\" width=\"365\" height=\"243\" \/><\/p>\n<p style=\"clear:both\">\n<p>Der <a href=\"https:\/\/ncc-ccn.gc.ca\/places\/gatineau-park\">Parc de la Gatineau<\/a> auf der n\u00f6rdlichen Seite des Ottawa River in Qu\u00e9bec wird dann zu einem gro\u00dfen Skilanglaufgebiet.<\/p>\n<p style=\"clear:both\">\n<p style=\"clear:both\"><img loading=\"lazy\" decoding=\"async\" class=\"alignleft\" title=\" \" src=\"\/wp-content\/Bilder\/Ottawa\/IMGP2026.jpg\" alt=\"\" width=\"365\" height=\"243\" \/><\/p>\n<p><img loading=\"lazy\" decoding=\"async\" class=\"alignright\" style=\"clear:right\" title=\" \" src=\"\/wp-content\/Bilder\/Ottawa\/IMGP1957.jpg\" alt=\"\" width=\"365\" height=\"243\" \/><\/p>\n<p style=\"clear:both\">\n","protected":false},"excerpt":{"rendered":"<p>Ottawa ist Kanadas Hauptstadt und deswegen ist hier Repr\u00e4sentation besonders wichtig. Allein schon die Lage am Zusammenfluss des Ottawa River <a class=\"more-link\" href=\"http:\/\/fahrradinontario.net\/?page_id=406\">weiterlesen&#8230;<\/a><\/p>\n","protected":false},"author":2,"featured_media":1845,"parent":14,"menu_order":2,"comment_status":"closed","ping_status":"closed","template":"","meta":{"footnotes":""},"class_list":["post-406","page","type-page","status-publish","has-post-thumbnail","hentry"],"_links":{"self":[{"href":"http:\/\/fahrradinontario.net\/index.php?rest_route=\/wp\/v2\/pages\/406","targetHints":{"allow":["GET"]}}],"collection":[{"href":"http:\/\/fahrradinontario.net\/index.php?rest_route=\/wp\/v2\/pages"}],"about":[{"href":"http:\/\/fahrradinontario.net\/index.php?rest_route=\/wp\/v2\/types\/page"}],"author":[{"embeddable":true,"href":"http:\/\/fahrradinontario.net\/index.php?rest_route=\/wp\/v2\/users\/2"}],"replies":[{"embeddable":true,"href":"http:\/\/fahrradinontario.net\/index.php?rest_route=%2Fwp%2Fv2%2Fcomments&post=406"}],"version-history":[{"count":16,"href":"http:\/\/fahrradinontario.net\/index.php?rest_route=\/wp\/v2\/pages\/406\/revisions"}],"predecessor-version":[{"id":2548,"href":"http:\/\/fahrradinontario.net\/index.php?rest_route=\/wp\/v2\/pages\/406\/revisions\/2548"}],"up":[{"embeddable":true,"href":"http:\/\/fahrradinontario.net\/index.php?rest_route=\/wp\/v2\/pages\/14"}],"wp:featuredmedia":[{"embeddable":true,"href":"http:\/\/fahrradinontario.net\/index.php?rest_route=\/wp\/v2\/media\/1845"}],"wp:attachment":[{"href":"http:\/\/fahrradinontario.net\/index.php?rest_route=%2Fwp%2Fv2%2Fmedia&parent=406"}],"curies":[{"name":"wp","href":"https:\/\/api.w.org\/{rel}","templated":true}]}}