{"id":40,"date":"2008-11-10T19:15:46","date_gmt":"2008-11-11T00:15:46","guid":{"rendered":"http:\/\/localhost\/wordpress\/?page_id=40"},"modified":"2018-03-06T19:34:32","modified_gmt":"2018-03-07T00:34:32","slug":"fahrradtouren-in-toronto","status":"publish","type":"page","link":"http:\/\/fahrradinontario.net\/?page_id=40","title":{"rendered":"Toronto und die Ride For Heart Tour"},"content":{"rendered":"<p><span style=\"font-weight: bold;\">Eine (Fahrrad)Rundfahrt<\/span><br \/>\nDie Rundfahrt f\u00fchrt einmal um das Stadtzentrum herum, ist etwa 56 Kilometer lang ist und l\u00e4uft m\u00f6glichst nur \u00fcber ruhige Stra\u00dfen.<\/p>\n<p>Der Start ist nat\u00fcrlich direkt vor meiner Haust\u00fcr am Ontario See. Es geht erst einmal am See entlang gen Osten Richtung Downtown. Man kommt am <a href=\"http:\/\/www.ontarioplace.com\/en\/index.html\" target=\"_blank\">Ontario Place<\/a> vorbei, einem Freizeitzentrum mit Wasserpark, Aquarium und Yachthafen. Auf der anderen Seite de<\/a>s Lake Shore Boulevard ist der <a href=\"http:\/\/www.explace.on.ca\/main.html\" target=\"_blank\">Exhibition Place<\/a>, das Messegel\u00e4nde Torontos mit dem gerade gebautem National Soccer Stadium.<\/p>\n<p style=\"clear: right;\"><img loading=\"lazy\" decoding=\"async\" class=\"size-medium wp-image-71 alignleft\" title=\"Der Radweg am Seeufer\" src=\"\/wp-content\/uploads\/2008\/12\/toronto12.jpg\" alt=\"\" width=\"270\" height=\"180\" \/><\/p>\n<p><img loading=\"lazy\" decoding=\"async\" class=\"size-medium wp-image-72 alignright\" title=\"Ontario Place mit den Atlantispavillons\" src=\"\/wp-content\/uploads\/2008\/12\/toronto13.jpg\" alt=\"\" width=\"270\" height=\"180\" \/><\/p>\n<p style=\"clear: both;\">\n<p style=\"clear: right;\">Nach dem Coronation Park h\u00f6rt der Radweg leider auf, und man f\u00e4hrt ein paar Kilometer auf dem Queens Quai an der Harbourfront entlang.<\/p>\n<p>Die <a href=\"http:\/\/www.harbourfrontcentre.com\/noflash\/frontpage.php\" target=\"_top\">Harbourfront<\/a> ist die s\u00fcdliche Grenze Downtowns und und wurde in den letzten Jahren zu einem Kulturzentrum und Erholungsgebiet ausgebaut. Es gibt Parks, Theater, Galerien, Restaurants und Schiffsanlegepl\u00e4tze. Wer mag kann jetzt mit der F\u00e4hre auf die <a href=\"http:\/\/torontoisland.org\/\" target=\"_top\">Toronto Islands<\/a> \u00fcbersetzen.<\/p>\n<p style=\"clear: right;\"><img loading=\"lazy\" decoding=\"async\" class=\"size-medium wp-image-74 alignright\" title=\"Die F\u00e4hre zu den Toronto Islands\" src=\"\/wp-content\/uploads\/2008\/12\/toronto04.jpg\" alt=\"\" width=\"270\" height=\"180\" \/><\/p>\n<p><img loading=\"lazy\" decoding=\"async\" class=\"size-medium wp-image-73 alignleft\" title=\"Harbourfront - Im Sommer ein beliebter Platz zum Entspannen\" src=\"\/wp-content\/uploads\/2008\/12\/toronto03.jpg\" alt=\"\" width=\"270\" height=\"180\" \/><\/p>\n<p style=\"clear: both;\">\n<p style=\"clear: left;\">Nach der <span style=\"font-style: italic;\">Harbourfront<\/span> f\u00e4hrt man den <span style=\"font-style: italic;\">Queens Quai<\/span> weiter und schon bald kommt rechts ein Radweg. Dem folgt man bis zur <span style=\"font-style: italic;\">Cherry Street<\/span>. Jetzt kann man weiter in die <span style=\"font-style: italic;\">Cherry Street<\/span> fahren und gelangt durch Torontos Hafen bis zum <span style=\"font-style: italic;\">Clarke Beach Park<\/span>.<\/p>\n<p style=\"clear: right;\"><img loading=\"lazy\" decoding=\"async\" class=\"size-medium wp-image-75 alignleft\" title=\"Ruhe vor dem Verkehr auf den Toronto Islands\" src=\"\/wp-content\/uploads\/2008\/12\/toronto05.jpg\" alt=\"\" width=\"270\" height=\"180\" \/><\/p>\n<p><img loading=\"lazy\" decoding=\"async\" class=\"size-medium wp-image-76 alignright\" title=\"Toronto Islands\" src=\"\/wp-content\/uploads\/2008\/12\/toronto09.jpg\" alt=\"\" width=\"270\" height=\"180\" \/><\/p>\n<p style=\"clear: both;\">\n<p style=\"clear: left;\"><img loading=\"lazy\" decoding=\"async\" class=\"size-full wp-image-80 alignleft\" title=\"Clarke Beach Park\" src=\"\/wp-content\/uploads\/2008\/12\/toronto14.jpg\" alt=\"\" width=\"270\" height=\"180\" \/><\/p>\n<p><img loading=\"lazy\" decoding=\"async\" class=\"size-full wp-image-81 alignright\" title=\"Ein Schiff l\u00e4uft in Torontos Hafen ein. Nein, auch wenn das jetzt so aussieht, aber Toronto liegt nicht am Meer. \" src=\"\/wp-content\/uploads\/2008\/12\/toronto15.jpg\" alt=\"\" width=\"270\" height=\"180\" \/><\/p>\n<p style=\"clear: both;\">\n<p style=\"clear: both;\">Aber eigentlich verl\u00e4uft die Tour jetzt nach Norden entlang des <span style=\"font-style: italic;\">Don River<\/span>. Dazu wechselt man bei der <span style=\"font-style: italic;\">Cherry Street<\/span> die Stra\u00dfenseite und gelangt \u00fcber ein gro\u00dfe Kreuzung zum Radweg entlang des <span style=\"font-style: italic;\">Don River<\/span>, den man einfach weiter entlang des Flusses nach Norden folgt. Irgendwann \u00fcberquert man die Don Mills Road und dann geht es rechts ab entlang des <span style=\"font-style: italic;\">West Don River<\/span> bis zum <span style=\"font-style: italic;\">Sunnybrook Park<\/span>.<\/p>\n<p style=\"clear: both;\"><img loading=\"lazy\" decoding=\"async\" class=\"alignleft\" title=\"Das Don River Valley\" src=\"\/wp-content\/uploads\/2008\/12\/toronto19.jpg\" alt=\"\" width=\"270\" height=\"180\" \/><\/p>\n<p><img loading=\"lazy\" decoding=\"async\" class=\"alignright\" title=\"Don River\" src=\"\/wp-content\/uploads\/2008\/12\/toronto24.jpg\" alt=\"Don River\" width=\"270\" height=\"180\" \/><\/p>\n<p style=\"clear: both;\">\n<p style=\"clear: right;\"><img loading=\"lazy\" decoding=\"async\" class=\"alignleft\" title=\"Ernest Thompson Seton Park am West Don River\" src=\"\/wp-content\/uploads\/2008\/12\/toronto20.jpg\" alt=\"\" width=\"270\" height=\"180\" \/><\/p>\n<p><img loading=\"lazy\" decoding=\"async\" class=\"alignright\" title=\" \" src=\"\/wp-content\/uploads\/2008\/12\/toronto25.jpg\" alt=\"\" width=\"270\" height=\"180\" \/><\/p>\n<p style=\"clear: both;\">\n<p><img loading=\"lazy\" decoding=\"async\" class=\"alignright\" style=\"float: right;\" src=\"\/wp-content\/uploads\/2008\/12\/toronto21.jpg\" alt=\"\" width=\"200\" height=\"308\" \/><\/p>\n<p style=\"clear: left;\">Man f\u00e4hrt eine kleine Ansteigung hinauf und kommt bei einem Krankenhaus heraus. Dann f\u00e4hrt man kurz auf der recht befahrenen <span style=\"font-style: italic;\">Bayview Avenue<\/span> Richtung S\u00fcden bis man auf die <span style=\"font-style: italic;\">Broadway Avenue<\/span> trifft in die man rechts hineinf\u00e4hrt. Von hier an einfach der Radroute 26 folgen.<\/p>\n<p>Die Radrouten durch Toronto sind durch blaue Schilder gekennzeichnet, und es gibt eine <a href=\"http:\/\/www.toronto.ca\/cycling\/map\/index.htm\" target=\"_top\">Cycling Map<\/a> auf der alle Routen verzeichnet sind. Die Karte gibt es kostenlos z.B. in den Fahrradl\u00e4den.<\/p>\n<p>Durch ein ruhiges Wohngebiet geht es jetzt Richtung Osten bis zum <span style=\"font-style: italic;\">Eglington Park<\/span>. Dort biegt man nach rechts ab und dann sofort wieder links auf die Roselawn Avenue. Die \u00e4ndert irgendwann ihren Namen und wird zur Castlefield Avenue. Ganz am Ende biegt man nach links ab und f\u00e4hrt auf die gro\u00dfe und stark befahrene Eglington Avenue, der man leider etwa zwei Kilometer lang folgen muss.<\/p>\n<p style=\"clear: both;\">Aber bald drauf kommt der Humber River und man kann auf einem sehr sch\u00f6nen Trail entlang des Flusses fahren.<\/p>\n<p style=\"clear: both;\"><img loading=\"lazy\" decoding=\"async\" class=\"alignleft\" title=\"Der Humber River mitten in der Stadt\" src=\"\/wp-content\/uploads\/2008\/12\/toronto01.jpg\" alt=\"\" width=\"270\" height=\"180\" \/><\/p>\n<p><img loading=\"lazy\" decoding=\"async\" class=\"alignright\" title=\"Ein Reiher im Humber River - Natur pur in einer Stadt mit 2,5 Millionen Einwohnern\" src=\"\/wp-content\/uploads\/2008\/12\/toronto02.jpg\" alt=\"\" width=\"270\" height=\"180\" \/><\/p>\n<p style=\"clear: both;\">\n<p><img loading=\"lazy\" decoding=\"async\" class=\"alignright\" style=\"clear: right;\" title=\"Die M\u00fcndung des Humber River\" src=\"\/wp-content\/uploads\/2008\/12\/toronto23.jpg\" alt=\"\" width=\"270\" height=\"180\" \/><\/p>\n<p style=\"clear: left;\">Am Ende des Humber River kommt dann noch einmal ein besonderer Effekt. Man f\u00e4hrt unter einer breiten, tiefen und dunklen Br\u00fccke hindurch und sieht sich dann pl\u00f6tzlich in einem starken Kontrast der Weite des Ontario Sees gegen\u00fcber.<\/p>\n<p>Damit ist die Rundfahrt beendet. Insgesamt 56 km und 180 H\u00f6henmeter.<\/p>\n<p style=\"clear: both;\">\n<p><span style=\"font-weight: bold;\"> Am Etobicoke Creek<\/span><br \/>\nEmpfehlenswert ist auch der Radweg entlang des Etobicoke Creek. Man startet am bestem im <span style=\"font-style: italic;\">Marie Curtis Park<\/span> am Ontario See an der Stadtgrenze zu Mississauga und f\u00e4hrt dann entlang des Baches. Der Radweg ist zwar eng, aber in der Regel ruhig und man trifft auf nur wenige Leute. Leider h\u00f6rt er kurz vor dem QEW erst einmal auf, und man muss auf der je nach Tageszeit stark befahrenen <span style=\"font-style: italic;\">West Mall<\/span> nach Norden weiterfahren und trifft erst im <span style=\"font-style: italic;\">Neilson Park<\/span> wieder auf den Radweg. Der ist ab hier dann teilweise auch ein bisschen abenteuerlich und schlecht befestigt, aber man kommt ganz gut voran und landet schlie\u00dflich am <span style=\"font-style: italic;\">Centennial Park<\/span>.<\/p>\n<p><img loading=\"lazy\" decoding=\"async\" class=\"alignleft\" title=\" \" src=\"\/wp-content\/uploads\/2008\/12\/etobicoke01.jpg\" alt=\"\" width=\"270\" height=\"180\" \/><\/p>\n<p><img loading=\"lazy\" decoding=\"async\" class=\"alignright\" style=\"clear: right;\" title=\" \" src=\"\/wp-content\/uploads\/2008\/12\/etobicoke02.jpg\" alt=\"\" width=\"270\" height=\"180\" \/><\/p>\n<p style=\"clear: both; text-align: center;\">\n<p><img loading=\"lazy\" decoding=\"async\" class=\"alignleft\" title=\" \" src=\"\/wp-content\/uploads\/2008\/12\/etobicoke04.jpg\" alt=\"\" width=\"270\" height=\"180\" \/><\/p>\n<p><img loading=\"lazy\" decoding=\"async\" class=\"alignright\" style=\"clear: right;\" title=\" \" src=\"\/wp-content\/uploads\/2008\/12\/etobicoke05.jpg\" alt=\"\" width=\"270\" height=\"180\" \/><\/p>\n<p style=\"clear: both;\">\n<p><span style=\"font-weight: bold;\">Centennial Park<\/span><br \/>\n<img loading=\"lazy\" decoding=\"async\" class=\"alignright\" style=\"clear: right;\" title=\"Der Fahrradhighway an der Eglington Avenue (nein, das ist keine Autostra\u00dfe)\" src=\"\/wp-content\/uploads\/2008\/12\/etobicoke03.jpg\" alt=\"\" width=\"270\" height=\"180\" \/><\/p>\n<p style=\"clear: left;\">Vom Centennial Park kann man auf die <span style=\"font-style: italic;\">Eglington Avenue<\/span> fahren, an der es einen teilweise hervorragend ausgebauten Radweg gibt. Am <span style=\"font-style: italic;\">Humber River<\/span> entlang geht es dann wieder zur\u00fcck zum See. Insgesamt 42 km und 150 H\u00f6henmeter.<\/p>\n<p style=\"clear: both;\">\n<p><span style=\"font-weight: bold;\"> Ride for Heart<\/span><br \/>\nAnfang Juni werden an einem Sonntag Vormittag der <span style=\"font-style: italic;\">Gardiner Express Way<\/span> und der <span style=\"font-style: italic;\">Don Valley Park Way<\/span> f\u00fcr den Autoverkehr gesperrt und von Fahrradfahrern eingenommen.<\/p>\n<p style=\"clear: both;\"><img loading=\"lazy\" decoding=\"async\" class=\"alignleft\" title=\"Der B\u00fcrgermeister von Toronto, David Miller, gibt das Startsignal\" src=\"\/wp-content\/uploads\/2008\/12\/toronto10.jpg\" alt=\"\" width=\"270\" height=\"180\" \/><\/p>\n<p><img loading=\"lazy\" decoding=\"async\" class=\"alignright\" style=\"clear: right;\" title=\" \" src=\"\/wp-content\/uploads\/2008\/12\/toronto06.jpg\" alt=\"\" width=\"270\" height=\"180\" \/><\/p>\n<p style=\"clear: both;\">\n<p style=\"clear: both;\"><img loading=\"lazy\" decoding=\"async\" class=\"alignleft\" title=\" \" src=\"\/wp-content\/uploads\/2008\/12\/toronto07.jpg\" alt=\"\" width=\"270\" height=\"180\" \/><\/p>\n<p><img loading=\"lazy\" decoding=\"async\" class=\"alignright\" title=\" \" src=\"\/wp-content\/uploads\/2008\/12\/toronto08.jpg\" alt=\"\" width=\"270\" height=\"180\" \/><\/p>\n<p style=\"clear: both;\">\n","protected":false},"excerpt":{"rendered":"<p>Eine (Fahrrad)Rundfahrt Die Rundfahrt f\u00fchrt einmal um das Stadtzentrum herum, ist etwa 56 Kilometer lang ist und l\u00e4uft m\u00f6glichst nur <a class=\"more-link\" href=\"http:\/\/fahrradinontario.net\/?page_id=40\">weiterlesen&#8230;<\/a><\/p>\n","protected":false},"author":2,"featured_media":1897,"parent":14,"menu_order":4,"comment_status":"closed","ping_status":"closed","template":"","meta":{"footnotes":""},"class_list":["post-40","page","type-page","status-publish","has-post-thumbnail","hentry"],"_links":{"self":[{"href":"http:\/\/fahrradinontario.net\/index.php?rest_route=\/wp\/v2\/pages\/40","targetHints":{"allow":["GET"]}}],"collection":[{"href":"http:\/\/fahrradinontario.net\/index.php?rest_route=\/wp\/v2\/pages"}],"about":[{"href":"http:\/\/fahrradinontario.net\/index.php?rest_route=\/wp\/v2\/types\/page"}],"author":[{"embeddable":true,"href":"http:\/\/fahrradinontario.net\/index.php?rest_route=\/wp\/v2\/users\/2"}],"replies":[{"embeddable":true,"href":"http:\/\/fahrradinontario.net\/index.php?rest_route=%2Fwp%2Fv2%2Fcomments&post=40"}],"version-history":[{"count":64,"href":"http:\/\/fahrradinontario.net\/index.php?rest_route=\/wp\/v2\/pages\/40\/revisions"}],"predecessor-version":[{"id":1899,"href":"http:\/\/fahrradinontario.net\/index.php?rest_route=\/wp\/v2\/pages\/40\/revisions\/1899"}],"up":[{"embeddable":true,"href":"http:\/\/fahrradinontario.net\/index.php?rest_route=\/wp\/v2\/pages\/14"}],"wp:featuredmedia":[{"embeddable":true,"href":"http:\/\/fahrradinontario.net\/index.php?rest_route=\/wp\/v2\/media\/1897"}],"wp:attachment":[{"href":"http:\/\/fahrradinontario.net\/index.php?rest_route=%2Fwp%2Fv2%2Fmedia&parent=40"}],"curies":[{"name":"wp","href":"https:\/\/api.w.org\/{rel}","templated":true}]}}