

{"id":395,"date":"2008-12-25T09:37:00","date_gmt":"2008-12-25T14:37:00","guid":{"rendered":"http:\/\/localhost\/wordpress\/?page_id=395"},"modified":"2016-02-28T10:32:31","modified_gmt":"2016-02-28T15:32:31","slug":"letchworth","status":"publish","type":"page","link":"http:\/\/fahrradinontario.net\/?page_id=395","title":{"rendered":"Letchworth und Finger Lakes"},"content":{"rendered":"<p>Die Finger Lakes Region befindet sich s\u00fcdlich des Ontariosees, keine drei Autostunden von Toronto entfernt (okay, das h\u00e4ngt nat\u00fcrlich auch von der Wartezeit an der Grenze ab). Der Ursprung des Namens wird klar, wenn man sich die Lage auf der Karte anschaut. Geformt von den Gletschern der letzten Eiszeit, strecken sich die Seen wie Finger zum Ontariosee hin. <\/p>\n\n\n\t\t\t\t<div id=\"map_ol3js_1\" class=\"map undefined\" data-map_name=\"undefined\" data-map=\"map_ol3js_1\" style=\"width:100%; max-width:100%; height:400px; display:block; overflow:hidden;border:2px solid grey;\" >\n\t\t\t\t  <div id=\"map_ol3js_1_popup\" class=\"ol-popup\" >\n\t\t\t\t\t<a href=\"#\" id=\"map_ol3js_1_popup-closer\" class=\"ol-popup-closer\"><\/a>\n\t\t\t\t\t<div id=\"map_ol3js_1_popup-content\" ><\/div>\n\t\t\t\t  <\/div>\n\t\t\t\t<\/div>\n\t\t\t\n\n\t\t\t\t<script type=\"text\/javascript\">\n\t\t\t\t\ttranslations['openlayer'] = \"open layer\";\n\t\t\t\t\ttranslations['openlayerAtStartup'] = \"open layer at startup\";\n\t\t\t\t\ttranslations['generateLink'] = \"Der Link zur Karte mit ausgew\u00e4hlten Overlays und angezeigtem Ausschnitt\";\n\t\t\t\t\ttranslations['shortDescription'] = \"Kurzbeschreibung\";\n\t\t\t\t\ttranslations['generatedShortCode'] = \"to get a text control link paste this code in your wordpress editor\";\n\t\t\t\t\ttranslations['closeLayer'] = \"close layer\";\n\t\t\t\t\ttranslations['cantGenerateLink'] = \"put this string in the existing map short code to control this map\";\n\t\t\t  <\/script>\n\n\n\t\t\t  <script type=\"text\/javascript\">\n\t\t\t  vectorM['map_ol3js_1'] = [];\n\t        \n        var raster = getTileLayer(\"osm\",\"NoKey\");\t\t\t\n\n\t\t\t  var map_ol3js_1 = new ol.Map({\n\t\t\t\tinteractions: ol.interaction.defaults.defaults({mouseWheelZoom:false}),\n\t\t\t\tlayers: [raster],\n\t\t\t\ttarget: \"map_ol3js_1\",\n\t\t\t\tview: new ol.View({\n\t\t\t\t  center: ol.proj.transform([-76.914,42.673], \"EPSG:4326\", \"EPSG:3857\"),\n\t\t\t\t  zoom: 8\n\t\t\t\t})\n\t\t\t  });\n\t\t\t  \n    var style0 = {\n      \"Point\": [new ol.style.Style({\n\n          image: new ol.style.Icon({\n            anchor: [0.5, 41],\n            anchorXUnits: \"fraction\",\n            anchorYUnits: \"pixels\",\n            opacity: 0.75,\n            src: \"http:\/\/fahrradinontario.net\/wp-content\/plugins\/osm\/icons\/mic_blue_pinother_02.png\"\n          })\n      })],\n\n      \"LineString\": [new ol.style.Style({\n        stroke: new ol.style.Stroke({\n          color: \"blue\",\n          width: 8\n        })\n      })],\n      \"MultiLineString\": [new ol.style.Style({\n        stroke: new ol.style.Stroke({\n          color: \"blue\",\n          width: 4\n        })\n      })]\n    };\n\t\t  vectorL0 = new ol.layer.Vector({\n\n\t\t\tsource: new ol.source.Vector({\n\t\t  url:\"\/wp-content\/GPXData\/FingerLakes.kml\",\n\t\t\t  format: new ol.format.KML({ showPointNames: false})\n\t\t\t}),\n         zIndex: 92\n\t\t  });map_ol3js_1.addLayer(vectorL0);addControls2Map(map_ol3js_1,0,0,3,0,5,6,7,0,1);\nosm_addPopupClickhandler(map_ol3js_1,  \"map_ol3js_1\"); \nosm_addMouseHover(map_ol3js_1); <\/script>\n<p style=\"clear: both;\">\n<p>Neben den Seen reizt auch die Landschaft drum herum mit ihren vielen Schluchten, Wasserf\u00e4llen und Weing\u00fctern. <\/p>\n<p>Au\u00dferdem ist die Gegend ist ideal zum Fahrradfahren. Die Landschaft ist abwechslungsreich, leicht h\u00fcgelig, und es gibt viele interessante Orte, die man sich anschauen kann. Das Ziel der lokalen ans\u00e4ssigen Radler ist nat\u00fcrlich, alle 11 Seen in einer Saison mit dem Fahrrad zu umrunden. Naja, ich habe im Sommer 2009 immerhin zwei geschafft, und dann noch einen in 2012.<\/p>\n<p><\/br><\/p>\n<p style=\"clear:right\"><strong>Sonnenberg Gardens and Mansion<\/strong><br \/>\n Die <a href=\"http:\/\/www.sonnenberg.org\/\">Sonnenberg Gardens and Mansion<\/a> liegen in Canandaigua am n\u00f6rdlichen Ufer des gleichnamigen Sees. Den deutsch klingenden Namen hat der Besitzer aus einer Reise nach Deutschland mitgebracht. Die F\u00fchrer erkl\u00e4ren, dass es der Name einer Stadt in Deutschland w\u00e4re, aber f\u00fcr mich klingt es eher nach einem Weinberg. Das liegt auch deshalb nahe, da einige Weinfelder zu dem Ansitz geh\u00f6ren.<\/p>\n<p style=\"clear:both\"><img loading=\"lazy\" decoding=\"async\" class=\"alignleft\" title=\" \" src=\"\/wp-content\/Bilder\/FingerLakes\/IMGP0971.jpg\" alt=\"\" width=\"365\" height=\"243\" \/><\/p>\n<p><img loading=\"lazy\" decoding=\"async\" class=\"alignright\" style=\"clear:right\" title=\" \" src=\"\/wp-content\/Bilder\/FingerLakes\/IMGP0981.jpg\" alt=\"\" width=\"365\" height=\"243\" \/><\/p>\n<p style=\"clear:both\">\n<p style=\"clear: right;\"><img loading=\"lazy\" decoding=\"async\" class=\"aligncenter\" title=\" \" src=\"\/wp-content\/Bilder\/FingerLakes\/Sonnenberg.jpg\" alt=\"\" width=\"1200\" height=\"439\" \/><\/a><\/p>\n<p><\/br><\/p>\n<p style=\"clear:right\"><strong>Canandaigua Lake<\/strong><br \/>\nDa sind wir auch schon an einem der umrundeten Seen angekommen. Der <a href=\"http:\/\/de.wikipedia.org\/wiki\/Canandaigua_Lake\">Canandaigua Lake<\/a> ist 24 Kilometer lang und die Umrundung ging \u00fcber 75 Kilometer, weil im S\u00fcdosten der South Hill umfahren werden muss.<\/p>\n<p style=\"clear:both\">\n<p><img loading=\"lazy\" decoding=\"async\" class=\"aligncenter\" style=\"clear:both\" title=\"Canandaigua Lake\" src=\"\/wp-content\/Bilder\/FingerLakes\/CanandaiguaLake.jpg\" alt=\"\" width=\"1200\" height=\"510\" \/><\/a><\/p>\n<p style=\"clear:both\">\n<p> Die Westseite ist zwar ganz sch\u00f6n h\u00fcgelig und anspruchsvoll f\u00fcr Radler, aber der Blick \u00fcber See und umliegende Berge entsch\u00e4digt f\u00fcr die M\u00fchen.<\/p>\n<p style=\"clear:both\">\n<p><\/br><\/p>\n<p style=\"clear:both\"><strong>Keuka Lake<\/strong><br \/>\nDer Keuka Lake war der erste von mir umrundete See. Er ist mit seinem Y-Profil etwas anders geformt als die anderen Seen in der Region. Auf seiner westlichen Seite gibt es einige Weing\u00fcter die zu Weinproben einladen.<\/p>\n<p style=\"clear:both\"><img loading=\"lazy\" decoding=\"async\" class=\"alignleft\" title=\" \" src=\"\/wp-content\/Bilder\/FingerLakes\/IMGP3186.jpg\" alt=\"\" width=\"365\" height=\"243\" \/><\/p>\n<p><img loading=\"lazy\" decoding=\"async\" class=\"alignright\" style=\"clear:right\" title=\" \" src=\"\/wp-content\/Bilder\/FingerLakes\/IMGP3192.jpg\" alt=\"\" width=\"365\" height=\"243\" \/><\/p>\n<p style=\"clear:both\">\n<p>Ein wirklich magischer Ort ist die <a href=\"http:\/\/garrettchapel.org\">Garrett Memorial Chapel<\/a>. Sie ist in den Hang gebaut, und es gibt einen tollen Ausblick auf den See.<\/p>\n<p style=\"clear:both\"><img loading=\"lazy\" decoding=\"async\" class=\"alignleft\" title=\" \" src=\"\/wp-content\/Bilder\/FingerLakes\/IMGP3240.jpg\" alt=\"\" width=\"365\" height=\"243\" \/><\/p>\n<p><img loading=\"lazy\" decoding=\"async\" class=\"alignright\" style=\"clear:right\" title=\" \" src=\"\/wp-content\/Bilder\/FingerLakes\/IMGP3223.jpg\" alt=\"\" width=\"365\" height=\"243\" \/><\/p>\n<p style=\"clear:both\">\n<p>In Penn Yan an der n\u00f6rdlichen Spitze des Keukasees hatte ich ein Erlebnis besonderer Art. In der Gegend gibt es auch eine Mennonitengemeinde, deren Mitglieder auf viele Errungenschaften der modernen Welt, wie zum Beispiel Autos, verzichten und mit Pferdefuhrwerken zum Einkaufen fahren. Jetzt gibt es dort aber auch viele Filialen der deutschen Aldi M\u00e4rkte, und die sehen auch genauso aus wie die in Deutschland. Auch wenn es jetzt schwer f\u00e4llt, sich die Verbindung vorzustellen, genau das habe ich gesehen. Eine Mennonitenfamilie, die zum Einkaufen ins Aldi kutschiert (bitte w\u00f6rtlich nehmen). Also ungef\u00e4hr so, als ob ein Aldi in &#8222;Unsere kleine Farm&#8220; teleportiert w\u00e4re.<\/p>\n<p><\/br><\/p>\n<p style=\"clear:both\"><strong>Watkins Glen<\/strong><br \/>\nWatkins Glen an der s\u00fcdlichen Spitze des Seneca Lake ist haupts\u00e4chlich daf\u00fcr bekannt, dass hier sich hier die \u00e4lteste Autorennbahn der USA befindet. Nix f\u00fcr uns Fahrradfahrer, aber daneben gibt noch die eigentliche Glen. Der <a href=\"http:\/\/nysparks.state.ny.us\/parks\/142\/details.aspx\">Watkins Glen State Park<\/a> ist wohl der bekannteste in der Finger Lakes Region. Ein Trail f\u00fchrt durch die Schlucht und zwei weitere links und rechts an den oberen R\u00e4ndern entlang.<\/p>\n<p style=\"clear:both\">\n<p style=\"clear:both\"><img loading=\"lazy\" decoding=\"async\" class=\"alignleft\" title=\" \" src=\"\/wp-content\/Bilder\/FingerLakes\/IMGP0021.jpg\" alt=\"\" width=\"365\" height=\"243\" \/><\/p>\n<p><img loading=\"lazy\" decoding=\"async\" class=\"alignright\" style=\"clear:right\" title=\" \" src=\"\/wp-content\/Bilder\/FingerLakes\/IMGP0023.jpg\" alt=\"\" width=\"365\" height=\"243\" \/><\/p>\n<p style=\"clear:both\">\n<p><\/br><\/p>\n<p style=\"clear:both\"><strong>Ithaca<\/strong><br \/>\nDie 30.000 Einwohner Stadt <a href=\"http:\/\/de.wikipedia.org\/wiki\/Ithaca_%28City,_New_York%29\">Ithaca<\/a> beheimatet die ber\u00fchmte <a href=\"http:\/\/de.wikipedia.org\/wiki\/Cornell_University\">Cornell Universit\u00e4t<\/a>. Au\u00dferdem liegt inmitten der Stadt der gleichnamige Wasserfall.<\/p>\n<p style=\"clear:both\">\n<p style=\"clear:both\"><img loading=\"lazy\" decoding=\"async\" class=\"alignleft\" title=\" \" src=\"\/wp-content\/Bilder\/FingerLakes\/IMGP8297.jpg\" alt=\"\" width=\"365\" height=\"243\" \/><\/p>\n<p><img loading=\"lazy\" decoding=\"async\" class=\"alignright\" style=\"clear:right\" title=\" \" src=\"\/wp-content\/Bilder\/FingerLakes\/IMGP8326.jpg\" alt=\"\" width=\"365\" height=\"243\" \/><\/p>\n<p style=\"clear:both\">\n<p style=\"clear:both\">In unmittelbarer N\u00e4hre von Ithaca gibt es mit dem Buttermilk Falls State Park, dem Robert Treman State Park und dem Taughannock Falls State Park drei lohnenswerte Ziele, die bequem von der Stadt mit dem Fahrrad zu erreichen sind.<\/p>\n<p style=\"clear:both\">\n<p><\/br><\/p>\n<p style=\"clear:both\"><strong>Buttermilk Falls<\/strong><br \/>\nDer <a href=\"http:\/\/nysparks.com\/parks\/151\/details.aspx\">Buttermilk Falls State Park<\/a> hat seinen Name von dem lang gezogenem Wasserfall am Ende der Schlucht, wo der Buttermilk Creek \u00fcber unz\u00e4hlige Kaskaden flie\u00dft und dadurch wei\u00df wie Milch erscheint. Neben dem gro\u00dfen gibt es noch achte kleinere F\u00e4lle in der Schlucht zu bewundern.<\/p>\n<p style=\"clear:both\"><img loading=\"lazy\" decoding=\"async\" class=\"alignleft\" title=\" \" src=\"\/wp-content\/Bilder\/FingerLakes\/IMGP8081.jpg\" alt=\"\" width=\"365\" height=\"243\" \/><\/p>\n<p><img loading=\"lazy\" decoding=\"async\" class=\"alignright\" style=\"clear:right\" title=\" \" src=\"\/wp-content\/Bilder\/FingerLakes\/IMGP8082.jpg\" alt=\"\" width=\"365\" height=\"243\" \/><\/p>\n<p style=\"clear:both\">\n<p style=\"clear:both\"><img loading=\"lazy\" decoding=\"async\" class=\"alignleft\" title=\" \" src=\"\/wp-content\/Bilder\/FingerLakes\/IMGP8091.jpg\" alt=\"\" width=\"365\" height=\"243\" \/><\/p>\n<p><img loading=\"lazy\" decoding=\"async\" class=\"alignright\" style=\"clear:right\" title=\" \" src=\"\/wp-content\/Bilder\/FingerLakes\/IMGP8157.jpg\" alt=\"\" width=\"365\" height=\"243\" \/><\/p>\n<p style=\"clear:both\">\n<p style=\"clear:both\"><img loading=\"lazy\" decoding=\"async\" class=\"alignleft\" title=\" \" src=\"\/wp-content\/Bilder\/FingerLakes\/IMGP8185.jpg\" alt=\"\" width=\"365\" height=\"243\" \/><\/p>\n<p><img loading=\"lazy\" decoding=\"async\" class=\"alignright\" style=\"clear:right\" title=\" \" src=\"\/wp-content\/Bilder\/FingerLakes\/IMGP8187.jpg\" alt=\"\" width=\"365\" height=\"243\" \/><\/p>\n<p style=\"clear:both\">\n<p><\/br><\/p>\n<p style=\"clear:both\"><strong>Robert Treman State Park<\/strong><br \/>\nDer interessanteste der Parks bei Ithaca ist wohl der <a href=\"http:\/\/nysparks.state.ny.us\/parks\/135\/details.aspx\">Robert Tremen State Park<\/a>. Es gibt viele Wasserf\u00e4lle, Pools, und eine toll gemachten Trail, der all das f\u00fcr die Besucher erschlie\u00dft. <\/p>\n<p style=\"clear:both\"><img loading=\"lazy\" decoding=\"async\" class=\"alignleft\" title=\" \" src=\"\/wp-content\/Bilder\/FingerLakes\/IMGP0238.jpg\" alt=\"\" width=\"365\" height=\"243\" \/><\/p>\n<p><img loading=\"lazy\" decoding=\"async\" class=\"alignright\" style=\"clear:right\" title=\" \" src=\"\/wp-content\/Bilder\/FingerLakes\/IMGP0262.jpg\" alt=\"\" width=\"365\" height=\"243\" \/><\/p>\n<p style=\"clear:both\">\n<p style=\"clear:both\"><img loading=\"lazy\" decoding=\"async\" class=\"alignleft\" title=\" \" src=\"\/wp-content\/Bilder\/FingerLakes\/IMGP0322.jpg\" alt=\"\" width=\"365\" height=\"243\" \/><\/p>\n<p><img loading=\"lazy\" decoding=\"async\" class=\"alignright\" style=\"clear:right\" title=\" \" src=\"\/wp-content\/Bilder\/FingerLakes\/IMGP0375.jpg\" alt=\"\" width=\"365\" height=\"243\" \/><\/p>\n<p style=\"clear:both\">\n<p style=\"clear:both\"><img loading=\"lazy\" decoding=\"async\" class=\"alignleft\" title=\" \" src=\"\/wp-content\/Bilder\/FingerLakes\/IMGP0382.jpg\" alt=\"\" width=\"365\" height=\"243\" \/><\/p>\n<p><img loading=\"lazy\" decoding=\"async\" class=\"alignright\" style=\"clear:right\" title=\" \" src=\"\/wp-content\/Bilder\/FingerLakes\/IMGP0385.jpg\" alt=\"\" width=\"365\" height=\"243\" \/><\/p>\n<p style=\"clear:both\">\n<p><\/br><\/p>\n<p style=\"clear:right\"><strong>Taughannock Falls<\/strong><br \/>\n Der <a href=\"http:\/\/nysparks.state.ny.us\/parks\/62\/details.aspx\">Taughannock Falls State Park<\/a> liegt ein paar Kilometer n\u00f6rdlich von Ithaca und ist selbst f\u00fcr unge\u00fcbte Radler von dort gut zu erreichen. Wie der Name schon sagt, gibt es dort einen Wasserfall und zwar den mit 66 Metern h\u00f6chsten \u00f6stlich der Rocky Mountains (8 Meter h\u00f6her als die Niagaraf\u00e4lle).<\/p>\n<p style=\"clear:both\">\n<p style=\"clear:both\"><img loading=\"lazy\" decoding=\"async\" class=\"alignleft\" title=\" \" src=\"\/wp-content\/Bilder\/FingerLakes\/IMGP1640.jpg\" alt=\"\" width=\"365\" height=\"243\" \/><\/p>\n<p><img loading=\"lazy\" decoding=\"async\" class=\"alignright\" style=\"clear:right\" title=\" \" src=\"\/wp-content\/Bilder\/FingerLakes\/IMGP1641.jpg\" alt=\"\" width=\"365\" height=\"243\" \/><\/p>\n<p style=\"clear:both\">\n<p style=\"clear:both\">Die H\u00f6he wird deutlich, wenn man die Menschen auf der Aussichtsplattform unten rechts als Vergleich nimmt.<\/p>\n<p style=\"clear:both\">\n<p><\/br><\/p>\n<p style=\"clear:both\"><strong>Auburn und Skaneateles<\/strong><br \/>\nIn Auburn am n\u00f6rdlichen Ende des Owasco Lakes gibt es das <a href=\"http:\/\/www.sewardhouse.org\/\">William Seward House<\/a>. <a href=\"http:\/\/de.wikipedia.org\/wiki\/William_H._Seward\">Seward<\/a> war zun\u00e4chst Konkurrent von Abraham Lincoln um das Amt des Pr\u00e4sidenten und sp\u00e4ter sein Secretary of State (=Au\u00dfenminister). Bekannt wurde Seward vor allem dadurch, dass er im Jahr 1867 Alaska f\u00fcr 7,2 Millionen US-Dollar von Russland gekauft hat. In seinem Haus befinden sich viele einmalige Erinnerungsst\u00fccke an diese Zeit (unter anderem ein Portrait Bismarcks).<\/p>\n<p>\nEin paar Klilometer weiter \u00f6stlich liegt Skaneateles am gleichnamigen See. Skaneateles ist mit seinen vielen alten Steinh\u00e4usern einer der sch\u00f6nsten Orte in der Finger Lakes Region.<\/p>\n<p style=\"clear:both\"><img loading=\"lazy\" decoding=\"async\" class=\"alignleft\" title=\" \" src=\"\/wp-content\/Bilder\/FingerLakes\/IMGP1742.jpg\" alt=\"\" width=\"365\" height=\"243\" \/><\/p>\n<p><img loading=\"lazy\" decoding=\"async\" class=\"alignright\" style=\"clear:right\" title=\" \" src=\"\/wp-content\/Bilder\/FingerLakes\/IMGP1777.jpg\" alt=\"\" width=\"365\" height=\"243\" \/><\/p>\n<p style=\"clear:both\">\n<p><\/br><\/p>\n<p style=\"clear:right\"><strong>Filmore Glen<\/strong><br \/>\nUnd eine weitere Schlucht mit Wasserf\u00e4llen. Der <a href=\"http:\/\/nysparks.state.ny.us\/parks\/157\/details.aspx\">Filmore Glen State Park<\/a> liegt am s\u00fcdlichen Ende des Owasco Lake (\u00fcbrigens auch ein von mir umrundeter See).<\/p>\n<p style=\"clear:both\">\n<p style=\"clear:both\"><img loading=\"lazy\" decoding=\"async\" class=\"alignleft\" title=\" \" src=\"\/wp-content\/Bilder\/FingerLakes\/IMGP0984.jpg\" alt=\"\" width=\"365\" height=\"243\" \/><\/p>\n<p><img loading=\"lazy\" decoding=\"async\" class=\"alignright\" style=\"clear:right\" title=\" \" src=\"\/wp-content\/Bilder\/FingerLakes\/IMGP0991.jpg\" alt=\"\" width=\"365\" height=\"243\" \/><\/p>\n<p style=\"clear:both\">\n<p style=\"clear:both\"><img loading=\"lazy\" decoding=\"async\" class=\"alignright\" style=\"float: right; title=\" \" src=\"\/wp-content\/Bilder\/FingerLakes\/IMGP1057.jpg\" alt=\"\" width=\"365\" height=\"243\" \/><\/p>\n<p> <\/br> <\/br> Obwohl die Filmore Glen nicht ganz so spektakul\u00e4r ist und so viele Wasserf\u00e4lle hat wie die anderen Schluchten in der Region, kann man auch hier einiges sehen und erleben.<\/p>\n<p style=\"clear:both\">\n<p><\/br><\/p>\n<p style=\"clear:both\"><strong>Stony Brook<\/strong><br \/>\nDie n\u00e4chste Schlucht mit Wasserf\u00e4llen. Der <a href=\"http:\/\/nysparks.com\/parks\/118\/details.aspx\">Stony Brook State Park<\/a> liegt bei Dansville direkt an der I390.<\/p>\n<p style=\"clear:both\">\n<p style=\"clear:both\"><img loading=\"lazy\" decoding=\"async\" class=\"alignleft\" title=\" \" src=\"\/wp-content\/Bilder\/FingerLakes\/IMGP1198.jpg\" alt=\"\" width=\"365\" height=\"243\" \/><\/p>\n<p><img loading=\"lazy\" decoding=\"async\" class=\"alignright\" style=\"clear:right\" title=\" \" src=\"\/wp-content\/Bilder\/FingerLakes\/IMGP1205.jpg\" alt=\"\" width=\"365\" height=\"243\" \/><\/p>\n<p style=\"clear:both\">\n<p style=\"clear:both\"><img loading=\"lazy\" decoding=\"async\" class=\"alignleft\" style=\"float: left; title=\" \" src=\"\/wp-content\/Bilder\/FingerLakes\/IMGP1181.jpg\" alt=\"\" width=\"365\" height=\"243\" \/><\/p>\n<p> <\/br> <\/br> Die Schluchten sind ein Erlebnis insbesondere in Fr\u00fchling und Herbst. Im April und Mai nach der Schneeschmelze sind die Wasserf\u00e4lle besonders beeindruckend, und im Herbst sind es die Farben der B\u00e4ume, die der Region ihren Reiz verleihen.<\/p>\n<p style=\"clear:both\">\n<p><\/br><\/p>\n<p style=\"clear:right\"><strong>Corning<\/strong><br \/>\n<a href=\"https:\/\/de.wikipedia.org\/wiki\/Corning_%28New_York%29\">Coning<\/a> ist eigentlich nur eine kleine Stadt am s\u00fcdlichen Rand der Finger Lakes. Aber hier ist das Zentrum der amerikanischen Glasindustrie und vor allem auch der Sitz des gleichnamigen <a href=\"https:\/\/de.wikipedia.org\/wiki\/Corning_%28Unternehmen%29\">Unternehmens<\/a>. Corning Gorilla Glas ist weltbekannt, weil es in vielen Smartphones eingesetzt wird. Die Firma hat der Stadt ein wirklich tolles und in vielerlei Hinsicht einzigartiges <a href=\"https:\/\/de.wikipedia.org\/wiki\/Corning_Museum_of_Glass\">Museum zum Thema Glas<\/a> gespendet.<\/p>\n<p style=\"clear:both\">\n<p><img loading=\"lazy\" decoding=\"async\" class=\"aligncenter\" style=\"clear:both\" title=\"Canandaigua Lake\" src=\"\/wp-content\/Bilder\/FingerLakes\/Corning.jpg\" alt=\"\" width=\"1200\" height=\"448\" \/><\/a><\/p>\n<p style=\"clear:both\">\n<p style=\"clear:both\"><img loading=\"lazy\" decoding=\"async\" class=\"alignleft\" title=\" \" src=\"\/wp-content\/Bilder\/FingerLakes\/IMGP0126.jpg\" alt=\"\" width=\"365\" height=\"243\" \/><\/p>\n<p><img loading=\"lazy\" decoding=\"async\" class=\"alignright\" style=\"clear:right\" title=\" \" src=\"\/wp-content\/Bilder\/FingerLakes\/IMGP0129.jpg\" alt=\"\" width=\"365\" height=\"243\" \/><\/p>\n<p style=\"clear:both\">\n<p>Nat\u00fcrlich gibt es jede Menge Glaskunst zu bewundern, aber es wird auch gezeigt, wie Glas in der Technik eingesetzt wird, und in Vorf\u00fchrungen wird Glasherstellung demonstriert. Klar, den obligatorischen Shop gibt es auch, aber auch der ist beeindruckend, und bietet viele einzigartige Glaserzeugnisse zu kaufen.<\/p>\n<p style=\"clear:both\">\n<p style=\"clear:both\"><img loading=\"lazy\" decoding=\"async\" class=\"alignleft\" title=\" \" src=\"\/wp-content\/Bilder\/FingerLakes\/IMGP0134.jpg\" alt=\"\" width=\"365\" height=\"243\" \/><\/p>\n<p><img loading=\"lazy\" decoding=\"async\" class=\"alignright\" style=\"clear:right\" title=\" \" src=\"\/wp-content\/Bilder\/FingerLakes\/IMGP0148.jpg\" alt=\"\" width=\"365\" height=\"243\" \/><\/p>\n<p style=\"clear:both\">\n<p><\/br><\/p>\n<p style=\"clear:right\"><strong>Letchworth<\/strong><br \/>\n Die <a href=\"http:\/\/de.wikipedia.org\/wiki\/Letchworth_State_Park\">Letchworth Schlucht<\/a> liegt etwa 250 km von Toronto entfernt im Bundesstaat New York und ist so eine Art Geheimtipp. Zumindest kannte sie keiner meiner kanadischen Kollegen. Wei\u00df gar nicht mehr, wie ich selbst darauf gekommen bin, wahrscheinlich \u00fcber&#8217;s Internet oder meinem New York Reisef\u00fchrer. Von den Niagaraf\u00e4llen sind es gerade einmal 130 km, und wer einen Tag Zeit hat, sollte sie sich nicht entgehen lassen.<\/p>\n<p>Die Letchworth Schlucht wird auch als <em>Grand Canyon des Ostens<\/em> bezeichnet, und sie wird dieser Bezeichnung durchaus gerecht, auch wenn sie nur 200 Meter tief ist. Der <a href=\"http:\/\/de.wikipedia.org\/wiki\/Genesee_River\">Genesee River<\/a>, der bei Rochester in den Ontario See flie\u00dft, schl\u00e4ngelt sich durch die enge Schlucht und \u00fcberwindet dabei drei spektakul\u00e4re Wasserf\u00e4lle.<\/p>\n<p style=\"clear:both\">\n<p style=\"clear:both\"><img loading=\"lazy\" decoding=\"async\" class=\"alignleft\" title=\" \" src=\"\/wp-content\/Bilder\/FingerLakes\/IMGP2080.jpg\" alt=\"\" width=\"365\" height=\"243\" \/><\/p>\n<p><img loading=\"lazy\" decoding=\"async\" class=\"alignright\" style=\"clear:right\" title=\" \" src=\"\/wp-content\/Bilder\/FingerLakes\/IMGP2102.jpg\" alt=\"\" width=\"365\" height=\"243\" \/><\/p>\n<p style=\"clear:both\">\n<p>Man stellt sein Auto am besten am Besucherzentrum ab. Von dort ist es nicht weit zu den Wasserf\u00e4llen. Ein gut ausgebaute Stra\u00dfe oberhalb der Schlucht l\u00e4dt zum Fahrradfahren ein. Es gibt mehrere Aussichtspunkte, wo man anhalten und die Szenerie genie\u00dfen kann.<\/p>\n<p style=\"clear:both\">\n<p style=\"clear:both\"><img loading=\"lazy\" decoding=\"async\" class=\"alignleft\" title=\" \" src=\"\/wp-content\/Bilder\/FingerLakes\/IMGP2122.jpg\" alt=\"\" width=\"365\" height=\"243\" \/><\/p>\n<p><img loading=\"lazy\" decoding=\"async\" class=\"alignright\" style=\"clear:right\" title=\" \" src=\"\/wp-content\/Bilder\/FingerLakes\/IMGP2142.jpg\" alt=\"\" width=\"365\" height=\"243\" \/><\/p>\n<p style=\"clear:both\">\n<p style=\"clear:both\"><img loading=\"lazy\" decoding=\"async\" class=\"alignleft\" title=\" \" src=\"\/wp-content\/Bilder\/FingerLakes\/IMGP2155.jpg\" alt=\"\" width=\"365\" height=\"243\" \/><\/p>\n<p><img loading=\"lazy\" decoding=\"async\" class=\"alignright\" style=\"clear:right\" title=\" \" src=\"\/wp-content\/Bilder\/FingerLakes\/IMGP2159.jpg\" alt=\"\" width=\"365\" height=\"243\" \/><\/p>\n<p style=\"clear:both\">\n<p><\/br><\/p>\n<p style=\"clear: both;\"><strong>Links<\/strong><\/p>\n<ul>\n<li><a href=\"http:\/\/www.countrymanpress.com\/titles\/BRBFingerLakes.html\">Backroad Bicycling in the Finger Lakes Region<\/a> &#8211; Sehr hilfreiches Buch zum Planen der Fahrradtouren.<\/li>\n<li><a href=\"http:\/\/www.gowaterfalling.com\/index.shtml\" target=\"_top\">Wasserf\u00e4lle<\/a> rund um die gro\u00dfen Seen.<\/li>\n<li>Eine <a href=\"http:\/\/http:\/\/nyfalls.com\/\" target=\"_top\">Seite<\/a> \u00fcber Parks, Seen und Wasserf\u00e4lle im Bundesstaat New York.<\/li>\n<li>Letchworth Bilder aus dem 18. Jahrhundert bietet <a href=\"http:\/\/www.letchworthparkhistory.com\/\" target=\"_top\">Letchworth Park History<\/a>.<\/li>\n<li>Den <a href=\"http:\/\/www.letchworthpark.com\/\" target=\"_top\">Letchwoth Vacation Guide<\/a> kann man sich im PDF Format herunterladen.<\/li>\n<\/ul>\n<p style=\"clear: both;\">\n","protected":false},"excerpt":{"rendered":"<p>Die Finger Lakes Region befindet sich s\u00fcdlich des Ontariosees, keine drei Autostunden von Toronto entfernt (okay, das h\u00e4ngt nat\u00fcrlich auch <a class=\"more-link\" href=\"http:\/\/fahrradinontario.net\/?page_id=395\">weiterlesen&#8230;<\/a><\/p>\n","protected":false},"author":2,"featured_media":1864,"parent":1630,"menu_order":2,"comment_status":"closed","ping_status":"closed","template":"","meta":{"footnotes":""},"class_list":["post-395","page","type-page","status-publish","has-post-thumbnail","hentry"],"_links":{"self":[{"href":"http:\/\/fahrradinontario.net\/index.php?rest_route=\/wp\/v2\/pages\/395","targetHints":{"allow":["GET"]}}],"collection":[{"href":"http:\/\/fahrradinontario.net\/index.php?rest_route=\/wp\/v2\/pages"}],"about":[{"href":"http:\/\/fahrradinontario.net\/index.php?rest_route=\/wp\/v2\/types\/page"}],"author":[{"embeddable":true,"href":"http:\/\/fahrradinontario.net\/index.php?rest_route=\/wp\/v2\/users\/2"}],"replies":[{"embeddable":true,"href":"http:\/\/fahrradinontario.net\/index.php?rest_route=%2Fwp%2Fv2%2Fcomments&post=395"}],"version-history":[{"count":36,"href":"http:\/\/fahrradinontario.net\/index.php?rest_route=\/wp\/v2\/pages\/395\/revisions"}],"predecessor-version":[{"id":1939,"href":"http:\/\/fahrradinontario.net\/index.php?rest_route=\/wp\/v2\/pages\/395\/revisions\/1939"}],"up":[{"embeddable":true,"href":"http:\/\/fahrradinontario.net\/index.php?rest_route=\/wp\/v2\/pages\/1630"}],"wp:featuredmedia":[{"embeddable":true,"href":"http:\/\/fahrradinontario.net\/index.php?rest_route=\/wp\/v2\/media\/1864"}],"wp:attachment":[{"href":"http:\/\/fahrradinontario.net\/index.php?rest_route=%2Fwp%2Fv2%2Fmedia&parent=395"}],"curies":[{"name":"wp","href":"https:\/\/api.w.org\/{rel}","templated":true}]}}