{"id":32,"date":"2008-11-10T19:09:24","date_gmt":"2008-11-11T00:09:24","guid":{"rendered":"http:\/\/localhost\/wordpress\/?page_id=32"},"modified":"2019-08-04T07:47:49","modified_gmt":"2019-08-04T12:47:49","slug":"presidential-libraries-and-museums","status":"publish","type":"page","link":"http:\/\/fahrradinontario.net\/?page_id=32","title":{"rendered":"Presidential Libraries and Museums"},"content":{"rendered":"<p>Die <a href=\"http:\/\/de.wikipedia.org\/wiki\/Pr%C3%A4sidentenbibliothek\" target=\"_top\" rel=\"noopener noreferrer\">Presidential Libraries and Museums<\/a> liegen in den Geburtsorten des jeweiligen Pr\u00e4sidenten der USA und sind gleicherma\u00dfen eine W\u00fcrdigung der Person wie auch eine Quelle f\u00fcr Informationen aus den jeweiligen Regierungsperioden. Die Museen sind wirklich toll und alleine schon die Architektur der Geb\u00e4ude ist einen Besuch wert. Im Folgendem stelle ich diejenigen vor, die ich bisher besucht habe.<\/p>\n<p style=\"clear: both;\">\n<p><strong>George W. Bush, Dallas<\/strong><br \/>\nDas <a href=\"https:\/\/www.bushcenter.org\/\">George W. Bush Presidential Library and Museum<\/a> befindet sich auf dem Gel\u00e4nde der Southern Methodist University in Dallas, wo Laura Bush ihren Abschluss in P\u00e4dagogik machte.<\/p>\n<p style=\"clear: both;\">\n<p style=\"clear: both;\"><img loading=\"lazy\" decoding=\"async\" class=\"alignleft\" title=\" \" src=\"\/wp-content\/Bilder\/Presidential\/IMG02.jpg\" alt=\"\" width=\"365\" height=\"243\"><\/p>\n<p><img loading=\"lazy\" decoding=\"async\" class=\"alignright\" style=\"clear: right;\" title=\" \" src=\"\/wp-content\/Bilder\/Presidential\/IMG03.jpg\" alt=\"\" width=\"365\" height=\"243\"><\/p>\n<p style=\"clear: both;\">\n<p style=\"clear: both;\"><img loading=\"lazy\" decoding=\"async\" class=\"alignleft\" title=\" \" src=\"\/wp-content\/Bilder\/Presidential\/IMG10.jpg\" alt=\"\" width=\"365\" height=\"243\"><\/p>\n<p><img loading=\"lazy\" decoding=\"async\" class=\"alignright\" style=\"clear: right;\" title=\" \" src=\"\/wp-content\/Bilder\/Presidential\/IMG13.jpg\" alt=\"\" width=\"365\" height=\"243\"><\/p>\n<p style=\"clear: both;\">\n<p style=\"clear: both;\">Einen gro\u00dfen Anteil im Museum hat das Familienleben des Pr\u00e4sidenten.<\/p>\n<p style=\"clear: both;\">\n<p><strong>William J. Clinton, Little Rock<\/strong><br \/>\nBill Clinton ist in Hot Springs aufgewachsen, einem Kurort in Arkansas. Im Laufe seiner politischen Karriere war er zun\u00e4chst Generalstaatsanwalt von Arkansas und sp\u00e4ter Gouverneur. Die Hauptstadt von Arkansas ist Little Rock und dort wurde dann auch das <a href=\"http:\/\/www.clintonpresidentialcenter.org\/\">William J. Clinton Presidential Center<\/a> errichtet.<\/p>\n<p style=\"clear: both;\">\n<p style=\"clear: both;\"><img loading=\"lazy\" decoding=\"async\" class=\"alignleft\" title=\" \" src=\"\/wp-content\/Bilder\/Presidential\/IMGP8574.jpg\" alt=\"\" width=\"365\" height=\"243\"><\/p>\n<p><img loading=\"lazy\" decoding=\"async\" class=\"alignright\" style=\"clear: right;\" title=\" \" src=\"\/wp-content\/Bilder\/Presidential\/IMGP8581.jpg\" alt=\"\" width=\"365\" height=\"243\"><\/p>\n<p style=\"clear: both;\">\n<p style=\"clear: both;\">Das Geb\u00e4ude ist wie der Ansatz einer Br\u00fccke neben der Rock Island Railroad Bridge entworfen. Das ist eine Andeutung auf die Amtszeit Bill Clintons, die eine Br\u00fccke zwischen den Jahrtausenden sein sollte.<\/p>\n<p style=\"clear: both;\"><img loading=\"lazy\" decoding=\"async\" class=\"alignleft\" title=\" \" src=\"\/wp-content\/Bilder\/Presidential\/IMGP8600.jpg\" alt=\"\" width=\"365\" height=\"243\"><\/p>\n<p><img loading=\"lazy\" decoding=\"async\" class=\"alignright\" style=\"clear: right;\" title=\" \" src=\"\/wp-content\/Bilder\/Presidential\/IMGP8585.jpg\" alt=\"\" width=\"365\" height=\"243\"><\/p>\n<p style=\"clear: both;\">\n<p style=\"clear: both;\">Beim Bau wurden nach M\u00f6glichkeit recycelte Materialien verwendet. Im dem Penthouse auf dem Dach des Geb\u00e4udes ist eine Wohnung, die Bill Clinton nutzt, wenn er mal wieder in Little Rock zu Gast ist.<\/p>\n<p style=\"clear: both;\">\n<p style=\"clear: both;\"><img loading=\"lazy\" decoding=\"async\" class=\"alignright\" style=\"float: right;\" title=\" \" src=\"\/wp-content\/Bilder\/Presidential\/IMGP8627.jpg\" alt=\"\" width=\"365\" height=\"243\"><\/p>\n<p>Aus rechtlichen Gr\u00fcnden befindet sich der Museumsladen nicht auf demselben Gel\u00e4nde sondern im Zentrum von Little Rock.<\/p>\n<p style=\"clear: both;\">\n<p>Etwa 90 Kilometer s\u00fcdwestlich von Little Rock liegt <a href=\"https:\/\/de.wikipedia.org\/wiki\/Hot_Springs_%28Arkansas%29\">Hot Springs<\/a> wo Bill Clinton seine Jugend verbracht hat, und man unter anderem seinen Lieblings Hamburger Laden besichtigen kann.<\/p>\n<p>Es gibt dort, wie der Name schon sagt, hei\u00dfe Quellen. Das Wasser schie\u00dft hier geradezu vom gl\u00fchenden Erdinneren durch das por\u00f6se Gestein an die Oberfl\u00e4che ohne dabei Mineralien aufzunehmen und ist beim Austritt immer noch sehr warm. Also nicht wirklich eine Mineralquelle sondern einfach nur warmes Wasser. Nichtsdestotrotz war Hot Springs \u00fcber lange Zeit ein in in Amerika beliebter Kurort, vergleichbar mit dem europ\u00e4ischen B\u00e4dern Karlsbad oder Bad Wildungen. Insbesondere Chicagos Gangster haben hier in den 30er Jahren ihren \u201cwohlverdienten\u201d Urlaub verbracht.<\/p>\n<p>In dieser Zeit wurden einige B\u00e4der und Sanatorien gebaut, die immer noch einiges her machen. Ein Spaziergang entlang der Bathhouse Row hat so auf jeden Fall seinen Reiz.<\/p>\n<p style=\"clear: both;\">\n<p style=\"clear: both;\"><img loading=\"lazy\" decoding=\"async\" class=\"alignleft\" title=\" \" src=\"\/wp-content\/Bilder\/Presidential\/IMGP8644.jpg\" alt=\"\" width=\"365\" height=\"243\"><\/p>\n<p><img loading=\"lazy\" decoding=\"async\" class=\"alignright\" style=\"clear: right;\" title=\" \" src=\"\/wp-content\/Bilder\/Presidential\/IMGP8649.jpg\" alt=\"\" width=\"365\" height=\"243\"><\/p>\n<p style=\"clear: both;\">\n<p><strong>George H. W. Bush, College Station<\/strong><br \/>\nDas <a href=\"https:\/\/www.bush41.org\/\">Bush Library and Museum<\/a> befindet sich auf dem Gel\u00e4nde der of Texas A&#038;M University in College Station in Texas.<\/p>\n<p style=\"clear: both;\">\n<p style=\"clear: both;\"><img loading=\"lazy\" decoding=\"async\" class=\"alignleft\" title=\" \" src=\"\/wp-content\/Bilder\/Presidential\/IMGP8565.jpg\" alt=\"\" width=\"365\" height=\"243\"><\/p>\n<p><img loading=\"lazy\" decoding=\"async\" class=\"alignright\" style=\"clear: right;\" title=\" \" src=\"\/wp-content\/Bilder\/Presidential\/IMGP8542.jpg\" alt=\"\" width=\"365\" height=\"243\"><\/p>\n<p style=\"clear: both;\">\n<p>Kaum ein Presidential Museum der letzten Jahre kommt ohne Bruchst\u00fccke der Berliner Mauer aus. In College Station springen Pferde \u00fcber Teile der Mauer, um den Untergang des Kommunismus zu symbolisieren. <\/p>\n<p style=\"clear: both;\">\n<p style=\"clear: both;\"><img loading=\"lazy\" decoding=\"async\" class=\"alignleft\" title=\" \" src=\"\/wp-content\/Bilder\/Presidential\/IMGP8537.jpg\" alt=\"\" width=\"365\" height=\"243\"><\/p>\n<p><img loading=\"lazy\" decoding=\"async\" class=\"alignright\" style=\"clear: right;\" title=\" \" src=\"\/wp-content\/Bilder\/Presidential\/IMGP8561.jpg\" alt=\"\" width=\"365\" height=\"243\"><\/p>\n<p style=\"clear: both;\">\n<p>In Texas ist es \u00fcblich, Verstorbene auf dem eigenen Grund und Boden zu bestatten. Bush und seine Frau wurden entsprechend auf dem Areal des Museums beerdigt.<\/p>\n<p style=\"clear: both;\">\n<p><strong>Ronald Reagan, Simi Valley<\/strong><br \/>\nDie spektakul\u00e4rste Ausstellungsst\u00fcck im <a href=\"http:\/\/www.reaganlibrary.com\/welcome.asp\" target=\"_top\" rel=\"noopener noreferrer\">Ronald Reagan Museum<\/a> ist die original Air Force One, eine Boing 707, die hier in einer gro\u00dfen Halle mit Panoramasicht auf die umliegenden Berge aufgebaut ist. Die freundlichen Museumsw\u00e4rter erkl\u00e4ren dann auch gerne, dass eigentlich jedes Flugzeug automatisch zur Air Force One wird, sobald es vom Pr\u00e4sidenten betreten wird. Interessant ist au\u00dferdem eine Sammlung mit Geschenken, die dem ewig l\u00e4chelndem Cowboy Pr\u00e4sidenten im Laufe seiner Amtszeit \u00fcbergeben worden sind.<\/p>\n<p style=\"clear: both;\">\n<p style=\"clear: both;\"><img loading=\"lazy\" decoding=\"async\" class=\"alignleft\" title=\" \" src=\"\/wp-content\/Bilder\/Presidential\/IMGP3083.jpg\" alt=\"\" width=\"365\" height=\"243\"><\/p>\n<p><img loading=\"lazy\" decoding=\"async\" class=\"alignright\" style=\"clear: right;\" title=\" \" src=\"\/wp-content\/Bilder\/Presidential\/IMGP3088.jpg\" alt=\"\" width=\"365\" height=\"243\"><\/p>\n<p style=\"clear: both;\">\n<p style=\"clear: both;\"><img loading=\"lazy\" decoding=\"async\" class=\"alignleft\" title=\" \" src=\"\/wp-content\/Bilder\/Presidential\/IMGP3090.jpg\" alt=\"\" width=\"365\" height=\"243\"><\/p>\n<p><img loading=\"lazy\" decoding=\"async\" class=\"alignright\" style=\"clear: right;\" title=\" \" src=\"\/wp-content\/Bilder\/Presidential\/IMGP3095.jpg\" alt=\"\" width=\"365\" height=\"243\"><\/p>\n<p style=\"clear: both;\">\n<p><strong>Jimmy Carter, Atlanta<\/strong><br \/>\nDie <a href=\"http:\/\/www.jimmycarterlibrary.gov\/\" target=\"_top\" rel=\"noopener noreferrer\">Jimmy Carter Bibliothek und Museum<\/a> liegt in Herzen von <a href=\"Georgia.html\" target=\"_top\" rel=\"noopener noreferrer\">Atlanta<\/a>, nicht weit entfernt von Downtown und dem <a href=\"http:\/\/www.nps.gov\/malu\/index.htm\">Martin Luther King State Park<\/a>. Jimmy Carter und seine Frau sind noch sehr aktiv und ein Teil des Baus beherbergt das Carter Center. Deshalb gibt es im Museum neben Artefakten aus dem Leben Jimmy Carters immer wieder Sonderausstellungen \u00fcber die Aktivit\u00e4ten des Carter Centers.<\/p>\n<p style=\"clear: both;\">\n<p style=\"clear: both;\"><img loading=\"lazy\" decoding=\"async\" class=\"alignleft\" title=\" \" src=\"\/wp-content\/Bilder\/Presidential\/IMGP7470.jpg\" alt=\"\" width=\"365\" height=\"243\"><\/p>\n<p><img loading=\"lazy\" decoding=\"async\" class=\"alignright\" style=\"clear: right;\" title=\" \" src=\"\/wp-content\/Bilder\/Presidential\/IMGP7457.jpg\" alt=\"\" width=\"365\" height=\"243\"><\/p>\n<p style=\"clear: both;\">\n<p>Als Besonderheit kann der Nobelpreis, der Jimmy Carter 2002 f\u00fcr seine Bem\u00fchungen um Frieden im Nahen Osten \u00fcberreicht wurde, bewundert werden.<br \/>\nAuch die <a href=\"http:\/\/www.jimmycarterlibrary.gov\/\" target=\"_top\" rel=\"noopener noreferrer\">Internetseite<\/a> hat viele Informationen parat. Unter anderem gibt es Details zu Carters Vorfahren und eine Liste seiner Kirchenbesuche w\u00e4hrend der Amtszeit als Pr\u00e4sident.<\/p>\n<p style=\"clear: both;\">\n<p><strong>Gerald Ford, Grand Rapids<\/strong><br \/>\nObwohl Bibliothek und Museum \u00fcber <a href=\"http:\/\/www.fordlibrarymuseum.gov\/\">Gerald Ford<\/a> zusammengeh\u00f6ren, liegen sie in zwei unterschiedlichen St\u00e4dten. Das Museum befindet sich in Grand Rapids im Bundesstaat Michigan, der Heimatstadt des Pr\u00e4sidenten, und die Bibliothek ist im 200 Kilometer entfernten Ann Arbor untergebracht.<\/p>\n<p style=\"clear: both;\">\n<p style=\"clear: both;\"><img loading=\"lazy\" decoding=\"async\" class=\"alignleft\" title=\" \" src=\"\/wp-content\/Bilder\/Presidential\/IMGP9642.jpg\" alt=\"\" width=\"365\" height=\"243\"><\/p>\n<p><img loading=\"lazy\" decoding=\"async\" class=\"alignright\" style=\"clear: right;\" title=\" \" src=\"\/wp-content\/Bilder\/Presidential\/IMGP9653.jpg\" alt=\"\" width=\"365\" height=\"243\"><\/p>\n<p style=\"clear: both;\">\n<p>Trabbi unter Glas, und das im Herzen Michigans. Das obligatorische St\u00fcck Berliner Mauer steht im Foyer.<\/p>\n<p style=\"clear: both;\">\n<p><strong>Richard Nixon, Yorba Linda<\/strong><br \/>\n<img loading=\"lazy\" decoding=\"async\" class=\"alignright\" style=\"float: right;\" title=\" \" src=\"\/wp-content\/Bilder\/Presidential\/IMGP3336.jpg\" alt=\"\" width=\"365\" height=\"243\"><br \/>\nDas 1990 er\u00f6ffnete <a href=\"http:\/\/www.nixonlibrary.org\" target=\"_top\" rel=\"noopener noreferrer\">Richard Nixon Museum<\/a> liegt nur 15 Minuten von Disney Land entfernt und beinhaltet das restaurierte Geburtshaus des Pr\u00e4sidenten. Ein Schwerpunkt der Ausstellung ist nat\u00fcrlich die Watergate Aff\u00e4re, und man hat die M\u00f6glichkeit, in die ber\u00fchmten Tonb\u00e4nder aus dem Wei\u00dfen Haus hinein zu h\u00f6ren. Sch\u00f6n sind auch die G\u00e4rten der Anlage.<\/p>\n<p style=\"clear: both;\">\n<p style=\"clear: both;\"><img loading=\"lazy\" decoding=\"async\" class=\"alignleft\" title=\" \" src=\"\/wp-content\/Bilder\/Presidential\/IMGP3330.jpg\" alt=\"\" width=\"365\" height=\"243\"><\/p>\n<p><img loading=\"lazy\" decoding=\"async\" class=\"alignright\" style=\"clear: right;\" title=\" \" src=\"\/wp-content\/Bilder\/Presidential\/IMGP3342.jpg\" alt=\"\" width=\"365\" height=\"243\"><\/p>\n<p style=\"clear: both;\">\n<p><strong>Lyndon B. Johnson, Austin<\/strong><br \/>\nDas <a href=\"http:\/\/www.lbjlibrary.org\/\">Lyndon Baines Johnson Library &amp; Museum<\/a> ist ein ziemlicher Betonklotz auf dem Campus der University of Texas in Austin.<\/p>\n<p style=\"clear: both;\">\n<p style=\"clear: both;\"><img loading=\"lazy\" decoding=\"async\" class=\"alignleft\" title=\" \" src=\"\/wp-content\/Bilder\/Presidential\/IMGP7813.jpg\" alt=\"\" width=\"365\" height=\"243\"><\/p>\n<p><img loading=\"lazy\" decoding=\"async\" class=\"alignright\" style=\"clear: right;\" title=\" \" src=\"\/wp-content\/Bilder\/Presidential\/IMGP7815.jpg\" alt=\"\" width=\"365\" height=\"243\"><\/p>\n<p style=\"clear: both;\">\n<p style=\"clear: both;\">Das Museum ist in den zwei unteren und dem obersten Stockwerk des Geb\u00e4udes untergebracht. Dazwischen ist die Bibliothek, deren Inhalt durch eine eindrucksvolle Glaswand den Besuchern sichtbar ist.<\/p>\n<p style=\"clear: both;\">\n<p style=\"clear: both;\">\n<p style=\"clear: both;\"><img loading=\"lazy\" decoding=\"async\" class=\"alignleft\" title=\" \" src=\"\/wp-content\/Bilder\/Presidential\/IMGP7817.jpg\" alt=\"\" width=\"365\" height=\"243\"><\/p>\n<p><img loading=\"lazy\" decoding=\"async\" class=\"alignright\" style=\"clear: right;\" title=\" \" src=\"\/wp-content\/Bilder\/Presidential\/IMGP7818.jpg\" alt=\"\" width=\"365\" height=\"243\"><\/p>\n<p style=\"clear: both;\">\n<p style=\"clear: both;\">Auch wenn seine Amtszeit stark mit dem Vietnamkrieg verbunden ist, darf man Lyndon Johnsons Leistungen in der Innenpolitik nicht untersch\u00e4tzen. Sowohl der &#8222;Civil Rights Act&#8220; wie auch der &#8222;War on Poverty&#8220; waren wichtige Bestandsteile seiner Amtszeit.<\/p>\n<p style=\"clear: both;\">\n<p style=\"clear: both;\"><img loading=\"lazy\" decoding=\"async\" class=\"alignleft\" title=\" \" src=\"\/wp-content\/Bilder\/Presidential\/IMGP7826.jpg\" alt=\"\" width=\"365\" height=\"243\"><\/p>\n<p><img loading=\"lazy\" decoding=\"async\" class=\"alignright\" style=\"clear: right;\" title=\" \" src=\"\/wp-content\/Bilder\/Presidential\/IMGP7828.jpg\" alt=\"\" width=\"365\" height=\"243\"><\/p>\n<p style=\"clear: both;\">\n<p style=\"clear: both;\">Anders als in den anderen Museen, gibt es im LBJ Museum nicht nur eine Replika des Oval Office sondern auch eine Nachbildung des B\u00fcros der First Lady. Ein deutliches Zeichen daf\u00fcr, wie einflussreich Ladybird Johnson gewesen war.<\/p>\n<p style=\"clear: both;\">\n<p><strong>John F. Kennedy, Boston<\/strong><\/p>\n<p style=\"clear: both;\"><img loading=\"lazy\" decoding=\"async\" class=\"alignright\" style=\"float: right;\" title=\" \" src=\"\/wp-content\/Bilder\/Presidential\/IMGP1704.jpg\" alt=\"\" width=\"243\" height=\"365\"><\/p>\n<p>Das <a href=\"http:\/\/www.jfklibrary.org\/\" target=\"_top\" rel=\"noopener noreferrer\">John F. Kennedy Library and Museum<\/a> liegt etwas au\u00dferhalb im S\u00fcden von Boston, und ist aber sehr gut mit \u00f6ffentlichen Verkehrsmitteln zu erreichen (MBTA rote Linie bis UMASS, und dann den Shuttle Bus nehmen). Nach einem Film \u00fcber das Leben von John F. Kennedy bis zu seiner Nominierung als Pr\u00e4sidentschaftskandidat steigt man in das Museum ein, dessen Rundgang ein thematischer Fortgang des Filmes ist. Es gibt viel Multimedia zu h\u00f6ren und zu sehen, unter anderem auch das ber\u00fchmte Fernsehduell mit Richard Nixon. Highlight ist aber ein Nachbau des White House Interieurs aus der Zeit Kennedys mit mehreren R\u00e4umen.<\/p>\n<p style=\"clear: both;\">\n<p>Die <a href=\"http:\/\/www.jfklibrary.org\/\" target=\"_top\" rel=\"noopener noreferrer\">Internetseite<\/a> bietet eine virtuelle Tour durch das Museum und sogar eine deutsche Brosch\u00fcre.<\/p>\n<p style=\"clear: both;\"><img loading=\"lazy\" decoding=\"async\" class=\"alignleft\" title=\" \" src=\"\/wp-content\/Bilder\/Presidential\/IMGP1708.jpg\" alt=\"\" width=\"365\" height=\"243\"><\/p>\n<p><img loading=\"lazy\" decoding=\"async\" class=\"alignright\" style=\"clear: right;\" title=\" \" src=\"\/wp-content\/Bilder\/Presidential\/IMGP1715.jpg\" alt=\"\" width=\"365\" height=\"243\"><\/p>\n<p style=\"clear: both;\">\n<p style=\"clear: both;\"><img loading=\"lazy\" decoding=\"async\" class=\"alignright\" style=\"float: right;\" title=\" \" src=\"\/wp-content\/Bilder\/Presidential\/IMGP7107.jpg\" alt=\"\" width=\"365\" height=\"243\"><\/p>\n<p>Zur Geschichte Kennedys geh\u00f6rt nat\u00fcrlich auch das Attentat in Dallas. Das Bild rechts zeigt den Ort des Geschehens, und die Bilder darunter die Blicke vom Sch\u00fctzen auf die Limousine des Pr\u00e4sidenten und zur\u00fcck vom Wagen auf den Platz des Sch\u00fctzen.<br \/>\nDas Geb\u00e4ude ist jetzt ein Museum, worin alle Einzelheiten des Attentats und der nachfolgenden Untersuchung erkl\u00e4rt werden.<\/p>\n<p style=\"clear: both;\">\n<p style=\"clear: both;\"><img loading=\"lazy\" decoding=\"async\" class=\"alignleft\" title=\" \" src=\"\/wp-content\/Bilder\/Presidential\/IMGP7092.jpg\" alt=\"\" width=\"365\" height=\"243\"><\/p>\n<p><img loading=\"lazy\" decoding=\"async\" class=\"alignright\" style=\"clear: right;\" title=\" \" src=\"\/wp-content\/Bilder\/Presidential\/IMGP7071.jpg\" alt=\"\" width=\"365\" height=\"243\"><\/p>\n<p style=\"clear: both;\">\n<p><strong>Franklin D. Roosevelt, Hyde Park<\/strong><\/p>\n<p style=\"clear: both;\">\n<p><img loading=\"lazy\" decoding=\"async\" class=\"alignright\" style=\"float: right;\" title=\" \" src=\"\/wp-content\/Bilder\/Presidential\/IMGP7792.jpg\" alt=\"\" width=\"365\" height=\"243\"><br \/>\n<a href=\"https:\/\/de.wikipedia.org\/wiki\/Hyde_Park_%28New_York%29\">Hyde Park<\/a> liegt nur ein paar Kilometer n\u00f6rdlich von New York City im Hudson River Valley. Die <a href=\"http:\/\/www.fdrlibrary.marist.edu\/\">FDR Presidential Library<\/a> wurde bereits 1941 er\u00f6ffnet und war damit die erste ihrer Art. Ein Park Ranger f\u00fchrt durch das Wohnhaus und erz\u00e4hlt Besuchern Anekdoten aus dem privaten Leben FDRs.<br \/>\nNicht weit entfernt von der Franklin D. Roosevelt National Historic Site liegt <a href=\"http:\/\/www.nps.gov\/elro\/index.htm\">Val-Kill<\/a>, das Haus seiner Frau Eleanor, welches ebenfalls besichtigt werden kann.<\/p>\n<p style=\"clear: both;\">\n<p style=\"clear: both;\"><img loading=\"lazy\" decoding=\"async\" class=\"alignleft\" title=\" \" src=\"\/wp-content\/Bilder\/Presidential\/IMGP7772.jpg\" alt=\"\" width=\"365\" height=\"243\"><\/p>\n<p><img loading=\"lazy\" decoding=\"async\" class=\"alignright\" style=\"clear: right;\" title=\" \" src=\"\/wp-content\/Bilder\/Presidential\/IMGP7768.jpg\" alt=\"\" width=\"365\" height=\"243\"><\/p>\n<p style=\"clear: both;\">\n<p><strong>Rutherford Hayes, Fremont<\/strong><br \/>\nFremont liegt im n\u00f6rdlichen Ohio zwischen Toledo und Cleveland und nicht weit entfernt vom Erie See. Zu besichtigen gibt es zum einen das <a href=\"http:\/\/www.rbhayes.org\" target=\"_top\" rel=\"noopener noreferrer\">Museum<\/a> und zum anderen aber auch das Haus, in dem die Hayes Familie lange Zeit gelebt hat. Beide Geb\u00e4ude liegen in einem weitl\u00e4ufigem Park, in dem sich auch das Grab des Pr\u00e4sidenten befindet.<\/p>\n<p style=\"clear: both;\">\n<p style=\"clear: both;\"><img loading=\"lazy\" decoding=\"async\" class=\"alignleft\" title=\" \" src=\"\/wp-content\/Bilder\/Presidential\/IMGP5178.jpg\" alt=\"\" width=\"365\" height=\"243\"><\/p>\n<p><img loading=\"lazy\" decoding=\"async\" class=\"alignright\" style=\"clear: right;\" title=\" \" src=\"\/wp-content\/Bilder\/Presidential\/IMGP5199.jpg\" alt=\"\" width=\"365\" height=\"243\"><\/p>\n<p style=\"clear: both;\">\n<p><img loading=\"lazy\" decoding=\"async\" class=\"alignright\" style=\"float: right;\" title=\" \" src=\"\/wp-content\/Bilder\/Presidential\/IMGP5184.jpg\" alt=\"\" width=\"365\" height=\"243\"><br \/>\nDas Wohnhaus hei\u00dft <span style=\"font-style: italic;\">Spiegel Grove<\/span> und wurde vom Onkel des Pr\u00e4sidenten erbaut. Der deutsche Name kommt daher, weil sich der Onkel, Sardis Birchard, beim Anblick des Anwesens aufgrund der gro\u00dfen B\u00e4ume an die deutschen M\u00e4rchen aus seiner Kindheit erinnert hat. Das Haus wurde sp\u00e4ter von der Hayes Familie erweitert.<\/p>\n<p style=\"clear: both;\">\n<p><strong>William McKinley, Canton<\/strong><br \/>\nEin weiterer Pr\u00e4sident aus Ohio. Canton liegt etwa 100 km s\u00fcdlich von Cleveland, also ebenfalls in der N\u00e4he des Erie Sees. Das <a href=\"http:\/\/www.mckinleymuseum.org\/\" target=\"_top\" rel=\"noopener noreferrer\">Museum<\/a> befindet sich in einem Park am Fu\u00dfe eines H\u00fcgels auf dem ein Mausoleum mit dem Grab des Pr\u00e4sidenten steht. Das Museum selbst ist etwas entt\u00e4uschend, da sich nur ein einziger Raum mit dem Pr\u00e4sidenten selbst befasst. Der Rest des Geb\u00e4udes beherbergt verschiedene Ausstellungen \u00fcber Dinosaurier, den Bau des Mausoleums und lokale Firmen. Das ist etwas schade, denn in die Amtszeit von McKinley fiel unter anderem auch der amerikanisch-spanische Krieg, und dazu k\u00f6nnte mehr erz\u00e4hlt werden.<\/p>\n<p style=\"clear: both;\">\n<p style=\"clear: both;\"><img loading=\"lazy\" decoding=\"async\" class=\"alignleft\" title=\" \" src=\"\/wp-content\/Bilder\/Presidential\/IMGP5337.jpg\" alt=\"\" width=\"365\" height=\"243\"><\/p>\n<p><img loading=\"lazy\" decoding=\"async\" class=\"alignright\" style=\"clear: right;\" title=\" \" src=\"\/wp-content\/Bilder\/Presidential\/IMGP5331.jpg\" alt=\"\" width=\"365\" height=\"243\"><\/p>\n<p style=\"clear: both;\">\n","protected":false},"excerpt":{"rendered":"<p>Die Presidential Libraries and Museums liegen in den Geburtsorten des jeweiligen Pr\u00e4sidenten der USA und sind gleicherma\u00dfen eine W\u00fcrdigung der <a class=\"more-link\" href=\"http:\/\/fahrradinontario.net\/?page_id=32\">weiterlesen&#8230;<\/a><\/p>\n","protected":false},"author":2,"featured_media":1881,"parent":1306,"menu_order":4,"comment_status":"closed","ping_status":"closed","template":"","meta":{"footnotes":""},"class_list":["post-32","page","type-page","status-publish","has-post-thumbnail","hentry"],"_links":{"self":[{"href":"http:\/\/fahrradinontario.net\/index.php?rest_route=\/wp\/v2\/pages\/32","targetHints":{"allow":["GET"]}}],"collection":[{"href":"http:\/\/fahrradinontario.net\/index.php?rest_route=\/wp\/v2\/pages"}],"about":[{"href":"http:\/\/fahrradinontario.net\/index.php?rest_route=\/wp\/v2\/types\/page"}],"author":[{"embeddable":true,"href":"http:\/\/fahrradinontario.net\/index.php?rest_route=\/wp\/v2\/users\/2"}],"replies":[{"embeddable":true,"href":"http:\/\/fahrradinontario.net\/index.php?rest_route=%2Fwp%2Fv2%2Fcomments&post=32"}],"version-history":[{"count":36,"href":"http:\/\/fahrradinontario.net\/index.php?rest_route=\/wp\/v2\/pages\/32\/revisions"}],"predecessor-version":[{"id":2173,"href":"http:\/\/fahrradinontario.net\/index.php?rest_route=\/wp\/v2\/pages\/32\/revisions\/2173"}],"up":[{"embeddable":true,"href":"http:\/\/fahrradinontario.net\/index.php?rest_route=\/wp\/v2\/pages\/1306"}],"wp:featuredmedia":[{"embeddable":true,"href":"http:\/\/fahrradinontario.net\/index.php?rest_route=\/wp\/v2\/media\/1881"}],"wp:attachment":[{"href":"http:\/\/fahrradinontario.net\/index.php?rest_route=%2Fwp%2Fv2%2Fmedia&parent=32"}],"curies":[{"name":"wp","href":"https:\/\/api.w.org\/{rel}","templated":true}]}}