{"id":262,"date":"2008-12-15T18:26:16","date_gmt":"2008-12-15T23:26:16","guid":{"rendered":"http:\/\/localhost\/wordpress\/?page_id=262"},"modified":"2018-12-25T09:25:16","modified_gmt":"2018-12-25T14:25:16","slug":"besondere-laden","status":"publish","type":"page","link":"http:\/\/fahrradinontario.net\/?page_id=262","title":{"rendered":"Besondere L\u00e4den"},"content":{"rendered":"<p>Das Titelbild zeigt die Weihnachtsdekoration im Eaton Centre. Das ist die wohl bekannteste Shopping Mall in Toronto.<\/p>\n<p><span style=\"font-weight: bold;\"> CDs \/ DVDs \/ Platten<\/span><br \/>\nDass Fahrradfahren eines meiner Hobbys ist, kann man ja schon am Titel der Seite erkennen. Eine andere Leidenschaft ist das Kaufen von CDs und Musik DVDs, dass ich entgegen dem &#8222;das kriegste ja alles im Internet auch f\u00fcr Umme&#8220; Trend, der f\u00fcr mich eher nach &#8222;macht kaputt, was euch gef\u00e4llt&#8220; klingt, immer noch mit dem physischem Erlebnis, den Tontr\u00e4ger in der Hand zu halten verbinde. Auch Musiker wollen und m\u00fcssen etwas verdienen, um zu \u00fcberleben.<\/p>\n<ul>\n<li>CDs kaufe ich in der Regel bei <a href=\"http:\/\/www.sonicboommusic.com\/index.html\">Sonic Boom<\/a>. Es gibt dort eine gro\u00dfe Auswahl an neuen und gebrauchten Ton- und Bildtr\u00e4gern aller Art zu fairen Preisen. Charakteristisch ist das laute Klappern, das daher kommt, weil gleich am Eingang die Kunden die Neuzug\u00e4nge der Woche durchsuchen.<\/li>\n<li>Eine gutes Angebot an neuen CDs und DVDs hatte auch &#8222;Sam the Record Man&#8220; in der Yonge Street. Aber&#8230; den gibt&#8217;s nich mehr.<\/li>\n<li>Konzertkarten gibt es bei <a href=\"http:\/\/www.rotate.com\/\" target=\"_top\">Rotate This<\/a>. Auf deren Internetseite hat man auch die beste \u00dcbersicht aller kommenden Konzerte.<span style=\"font-weight: bold;\"> <\/span><\/li>\n<\/ul>\n<p><span style=\"font-weight: bold;\">Fahrrad<\/span><\/p>\n<ul>\n<li><a href=\"http:\/\/www.labicicletta.com\/edatcat\/cad\/tlsstore.cgi?user_action=link&amp;link=mainpage\" target=\"_top\">La Bicicletta<\/a> ist recht gro\u00df und hat ein spezielles Programm nur f\u00fcr Rennr\u00e4der.<\/li>\n<li><a href=\"http:\/\/www.ucycle.com\/\">The Urbane Cyclist<\/a> bietet dagegen alle Arten von Fahrr\u00e4dern und Zubeh\u00f6r.<\/li>\n<li><a href=\"http:\/\/gearsbikeshop.com\/\" target=\"_top\">Gears<\/a> in Port Credit.<\/li>\n<li>Mein neuestes Fahrrad habe ich mir nach meinen W\u00fcnschen zusammenbauen lassen. So etwas gibt es bei <a href=\"http:\/\/www.truenorthcycles.com\/\">True North Cycles<\/a>.<\/li>\n<\/ul>\n<p><span style=\"font-weight: bold;\">Outdoor Bekleidung und Ausr\u00fcstung<\/span><\/p>\n<ul>\n<li><a href=\"http:\/\/www.mec.ca\/splash.jsp\" target=\"_top\">Mountain Equipment Co-Op<\/a> ist wie der Name schon sagt eine Cooperative, und man muss erst einmal Mitglied werden, wenn man dort etwas kaufen m\u00f6chte. Daf\u00fcr ist das Angebot ziemlich gut und gro\u00dfe L\u00e4den gibt es \u00fcberall in Kanada.<\/li>\n<li><a href=\"http:\/\/www.basspro.com\/homepage.html\">Bass Pro<\/a> ist eine Ladenkette aus den USA, und es gibt im Norden von Toronto in der Vaughan Mills Mall ebenfalls einen Shop. Die L\u00e4den sind (amerikanisch) gigantisch, und auch wenn man nicht unbedingt etwas kaufen m\u00f6chte, lohnt sich ein Besuch, denn es gibt in den L\u00e4den ein riesiges Aquarium zu bestaunen.<\/li>\n<li><a href=\"http:\/\/www.sail.ca\/\">Sail<\/a> hat ein \u00e4hnliches Angebot wie Bass Pro, ist aber ein kanadisches Unternehmen. Es gibt zwar kein Aquarium, daf\u00fcr aber Schilanglaufausr\u00fcstung zu kaufen.<\/li>\n<\/ul>\n<p><span style=\"font-weight: bold;\">Computers \/ Electronics<\/span><br \/>\nDie kleinen Spielereien, die Man(n) so mag. Klar, es gibt \u00fcberall BestBuy und FutureShop, die kennt man ja. Aber wenn es etwas besseres und meistens auch aktuelleres sein soll, geht man dann doch eher woanders hin:<\/p>\n<ul>\n<li>Wenn man nicht unbedingt in Torontos Innenstadt fahren mag sollte bei <a href=\"http:\/\/www.canadacomputers.com\/\" target=\"_top\">Canada Computers<\/a> vorbeischauen. <\/li>\n<li>Fotoapparate und dazugeh\u00f6riges Glas kaufe ich bei <a href=\"http:\/\/www.henrys.com\/\" target=\"_top\">Henry&#8217;s<\/a>. Da habe ich schon viel Geld gelassen&#8230;<\/li>\n<li><a href=\"http:\/\/www.baybloorradio.com\/index.html\" target=\"_top\">Bay Bloor Radio<\/a> ist, wie der Name schon nahelegt, im Manulife Centre an der Kreuzung Bay und Bloor ans\u00e4ssig, also in der etwas exklusiveren Shopping Gegend in Toronto. Billige Preise und Ger\u00e4te darf man hier nicht erwarten, daf\u00fcr aber die besseren Modelreihen der HiFi und Video Industrie.<\/li>\n<\/ul>\n","protected":false},"excerpt":{"rendered":"<p>Das Titelbild zeigt die Weihnachtsdekoration im Eaton Centre. Das ist die wohl bekannteste Shopping Mall in Toronto. CDs \/ DVDs <a class=\"more-link\" href=\"http:\/\/fahrradinontario.net\/?page_id=262\">weiterlesen&#8230;<\/a><\/p>\n","protected":false},"author":2,"featured_media":1830,"parent":11,"menu_order":5,"comment_status":"closed","ping_status":"closed","template":"","meta":{"footnotes":""},"class_list":["post-262","page","type-page","status-publish","has-post-thumbnail","hentry"],"_links":{"self":[{"href":"http:\/\/fahrradinontario.net\/index.php?rest_route=\/wp\/v2\/pages\/262","targetHints":{"allow":["GET"]}}],"collection":[{"href":"http:\/\/fahrradinontario.net\/index.php?rest_route=\/wp\/v2\/pages"}],"about":[{"href":"http:\/\/fahrradinontario.net\/index.php?rest_route=\/wp\/v2\/types\/page"}],"author":[{"embeddable":true,"href":"http:\/\/fahrradinontario.net\/index.php?rest_route=\/wp\/v2\/users\/2"}],"replies":[{"embeddable":true,"href":"http:\/\/fahrradinontario.net\/index.php?rest_route=%2Fwp%2Fv2%2Fcomments&post=262"}],"version-history":[{"count":16,"href":"http:\/\/fahrradinontario.net\/index.php?rest_route=\/wp\/v2\/pages\/262\/revisions"}],"predecessor-version":[{"id":2072,"href":"http:\/\/fahrradinontario.net\/index.php?rest_route=\/wp\/v2\/pages\/262\/revisions\/2072"}],"up":[{"embeddable":true,"href":"http:\/\/fahrradinontario.net\/index.php?rest_route=\/wp\/v2\/pages\/11"}],"wp:featuredmedia":[{"embeddable":true,"href":"http:\/\/fahrradinontario.net\/index.php?rest_route=\/wp\/v2\/media\/1830"}],"wp:attachment":[{"href":"http:\/\/fahrradinontario.net\/index.php?rest_route=%2Fwp%2Fv2%2Fmedia&parent=262"}],"curies":[{"name":"wp","href":"https:\/\/api.w.org\/{rel}","templated":true}]}}