{"id":25,"date":"2008-11-10T19:05:48","date_gmt":"2008-11-11T00:05:48","guid":{"rendered":"http:\/\/localhost\/wordpress\/?page_id=25"},"modified":"2019-07-28T08:25:49","modified_gmt":"2019-07-28T13:25:49","slug":"auf-den-spuren-von-frank-lloyd-wright","status":"publish","type":"page","link":"http:\/\/fahrradinontario.net\/?page_id=25","title":{"rendered":"Auf den Spuren von Frank Lloyd Wright"},"content":{"rendered":"<p><img loading=\"lazy\" decoding=\"async\" class=\"alignright\" style=\"float: right;\" title=\" \" src=\"\/wp-content\/uploads\/2008\/12\/ROBW2.jpg\" alt=\"\" width=\"120\" height=\"348\" \/><\/p>\n<p>Irgendwie dachte ich mir, dass ich f\u00fcr meine USA Touren eine Art Motto br\u00e4uchte. Allein schon, um der Sache einen etwas tieferen Sinn zu geben, und meiner Suche nach dem Verst\u00e4ndnis f\u00fcr die amerikanische Kultur ein gewisses Fundament zu verpassen. Dann sah ich zuf\u00e4llig auf dem lokalen PBS Kanal von Buffalo eine Dokumentation \u00fcber das Wirken von Frank Lloyd Wright in Buffalo, und damit war die Sache klar. Wright hat \u00fcberall in den USA seine absolut sehenswerten und sehr amerikanischen Geb\u00e4ude erstellt, und von denen wollte ich mir so viele wie m\u00f6glich anschauen.<\/p>\n<p>Es gibt sehr viele Internetseiten \u00fcber Frank Lloyd Wright, und die Liste mit den Links steht unten. Ich m\u00f6chte hier nur die  Geb\u00e4ude vorstellen, die ich besucht habe, und dazu ein paar Tipps geben.<\/p>\n<p style=\"clear:both\">\n<p><span style=\"font-weight: bold;\">Oak Park, Chicago<\/span><br \/>\nFrank Lloyd Wright ist mit 22 Jahren hierher gezogen und hat die ersten 20 Jahre seiner Karriere hier verbracht. Er hat zuerst bei einem Architekturb\u00fcro in Chicago gearbeitet, hat sich aber bald selbstst\u00e4ndig gemacht und sein eigenes B\u00fcro gegr\u00fcndet.  Das <a href=\"http:\/\/www.wrightplus.org\/\" target=\"_top\" rel=\"noopener noreferrer\">Frank Lloyd Wright Home and Studio<\/a> kann besichtigt werden kann, und es werden Touren  durch die n\u00e4here Umgebung angeboten, wo es viele von Wright entworfene H\u00e4user gibt.<\/p>\n<p style=\"clear:both\"><img loading=\"lazy\" decoding=\"async\" class=\"alignleft\" title=\" \" src=\"\/wp-content\/uploads\/2011\/05\/IMGP2324.jpg\" alt=\"\" width=\"365\" height=\"243\" \/><\/p>\n<p><img loading=\"lazy\" decoding=\"async\" class=\"alignright\" style=\"clear:right\" title=\" \" src=\"\/wp-content\/uploads\/2011\/05\/IMGP2332.jpg\" alt=\"\" width=\"365\" height=\"243\" \/><\/p>\n<p style=\"clear:both\">\n<p> Wright&#8217;s erstes Haus und Nathan Moore House, erstellt 1895, und 1923 nach einem Feuer umgebaut.<\/p>\n<p style=\"clear:both\">\n<p style=\"clear:both\"><img loading=\"lazy\" decoding=\"async\" class=\"alignleft\" title=\" \" src=\"\/wp-content\/uploads\/2011\/05\/IMGP2333.jpg\" alt=\"\" width=\"365\" height=\"243\" \/><\/p>\n<p><img loading=\"lazy\" decoding=\"async\" class=\"alignright\" style=\"clear:right\" title=\" \" src=\"\/wp-content\/uploads\/2011\/05\/IMGP2340.jpg\" alt=\"\" width=\"365\" height=\"243\" \/><\/p>\n<p style=\"clear:both\">\n<p> Hills-DeCaro House und Frank Wright Thomas House.<\/p>\n<p style=\"clear:both\">\n<p><\/br><\/p>\n<p><strong>Frederick C. Robie House, Chicago<\/strong><br \/>\n<img loading=\"lazy\" decoding=\"async\" class=\"alignright\" style=\"float: right;\" title=\" \" src=\"\/wp-content\/uploads\/2011\/05\/IMGP6623.jpg\" alt=\"\" width=\"365\" height=\"243\" \/><\/p>\n<p>Das <a href=\"https:\/\/de.wikipedia.org\/wiki\/Frederick_C._Robie_House\">Robie House<\/a>, welches als eines der bekanntesten Beispiele f\u00fcr Wright&#8217;s Pairie Stil ist, liegt direkt neben der Universit\u00e4t von Chicago. Die Frau des Erbauers hat hier ihren Abschluss gemacht und wollte noch weiterhin am studentischen Leben der Unversit\u00e4t teilhaben. <\/p>\n<p>F\u00fcr sein Budget h\u00e4tte sich Robie auch ein viel gr\u00f6\u00dferes und repr\u00e4sentativeres Haus leisten k\u00f6nnen. Es sollte aber unbedingt ein Entwurf von Wright sein.<\/p>\n<p>Besonders sch\u00f6n sind nat\u00fcrlich auch die bleigefassten Fenster.<\/p>\n<p style=\"clear:both\">\n<p style=\"clear:both\"><img loading=\"lazy\" decoding=\"async\" class=\"alignleft\" title=\" \" src=\"\/wp-content\/uploads\/2011\/05\/IMGP6639.jpg\" alt=\"\" width=\"365\" height=\"243\" \/><\/p>\n<p><img loading=\"lazy\" decoding=\"async\" class=\"alignright\" style=\"clear:right\" title=\" \" src=\"\/wp-content\/uploads\/2011\/05\/IMGP6650.jpg\" alt=\"\" width=\"365\" height=\"243\" \/><\/p>\n<p style=\"clear:both\">\n<p>Das Haus kann besichtigt werden und die Tour ist interessant. Allerdings ist fast alles der originalen Inneneinrichtung in Museen gelandet, und die R\u00e4ume sind recht kahl. <\/p>\n<p style=\"clear:both\">\n<p><\/br><\/p>\n<p style=\"clear: both;\"><strong>Grand Rapids, Michigan<\/strong><br \/>\nDas <a href=\"http:\/\/meyermayhouse.steelcase.com\/\">Meyer May House<\/a> in Grand Rapids wurde 1908\/09 bebaut und ist ein sehr sch\u00f6nes Beispiel f\u00fcr Wright&#8217;s Pr\u00e4rie Stil. Das Haus wurde 1985 von der Firma Steelcase gekauft, die es in den folgenden zwei Jahren restaurierte. Seit 1987 kann das Haus besichtigt werden, und es werden auch Touren angeboten.<\/p>\n<p style=\"clear:both\">\n<p style=\"clear:both\"><img loading=\"lazy\" decoding=\"async\" class=\"alignleft\" title=\" \" src=\"\/wp-content\/uploads\/2011\/05\/IMGP9705.jpg\" alt=\"\" width=\"365\" height=\"243\" \/><\/p>\n<p><img loading=\"lazy\" decoding=\"async\" class=\"alignright\" style=\"clear:right\" title=\" \" src=\"\/wp-content\/uploads\/2011\/05\/IMGP9710.jpg\" alt=\"\" width=\"365\" height=\"243\" \/><\/p>\n<p style=\"clear:both\">\n<p>Schr\u00e4g gegen\u00fcber befindet sich das David M. Amberg House. Es wurde ebenfalls von Wright entworfen, aber nicht mehr von ihm fertiggestellt. Nachdem Wright 1909 aufgrund seiner Aff\u00e4re mit Martha Borthwick zu einer Reise nach Europa aufgebrochen war, vollendete seine damalige Gesch\u00e4ftspartnerin Marion Mahony Griffin Entwurf und Bau des Hauses.<\/p>\n<p style=\"clear:both\"><img loading=\"lazy\" decoding=\"async\" class=\"alignleft\" title=\" \" src=\"\/wp-content\/uploads\/2011\/05\/IMGP9701.jpg\" alt=\"\" width=\"365\" height=\"243\" \/><\/p>\n<p><img loading=\"lazy\" decoding=\"async\" class=\"alignright\" style=\"clear:right\" title=\" \" src=\"\/wp-content\/uploads\/2011\/05\/IMGP9702.jpg\" alt=\"\" width=\"365\" height=\"243\" \/><\/p>\n<p style=\"clear:both\">\n<p>Die H\u00e4user befinden sich im <a href=\"http:\/\/www.heritagehillweb.org\/\">Heritage Hill<\/a> in Grand Rapids, der als einer der gr\u00f6\u00dften historischen Stadtteile der USA gilt. 1300 H\u00e4user, die seit 1848 von den wohlhabenden B\u00fcrgern der Stadt gebaut wurden, repr\u00e4sentieren \u00fcber 60 verschiedene architektonische Stile. Auf der Internetseite gibt es Hinweise zu Touren durch den Stadtteil und Details zu den wichtigsten Geb\u00e4uden.<\/p>\n<p style=\"clear:both\">\n<p><\/br><\/p>\n<p style=\"clear: both;\"><strong>Fallingwater und Kentuck Knob, Pennsylvania<\/strong><br \/>\nFallingwater ist wohl das Highlight in Frank Lloyd Wright&#8217;s Schaffen. Es liegt in der N\u00e4he des <a href=\"http:\/\/www.dcnr.state.pa.us\/stateparks\/findapark\/ohiopyle\/\">Ohiopyle State Park<\/a>, ungef\u00e4hr 100 Kilometer s\u00fcd\u00f6stlich von Pittsburgh im Bundesstaat Pennsylvania. Ganz in der N\u00e4he befindet sich ein weiteres Frank Lloyd Wright Haus, Kentuck Knob. Damit hat die Gegend einiges zu bieten, und man kann ohne weiteres ein paar Tage Kurzurlaub dort verbringen.<\/p>\n<p style=\"clear:both\">\n<p style=\"clear:both\"><img loading=\"lazy\" decoding=\"async\" class=\"alignleft\" title=\" \" src=\"\/wp-content\/uploads\/2011\/05\/IMGP0352.jpg\" alt=\"\" width=\"365\" height=\"243\" \/><\/p>\n<p><img loading=\"lazy\" decoding=\"async\" class=\"alignright\" style=\"clear:right\" title=\" \" src=\"\/wp-content\/uploads\/2011\/05\/IMGP0486.jpg\" alt=\"\" width=\"365\" height=\"243\" \/><\/p>\n<p style=\"clear:both\">\n<p><a href=\"http:\/\/www.fallingwater.org\/\">Fallingwater<\/a> wurde zwischen 1935 und 1937 als Sommerhaus f\u00fcr einen wohlhabenden Kaufmann aus Pittsburgh erbaut. Das besondere an Fallingwater ist die Art und Weise, wie es sich in die Landschaft integriert. An dieser Stelle f\u00e4llt ein Bach \u00fcber Felsen in die Tiefe, und die Felsstruktur wurde teilweise in das Haus integriert. Das Haus kann besichtigt werden, verschiedene Touren werden angeboten.<\/p>\n<p style=\"clear: both;\">\n<p style=\"clear:both\"><img loading=\"lazy\" decoding=\"async\" class=\"alignleft\" title=\" \" src=\"\/wp-content\/uploads\/2011\/05\/IMGP0564.jpg\" alt=\"\" width=\"365\" height=\"243\" \/><\/p>\n<p><img loading=\"lazy\" decoding=\"async\" class=\"alignright\" style=\"clear:right\" title=\" \" src=\"\/wp-content\/uploads\/2011\/05\/IMGP0648.jpg\" alt=\"\" width=\"365\" height=\"243\" \/><\/p>\n<p style=\"clear:both\">\n<p><a href=\"http:\/\/www.kentuckknob.com\/\">Kentuck Knob<\/a> entstand in den 1950ern und somit w\u00e4hrend einer sp\u00e4teren Schaffensperiode Wrights. Auch dieses Haus integriert sich perfekt in die umgebende Landschaft. Es liegt auf einem H\u00fcgel und zwar nicht wie eine Landmarke auf der Spitze, sondern es schmiegt sich buchst\u00e4blich an den Hang. Zwischen Haus und Besucherzentrum befindet der Art Meadow mit Skulpturen zeitgem\u00e4\u00dfer K\u00fcnstler. Dazu geh\u00f6rt auch ein St\u00fcck der Berliner Mauer. <\/p>\n<p style=\"clear:both\">\n<p><\/br><\/p>\n<p><img loading=\"lazy\" decoding=\"async\" class=\"alignright\" style=\"float: right;\" title=\" \" src=\"\/wp-content\/uploads\/2011\/05\/IMGP1973.jpg\" alt=\"\" width=\"237\" height=\"355\" \/><\/p>\n<p style=\"clear: left;\"><span style=\"font-weight: bold;\">Buffalo, New York State<\/span><br \/>\nBuffalo ist von Toronto aus die n\u00e4chst gr\u00f6\u00dfere Stadt in den USA und liegt auf der anderen Seite der Niagaraf\u00e4lle. Dort gibt es das <a href=\"http:\/\/www.darwinmartinhouse.org\/\">Darwin Martin House<\/a>, ein Komplex bestehend aus zwei von Wright entworfenen H\u00e4usern, die 1904 f\u00fcr die Familie von Darwin Martin, einem Industriellem aus Buffalo, gebaut wurden.<\/p>\n<p style=\"clear: left;\">Zu gleichen Zeit begannen auch die Bauarbeiten am Larkin Company Administration Building, dem B\u00fcrogeb\u00e4ude von Martins Firma, welches aber leider nicht mehr existiert.<\/p>\n<p style=\"clear: left;\">Das Darwin Martin House wird gerade restauriert, ein m\u00fchsamer Prozess, der sich noch \u00fcber einige Jahre hinziehen wird. Nichtsdestotrotz kann man es bereits besichtigen und es werden Touren angeboten.<\/p>\n<p style=\"clear:both\">\n<p style=\"clear:both\"><img loading=\"lazy\" decoding=\"async\" class=\"alignleft\" title=\" \" src=\"\/wp-content\/uploads\/2011\/05\/IMGP1967.jpg\" alt=\"\" width=\"365\" height=\"243\" \/><\/p>\n<p><img loading=\"lazy\" decoding=\"async\" class=\"alignright\" style=\"clear:right\" title=\" \" src=\"\/wp-content\/uploads\/2011\/05\/IMGP1977.jpg\" alt=\"\" width=\"365\" height=\"243\" \/><\/p>\n<p style=\"clear:both\">\n<p style=\"clear:both\"><img loading=\"lazy\" decoding=\"async\" class=\"alignleft\" title=\" \" src=\"\/wp-content\/uploads\/2011\/05\/IMGP1985.jpg\" alt=\"\" width=\"365\" height=\"243\" \/><\/p>\n<p><img loading=\"lazy\" decoding=\"async\" class=\"alignright\" style=\"clear:right\" title=\" \" src=\"\/wp-content\/uploads\/2011\/05\/IMGP1989.jpg\" alt=\"\" width=\"365\" height=\"243\" \/><\/p>\n<p style=\"clear:both\">\n<p style=\"clear: both;\">\n<p style=\"clear: both;\">Das <a href=\"http:\/\/www.blueskymausoleum.com\/\">Blue Sky Mausoleum<\/a> im Forest Lawn Cementory wurde urspr\u00fcnglich etwa 1928 von Wright und Martin besprochen aber nicht gebaut. Aus den alten Aufzeichnungen wurde dann von einem Sch\u00fcler Wrights ein Entwurf erstellt, der schlie\u00dflich 2004 Realit\u00e4t wurde.<\/p>\n<\/p>\n<p>Mehr zu Buffalo und dem Forest Lawn Cementory gibt es auf der <a href=\"http:\/\/fahrradinontario.net\/?page_id=800\">Erie See Seite<\/a>.<\/p>\n<p style=\"clear: both;\">\n<p><\/br><\/p>\n<p style=\"clear: both;\"><strong>Graycliff, Derby, New York State<\/strong><br \/>\nMitte der 20er Jahre des 19. Jahrhunderts entschied sich Darwin Martin, nachdem er sich zur Ruhe gesetzt hatte, f\u00fcr seine Frau Isabelle ein Sommerhaus zu bauen, welches ebenfalls von Wright entworfen werden sollte. Im Gegensatz zum Stadthaus in Buffalo, wollte Isabelle aber nicht nur ein wesentlich helleres Haus, sondern auch viele andere Details anders haben, wie zum Beispiel die in Amerika beliebten und von Wright verhassten Wandschr\u00e4nke, und es gab wahrscheinlich einige Diskussionen mit Wright, bis der Entwurf fertig war. Ein passendes Gel\u00e4nde am Eriesee in der N\u00e4he von Buffalo war schnell gefunden, und im Juni 1928 wurde <a href=\"http:\/\/www.graycliffestate.org\/\">Graycliff<\/a> offiziell fertiggestellt.<\/p>\n<p style=\"clear:both\"><img loading=\"lazy\" decoding=\"async\" class=\"alignleft\" title=\" \" src=\"\/wp-content\/uploads\/2011\/05\/IMGP1174.jpg\" alt=\"\" width=\"365\" height=\"243\" \/><\/p>\n<p><img loading=\"lazy\" decoding=\"async\" class=\"alignright\" style=\"clear:right\" title=\" \" src=\"\/wp-content\/uploads\/2011\/05\/IMGP1191.jpg\" alt=\"\" width=\"365\" height=\"243\" \/><\/p>\n<p style=\"clear:both\">\n<p><img loading=\"lazy\" decoding=\"async\" class=\"alignleft\" style=\"float: left;\" title=\" \" src=\"\/wp-content\/uploads\/2011\/05\/IMGP1201.jpg\" alt=\"\" width=\"365\" height=\"243\" \/><\/p>\n<\/p>\n<p><\/br><\/br> Aus Sicherheitsgr\u00fcnden wurde die Heizung in einem separatem Geb\u00e4ude untergebracht.<\/p>\n<p style=\"clear:both\">\n<p><\/br><\/p>\n<p><span style=\"font-weight: bold;\">Hollyhock House, Los Angeles<\/span><br \/>\n<img loading=\"lazy\" decoding=\"async\" class=\"alignright\" style=\"float: right;\" title=\" \" src=\"\/wp-content\/uploads\/2011\/05\/IMGP3844.jpg\" alt=\"\" width=\"365\" height=\"243\" \/><\/p>\n<p style=\"clear: left;\">Das <a href=\"http:\/\/www.hollyhockhouse.net\/index.htm\">Hollyhock House<\/a> in Los Angeles wurde 1921 f\u00fcr Aline Barnsdall gebaut sollte eigentlich ein ganzer Komplex, bestehend aus mehreren Wohnh\u00e4usern und einem Filmtheater, werden. Aus finanziellen Gr\u00fcnden wurden aber nur zwei Wohnh\u00e4user daraus, und das Hollyhock House wurde 1927 der Stadt Los Angeles \u00fcbergeben. Es wird z.Z. renoviert, kann aber trotzdem besichtigt werden.<\/p>\n<p style=\"clear: both;\">\n<p style=\"clear:both\"><img loading=\"lazy\" decoding=\"async\" class=\"alignleft\" title=\" \" src=\"\/wp-content\/uploads\/2011\/05\/IMGP3856.jpg\" alt=\"\" width=\"365\" height=\"243\" \/><\/p>\n<p><img loading=\"lazy\" decoding=\"async\" class=\"alignright\" style=\"clear:right\" title=\" \" src=\"\/wp-content\/uploads\/2011\/05\/IMGP3874.jpg\" alt=\"\" width=\"365\" height=\"243\" \/><\/p>\n<p style=\"clear:both\">\n<p style=\"clear:both\"><img loading=\"lazy\" decoding=\"async\" class=\"alignleft\" title=\" \" src=\"\/wp-content\/uploads\/2011\/05\/IMGP3857.jpg\" alt=\"\" width=\"365\" height=\"243\" \/><\/p>\n<p><img loading=\"lazy\" decoding=\"async\" class=\"alignright\" style=\"clear:right\" title=\" \" src=\"\/wp-content\/uploads\/2011\/05\/IMGP3853.jpg\" alt=\"\" width=\"365\" height=\"243\" \/><\/p>\n<p style=\"clear:both\">\n<p style=\"clear: both;\">\n<p>Hollyhock hei\u00dft auf deutsch Stockrose und war die Lieblingsblume der Auftraggeberin. Daher ist das Motiv der stilisierten Blume \u00fcberall im Haus zu finden.<\/p>\n<p style=\"clear: both;\">\n<p><\/br><\/p>\n<p><span style=\"font-weight: bold;\">Taliesin West, Scottsdale, Arizona<\/span><br \/>\n<img loading=\"lazy\" decoding=\"async\" class=\"alignright\" style=\"float: right;\" title=\" \" src=\"\/wp-content\/uploads\/2011\/05\/IMGP8678.jpg\" alt=\"\" width=\"237\" height=\"355\" \/><\/p>\n<p style=\"clear: left;\">Taliesin wurde 1932 als eine Gruppe von Studenten und Architekten mit dem Ziel gegr\u00fcndet, die Philosophie des organischen Bauens voran zu treiben.<\/p>\n<p>Als Wright im fortgeschrittenen Alter immer kr\u00e4nklicher wurde, riet ihm sein Arzt, den kalten Wintern in Wisconsin zu entfliehen. Wright gr\u00fcndete daher neben Taliesin in Spring Green, Wisconsin auch Taliesin West mitten in der auch im Winter warmen W\u00fcste Arizonas, nicht weit entfernt von Phoenix.<\/p>\n<p>Beide Taliesin waren nicht nur die Wohnst\u00e4tten Wrights, sondern auch gleichzeitig Studios und Schulen der Taliesin Gemeinschaft.<\/p>\n<p>Taliesin West dient zwar immer noch als Studio und Wohnst\u00e4tte, es k\u00f6nnen aber gro\u00dfe Teile besichtigt werden.<\/p>\n<p style=\"clear: both;\">\n<p style=\"clear:both\"><img loading=\"lazy\" decoding=\"async\" class=\"alignleft\" title=\" \" src=\"\/wp-content\/uploads\/2011\/05\/IMGP8635.jpg\" alt=\"\" width=\"365\" height=\"243\" \/><\/p>\n<p><img loading=\"lazy\" decoding=\"async\" class=\"alignright\" style=\"clear:right\" title=\" \" src=\"\/wp-content\/uploads\/2011\/05\/IMGP8636.jpg\" alt=\"\" width=\"365\" height=\"243\" \/><\/p>\n<p style=\"clear:both\">\n<p style=\"clear:both\"><img loading=\"lazy\" decoding=\"async\" class=\"alignleft\" title=\" \" src=\"\/wp-content\/uploads\/2011\/05\/IMGP8661.jpg\" alt=\"\" width=\"365\" height=\"243\" \/><\/p>\n<p><img loading=\"lazy\" decoding=\"async\" class=\"alignright\" style=\"clear:right\" title=\" \" src=\"\/wp-content\/uploads\/2011\/05\/IMGP8665.jpg\" alt=\"\" width=\"365\" height=\"243\" \/><\/p>\n<p style=\"clear:both\">\n<p>Der Arbeits- und Schlafraum Wrights ist mit zwei Betten ausgestattet, eines f\u00fcr die Nacht und das andere f\u00fcr den Mittagsschlaf.<\/p>\n<p style=\"clear: both;\">\n<p style=\"clear: both;\"><strong>Weitere Links<\/strong><\/p>\n<ul>\n<li><a><\/a><a href=\"http:\/\/www.peterbeers.net\/interests\/flw_rt\/flw_roadtrip.htm\">Frank Lloyd Wright Road Trip<\/a> mit vielen Bildern.<\/li>\n<\/ul>\n","protected":false},"excerpt":{"rendered":"<p>Irgendwie dachte ich mir, dass ich f\u00fcr meine USA Touren eine Art Motto br\u00e4uchte. Allein schon, um der Sache einen <a class=\"more-link\" href=\"http:\/\/fahrradinontario.net\/?page_id=25\">weiterlesen&#8230;<\/a><\/p>\n","protected":false},"author":2,"featured_media":1880,"parent":1306,"menu_order":2,"comment_status":"closed","ping_status":"closed","template":"","meta":{"footnotes":""},"class_list":["post-25","page","type-page","status-publish","has-post-thumbnail","hentry"],"_links":{"self":[{"href":"http:\/\/fahrradinontario.net\/index.php?rest_route=\/wp\/v2\/pages\/25","targetHints":{"allow":["GET"]}}],"collection":[{"href":"http:\/\/fahrradinontario.net\/index.php?rest_route=\/wp\/v2\/pages"}],"about":[{"href":"http:\/\/fahrradinontario.net\/index.php?rest_route=\/wp\/v2\/types\/page"}],"author":[{"embeddable":true,"href":"http:\/\/fahrradinontario.net\/index.php?rest_route=\/wp\/v2\/users\/2"}],"replies":[{"embeddable":true,"href":"http:\/\/fahrradinontario.net\/index.php?rest_route=%2Fwp%2Fv2%2Fcomments&post=25"}],"version-history":[{"count":27,"href":"http:\/\/fahrradinontario.net\/index.php?rest_route=\/wp\/v2\/pages\/25\/revisions"}],"predecessor-version":[{"id":185,"href":"http:\/\/fahrradinontario.net\/index.php?rest_route=\/wp\/v2\/pages\/25\/revisions\/185"}],"up":[{"embeddable":true,"href":"http:\/\/fahrradinontario.net\/index.php?rest_route=\/wp\/v2\/pages\/1306"}],"wp:featuredmedia":[{"embeddable":true,"href":"http:\/\/fahrradinontario.net\/index.php?rest_route=\/wp\/v2\/media\/1880"}],"wp:attachment":[{"href":"http:\/\/fahrradinontario.net\/index.php?rest_route=%2Fwp%2Fv2%2Fmedia&parent=25"}],"curies":[{"name":"wp","href":"https:\/\/api.w.org\/{rel}","templated":true}]}}