{"id":234,"date":"2008-12-15T17:50:52","date_gmt":"2008-12-15T22:50:52","guid":{"rendered":"http:\/\/localhost\/wordpress\/?page_id=234"},"modified":"2025-11-08T13:56:40","modified_gmt":"2025-11-08T18:56:40","slug":"neuigkeiten","status":"publish","type":"page","link":"http:\/\/fahrradinontario.net\/?page_id=234","title":{"rendered":"Neuigkeiten"},"content":{"rendered":"<p>8. November 2025<br \/>\nNachdem ich mal wieder in Toledo war, gibt es neue Bilder auf der <a href=\"http:\/\/fahrradinontario.net\/?page_id=800\">Eriesee (amerikanische Seite)<\/a>.<\/p>\n<p>29. M\u00e4rz 2024<br \/>\nEin paar Updates auf der Seite \u00fcber <a href=\"http:\/\/fahrradinontario.net\/?page_id=828\">Georgia.<\/a><\/p>\n<p>31. Dezember 2023<br \/>\nDer letzte Tag des Jahres und (bislang) noch kein Regen. Feuchte warme Luft aus dem S\u00fcden hat Toronto eine Woche lang nur Regenwetter beschert. Da bleiben Blogger zu Hause und basteln Internetseiten wie diese hier \u00fcber <a href=\"http:\/\/fahrradinontario.net\/?page_id=406\">Ottawa<\/a>.<\/p>\n<p>8. Oktober 2023<br \/>\nEine ganz neue Seite \u00fcber den gr\u00f6\u00dften der gro\u00dfen Seen, den <a href=\"http:\/\/fahrradinontario.net\/?page_id=2512\">Oberen See<\/a>, ist jetzt live.<\/p>\n<p>25. Mai 2023<br \/>\nIch habe eben auf dieser Seite heruntergescrollt und dabei festgestellt, dass <em>fahrradinontario<\/em> bereits 16 jahre alt ist.<\/p>\n<p>20. Mai 2023<br \/>\nUnd wieder war fahrradinontario f\u00fcr ein paar Wochen lang nicht erreichbar. Diesmal war der Wordpres Update daran schuld. Also diese Technik&#8230;<\/p>\n<p>5. Juni 2022<br \/>\nMein Provider hat diese Seite auf einen neuen Server umgezogen. Danach ging erst einmal f\u00fcr ein paar Monate lang nix mehr. Nach mehreren Telefonaten ist FahrradInOntario aber endlich wieder online. \u00dcbrigens&#8230; auch wenn es auf dieser Seite keine neuen Eintr\u00e4ge gibt, bedeutet das nicht, dass es keine Neuigkeiten gibt. Daf\u00fcr gibt es ja jetzt den <a href=\"http:\/\/fahrradinontario.net\/?page_id=2115\">Blog<\/a>.<\/p>\n<p>13. Februar 2021<br \/>\nImmer noch Corona und Ausfl\u00fcge in die weiter entfernten Skigebiete gehen leider nicht. Aber da sind doch tats\u00e4chlich Gebiete in der N\u00e4he, die ich bisher noch nicht erkundet habe. Deshalb gibt es jetzt Neues auf der <a href=\"http:\/\/fahrradinontario.net\/?page_id=1493\">Skilanglauf in Ontario<\/a> Seite.<\/p>\n<p>20. September 2020<br \/>\nDa in 2020 aufgrund der Corona Situation keine gro\u00dfen Sommertouren m\u00f6glich waren, habe ich Ontario neu entdeckt. Deshalb gibt es ein paar Updates auf <a href=\"http:\/\/fahrradinontario.net\/?page_id=336\">Eriesee (kanadische Seite)<\/a>.<\/p>\n<p>30. April 2020<br \/>\nDie Seite \u00fcber <a href=\"http:\/\/fahrradinontario.net\/?page_id=828\">Georgia<\/a> ist wieder live, und ist mit vielen neuen Bildern erweitert worden.<\/p>\n<p>17. November 2019<br \/>\nAuch die Seite \u00fcber meine <a href=\"http:\/\/fahrradinontario.net\/?page_id=434\">Tour durch die Rockies<\/a> wurde endlich runderneuert und erweitert. Au\u00dferdem ist der <a href=\"http:\/\/fahrradinontario.net\/?page_id=2115\">Blog<\/a> ins Hauptmen\u00fc gerutscht, nachdem ich mittlerweile einige Beitr\u00e4ge dort hineingestellt habe.<\/p>\n<p>14. September 2019<br \/>\nEs wurde mal wieder Zeit f\u00fcr eine sch\u00f6ne und lange Fahrradtour. Die 400 Kilometer <a href=\"http:\/\/fahrradinontario.net\/?page_id=2182\">von Montr\u00e9al \u00fcber Sherbrooke nach Qu\u00e9bec City<\/a> verlaufen fast komplett auf Fahrradwegen, und alle Autos sind weit weg.<\/p>\n<p>4. August 2019<br \/>\nAuf der (unvorhergesehenen) <a href=\"http:\/\/fahrradinontario.net\/?p=2131\">gro\u00dfen Tour von Austin nach Chicago<\/a> habe ich auch in College Station halt gemacht und das Bush Museum besucht. Die Bilder dazu sind jetzt auf der <a href=\"http:\/\/fahrradinontario.net\/?page_id=32\">Presidential Libraries and Museums<\/a> Seite.<\/p>\n<p>27. Juli 2019<br \/>\nHabe das Layout und die Men\u00fcs ge\u00e4ndert, um die Blog Beitr\u00e4ge etwas prominenter gleich auf der Startseite zu pr\u00e4sentieren.<\/p>\n<p>29. Juni 2019<br \/>\nEs gibt jetzt einen <a href=\"http:\/\/fahrradinontario.net\/?page_id=2115\">Blog<\/a>. Neben den gro\u00dfen Abenteuern gibt es ja noch die vielen kleinen, die man hier so erlebt. Da ich die Berichte dar\u00fcber oftmals sowieso in eMails an Freunde und Verwandte packe, kann ich das auch gleich hier live stellen. Der <a href=\"http:\/\/fahrradinontario.net\/?page_id=2115\">Blog<\/a> ist noch etwas versteckt unter <a href=\"http:\/\/fahrradinontario.net\/?page_id=1800\">\u00dcber diese Seite<\/a>, aber vielleicht wird ja etwas daraus.<\/p>\n<p>6. Januar 2019<br \/>\nNachdem ich im Sommer 2018 wieder dort war, gibt es jetzt viele Updates auf der <a href=\"http:\/\/fahrradinontario.net\/?page_id=566\">Nova Scotia<\/a> Seite.<\/p>\n<p>29. Dezember 2018<br \/>\nUnd auch die Seite \u00fcber <a href=\"http:\/\/fahrradinontario.net\/?page_id=1645\">New York City<\/a> wurde aufgefrischt.<\/p>\n<p>28. Dezember 2018<br \/>\nJede Menge Updates auf der <a href=\"http:\/\/fahrradinontario.net\/?page_id=47\">Niagaraseite<\/a>.<\/p>\n<p>25. Dezember 2018<br \/>\nSeitdem die Seite \u00fcber <a href=\"http:\/\/fahrradinontario.net\/?page_id=1737\">Pennsylvania<\/a> vor mehr als f\u00fcnf Jahren live gegangen ist, war ich noch mehrere Male dort und habe viele Bilder und Eindr\u00fccke mitgebracht. Daher gibt es jetzt auf dieser Seite einiges Neues zu entdecken.<\/p>\n<p>16. Dezember 2018<br \/>\nUnd noch mehr Pr\u00e4sidenten auf der <a href=\"http:\/\/fahrradinontario.net\/?page_id=32\">Presidential Libraries and Museums<\/a> Seite.<\/p>\n<p>17. M\u00e4rz 2018<br \/>\nJetzt geht es aber ab&#8230; schon wieder eine renovierte Seite, und zwar die \u00fcber den <a href=\"http:\/\/fahrradinontario.net\/?page_id=1176\">Ontariosee<\/a>. Mu\u00dfte sein, da sowohl Google wie auch ich diese Seite aus irgendwelchen Gr\u00fcnden m\u00f6gen. Darin aufgegangen sind die Seiten \u00fcber den Waterfront Trail und Prince Edward County.<\/p>\n<p>6. M\u00e4rz 2018<br \/>\nDa ich gerade beim Aktualisieren war, habe ich gleich mal eine nigelnagelneue <a href=\"http:\/\/fahrradinontario.net\/?page_id=2029\">Seite \u00fcber den Huronsee<\/a> hochgeladen.<\/p>\n<p>5. M\u00e4rz 2018<br \/>\nSchon wieder ein neues Jahr&#8230;<br \/>\nDie <a href=\"http:\/\/fahrradinontario.net\/?page_id=551\">Rail Trail<\/a> Seite wurde angereichert mit Karte, neuen Bildern, Truth\u00e4hnen und einer Dampflock.<\/p>\n<p>28. Dezember 2017<br \/>\nFahrradInOntario war 18 Tage lang off-line, weil mein Provider, ohne es mir mitzuteilen, mal eben den SQL Server umgezogen hat, und ich einige Zeit gebraucht habe, um das herauszufinden. Gut&#8230;, h\u00e4tte ich mich auch eher darum k\u00fcmmern k\u00f6nnen.<\/p>\n<p>24. Juni 2017<br \/>\nEs hat sehr lange gedauert&#8230; aber nun ist sie endlich online, meine Seite \u00fcber <a href=\"http:\/\/fahrradinontario.net\/?page_id=2006\">New Brunswick<\/a>.<\/p>\n<p>11. Juni 2017<br \/>\nDie Seite \u00fcber den <a href=\"http:\/\/fahrradinontario.net\/?page_id=1556\">Deep South<\/a> ist wieder online. Das liegt daran, weil ich in letzter Zeit so viele B\u00fccher von <a href=\"https:\/\/de.wikipedia.org\/wiki\/Greg_Iles\">Greg Iles<\/a> gelesen habe.<\/p>\n<p>29. April 2017<br \/>\nFahrradInOntario feiert sein zehnj\u00e4hriges Jubil\u00e4um!<\/p>\n<p>2. Januar 2017<br \/>\nUnd schon wieder ein neues Jahr. Dazu gibt es neues auf der Seite \u00fcber <a href=\"http:\/\/fahrradinontario.net\/?page_id=1517\">Neu England<\/a>.<\/p>\n<p>25. M\u00e4rz 2016<br \/>\nAuch die Seite \u00fcber die <a href=\"http:\/\/fahrradinontario.net\/?page_id=1281\">Adirondacks<\/a> wurde runderneuert und erweitert.<\/p>\n<p>13. M\u00e4rz 2016<br \/>\nUpdates auf der <a href=\"http:\/\/fahrradinontario.net\/?page_id=1635\">Catskills und Hudson Valley<\/a> Seite.<\/p>\n<p>2. M\u00e4rz 2016<br \/>\nEine neue Seite \u00fcber <a href=\"http:\/\/fahrradinontario.net\/?page_id=1941\">Skulpturenparks im New York State<\/a>.<\/p>\n<p>28. Februar 2016<br \/>\nDie <a href=\"http:\/\/fahrradinontario.net\/?page_id=395\">Letchworth und Finger Lakes<\/a> Seite wurde runderneuert und erweitert.<\/p>\n<p>7. Februar 2016<br \/>\nUpdates auf der <a href=\"http:\/\/fahrradinontario.net\/?page_id=32\">Presidential Libraries and Museums<\/a> Seite.<\/p>\n<p>31. Januar 2016<br \/>\nJede Menge Updates auf der <a href=\"http:\/\/fahrradinontario.net\/?page_id=1493\">Skilanglauf in Ontario<\/a> Seite.<\/p>\n<p>24. Januar 2016<br \/>\nEine Seite \u00fcber meine 2015 Fahrradtour: Von <a href=\"http:\/\/fahrradinontario.net\/?page_id=1921\">Montr\u00e9al nach Kingston<\/a>.<\/p>\n<p>10. Januar 2016<br \/>\nFast anderthalb Jahre lang keine Updates auf dieser Seite. Da musste ja etwas passieren. Da sich der diesj\u00e4hrige Winter mit deutlicher Versp\u00e4tung einstellt, und ich in der Weihnachtspause nicht wie sonst \u00fcblich zum Skifahren gekommen bin, hatte ich viel Zeit um diese Seite aufzupeppen. Das ist alles neu:<\/p>\n<ul>\n<li>Ein neues Design. Gr\u00f6\u00dfere Bilder und n\u00e4her dran am Trend f\u00fcr Internetseiten.<\/li>\n<li>OpenStreetMap l\u00f6st Google Maps ab.<\/li>\n<li>Neuer Tourbericht: <a href=\"http:\/\/fahrradinontario.net\/?page_id=1890\">Von Sudbury nach Brockville<\/a>.<\/li>\n<li>Neuer Tourbericht: <a href=\"http:\/\/fahrradinontario.net\/?page_id=1893\">Von Jonqui\u00e8re nach Campbellton<\/a>.<\/li>\n<li>Ein paar (langweilige) Seiten sind erst einmal abgeschaltet.<\/li>\n<\/ul>\n<p>27. Juli 2013<br \/>\nEin paar Updates auf der <a href=\"http:\/\/fahrradinontario.net\/?page_id=1353\">Wasserf\u00e4lle in Ontario<\/a> Seite.<\/p>\n<p>6. Juli 2013<br \/>\nEin neuer Trail auf der <a href=\"http:\/\/fahrradinontario.net\/?page_id=551\">Rail Trails in Ontario<\/a> Seite.<\/p>\n<p>22. Juni 2013<br \/>\nDa ich fast jedes Jahr und daher richtig traditionell im Mai nach Pennsylvania fahre, gibt&#8217;s jetzt auch eine Seite nur \u00fcber <a href=\"http:\/\/fahrradinontario.net\/?page_id=1737\">Pennsylvania<\/a>.<\/p>\n<p>25. Mai 2013<br \/>\nMeine diesj\u00e4hrige Maitour ging mal wieder nach Pennsylvania. Hab&#8216; nat\u00fcrlich viele Bilder mitgebracht und schon mal ein paar davon auf die <a href=\"http:\/\/fahrradinontario.net\/?page_id=800\">Eriesee Seite<\/a> gestellt.<\/p>\n<p>20. April 2013<br \/>\nUnd schon wieder geht eine Langlaufsaison zu Ende. Allerdings eine recht lange dieses Mal. Meine letzte Tour habe ich erst Ende M\u00e4rz gemacht. Auf der <a href=\"http:\/\/fahrradinontario.net\/?page_id=1493\">Skilanglauf in Ontario<\/a> Seite werden jetzt ein paar in dieser Saison neu entdeckte Gebiete vorgestellt.<\/p>\n<p>5. Januar 2013<br \/>\nHabe Infos \u00fcber den Parc Gatineau auf die <a href=\"http:\/\/fahrradinontario.net\/?page_id=1493\">Skilanglauf in Ontario<\/a> Seite gestellt. Der ist zwar eigentlich in Qu\u00e9bec, aber ganz sch\u00f6n nah dran an Ontario&#8230;<\/p>\n<p>24. November 2012<br \/>\nUnd hier ist sie, die neue Sektion. Jede Menge Bilder und Infos \u00fcber <a href=\"http:\/\/fahrradinontario.net\/?page_id=1630\">New York State<\/a>.<\/p>\n<p>10. November 2012<br \/>\nMehr Bilder und Texte auf der <a href=\"http:\/\/fahrradinontario.net\/?page_id=395\">Finger Lakes<\/a> Seite.<\/p>\n<p>9. November 2012<br \/>\nFast ein Jahr lang nix neues auf der Seite! Nein, das hei\u00dft nicht, dass im letzten Jahr nix passiert ist. Hab&#8216; auch in 2012 jede Menge Eindr\u00fccke und Bilder gesammelt, die ich bald auf die Seite stellen werde. Es wird eine neue Sektion geben&#8230; also &#8218;dran bleiben! Aber erst einmal gibt es neue Bilder auf den <a href=\"http:\/\/fahrradinontario.net\/?page_id=1345\">Herbst in Ontario<\/a> und <a href=\"http:\/\/fahrradinontario.net\/?page_id=1353\">Wasserf\u00e4lle in Ontario<\/a> Seiten.<\/p>\n<p>10. Dezember 2011<br \/>\nUnd wieder neue Bilder auf der <a href=\"http:\/\/fahrradinontario.net\/?page_id=1345\">Herbst in Ontario<\/a> Seite.<\/p>\n<p>3. Dezember 2011<br \/>\n<a href=\"http:\/\/fahrradinontario.net\/?page_id=1572\">Qu\u00e9bec<\/a> &#8211; Am St. Lawrence entlang. Wasser, Wale, B\u00e4ren, V\u00f6gel und \u00fcberhaupt jede Menge Natur. French Canada at its best!<\/p>\n<p>4. Juli 2011<br \/>\nEine Seite \u00fcber die <a href=\"http:\/\/fahrradinontario.net\/?page_id=1556\">S\u00fcdstaaten<\/a>. Eigentlich war ich ja nur f\u00fcr eine Woche lang dort. Trotzdem habe ich so viele Eindr\u00fccke gesammelt, dass sich das Erstellen der Seite \u00fcber mehrere Monate hin zog.<\/p>\n<p>28. Mai 2011<br \/>\nUnd wieder ein neues Haus auf der <a href=\"http:\/\/fahrradinontario.net\/?page_id=25\">Frank Lloyd Wright<\/a> Seite.<\/p>\n<p>9. April 2011<br \/>\nHat etwas gedauert, aber hier ist <a href=\"http:\/\/fahrradinontario.net\/?page_id=1517\">eine Seite<\/a> \u00fcber mein 2010 Sommerabenteuer. Zwei Wochen lang durch Maine, New Hampshire und Vermont. Stephen King l\u00e4sst gr\u00fc\u00dfen&#8230;<\/p>\n<p>19. M\u00e4rz 2011<br \/>\nUnd wieder ist ein Winter vorbei&#8230; Zeit f\u00fcr neue Bilder auf der <a href=\"http:\/\/fahrradinontario.net\/?page_id=909\">Winter in Ontario<\/a> Seite. Au\u00dferdem habe ich eine neue Sportart f\u00fcr mich entdeckt: Skilanglauf. Passt gut zum Fahrradfahren im Sommer, und es gibt in <a href=\"http:\/\/fahrradinontario.net\/?page_id=1493\">Ontario jede Menge Gebiete<\/a>, wo man sich austoben kann.<\/p>\n<p>18. Februar 2011<br \/>\nNachdem ich endlich mal die Zeit hatte, bei Bill vorbei zu schauen, gibt&#8217;s was zu William J. Clinton auf der <a href=\"http:\/\/fahrradinontario.net\/?page_id=32\">Presidential Libraries and Museums<\/a> Seite.<\/p>\n<p>19. Oktober 2010<br \/>\nNeue Bilder auf der <a href=\"http:\/\/fahrradinontario.net\/?page_id=1345\">Herbst in Ontario<\/a> Seite.<\/p>\n<p>11. August 2010<br \/>\nNeues auf der <a href=\"http:\/\/fahrradinontario.net\/?page_id=551\">Rail Trails in Ontario<\/a> Seite, der Seite \u00fcber den <a href=\"http:\/\/fahrradinontario.net\/?page_id=1176\">Ontariosee<\/a> und (wieder) eine Seite \u00fcber <a href=\"http:\/\/fahrradinontario.net\/?page_id=1176\">Prince Edward County<\/a>.<\/p>\n<p>10. Juni 2010<br \/>\nEin paar Mitbringsel von meiner Pennsylvania Tour auf der <a href=\"http:\/\/fahrradinontario.net\/?page_id=25\">Frank Lloyd Wright<\/a> Seite.<\/p>\n<p>8. April 2010<br \/>\nErg\u00e4nzungen auf der <a href=\"http:\/\/fahrradinontario.net\/?page_id=336\">Eriesee<\/a>, der <a href=\"http:\/\/fahrradinontario.net\/?page_id=32\">Presidential Libraries and Museums<\/a> und der <a href=\"http:\/\/fahrradinontario.net\/?page_id=25\">Frank Lloyd Wright<\/a> Seite.<\/p>\n<p>23. M\u00e4rz 2010<br \/>\nDer (laue) Winter ist jetzt wohl vorbei. Zeit f\u00fcr neue Bilder auf der <a href=\"http:\/\/fahrradinontario.net\/?page_id=909\">Winter in Ontario<\/a> Seite.<\/p>\n<p>16. Dezember 2009<br \/>\nEs gibt in Ontario entlang der Niagara-Schichtstufe viele, viele <a href=\"http:\/\/fahrradinontario.net\/?page_id=1353\">Wasserf\u00e4lle<\/a>, die jetzt ihre eigene Seite bekommen haben.<\/p>\n<p>7. Dezember 2009<br \/>\nEndlich gibt&#8217;s auch Bilder vom (bunten) <a href=\"http:\/\/fahrradinontario.net\/?page_id=1345\">kanadischen Herbst<\/a>.<\/p>\n<p>7. Oktober 2009<br \/>\n<a href=\"http:\/\/fahrradinontario.net\/?page_id=1281\">Adirondack<\/a> &#8211; Auch im Osten der USA gibt es Berge, die die Bezeichnung verdienen.<\/p>\n<p>25. September 2009<br \/>\n<a href=\"http:\/\/fahrradinontario.net\/?page_id=395\">Finger Lakes Region<\/a> im New York State. Malerische Seen und Wasserf\u00e4lle.<\/p>\n<p>27. August 2009<br \/>\nDer Sommer 2009 neigt sich langsam seinem Ende zu. Zeit f\u00fcr neue Tourberichte. Fangen wir mal langsam an mit ein paar neuen Bildern auf der Seite \u00fcber den <a href=\"http:\/\/fahrradinontario.net\/?page_id=1176\">Ontariosee<\/a>.<\/p>\n<p>6. April 2009<br \/>\nDer Bericht \u00fcber die Wintertour 2009: <a href=\"http:\/\/fahrradinontario.net\/?page_id=1210\">Mit dem Fahrrad durch Yukatan<\/a>.<\/p>\n<p>1. Februar 2009<br \/>\nUnd eine Seite \u00fcber den <a href=\"http:\/\/fahrradinontario.net\/?page_id=1176\">Ontariosee<\/a>.<\/p>\n<p>4. Januar 2009<\/p>\n<ul>\n<li>Einen Monat Arbeit hat es gekostet, aber jetzt laufen die Seiten \u00fcber WordPress (und das ohne \u00c4nderung des Layouts!). Der Schritt war n\u00f6tig, nachdem die Site immer gr\u00f6\u00dfer, un\u00fcbersichtlicher und schwieriger zu pflegen wurde. Au\u00dferdem bietet WordPress interessante Erweiterungen, von denen ich einige in den n\u00e4chsten Wochen einbauen m\u00f6chte.<\/li>\n<li>Die Seite \u00fcber den <a href=\"http:\/\/fahrradinontario.net\/?page_id=336\">kanadischen Teil des Eriesees<\/a> ist ausf\u00fchrlicher geworden und hat mehr Bilder bekommen.<\/li>\n<\/ul>\n<p>6. Dezember 2008<br \/>\nEs gibt jetzt eine Seite \u00fcber die <a href=\"http:\/\/fahrradinontario.net\/?page_id=551\">Rail Trails in Ontario<\/a>.<\/p>\n<p>30. November 2008<br \/>\nDie <a href=\"http:\/\/fahrradinontario.net\/?page_id=566\">Nova Scotia<\/a> Seite ist live.<\/p>\n<p>9. November 2008<br \/>\nUnd wieder ist ein Sommer vorbei. Das war bereits mein dritter in Kanada!<\/p>\n<p>Zeit f\u00fcr kleinere Korrekturen und aktualisierte Links.<\/p>\n<p>1. Mai 2008<br \/>\nEs gibt jetzt Google Maps auf einigen Seiten.<\/p>\n<p>27. April 2008<\/p>\n<ul>\n<li>FahrradInOntario feiert seinen ersten Geburtstag.<\/li>\n<li>Neue Bilder auf der <a href=\"http:\/\/fahrradinontario.net\/?page_id=40\">Toronto<\/a> Seite.<\/li>\n<\/ul>\n<p>30. M\u00e4rz 2008<br \/>\nEin neuer Seite \u00fcber den <a href=\"http:\/\/fahrradinontario.net\/?page_id=876\">S\u00fcdwesten der USA<\/a>. Las Vegas, Arizona und s\u00fcdliches Utah.<\/p>\n<p>8. M\u00e4rz 2008<br \/>\nIch bin umgezogen!<\/p>\n<p>27. Februar 2008<br \/>\nUpdates auf der <a href=\"http:\/\/fahrradinontario.net\/?page_id=25\">Frank Lloyd Wright<\/a> und der <a href=\"http:\/\/fahrradinontario.net\/?page_id=909\">Winter in Ontario<\/a> Seite<\/p>\n<p>8. Januar 2008<br \/>\nDie Detroit Seite wurde erweitert mit mehr Bildern von der <a href=\"http:\/\/fahrradinontario.net\/?page_id=800\">amerikanischen Seite des Eriesees<\/a>: Detroit, Toledo, die Inseln, Cleveland, Erie und Buffalo.<\/p>\n<p>7. Januar 2008<br \/>\nBilder und Infos zum Jimmy Carter Museum auf der <a href=\"http:\/\/fahrradinontario.net\/?page_id=32\">Presidential Libraries and Museums<\/a> Seite.<\/p>\n<p>27. Dezember 2007<br \/>\nEine neue Seite mit Bildern aus <a href=\"http:\/\/fahrradinontario.net\/?page_id=828\">Georgia<\/a>: Atlanta, Savannah und die Inseln.<\/p>\n<p>1. Oktober 2007<br \/>\nEndlich Bilder und Texte auf der <a href=\"http:\/\/fahrradinontario.net\/?page_id=1176\">Waterfront Trail<\/a> Seite.<\/p>\n<p>30. September 2007<br \/>\nEs wird langsam kalt und anstelle von Fahrradtouren mache ich jetzt eher Tourberichte. Den Anfang macht ein Bericht \u00fcber meine Tour zu und durch die <a href=\"http:\/\/fahrradinontario.net\/?page_id=434\">Rocky Mountains<\/a>.<\/p>\n<p>29. September 2007<br \/>\nEs gibt so viele Neuigkeiten, dass es ab jetzt sogar diese Neuigkeiten Seite gibt.<\/p>\n<p>29. April 2007<br \/>\nFahrradInOntario ist Live!<\/p>\n","protected":false},"excerpt":{"rendered":"<p>8. November 2025 Nachdem ich mal wieder in Toledo war, gibt es neue Bilder auf der Eriesee (amerikanische Seite). 29. <a class=\"more-link\" href=\"http:\/\/fahrradinontario.net\/?page_id=234\">weiterlesen&#8230;<\/a><\/p>\n","protected":false},"author":2,"featured_media":1887,"parent":1800,"menu_order":2,"comment_status":"closed","ping_status":"closed","template":"","meta":{"footnotes":""},"class_list":["post-234","page","type-page","status-publish","has-post-thumbnail","hentry"],"_links":{"self":[{"href":"http:\/\/fahrradinontario.net\/index.php?rest_route=\/wp\/v2\/pages\/234","targetHints":{"allow":["GET"]}}],"collection":[{"href":"http:\/\/fahrradinontario.net\/index.php?rest_route=\/wp\/v2\/pages"}],"about":[{"href":"http:\/\/fahrradinontario.net\/index.php?rest_route=\/wp\/v2\/types\/page"}],"author":[{"embeddable":true,"href":"http:\/\/fahrradinontario.net\/index.php?rest_route=\/wp\/v2\/users\/2"}],"replies":[{"embeddable":true,"href":"http:\/\/fahrradinontario.net\/index.php?rest_route=%2Fwp%2Fv2%2Fcomments&post=234"}],"version-history":[{"count":105,"href":"http:\/\/fahrradinontario.net\/index.php?rest_route=\/wp\/v2\/pages\/234\/revisions"}],"predecessor-version":[{"id":2575,"href":"http:\/\/fahrradinontario.net\/index.php?rest_route=\/wp\/v2\/pages\/234\/revisions\/2575"}],"up":[{"embeddable":true,"href":"http:\/\/fahrradinontario.net\/index.php?rest_route=\/wp\/v2\/pages\/1800"}],"wp:featuredmedia":[{"embeddable":true,"href":"http:\/\/fahrradinontario.net\/index.php?rest_route=\/wp\/v2\/media\/1887"}],"wp:attachment":[{"href":"http:\/\/fahrradinontario.net\/index.php?rest_route=%2Fwp%2Fv2%2Fmedia&parent=234"}],"curies":[{"name":"wp","href":"https:\/\/api.w.org\/{rel}","templated":true}]}}