{"id":2157,"date":"2019-07-28T07:49:04","date_gmt":"2019-07-28T12:49:04","guid":{"rendered":"http:\/\/fahrradinontario.net\/?page_id=2157"},"modified":"2020-05-02T12:34:24","modified_gmt":"2020-05-02T17:34:24","slug":"touren-in-kanada","status":"publish","type":"page","link":"http:\/\/fahrradinontario.net\/?page_id=2157","title":{"rendered":"Touren in Kanada"},"content":{"rendered":"<ul>\n<li><a href=\"http:\/\/fahrradinontario.net\/?page_id=434\">Die kanadischen Rocky Mountains <\/a> <br \/>\n Ein echtes &#8222;muss man mal gemacht haben&#8220;: Mit dem Fahrrad \u00fcber die Rockies.<\/li>\n<li><a href=\"http:\/\/fahrradinontario.net\/?page_id=566\">Nova Scotia <\/a><br \/>\nDie Cape Breton Tour ist das &#8222;muss man mal gemacht haben&#8220; an Kanadas Ostk\u00fcste. Das ist aber noch lange nicht alles, was Nova Scotia zu bieten hat.<\/li>\n<li><a href=\"http:\/\/fahrradinontario.net\/?page_id=14\">Ontario<\/a><br \/>\nNicht ganz so gut wie die Route Verte in Qu\u00e9bec, aber auch Ontario kann man sehr gut mit dem Fahrrad entdecken. Klar, hier gibt es nicht nur eine, sondern viele Seiten \u00fcber viele Touren.<\/li>\n<li><a href=\"http:\/\/fahrradinontario.net\/?page_id=1804\">Qu\u00e9bec<\/a><br \/>\nDefinitiv die beste Provinz in Kanada f\u00fcr lange und abwechslungsreiche Fahrradtouren. Mit der Route Verte hat Qu\u00e9bec ein gut ausgebautes Netzwerk f\u00fcr Fahrradfahrer. Entsprechend viele Touren habe ich in Qu\u00e9bec gemacht und hier sind die Berichte.<\/li>\n<li><a href=\"http:\/\/fahrradinontario.net\/?page_id=2006\">New Brunswick<\/a><br \/>\nIn der Heimat der McCain Kartoffeln gibt es einen der weltweit gr\u00f6\u00dften Gezeitenwechsel, und noch viel mehr.<\/li>\n<\/ul>\n","protected":false},"excerpt":{"rendered":"<p>Die kanadischen Rocky Mountains Ein echtes &#8222;muss man mal gemacht haben&#8220;: Mit dem Fahrrad \u00fcber die Rockies. Nova Scotia Die <a class=\"more-link\" href=\"http:\/\/fahrradinontario.net\/?page_id=2157\">weiterlesen&#8230;<\/a><\/p>\n","protected":false},"author":2,"featured_media":2294,"parent":0,"menu_order":5,"comment_status":"closed","ping_status":"closed","template":"","meta":{"footnotes":""},"class_list":["post-2157","page","type-page","status-publish","has-post-thumbnail","hentry"],"_links":{"self":[{"href":"http:\/\/fahrradinontario.net\/index.php?rest_route=\/wp\/v2\/pages\/2157","targetHints":{"allow":["GET"]}}],"collection":[{"href":"http:\/\/fahrradinontario.net\/index.php?rest_route=\/wp\/v2\/pages"}],"about":[{"href":"http:\/\/fahrradinontario.net\/index.php?rest_route=\/wp\/v2\/types\/page"}],"author":[{"embeddable":true,"href":"http:\/\/fahrradinontario.net\/index.php?rest_route=\/wp\/v2\/users\/2"}],"replies":[{"embeddable":true,"href":"http:\/\/fahrradinontario.net\/index.php?rest_route=%2Fwp%2Fv2%2Fcomments&post=2157"}],"version-history":[{"count":3,"href":"http:\/\/fahrradinontario.net\/index.php?rest_route=\/wp\/v2\/pages\/2157\/revisions"}],"predecessor-version":[{"id":2296,"href":"http:\/\/fahrradinontario.net\/index.php?rest_route=\/wp\/v2\/pages\/2157\/revisions\/2296"}],"wp:featuredmedia":[{"embeddable":true,"href":"http:\/\/fahrradinontario.net\/index.php?rest_route=\/wp\/v2\/media\/2294"}],"wp:attachment":[{"href":"http:\/\/fahrradinontario.net\/index.php?rest_route=%2Fwp%2Fv2%2Fmedia&parent=2157"}],"curies":[{"name":"wp","href":"https:\/\/api.w.org\/{rel}","templated":true}]}}