

{"id":1941,"date":"2016-03-02T19:37:06","date_gmt":"2016-03-03T00:37:06","guid":{"rendered":"http:\/\/fahrradinontario.net\/?page_id=1941"},"modified":"2020-04-26T07:13:39","modified_gmt":"2020-04-26T12:13:39","slug":"skulpturenparks","status":"publish","type":"page","link":"http:\/\/fahrradinontario.net\/?page_id=1941","title":{"rendered":"Skulpturenparks"},"content":{"rendered":"<p>In New York treffen K\u00fcnstler aus New York City, M\u00e4zene und viel Landschaft aufeinander. Was liegt n\u00e4her, als dies alles miteinander zu verbinden. Daraus sind gro\u00dfe Parks entstanden, in denen die Werke nicht in einem engen Museum, sondern in der offenen Natur ausgestellt sind. Landschaft und Kunst werden eines.<\/p>\n<p style=\"clear:both\">\n\n\n\t\t\t\t<div id=\"map_ol3js_1\" class=\"map undefined\" data-map_name=\"undefined\" data-map=\"map_ol3js_1\" style=\"width:100%; max-width:100%; height:400px; display:block; overflow:hidden;border:2px solid grey;\" >\n\t\t\t\t  <div id=\"map_ol3js_1_popup\" class=\"ol-popup\" >\n\t\t\t\t\t<a href=\"#\" id=\"map_ol3js_1_popup-closer\" class=\"ol-popup-closer\"><\/a>\n\t\t\t\t\t<div id=\"map_ol3js_1_popup-content\" ><\/div>\n\t\t\t\t  <\/div>\n\t\t\t\t<\/div>\n\t\t\t\n\n\t\t\t\t<script type=\"text\/javascript\">\n\t\t\t\t\ttranslations['openlayer'] = \"open layer\";\n\t\t\t\t\ttranslations['openlayerAtStartup'] = \"open layer at startup\";\n\t\t\t\t\ttranslations['generateLink'] = \"Der Link zur Karte mit ausgew\u00e4hlten Overlays und angezeigtem Ausschnitt\";\n\t\t\t\t\ttranslations['shortDescription'] = \"Kurzbeschreibung\";\n\t\t\t\t\ttranslations['generatedShortCode'] = \"to get a text control link paste this code in your wordpress editor\";\n\t\t\t\t\ttranslations['closeLayer'] = \"close layer\";\n\t\t\t\t\ttranslations['cantGenerateLink'] = \"put this string in the existing map short code to control this map\";\n\t\t\t  <\/script>\n\n\n\t\t\t  <script type=\"text\/javascript\">\n\t\t\t  vectorM['map_ol3js_1'] = [];\n\t        \n        var raster = getTileLayer(\"osm\",\"NoKey\");\t\t\t\n\n\t\t\t  var map_ol3js_1 = new ol.Map({\n\t\t\t\tinteractions: ol.interaction.defaults.defaults({mouseWheelZoom:false}),\n\t\t\t\tlayers: [raster],\n\t\t\t\ttarget: \"map_ol3js_1\",\n\t\t\t\tview: new ol.View({\n\t\t\t\t  center: ol.proj.transform([-76.716,42.1], \"EPSG:4326\", \"EPSG:3857\"),\n\t\t\t\t  zoom: 7\n\t\t\t\t})\n\t\t\t  });\n\t\t\t  \n    var style0 = {\n      \"Point\": [new ol.style.Style({\n\n          image: new ol.style.Icon({\n            anchor: [0.5, 41],\n            anchorXUnits: \"fraction\",\n            anchorYUnits: \"pixels\",\n            opacity: 0.75,\n            src: \"http:\/\/fahrradinontario.net\/wp-content\/plugins\/osm\/icons\/mic_blue_pinother_02.png\"\n          })\n      })],\n\n      \"LineString\": [new ol.style.Style({\n        stroke: new ol.style.Stroke({\n          color: \"blue\",\n          width: 8\n        })\n      })],\n      \"MultiLineString\": [new ol.style.Style({\n        stroke: new ol.style.Stroke({\n          color: \"blue\",\n          width: 4\n        })\n      })]\n    };\n\t\t  vectorL0 = new ol.layer.Vector({\n\n\t\t\tsource: new ol.source.Vector({\n\t\t  url:\"\/wp-content\/GPXData\/Skulpturenparks.kml\",\n\t\t\t  format: new ol.format.KML({ showPointNames: false})\n\t\t\t}),\n         zIndex: 92\n\t\t  });map_ol3js_1.addLayer(vectorL0);addControls2Map(map_ol3js_1,0,0,3,0,5,6,7,0,1);\nosm_addPopupClickhandler(map_ol3js_1,  \"map_ol3js_1\"); \nosm_addMouseHover(map_ol3js_1); <\/script>\n<p style=\"clear: both;\">\n<p><\/br\/><\/p>\n<p style=\"clear:right\"><strong>Griffis Sculpture Park<\/strong><br \/>\nDer <a href=\"http:\/\/griffispark.org\/\">Griffis Sculpture Park<\/a> liegt zwar etwas abseits, lohnt aber dennoch einen Besuch. Er wurde 1966 von Larry Griffis gegr\u00fcndet und war der erste seiner Art in Nordamerika. Mittlerweile habe mehr als 100 K\u00fcnstler ihr Werke zum Park beigesteuert. Er ist ziemlich gro\u00df und man kann dort einige Stunden verbringen und sowohl die Landschaft wie auch die Kunstwerke genie\u00dfen.<\/p>\n<p style=\"clear:both\">\n<p style=\"clear:both\"><img loading=\"lazy\" decoding=\"async\" class=\"alignleft\" title=\" \" src=\"\/wp-content\/Bilder\/Skulpturenparks\/IMGP3765.jpg\" alt=\"\" width=\"365\" height=\"243\" \/><\/p>\n<p><img loading=\"lazy\" decoding=\"async\" class=\"alignright\" style=\"clear:right\" title=\" \" src=\"\/wp-content\/Bilder\/Skulpturenparks\/IMGP3837.jpg\" alt=\"\" width=\"365\" height=\"243\" \/><\/p>\n<p style=\"clear:both\">\n<p style=\"clear:both\"><img loading=\"lazy\" decoding=\"async\" class=\"alignleft\" title=\" \" src=\"\/wp-content\/Bilder\/Skulpturenparks\/IMGP3860.jpg\" alt=\"\" width=\"365\" height=\"243\" \/><\/p>\n<p><img loading=\"lazy\" decoding=\"async\" class=\"alignright\" style=\"clear:right\" title=\" \" src=\"\/wp-content\/Bilder\/Skulpturenparks\/IMGP3879.jpg\" alt=\"\" width=\"365\" height=\"243\" \/><\/p>\n<p style=\"clear:both\">\n<p style=\"clear:both\"><img loading=\"lazy\" decoding=\"async\" class=\"alignleft\" title=\" \" src=\"\/wp-content\/Bilder\/Skulpturenparks\/IMGP3938.jpg\" alt=\"\" width=\"365\" height=\"243\" \/><\/p>\n<p><img loading=\"lazy\" decoding=\"async\" class=\"alignright\" style=\"clear:right\" title=\" \" src=\"\/wp-content\/Bilder\/Skulpturenparks\/IMGP3941.jpg\" alt=\"\" width=\"365\" height=\"243\" \/><\/p>\n<p style=\"clear:both\">\n<p><\/br\/><\/p>\n<p style=\"clear: right;\"><strong>Storm King Art Center<\/strong><br \/>\nDas <a href=\"http:\/\/en.wikipedia.org\/wiki\/Storm_King_Art_Center\">Storm King Art Center<\/a> ist riesiger Park mit gro\u00dfer Kunst, wobei &#8222;gro\u00df&#8220; diesmal wirklich doppeldeutig ist. Man kann hier ohne weiteres einen Tag verbringen, durch die Natur laufen, und Werke von Roy Lichtenstein, Henry Moore und vielen anderen K\u00fcnstlern in einer Umgebung bestaunen, die sie erst richtig zur Geltung bringen.<\/p>\n<p style=\"clear: both\">\n<p style=\"clear:both\"><img loading=\"lazy\" decoding=\"async\" class=\"alignleft\" title=\" \" src=\"\/wp-content\/Bilder\/Skulpturenparks\/IMGP7505.jpg\" alt=\"\" width=\"365\" height=\"243\" \/><\/p>\n<p><img loading=\"lazy\" decoding=\"async\" class=\"alignright\" style=\"clear:right\" title=\" \" src=\"\/wp-content\/Bilder\/Skulpturenparks\/IMGP7514.jpg\" alt=\"\" width=\"365\" height=\"243\" \/><\/p>\n<p style=\"clear:both\">\n<p style=\"clear:both\"><img loading=\"lazy\" decoding=\"async\" class=\"alignleft\" title=\" \" src=\"\/wp-content\/Bilder\/Skulpturenparks\/IMGP7525.jpg\" alt=\"\" width=\"365\" height=\"243\" \/><\/p>\n<p><img loading=\"lazy\" decoding=\"async\" class=\"alignright\" style=\"clear:right\" title=\" \" src=\"\/wp-content\/Bilder\/Skulpturenparks\/IMGP7549.jpg\" alt=\"\" width=\"365\" height=\"243\" \/><\/p>\n<p style=\"clear:both\">\n<p style=\"clear:both\"><img loading=\"lazy\" decoding=\"async\" class=\"alignleft\" title=\" \" src=\"\/wp-content\/Bilder\/Skulpturenparks\/IMGP7555.jpg\" alt=\"\" width=\"365\" height=\"243\" \/><\/p>\n<p><img loading=\"lazy\" decoding=\"async\" class=\"alignright\" style=\"clear:right\" title=\" \" src=\"\/wp-content\/Bilder\/Skulpturenparks\/IMGP7596.jpg\" alt=\"\" width=\"365\" height=\"243\" \/><\/p>\n<p style=\"clear:both\">\n<p style=\"clear:both\"><img loading=\"lazy\" decoding=\"async\" class=\"alignleft\" title=\" \" src=\"\/wp-content\/Bilder\/Skulpturenparks\/IMGP7635.jpg\" alt=\"\" width=\"365\" height=\"243\" \/><\/p>\n<p><img loading=\"lazy\" decoding=\"async\" class=\"alignright\" style=\"clear:right\" title=\" \" src=\"\/wp-content\/Bilder\/Skulpturenparks\/IMGP7683.jpg\" alt=\"\" width=\"365\" height=\"243\" \/><\/p>\n<p style=\"clear:both\">\n<p><\/br\/><\/p>\n<p style=\"clear: right;\"><strong>Opus 40<\/strong><br \/>\n<a href=\"http:\/\/en.wikipedia.org\/wiki\/Opus_40\">Opus 40<\/a> ist das Lebenswerk des Bildhauers Harvey Fite und ein magischer Ort. Fite verwandelte einen Steinbruch in eine riesige Skulptur mit Rampen, Plattformen und Teichen indem er einfach nur Steine ohne M\u00f6rtel oder Beton \u00fcbereinander legte. Er veranschlagte eine Bauzeit von 40 Jahren, daher kommt der Name. Leider starb Fite drei Jahre vor Vollendung und daher sind einige wenige Teile unvollst\u00e4ndig. <\/p>\n<p style=\"clear: both\">\n<p style=\"clear:both\"><img loading=\"lazy\" decoding=\"async\" class=\"alignleft\" title=\" \" src=\"\/wp-content\/Bilder\/Skulpturenparks\/IMGP0742.jpg\" alt=\"\" width=\"365\" height=\"243\" \/><\/p>\n<p><img loading=\"lazy\" decoding=\"async\" class=\"alignright\" style=\"clear:right\" title=\" \" src=\"\/wp-content\/Bilder\/Skulpturenparks\/IMGP0779.jpg\" alt=\"\" width=\"365\" height=\"243\" \/><\/p>\n<p style=\"clear:both\">\n<p style=\"clear:both\"><img loading=\"lazy\" decoding=\"async\" class=\"alignleft\" title=\" \" src=\"\/wp-content\/Bilder\/Skulpturenparks\/IMGP0784.jpg\" alt=\"\" width=\"365\" height=\"243\" \/><\/p>\n<p><img loading=\"lazy\" decoding=\"async\" class=\"alignright\" style=\"clear:right\" title=\" \" src=\"\/wp-content\/Bilder\/Skulpturenparks\/IMGP0814.jpg\" alt=\"\" width=\"365\" height=\"243\" \/><\/p>\n<p style=\"clear:both\">\n<p style=\"clear:both\"><img loading=\"lazy\" decoding=\"async\" class=\"alignleft\" title=\" \" src=\"\/wp-content\/Bilder\/Skulpturenparks\/IMGP0857.jpg\" alt=\"\" width=\"365\" height=\"243\" \/><\/p>\n<p><img loading=\"lazy\" decoding=\"async\" class=\"alignright\" style=\"clear:right\" title=\" \" src=\"\/wp-content\/Bilder\/Skulpturenparks\/IMGP0859.jpg\" alt=\"\" width=\"365\" height=\"243\" \/><\/p>\n<p style=\"clear:both\">\n<p><\/br\/><\/p>\n","protected":false},"excerpt":{"rendered":"<p>In New York treffen K\u00fcnstler aus New York City, M\u00e4zene und viel Landschaft aufeinander. Was liegt n\u00e4her, als dies alles <a class=\"more-link\" href=\"http:\/\/fahrradinontario.net\/?page_id=1941\">weiterlesen&#8230;<\/a><\/p>\n","protected":false},"author":2,"featured_media":1942,"parent":1630,"menu_order":12,"comment_status":"closed","ping_status":"closed","template":"","meta":{"footnotes":""},"class_list":["post-1941","page","type-page","status-publish","has-post-thumbnail","hentry"],"_links":{"self":[{"href":"http:\/\/fahrradinontario.net\/index.php?rest_route=\/wp\/v2\/pages\/1941","targetHints":{"allow":["GET"]}}],"collection":[{"href":"http:\/\/fahrradinontario.net\/index.php?rest_route=\/wp\/v2\/pages"}],"about":[{"href":"http:\/\/fahrradinontario.net\/index.php?rest_route=\/wp\/v2\/types\/page"}],"author":[{"embeddable":true,"href":"http:\/\/fahrradinontario.net\/index.php?rest_route=\/wp\/v2\/users\/2"}],"replies":[{"embeddable":true,"href":"http:\/\/fahrradinontario.net\/index.php?rest_route=%2Fwp%2Fv2%2Fcomments&post=1941"}],"version-history":[{"count":3,"href":"http:\/\/fahrradinontario.net\/index.php?rest_route=\/wp\/v2\/pages\/1941\/revisions"}],"predecessor-version":[{"id":2286,"href":"http:\/\/fahrradinontario.net\/index.php?rest_route=\/wp\/v2\/pages\/1941\/revisions\/2286"}],"up":[{"embeddable":true,"href":"http:\/\/fahrradinontario.net\/index.php?rest_route=\/wp\/v2\/pages\/1630"}],"wp:featuredmedia":[{"embeddable":true,"href":"http:\/\/fahrradinontario.net\/index.php?rest_route=\/wp\/v2\/media\/1942"}],"wp:attachment":[{"href":"http:\/\/fahrradinontario.net\/index.php?rest_route=%2Fwp%2Fv2%2Fmedia&parent=1941"}],"curies":[{"name":"wp","href":"https:\/\/api.w.org\/{rel}","templated":true}]}}