

{"id":1645,"date":"2012-11-24T12:29:41","date_gmt":"2012-11-24T17:29:41","guid":{"rendered":"http:\/\/fahrradinontario.net\/?page_id=1645"},"modified":"2018-12-29T15:05:25","modified_gmt":"2018-12-29T20:05:25","slug":"new-york-city-und-five-boro-bike-tour","status":"publish","type":"page","link":"http:\/\/fahrradinontario.net\/?page_id=1645","title":{"rendered":"New York City und die Five Boro Bike Tour"},"content":{"rendered":"<p>J\u00e4hrlich fallen tausende von deutschen Touristen \u00fcber New York City ein, die danach dann alle Urlaubsschnappsch\u00fcsse und Erlebnisse auf ihre Facebook, Instagram oder sonst welche Seiten stellen. Wie k\u00f6nnte ich dagegen konkurrieren?<\/p>\n<p>Naja, um dem Motto der Seite treu zu bleiben und auch einmal etwas zu zeigen, was es sonst nicht so oft zu sehen gibt, sind hier ein paar Bilder, die New York City aus der Fahrradperspektive zeigen. Und dann bin noch in 2012 die legend\u00e4re <a href=\"http:\/\/www.bikenewyork.org\/ride\/five-boro-bike-tour\/\">Five Boro Bike Tour<\/a> gefahren.<\/p>\n<p><strong>\u00dcberblicke<\/strong><br \/>\nAber zuerst verschaffen wir uns einen \u00dcberblick. Neben dem <a href=\"https:\/\/de.wikipedia.org\/wiki\/Empire_State_Building\" rel=\"noopener\" target=\"_blank\">Empire State Building<\/a>, sind die Aussichtsplattformen auf dem <a href=\"http:\/\/de.wikipedia.org\/wiki\/Rockefeller_Center\">Rockefeller Center<\/a> und dem <a href=\"https:\/\/de.wikipedia.org\/wiki\/One_World_Trade_Center\" rel=\"noopener\" target=\"_blank\">One World Trade Center<\/a> die idealen Orte daf\u00fcr.<\/p>\n<p style=\"clear: both;\"><img loading=\"lazy\" decoding=\"async\" class=\"alignleft\" title=\" \" src=\"wp-content\/Bilder\/NewYorkCity\/IMGP9852.jpg\" alt=\"\" width=\"365\" height=\"243\"><\/p>\n<p><img loading=\"lazy\" decoding=\"async\" class=\"alignright\" style=\"clear: right;\" title=\" \" src=\"wp-content\/Bilder\/NewYorkCity\/IMGP9861.jpg\" alt=\"\" width=\"365\" height=\"243\"><\/p>\n<p style=\"clear: both;\">\n<p>Der Besuch des <a href=\"https:\/\/de.wikipedia.org\/wiki\/One_World_Trade_Center\" rel=\"noopener\" target=\"_blank\">One World Trade Center<\/a> ist nicht einfach nur eine Fahrt auf irgendeine Aussichtsplattform, sondern eine richtige Multimediashow, die bereits beim Warten auf die Eintrittskarten anf\u00e4ngt. Der Aufzug hat zwar keine Fenster daf\u00fcr aber Bildschirme, auf denen man w\u00e4hrend der Fahrt den Bau des Geb\u00e4udes miterlebt. Oben angekommen, gibt es erst einmal eine Einf\u00fchrung, bevor die H\u00fcllen vor den Fenstern gelassen werden. All das zusammen ergibt eine wirklich toll gemachte Show.<\/p>\n<p style=\"clear: both;\"><img loading=\"lazy\" decoding=\"async\" class=\"alignleft\" title=\" \" src=\"wp-content\/Bilder\/NewYorkCity\/IMGP2130.jpg\" alt=\"\" width=\"365\" height=\"243\"><\/p>\n<p><img loading=\"lazy\" decoding=\"async\" class=\"alignright\" style=\"clear: right;\" title=\" \" src=\"wp-content\/Bilder\/NewYorkCity\/IMGP2146.jpg\" alt=\"\" width=\"365\" height=\"243\"><\/p>\n<p style=\"clear: both;\">\n<p style=\"clear: right;\"><strong>Die Five Boro Bike Tour<\/strong><br \/>\nWillkommen zur <a href=\"https:\/\/www.bike.nyc\/events\/td-five-boro-bike-tour\/\" rel=\"noopener\" target=\"_blank\">gr\u00f6\u00dften Fahrradveranstaltung in Nordamerika<\/a>! Mehr als 30,000 Radler dr\u00e4ngeln sich auf einer 60 Kilometer langen Route quer durch New York City. &#8222;Boro&#8220; kommt eigentlich von &#8222;Borough&#8220;, also w\u00f6rtlich &#8222;Bezirk&#8220; oder auch &#8222;Stadtteil&#8220;, und die Tour geht durch alle f\u00fcnf Boroughs von New York. Das sind Manhattan, Bronx, Queens, Brooklyn und Staaten Island.<\/p>\n<p style=\"clear: both\">\n\n\n\t\t\t\t<div id=\"map_ol3js_1\" class=\"map undefined\" data-map_name=\"undefined\" data-map=\"map_ol3js_1\" style=\"width:100%; max-width:100%; height:480px; display:block; overflow:hidden;border:2px solid grey;\" >\n\t\t\t\t  <div id=\"map_ol3js_1_popup\" class=\"ol-popup\" >\n\t\t\t\t\t<a href=\"#\" id=\"map_ol3js_1_popup-closer\" class=\"ol-popup-closer\"><\/a>\n\t\t\t\t\t<div id=\"map_ol3js_1_popup-content\" ><\/div>\n\t\t\t\t  <\/div>\n\t\t\t\t<\/div>\n\t\t\t\n\n\t\t\t\t<script type=\"text\/javascript\">\n\t\t\t\t\ttranslations['openlayer'] = \"open layer\";\n\t\t\t\t\ttranslations['openlayerAtStartup'] = \"open layer at startup\";\n\t\t\t\t\ttranslations['generateLink'] = \"Der Link zur Karte mit ausgew\u00e4hlten Overlays und angezeigtem Ausschnitt\";\n\t\t\t\t\ttranslations['shortDescription'] = \"Kurzbeschreibung\";\n\t\t\t\t\ttranslations['generatedShortCode'] = \"to get a text control link paste this code in your wordpress editor\";\n\t\t\t\t\ttranslations['closeLayer'] = \"close layer\";\n\t\t\t\t\ttranslations['cantGenerateLink'] = \"put this string in the existing map short code to control this map\";\n\t\t\t  <\/script>\n\n\n\t\t\t  <script type=\"text\/javascript\">\n\t\t\t  vectorM['map_ol3js_1'] = [];\n\t        \n        var raster = getTileLayer(\"osm\",\"NoKey\");\t\t\t\n\n\t\t\t  var map_ol3js_1 = new ol.Map({\n\t\t\t\tinteractions: ol.interaction.defaults.defaults({mouseWheelZoom:false}),\n\t\t\t\tlayers: [raster],\n\t\t\t\ttarget: \"map_ol3js_1\",\n\t\t\t\tview: new ol.View({\n\t\t\t\t  center: ol.proj.transform([-74.0222,40.7112], \"EPSG:4326\", \"EPSG:3857\"),\n\t\t\t\t  zoom: 11\n\t\t\t\t})\n\t\t\t  });\n\t\t\t  \n    var style0 = {\n      \"Point\": [new ol.style.Style({\n\n          image: new ol.style.Icon({\n            anchor: [0.5, 41],\n            anchorXUnits: \"fraction\",\n            anchorYUnits: \"pixels\",\n            opacity: 0.75,\n            src: \"http:\/\/fahrradinontario.net\/wp-content\/plugins\/osm\/icons\/mic_blue_pinother_02.png\"\n          })\n      })],\n\n      \"LineString\": [new ol.style.Style({\n        stroke: new ol.style.Stroke({\n          color: \"blue\",\n          width: 8\n        })\n      })],\n      \"MultiLineString\": [new ol.style.Style({\n        stroke: new ol.style.Stroke({\n          color: \"blue\",\n          width: 4\n        })\n      })]\n    };\n\t\t  var vectorL0 = new ol.layer.Vector({\n\t\t\t\tsource: new ol.source.Vector({\n\t\t\t\turl:\"wp-content\/GPXData\/FiveBoro.gpx\",\n\t\t\t\tformat: new ol.format.GPX({\n\t\t\t\t\textractStyles: false\n\t\t\t\t})\n\t\t\t}),\n\t\t\tzIndex: 92,\n\t\t\tstyle: function(feature, resolution) {return style0[feature.getGeometry().getType()];}\n\t\t  });\n\t\t  map_ol3js_1.addLayer(vectorL0);addControls2Map(map_ol3js_1,0,0,3,0,5,6,7,0,1);\nosm_addPopupClickhandler(map_ol3js_1,  \"map_ol3js_1\"); \nosm_addMouseHover(map_ol3js_1); <\/script>\n<p style=\"clear: both\">\n<p>Der Start ist in Manhatten, und bevor es los geht, wird nat\u00fcrlich erst einmal die amerikanische Nationalhymne gesungen.<\/p>\n<p style=\"clear: both;\"><img loading=\"lazy\" decoding=\"async\" class=\"alignleft\" title=\" \" src=\"wp-content\/Bilder\/NewYorkCity\/IMGP6936.jpg\" alt=\"\" width=\"365\" height=\"243\"><\/p>\n<p><img loading=\"lazy\" decoding=\"async\" class=\"alignright\" style=\"clear: right;\" title=\" \" src=\"wp-content\/Bilder\/NewYorkCity\/IMGP6946.jpg\" alt=\"\" width=\"365\" height=\"243\"><\/p>\n<p style=\"clear: both;\">\n<p>Eine kurze Schleife durch die Bronx, bevor es \u00fcber die <a href=\"https:\/\/de.wikipedia.org\/wiki\/Queensboro_Bridge\" rel=\"noopener\" target=\"_blank\">Ed Koch Queensboro Bridge<\/a> nach Queens geht. Von der Br\u00fccke hat man einen einmaligen Blick auf die Geb\u00e4ude der United Nations. <\/p>\n<p style=\"clear: both;\"><img loading=\"lazy\" decoding=\"async\" class=\"alignleft\" title=\" \" src=\"wp-content\/Bilder\/NewYorkCity\/IMGP6957.jpg\" alt=\"\" width=\"365\" height=\"243\"><\/p>\n<p><img loading=\"lazy\" decoding=\"async\" class=\"alignright\" style=\"clear: right;\" title=\" \" src=\"wp-content\/Bilder\/NewYorkCity\/IMGP6967.jpg\" alt=\"\" width=\"365\" height=\"243\"><\/p>\n<p style=\"clear: both;\">\n<p>Apropos einmaliger Blick&#8230; w\u00e4hrend der Tour kann man New York aus Perspektiven sehen und fotografieren, wie sie sonst nur wenigen Menschen zug\u00e4nglich sind. Bei der Masse von Teilnehmern ist, \u00f6fters Stop-and-Go angesagt, aber zumindest ohne giftige Abgase.<\/p>\n<p style=\"clear: both;\"><img loading=\"lazy\" decoding=\"async\" class=\"alignleft\" title=\" \" src=\"wp-content\/Bilder\/NewYorkCity\/IMGP6971.jpg\" alt=\"\" width=\"365\" height=\"243\"><\/p>\n<p><img loading=\"lazy\" decoding=\"async\" class=\"alignright\" style=\"clear: right;\" title=\" \" src=\"wp-content\/Bilder\/NewYorkCity\/IMGP7016.jpg\" alt=\"\" width=\"365\" height=\"243\"><\/p>\n<p style=\"clear: both;\">\n<p>Auf halber Strecke gibt es unter der unter der Robert F. Kennedy Bridge in Queens einen Pit Stop, dann geht es weiter auf den Govanus Expressway in Brooklyn.<\/p>\n<p style=\"clear: both;\"><img loading=\"lazy\" decoding=\"async\" class=\"alignleft\" title=\" \" src=\"wp-content\/Bilder\/NewYorkCity\/IMGP7024.jpg\" alt=\"\" width=\"365\" height=\"243\"><\/p>\n<p><img loading=\"lazy\" decoding=\"async\" class=\"alignright\" style=\"clear: right;\" title=\" \" src=\"wp-content\/Bilder\/NewYorkCity\/IMGP7034.jpg\" alt=\"\" width=\"365\" height=\"243\"><\/p>\n<p style=\"clear: both;\">\n<\/p>\n<p>Der H\u00f6hepunkt der Tour ist die Fahrt \u00fcber die <a href=\"https:\/\/de.wikipedia.org\/wiki\/Verrazzano-Narrows_Bridge\" rel=\"noopener\" target=\"_blank\">Verrazano-Narrows Bridge<\/a> von Brooklyn nach Staten Island. Das trifft hierbei doppeldeutig zu, denn es ist nicht nur der gr\u00f6\u00dfte Anstieg auf der Tour, sondern auch der Blick auf Manhattan von der Br\u00fccke aus ist einmalig. Von ihrere Fertigstellung in 1964 bis 1981 war die Verrazano-Narrows Bridge mit einer Spannweite von 1300 Metern die weltgr\u00f6\u00dfte H\u00e4ngebr\u00fccke.<\/p>\n<\/p>\n<p>Von Staten Island geht&#8217;s mit der F\u00e4hre zur\u00fcck nach Manhatten. Das ist Schlange stehen angesagt, aber die F\u00e4hren sind gro\u00df, und es geht schnell weiter.<\/p>\n<p style=\"clear: both;\"><img loading=\"lazy\" decoding=\"async\" class=\"alignleft\" title=\" \" src=\"wp-content\/Bilder\/NewYorkCity\/IMGP7044.jpg\" alt=\"\" width=\"365\" height=\"243\"><\/p>\n<p><img loading=\"lazy\" decoding=\"async\" class=\"alignright\" style=\"clear: right;\" title=\" \" src=\"wp-content\/Bilder\/NewYorkCity\/IMGP7055.jpg\" alt=\"\" width=\"365\" height=\"243\"><\/p>\n<p style=\"clear: both;\">\n<p><strong>High Line Park<\/strong><br \/>\nNix zum Fahrradfahren, aber die <a href=\"https:\/\/de.wikipedia.org\/wiki\/High_Line_(New_York)\" rel=\"noopener\" target=\"_blank\">High Line<\/a> ist trotzdem toll. Sie ist eine ehemalige Hochbahntrasse, die in einen Park umgewandelt wurde. Ein zwei Kilometer langer und toll gemachter Park auf Stelzen ist schon recht einmalig. Daher tummeln sich hier die Touristen, und es ist ratsam, den Besuch nicht unbedingt auf ein Wochenende zu legen.<\/p>\n<p style=\"clear: both;\"><img loading=\"lazy\" decoding=\"async\" class=\"alignleft\" title=\" \" src=\"wp-content\/Bilder\/NewYorkCity\/IMGP6813.jpg\" alt=\"\" width=\"365\" height=\"243\"><\/p>\n<p><img loading=\"lazy\" decoding=\"async\" class=\"alignright\" style=\"clear: right;\" title=\" \" src=\"wp-content\/Bilder\/NewYorkCity\/IMGP6845.jpg\" alt=\"\" width=\"365\" height=\"243\"><\/p>\n<p style=\"clear: both;\">\n<p><strong>New York Botanical Garden<\/strong><br \/>\nDer <a href=\"https:\/\/www.nybg.org\/\" rel=\"noopener\" target=\"_blank\">New York Botanical Garden<\/a> ligt in der Bronx, und ist eine der Oasen im Moloch der Stadt.<\/p>\n<p>Um es kurz zu machen, sind hier nur zwei Bilder von dort (obwohl es nat\u00fcrlich viel mehr zu zeigen g\u00e4be).<\/p>\n<p style=\"clear: both;\"><img loading=\"lazy\" decoding=\"async\" class=\"alignleft\" title=\" \" src=\"wp-content\/Bilder\/NewYorkCity\/IMGP0074.jpg\" alt=\"\" width=\"365\" height=\"243\"><\/p>\n<p><img loading=\"lazy\" decoding=\"async\" class=\"alignright\" style=\"clear: right;\" title=\" \" src=\"wp-content\/Bilder\/NewYorkCity\/IMGP0148.jpg\" alt=\"\" width=\"365\" height=\"243\"><\/p>\n<p style=\"clear: both;\">\n<p>Einmal die Hester Bridge, weil sie in der Sesamstra\u00dfe vorkam. Und dann noch ein Bild mit einem der Bewohner des Parks, den man in NYC nicht so wirklich erwartet.<\/p>\n<p><strong>Queens<\/strong><br \/>\nDer <a href=\"https:\/\/de.wikipedia.org\/wiki\/Flushing-Meadows-Park\" rel=\"noopener\" target=\"_blank\">Flushing Meadows Corona Park<\/a> wurde f\u00fcr die Weltaustellung <a href=\"https:\/\/de.wikipedia.org\/wiki\/1939_New_York_World%E2%80%99s_Fair\" rel=\"noopener\" target=\"_blank\">1939<\/a> angelegt, und dann wieder f\u00fcr die Ausstellung <a href=\"https:\/\/en.wikipedia.org\/wiki\/1964_New_York_World%27s_Fair\" rel=\"noopener\" target=\"_blank\">1964<\/a> genutzt. Au\u00dferdem finden dort die <a href=\"https:\/\/de.wikipedia.org\/wiki\/US_Open\" rel=\"noopener\" target=\"_blank\">Tennis US Open<\/a> statt.<\/p>\n<p style=\"clear: both;\"><img loading=\"lazy\" decoding=\"async\" class=\"alignleft\" title=\" \" src=\"wp-content\/Bilder\/NewYorkCity\/IMGP2270.jpg\" alt=\"\" width=\"365\" height=\"243\"><\/p>\n<p><img loading=\"lazy\" decoding=\"async\" class=\"alignright\" style=\"clear: right;\" title=\" \" src=\"wp-content\/Bilder\/NewYorkCity\/IMGP2266.jpg\" alt=\"\" width=\"365\" height=\"243\"><\/p>\n<p style=\"clear: both;\">\n<p> Von den Weltaustellungen sind die die <a href=\"https:\/\/de.wikipedia.org\/wiki\/Unisphere\" rel=\"noopener\" target=\"_blank\">Unisphere<\/a> und die Observation Towers \u00fcbrig geblieben. <\/p>\n<\/p>\n<p>Das eindrucksvolle Gel\u00e4nde wird in Filmen immer wieder neu belebt. Am bekanntesten sind nat\u00fcrlich <a href=\"https:\/\/de.wikipedia.org\/wiki\/Men_in_Black_(Film)\" rel=\"noopener\" target=\"_blank\">Men in Black<\/a> und <a href=\"https:\/\/de.wikipedia.org\/wiki\/A_World_Beyond\" rel=\"noopener\" target=\"_blank\">Tomorrowland<\/a>.<\/p>\n<p style=\"clear: both;\"><img loading=\"lazy\" decoding=\"async\" class=\"alignleft\" title=\" \" src=\"wp-content\/Bilder\/NewYorkCity\/IMGP2282.jpg\" alt=\"\" width=\"365\" height=\"243\"><\/p>\n<p><img loading=\"lazy\" decoding=\"async\" class=\"alignright\" style=\"clear: right;\" title=\" \" src=\"wp-content\/Bilder\/NewYorkCity\/IMGP2284.jpg\" alt=\"\" width=\"365\" height=\"243\"><\/p>\n<p style=\"clear: both;\">\n<p><strong>Contemporary Art<\/strong><br \/>\nIn Long Island City in der N\u00e4he des Court Square liegt New Yorks Zentrum f\u00fcr zeitgen\u00f6ssische Kunst.<\/p>\n<p>Da ist zum einen das <a href=\"https:\/\/de.wikipedia.org\/wiki\/MoMA_PS1\" rel=\"noopener\" target=\"_blank\">MoMA PS1<\/a>, eine Au\u00dfenstelle des Museum of Modern Art (MoMA), mit st\u00e4ndig wechselnden Installationen experimentierfreudiger junger K\u00fcnstler aus aller Welt. Dar\u00fcber hinaus finden dort auch regelm\u00e4\u00dfig Konzerte und andere Auff\u00fchrungen statt. PS1 steht \u00fcbrigens f\u00fcr <em>Primary School One<\/em>, weil das Geb\u00e4ude fr\u00fcher eine Schule beherbergte.<\/p>\n<p>Gleich gegen\u00fcber ist das <a href=\"https:\/\/en.wikipedia.org\/wiki\/5_Pointz\" rel=\"noopener\" target=\"_blank\">5Pointz Aerosol Art Center<\/a>. Hier haben auf einem alten Fabrikgel\u00e4nde die Graffiti-K\u00fcnstler ihre Spielwiese gefunden. Begleitet werden sie von Street Dancern, die dort ihre K\u00fcnste zum Besten geben.<\/p>\n<p style=\"clear: both;\"><img loading=\"lazy\" decoding=\"async\" class=\"alignleft\" title=\" \" src=\"wp-content\/Bilder\/NewYorkCity\/IMGP0196.jpg\" alt=\"\" width=\"365\" height=\"243\"><\/p>\n<p><img loading=\"lazy\" decoding=\"async\" class=\"alignright\" style=\"clear: right;\" title=\" \" src=\"wp-content\/Bilder\/NewYorkCity\/IMGP0205.jpg\" alt=\"\" width=\"365\" height=\"243\"><\/p>\n<p style=\"clear: both;\">\n","protected":false},"excerpt":{"rendered":"<p>J\u00e4hrlich fallen tausende von deutschen Touristen \u00fcber New York City ein, die danach dann alle Urlaubsschnappsch\u00fcsse und Erlebnisse auf ihre <a class=\"more-link\" href=\"http:\/\/fahrradinontario.net\/?page_id=1645\">weiterlesen&#8230;<\/a><\/p>\n","protected":false},"author":2,"featured_media":1871,"parent":1630,"menu_order":8,"comment_status":"closed","ping_status":"closed","template":"","meta":{"footnotes":""},"class_list":["post-1645","page","type-page","status-publish","has-post-thumbnail","hentry"],"_links":{"self":[{"href":"http:\/\/fahrradinontario.net\/index.php?rest_route=\/wp\/v2\/pages\/1645","targetHints":{"allow":["GET"]}}],"collection":[{"href":"http:\/\/fahrradinontario.net\/index.php?rest_route=\/wp\/v2\/pages"}],"about":[{"href":"http:\/\/fahrradinontario.net\/index.php?rest_route=\/wp\/v2\/types\/page"}],"author":[{"embeddable":true,"href":"http:\/\/fahrradinontario.net\/index.php?rest_route=\/wp\/v2\/users\/2"}],"replies":[{"embeddable":true,"href":"http:\/\/fahrradinontario.net\/index.php?rest_route=%2Fwp%2Fv2%2Fcomments&post=1645"}],"version-history":[{"count":19,"href":"http:\/\/fahrradinontario.net\/index.php?rest_route=\/wp\/v2\/pages\/1645\/revisions"}],"predecessor-version":[{"id":2085,"href":"http:\/\/fahrradinontario.net\/index.php?rest_route=\/wp\/v2\/pages\/1645\/revisions\/2085"}],"up":[{"embeddable":true,"href":"http:\/\/fahrradinontario.net\/index.php?rest_route=\/wp\/v2\/pages\/1630"}],"wp:featuredmedia":[{"embeddable":true,"href":"http:\/\/fahrradinontario.net\/index.php?rest_route=\/wp\/v2\/media\/1871"}],"wp:attachment":[{"href":"http:\/\/fahrradinontario.net\/index.php?rest_route=%2Fwp%2Fv2%2Fmedia&parent=1645"}],"curies":[{"name":"wp","href":"https:\/\/api.w.org\/{rel}","templated":true}]}}