

{"id":1635,"date":"2012-11-24T12:06:42","date_gmt":"2012-11-24T17:06:42","guid":{"rendered":"http:\/\/fahrradinontario.net\/?page_id=1635"},"modified":"2016-03-13T10:25:52","modified_gmt":"2016-03-13T15:25:52","slug":"catskills-und-hudson-valley","status":"publish","type":"page","link":"http:\/\/fahrradinontario.net\/?page_id=1635","title":{"rendered":"Catskills und Hudson Valley"},"content":{"rendered":"<p> Nur wenige Kilometer n\u00f6rdlich von New York City durchbricht der Hudson River die Appalachen, und es ergibt sich eine reizvolle Mittelgebirgslandschaft mit waldbedeckten Bergen und lang gezogenen T\u00e4lern. Der Einfluss von New York City ist hier immer noch deutlich sp\u00fcrbar. Wer dem Stress und der Enge der Gro\u00dfstadt entfliehen und dennoch die Gemeinschaft und N\u00e4he zur Stadtkultur nicht verlieren wollte, hat sich hier angesiedelt. Das Resultat sind herrschaftliche H\u00e4user der Superreichen neben K\u00fcnstlerkolonien in l\u00e4ndlicher Umgebung. Eine Mischung, wie man sie sonst nirgends auf der Welt findet.<\/p>\n<p style=\"clear: both\">\n\n\n\t\t\t\t<div id=\"map_ol3js_1\" class=\"map undefined\" data-map_name=\"undefined\" data-map=\"map_ol3js_1\" style=\"width:100%; max-width:100%; height:450px; display:block; overflow:hidden;border:2px solid grey;\" >\n\t\t\t\t  <div id=\"map_ol3js_1_popup\" class=\"ol-popup\" >\n\t\t\t\t\t<a href=\"#\" id=\"map_ol3js_1_popup-closer\" class=\"ol-popup-closer\"><\/a>\n\t\t\t\t\t<div id=\"map_ol3js_1_popup-content\" ><\/div>\n\t\t\t\t  <\/div>\n\t\t\t\t<\/div>\n\t\t\t\n\n\t\t\t\t<script type=\"text\/javascript\">\n\t\t\t\t\ttranslations['openlayer'] = \"open layer\";\n\t\t\t\t\ttranslations['openlayerAtStartup'] = \"open layer at startup\";\n\t\t\t\t\ttranslations['generateLink'] = \"Der Link zur Karte mit ausgew\u00e4hlten Overlays und angezeigtem Ausschnitt\";\n\t\t\t\t\ttranslations['shortDescription'] = \"Kurzbeschreibung\";\n\t\t\t\t\ttranslations['generatedShortCode'] = \"to get a text control link paste this code in your wordpress editor\";\n\t\t\t\t\ttranslations['closeLayer'] = \"close layer\";\n\t\t\t\t\ttranslations['cantGenerateLink'] = \"put this string in the existing map short code to control this map\";\n\t\t\t  <\/script>\n\n\n\t\t\t  <script type=\"text\/javascript\">\n\t\t\t  vectorM['map_ol3js_1'] = [];\n\t        \n        var raster = getTileLayer(\"osm\",\"NoKey\");\t\t\t\n\n\t\t\t  var map_ol3js_1 = new ol.Map({\n\t\t\t\tinteractions: ol.interaction.defaults.defaults({mouseWheelZoom:false}),\n\t\t\t\tlayers: [raster],\n\t\t\t\ttarget: \"map_ol3js_1\",\n\t\t\t\tview: new ol.View({\n\t\t\t\t  center: ol.proj.transform([-73.937,42], \"EPSG:4326\", \"EPSG:3857\"),\n\t\t\t\t  zoom: 8\n\t\t\t\t})\n\t\t\t  });\n\t\t\t  \n    var style0 = {\n      \"Point\": [new ol.style.Style({\n\n          image: new ol.style.Icon({\n            anchor: [0.5, 41],\n            anchorXUnits: \"fraction\",\n            anchorYUnits: \"pixels\",\n            opacity: 0.75,\n            src: \"http:\/\/fahrradinontario.net\/wp-content\/plugins\/osm\/icons\/mic_blue_pinother_02.png\"\n          })\n      })],\n\n      \"LineString\": [new ol.style.Style({\n        stroke: new ol.style.Stroke({\n          color: \"blue\",\n          width: 8\n        })\n      })],\n      \"MultiLineString\": [new ol.style.Style({\n        stroke: new ol.style.Stroke({\n          color: \"blue\",\n          width: 4\n        })\n      })]\n    };\n\t\t  vectorL0 = new ol.layer.Vector({\n\n\t\t\tsource: new ol.source.Vector({\n\t\t  url:\"\/wp-content\/GPXData\/Hudson.kml\",\n\t\t\t  format: new ol.format.KML({ showPointNames: false})\n\t\t\t}),\n         zIndex: 92\n\t\t  });map_ol3js_1.addLayer(vectorL0);addControls2Map(map_ol3js_1,0,0,3,0,5,6,7,0,1);\nosm_addPopupClickhandler(map_ol3js_1,  \"map_ol3js_1\"); \nosm_addMouseHover(map_ol3js_1); <\/script>\n<p style=\"clear: both;\">\n<p><\/br><\/p>\n<p style=\"clear: right;\"><strong>Albany<\/strong><br \/>\nAuch wenn viele glauben, es ist New York City, Albany ist die Haupstadt des New York State.<\/p>\n<p style=\"clear: both\">\n<p style=\"clear:both\"><img loading=\"lazy\" decoding=\"async\" class=\"alignright\" style=\"float: right; title=\" \" src=\"\/wp-content\/Bilder\/Hudson\/IMGP6620.jpg\" alt=\"\" width=\"365\" height=\"243\" \/><\/p>\n<p>Das New York State Capitol brauchte mehr als 30 Jahre Bauzeit, bis es 1899 endlich fertiggestellt wurde.<\/p>\n<p>Schneller fertig aber teurer war das Empire State Plaza, welches um das alte Regierungsgeb\u00e4ude herum gebaut wurde. Die Bauzeit betrug nur 11 Jahre von 1965 bis 1976 und die Kosten waren l\u00e4cherliche 2,000,000,000 Dollar. <\/p>\n<p style=\"clear: both;\">\n<\/p>\n<p> Zum Komplex geh\u00f6ren das Cultural Education Center und &#8222;The Egg&#8220;, ein Theater f\u00fcr darstellende K\u00fcnste.<\/p>\n<p style=\"clear:both\"><img loading=\"lazy\" decoding=\"async\" class=\"alignleft\" title=\" \" src=\"\/wp-content\/Bilder\/Hudson\/IMGP6597.jpg\" alt=\"\" width=\"365\" height=\"243\" \/><\/p>\n<p><img loading=\"lazy\" decoding=\"async\" class=\"alignright\" style=\"clear:right\" title=\" \" src=\"\/wp-content\/Bilder\/Hudson\/IMGP6575.jpg\" alt=\"\" width=\"365\" height=\"243\" \/><\/p>\n<p style=\"clear: both;\">\n<p><\/br><\/p>\n<p style=\"clear: right;\"><strong>Catskill Mountains<\/strong><br \/>\nDie <a href=\"http:\/\/de.wikipedia.org\/wiki\/Catskill_Mountains\">Catskill Mountains<\/a> sind bis zu 1200 Meter hoch und liegen n\u00f6rdlich von New York City. New York bezieht durch mehrere Stauseen und Aqu\u00e4dukte sein Frischwasser von hier. Bevor Flugreisen so g\u00fcnstig wurden, dass sie sich jedermann leisten kann, waren die Catskills wie auch die Adirondacks ein beliebtes Ferienziel der New Yorker. <\/p>\n<p style=\"clear: both\">\n<p style=\"clear:both\"><img loading=\"lazy\" decoding=\"async\" class=\"alignleft\" title=\" \" src=\"\/wp-content\/Bilder\/Hudson\/IMGP0556.jpg\" alt=\"\" width=\"365\" height=\"243\" \/><\/p>\n<p><img loading=\"lazy\" decoding=\"async\" class=\"alignright\" style=\"clear:right\" title=\" \" src=\"\/wp-content\/Bilder\/Hudson\/IMGP0564.jpg\" alt=\"\" width=\"365\" height=\"243\" \/><\/p>\n<p style=\"clear: both;\">\n<\/p>\n<p>Lohnenswerte Ziele sind die Kaaterskill Falls und&#8230;<\/p>\n<p style=\"clear:both\"><img loading=\"lazy\" decoding=\"async\" class=\"alignleft\" title=\" \" src=\"\/wp-content\/Bilder\/Hudson\/IMGP7817.jpg\" alt=\"\" width=\"365\" height=\"243\" \/><\/p>\n<p><img loading=\"lazy\" decoding=\"async\" class=\"alignright\" style=\"clear:right\" title=\" \" src=\"\/wp-content\/Bilder\/Hudson\/IMGP7841.jpg\" alt=\"\" width=\"365\" height=\"243\" \/><\/p>\n<p style=\"clear: both;\">\n<\/p>\n<p>&#8230;der Escarpment Trail gleich neben dran. Der Ausblick ist insbesondere im Herbst einmalig.<\/p>\n<p style=\"clear:both\"><img loading=\"lazy\" decoding=\"async\" class=\"alignleft\" title=\" \" src=\"\/wp-content\/Bilder\/Hudson\/IMGP6961.jpg\" alt=\"\" width=\"365\" height=\"243\" \/><\/p>\n<p><img loading=\"lazy\" decoding=\"async\" class=\"alignright\" style=\"clear:right\" title=\" \" src=\"\/wp-content\/Bilder\/Hudson\/IMGP7016.jpg\" alt=\"\" width=\"365\" height=\"243\" \/><\/p>\n<p style=\"clear: both;\">\n<p><\/br><\/p>\n<p style=\"clear: both\"><strong>Entlang des Hudson<\/strong><br \/>\nNicht nur links und rechts des Hudson gibt es einiges zu sehen, sondern auch der Fluss selbst hat so seine Sehensw\u00fcrdigkeiten. Da sind einmal die Leuchtt\u00fcrme, wie zum Beispiel das <a href=\"http:\/\/en.wikipedia.org\/wiki\/Hudson-Athens_Lighthouse\">Hudson\u2013Athens Lighthouse<\/a>, die im 19 Jahrhundert errichtet wurden, um die Schiffer von Untiefen zu warnen. <\/p>\n<p style=\"clear: both\">\n<p style=\"clear:both\"><img loading=\"lazy\" decoding=\"async\" class=\"alignleft\" title=\" \" src=\"\/wp-content\/Bilder\/Hudson\/IMGP0655.jpg\" alt=\"\" width=\"365\" height=\"243\" \/><\/p>\n<p><img loading=\"lazy\" decoding=\"async\" class=\"alignright\" style=\"clear:right\" title=\" \" src=\"\/wp-content\/Bilder\/Hudson\/IMGP0689.jpg\" alt=\"\" width=\"365\" height=\"243\" \/><\/p>\n<p style=\"clear: both;\">\n<p>Dann sind da noch die Br\u00fccken, wie die Bear Mountain Bridge (siehe unten) oder der <a href=\"http:\/\/de.wikipedia.org\/wiki\/Poughkeepsie_Bridge\">Walkway Over the Hudson<\/a> bei Poughkeepsie mit dem tollen Blick auf die Mid Hundson Bridge.<\/p>\n<p style=\"clear:both\">\n<p style=\"clear: right;\"><img loading=\"lazy\" decoding=\"async\" class=\"aligncenter\" src=\"\/wp-content\/Bilder\/Hudson\/HudsonBridge.jpg\" alt=\"\" width=\"1200\" height=\"296\" \/><\/p>\n<p style=\"clear: both;\">\n<p><\/br><\/p>\n<p style=\"clear: both\"><strong>Bear Mountain<\/strong><br \/>\nDer <a href=\"http:\/\/de.wikipedia.org\/wiki\/Bear_Mountain_State_Park\">Bear Mountain State Park<\/a> wurde 1913 er\u00f6ffnet, nachdem der Plan aufgegeben wurde, das Sing Sing Gef\u00e4ngnis hierhin zu verlegen. Der Park bietet \u00fcber 300 km Wanderwege und andere Einrichtungen zur Erholung.<\/p>\n<p style=\"clear: both\">\n<p style=\"clear:both\"><img loading=\"lazy\" decoding=\"async\" class=\"alignleft\" title=\" \" src=\"\/wp-content\/Bilder\/Hudson\/IMGP0276.jpg\" alt=\"\" width=\"365\" height=\"243\" \/><\/p>\n<p><img loading=\"lazy\" decoding=\"async\" class=\"alignright\" style=\"clear:right\" title=\" \" src=\"\/wp-content\/Bilder\/Hudson\/IMGP6806.jpg\" alt=\"\" width=\"365\" height=\"243\" \/><\/p>\n<p style=\"clear: both;\">\n<p style=\"clear:both\">Von den Trails im Park hat man fantastische Blicke auf das Hudson Tal und die <a href=\"https:\/\/de.wikipedia.org\/wiki\/Bear_Mountain_Bridge\">Bear Mountain Bridge<\/a>, die bei ihrer Er\u00f6ffnung 1924 die l\u00e4ngste H\u00e4ngebr\u00fccke der Welt war.<\/p>\n<p style=\"clear: both\">\n<p style=\"clear:both\"><img loading=\"lazy\" decoding=\"async\" class=\"alignleft\" title=\" \" src=\"\/wp-content\/Bilder\/Hudson\/IMGP0343.jpg\" alt=\"\" width=\"365\" height=\"243\" \/><\/p>\n<p><img loading=\"lazy\" decoding=\"async\" class=\"alignright\" style=\"clear:right\" title=\" \" src=\"\/wp-content\/Bilder\/Hudson\/IMGP0406.jpg\" alt=\"\" width=\"365\" height=\"243\" \/><\/p>\n<p style=\"clear: both;\">\n<p style=\"clear:both\">Der Timp Torne Trail im S\u00fcden geht entlang der <a href=\"http:\/\/en.wikipedia.org\/wiki\/Dunderberg_Mountain#Spiral_Railway_Corp.\">Dunderberg Spiral Railway<\/a>. Das ist eine Eisenbahnlinie, die 1890 geplant wurde, um Touristen mittels Dampfkraft auf den Dunderberg zu bringen, damit sie von dort die Aussicht auf das Hudson Valley genie\u00dfen k\u00f6nnen. Inmitten des Baus ging allerdings das Geld aus, und so sind nur noch die \u00dcberreste des Projektes zu sehen.<\/p>\n<p style=\"clear:both\"><img loading=\"lazy\" decoding=\"async\" class=\"alignleft\" title=\" \" src=\"\/wp-content\/Bilder\/Hudson\/IMGP0357.jpg\" alt=\"\" width=\"365\" height=\"243\" \/><\/p>\n<p><img loading=\"lazy\" decoding=\"async\" class=\"alignright\" style=\"clear:right\" title=\" \" src=\"\/wp-content\/Bilder\/Hudson\/IMGP0353.jpg\" alt=\"\" width=\"365\" height=\"243\" \/><\/p>\n<p style=\"clear: both;\">\n<p style=\"clear:both\">Die von Pflanzen \u00fcberwucherten Ruinen der Mauern und Tunnel, die man mitten am Berg auf dem Trail trifft, sind schon ganz sch\u00f6n mystisch&#8230;<\/p>\n<p style=\"clear: both\">\n<p><\/br><\/p>\n<p style=\"clear: both\"><strong>Kingston<\/strong><br \/>\nIn <a href=\"http:\/\/de.wikipedia.org\/wiki\/Kingston_%28New_York%29\">Kingston<\/a> am Hudson River wurde der Staat New York gegr\u00fcndet, und die Stadt war einmal dessen Hauptstadt. Aus der f\u00fcr amerikanische Verh\u00e4ltnisse langen Geschichte gibt es noch viele alte Geb\u00e4ude zu besichtigen. Zwischen Catskills, Hundson Valley und den Taconics Mountains gelegen, eignet sich Kingston auch sehr gut als Ausgangspunkt f\u00fcr Touren in die Region.<\/p>\n<p style=\"clear: both\">\n<p style=\"clear:both\"><img loading=\"lazy\" decoding=\"async\" class=\"alignleft\" title=\" \" src=\"\/wp-content\/Bilder\/Hudson\/IMGP0713.jpg\" alt=\"\" width=\"365\" height=\"243\" \/><\/p>\n<p><img loading=\"lazy\" decoding=\"async\" class=\"alignright\" style=\"clear:right\" title=\" \" src=\"\/wp-content\/Bilder\/Hudson\/IMGP0725.jpg\" alt=\"\" width=\"365\" height=\"243\" \/><\/p>\n<p style=\"clear: both;\">\n<p><\/br><\/p>\n<p style=\"clear: both\"><strong>Woodstock und Bethel<\/strong><br \/>\nDas <a href=\"http:\/\/de.wikipedia.org\/wiki\/Woodstock-Festival\">Woodstock Musik Festival<\/a> ist nat\u00fcrlich den meisten ein Begriff. Aber nur wenige wissen, dass der Ort Woodstock und Bethel, wo das das Konzert stattfand, fast 100 Kilometer voneinander entfernt liegen. Woodstock ist ein malerischer Ort in den Catskills, wo es eine gr\u00f6\u00dfere K\u00fcnstlerkolonie gibt. <a href=\"http:\/\/en.wikipedia.org\/wiki\/Byrdcliffe_Colony\">Byrdcliffe<\/a> wurde Ende des 18 Jahrhunderts gegr\u00fcndet und beherbergte seitdem viele namhafte K\u00fcnstler wie Bob Dylan und eben auch der Musikproduzent Michael Lang, der Initiator des Konzerts. Auch Thomas Mann war Gast in Graycliff. <\/p>\n<p style=\"clear: both\">\n<p style=\"clear:both\"><img loading=\"lazy\" decoding=\"async\" class=\"alignleft\" title=\" \" src=\"\/wp-content\/Bilder\/Hudson\/IMGP8028.jpg\" alt=\"\" width=\"365\" height=\"243\" \/><\/p>\n<p><img loading=\"lazy\" decoding=\"async\" class=\"alignright\" style=\"clear:right\" title=\" \" src=\"\/wp-content\/Bilder\/Hudson\/IMGP8030.jpg\" alt=\"\" width=\"365\" height=\"243\" \/><\/p>\n<p style=\"clear: both;\">\n<p style=\"clear:both\"><img loading=\"lazy\" decoding=\"async\" class=\"alignright\" style=\"float: right; title=\" \" src=\"\/wp-content\/Bilder\/Hudson\/IMGP8054.jpg\" alt=\"\" width=\"365\" height=\"243\" \/><\/p>\n<p><\/br><\/br>Woodstock selbst liegt in einem sehr bergigem Gebiet, wo kein Konzert mit tausenden von Zuschauern stattfinden kann, daher bekam Bethel nach langer Suche den Zuschlag. Aber das, und alles andere was danach kam, ist Geschichte.<\/p>\n<p style=\"clear: both;\">\n<p style=\"clear:both\"><img loading=\"lazy\" decoding=\"async\" class=\"alignleft\" title=\" \" src=\"\/wp-content\/Bilder\/Hudson\/IMGP9738.jpg\" alt=\"\" width=\"365\" height=\"243\" \/><\/p>\n<p><img loading=\"lazy\" decoding=\"async\" class=\"alignright\" style=\"clear:right\" title=\" \" src=\"\/wp-content\/Bilder\/Hudson\/IMGP9739.jpg\" alt=\"\" width=\"365\" height=\"243\" \/><\/p>\n<p style=\"clear: both;\">\n<p style=\"clear:both\"><img loading=\"lazy\" decoding=\"async\" class=\"alignleft\" title=\" \" src=\"\/wp-content\/Bilder\/Hudson\/IMGP9824.jpg\" alt=\"\" width=\"365\" height=\"243\" \/><\/p>\n<p><img loading=\"lazy\" decoding=\"async\" class=\"alignright\" style=\"clear:right\" title=\" \" src=\"\/wp-content\/Bilder\/Hudson\/IMGP9783.jpg\" alt=\"\" width=\"365\" height=\"243\" \/><\/p>\n<p style=\"clear: both;\">\n<p><\/br><\/p>\n<p style=\"clear: right;\"><strong>Olana<\/strong><br \/>\n<a href=\"http:\/\/www.olana.org\/\">Olana<\/a> ist das zwischen 1870 und 1891 erbaute Haus des Landschaftsmalers Frederic Edwin Church. Obwohl es eigentlich ein f\u00fcr die Zeit und die Gegend recht konventionelles Haus ist, wurde es innen und au\u00dfen im persischen Stil dekoriert. Zu dem Anwesen geh\u00f6rt auch ein Park mit Teich und Pferdest\u00e4llen. Der Blick von dem Anwesen \u00fcber den Hudson River und die Catskill Mountains ist atemberaubend. <\/p>\n<p style=\"clear: both\">\n<p style=\"clear:both\"><img loading=\"lazy\" decoding=\"async\" class=\"alignleft\" title=\" \" src=\"\/wp-content\/Bilder\/Hudson\/IMGP0579.jpg\" alt=\"\" width=\"365\" height=\"243\" \/><\/p>\n<p><img loading=\"lazy\" decoding=\"async\" class=\"alignright\" style=\"clear:right\" title=\" \" src=\"\/wp-content\/Bilder\/Hudson\/IMGP0573.jpg\" alt=\"\" width=\"365\" height=\"243\" \/><\/p>\n<p style=\"clear: both;\">\n<p>Church konnte sich all das leisten, da er nicht nur ein talentierter Maler war und gef\u00e4llige Landschaftsbilder malte, sondern auch von seinem Vater, einem erfolgreichen Gesch\u00e4ftsmann, unternehmerisch vermarktet wurde. <\/p>\n<p style=\"clear: both\">\n<p style=\"clear:both\"><img loading=\"lazy\" decoding=\"async\" class=\"alignleft\" title=\" \" src=\"\/wp-content\/Bilder\/Hudson\/IMGP0582.jpg\" alt=\"\" width=\"365\" height=\"243\" \/><\/p>\n<p><img loading=\"lazy\" decoding=\"async\" class=\"alignright\" style=\"clear:right\" title=\" \" src=\"\/wp-content\/Bilder\/Hudson\/IMGP0630.jpg\" alt=\"\" width=\"365\" height=\"243\" \/><\/p>\n<p style=\"clear: both;\">\n<p>Gl\u00fccklicherweise ver\u00e4nderten die Nachfahren Churchs das Haus nur wenig, so dass es sich heute noch im Zustand wie von 100 Jahren befindet. Es geh\u00f6rt heute dem Bundesstaat New York, und ein gemeinn\u00fctziger Verein k\u00fcmmert sich um die Erhaltung des Hauses und bietet interessante Touren an.<\/p>\n<p style=\"clear: both\">\n<p><\/br><\/p>\n<p style=\"clear: right;\"><strong>Taconic Mountains<\/strong><br \/>\nDer Hudson River teilt den Appalachen H\u00f6henzug in die Catskills auf der westlichen Seite und die <a href=\"https:\/\/en.wikipedia.org\/wiki\/Taconic_Mountains\">Taconic Mountains<\/a> im Osten.<\/p>\n<p style=\"clear: both\">\n<p style=\"clear:both\"><img loading=\"lazy\" decoding=\"async\" class=\"alignright\" style=\"float: right; title=\" \" src=\"\/wp-content\/Bilder\/Hudson\/IMGP6650.jpg\" alt=\"\" width=\"365\" height=\"243\" \/><\/p>\n<p><\/br>Die Bash Bish Falls liegen direkt genau auf der Grenze zwischen New York und Massachusetts. Man parkt sein Auto in New York und l\u00e4uft dann ein paar Meter zu den Wasserf\u00e4llen und \u00fcberquert dabei die Grenze zu Massachusetts. Ein Fahrrad Rundtour durch den Mount Washington State Park f\u00fchrte mich ich sogar durch drei Staaten: New York, Massachusetts und Connecticut.<\/p>\n<p style=\"clear: both;\">\n<p style=\"clear:both\"><img loading=\"lazy\" decoding=\"async\" class=\"alignleft\" title=\" \" src=\"\/wp-content\/Bilder\/Hudson\/IMGP6666.jpg\" alt=\"\" width=\"365\" height=\"243\" \/><\/p>\n<p><img loading=\"lazy\" decoding=\"async\" class=\"alignright\" style=\"clear:right\" title=\" \" src=\"\/wp-content\/Bilder\/Hudson\/IMGP6687.jpg\" alt=\"\" width=\"365\" height=\"243\" \/><\/p>\n<p style=\"clear: both;\">\n<p><\/br><\/p>\n<p style=\"clear: right;\"><strong>Dia:Beacon<\/strong><br \/>\nDie <a href=\"http:\/\/de.wikipedia.org\/wiki\/Dia_Art_Foundation\">Dia Art Foundation<\/a> hat es sich zum Ziel gesetzt, aufgegebene Industrieanlagen in Kunstzentren zu verwandeln, um solche Kunst zu erm\u00f6glichen, die sonst allein wegen ihrer Gr\u00f6\u00dfe den Rahmen eines st\u00e4dtischen Museums sprengen w\u00fcrden. Leider d\u00fcrfen im <a href=\"http:\/\/de.wikipedia.org\/wiki\/Dia:Beacon\">Dia:Beacon<\/a> keine Fotos gemacht werden, daher kann ich hier nicht viel zeigen, aber der Besuch lohnt sich auf jeden Fall.<\/p>\n<p style=\"clear: both\">\n<p style=\"clear:both\"><img loading=\"lazy\" decoding=\"async\" class=\"alignleft\" title=\" \" src=\"\/wp-content\/Bilder\/Hudson\/IMGP0739.jpg\" alt=\"\" width=\"365\" height=\"243\" \/><\/p>\n<p><img loading=\"lazy\" decoding=\"async\" class=\"alignright\" style=\"clear:right\" title=\" \" src=\"\/wp-content\/Bilder\/Hudson\/IMGP0730.jpg\" alt=\"\" width=\"365\" height=\"243\" \/><\/p>\n<p style=\"clear: both;\">\n<p><\/br><\/p>\n<p style=\"clear:both\"><strong>Links<\/strong><br \/>\n<a href=\"http:\/\/www.countrymanpress.com\/titles\/BRBHudValli1.html\">Backroad Bicycling in the Hudson Valley and Catskills<\/a> &#8211; Sehr hilfreiches Buch zum Planen der Fahrradtouren.<\/p>\n<p style=\"clear: both\">\n","protected":false},"excerpt":{"rendered":"<p>Nur wenige Kilometer n\u00f6rdlich von New York City durchbricht der Hudson River die Appalachen, und es ergibt sich eine reizvolle <a class=\"more-link\" href=\"http:\/\/fahrradinontario.net\/?page_id=1635\">weiterlesen&#8230;<\/a><\/p>\n","protected":false},"author":2,"featured_media":1869,"parent":1630,"menu_order":6,"comment_status":"closed","ping_status":"closed","template":"","meta":{"footnotes":""},"class_list":["post-1635","page","type-page","status-publish","has-post-thumbnail","hentry"],"_links":{"self":[{"href":"http:\/\/fahrradinontario.net\/index.php?rest_route=\/wp\/v2\/pages\/1635","targetHints":{"allow":["GET"]}}],"collection":[{"href":"http:\/\/fahrradinontario.net\/index.php?rest_route=\/wp\/v2\/pages"}],"about":[{"href":"http:\/\/fahrradinontario.net\/index.php?rest_route=\/wp\/v2\/types\/page"}],"author":[{"embeddable":true,"href":"http:\/\/fahrradinontario.net\/index.php?rest_route=\/wp\/v2\/users\/2"}],"replies":[{"embeddable":true,"href":"http:\/\/fahrradinontario.net\/index.php?rest_route=%2Fwp%2Fv2%2Fcomments&post=1635"}],"version-history":[{"count":19,"href":"http:\/\/fahrradinontario.net\/index.php?rest_route=\/wp\/v2\/pages\/1635\/revisions"}],"predecessor-version":[{"id":1947,"href":"http:\/\/fahrradinontario.net\/index.php?rest_route=\/wp\/v2\/pages\/1635\/revisions\/1947"}],"up":[{"embeddable":true,"href":"http:\/\/fahrradinontario.net\/index.php?rest_route=\/wp\/v2\/pages\/1630"}],"wp:featuredmedia":[{"embeddable":true,"href":"http:\/\/fahrradinontario.net\/index.php?rest_route=\/wp\/v2\/media\/1869"}],"wp:attachment":[{"href":"http:\/\/fahrradinontario.net\/index.php?rest_route=%2Fwp%2Fv2%2Fmedia&parent=1635"}],"curies":[{"name":"wp","href":"https:\/\/api.w.org\/{rel}","templated":true}]}}