{"id":1556,"date":"2011-06-04T10:11:35","date_gmt":"2011-06-04T15:11:35","guid":{"rendered":"http:\/\/fahrradinontario.net\/?page_id=1556"},"modified":"2017-06-11T07:36:37","modified_gmt":"2017-06-11T12:36:37","slug":"deep-south","status":"publish","type":"page","link":"http:\/\/fahrradinontario.net\/?page_id=1556","title":{"rendered":"Deep South"},"content":{"rendered":"<p>Zwar ist Deep South nicht wirklich der s\u00fcdlichste Teil der USA, Texas und Florida reichen noch ein ganzes St\u00fcck weiter in den S\u00fcden. Doch die Staaten Louisiana, Mississippi, Alabama und Arkansas haben aber eine gemeinsame Lebensart, die vom Mississippi River und dem warmen Klima des S\u00fcdens gepr\u00e4gt ist. <\/p>\n<p>\nIch machte meine Tour allerdings im Dezember, und die Temperaturen zwischen 0\u00b0 und 15\u00b0 C waren nicht wirklich subtropisch, wie man sich den S\u00fcden Nordamerikas so vorstellt. Dennoch hat die Gegend auch im Winter ihren Reiz.<\/p>\n<p style=\"clear: right;\">\n<p><strong>Memphis<\/strong><br \/>\nIrgendwie geh\u00f6rt der Westen Tennessees auch zum Deep South. Nicht nur geografisch wenn man sich mal die Lage auf der Karte anschaut, sondern auch von der Lebensart her. Und Memphis liegt auch noch genau an der Ecke zwischen Arkansas, Mississippi und Tennessee am Mississippi River. Die Einwohner bezeichnen daher ihre Stadt auch als &#8222;Biggest Town in Mississippi&#8220;.<\/p>\n<p style=\"clear:both\"><img loading=\"lazy\" decoding=\"async\" class=\"alignleft\" title=\" \" src=\"\/wp-content\/Bilder\/DeepSouth\/IMGP8522.jpg\" alt=\"\" width=\"365\" height=\"243\" \/><\/p>\n<p><img loading=\"lazy\" decoding=\"async\" class=\"alignright\" style=\"clear:right\" title=\" \" src=\"\/wp-content\/Bilder\/DeepSouth\/IMGP8567.jpg\" alt=\"\" width=\"365\" height=\"243\" \/><\/p>\n<p style=\"clear: both;\">\n<p style=\"clear: right;\">\n<p> Zwei Namen sind eng mit Memphis verbunden: Martin Luther King und Elvis Presley. Das Lorraine Motel, in dem King am 4. April 1968 erschossen worden ist, wurde zum <a href=\"http:\/\/www.civilrightsmuseum.org\/\">National Civil Rights Museum<\/a> umgebaut. Es widmet sich der die Geschichte der amerikanischen B\u00fcrgerrechtsbewegung. Der Rundgang f\u00fchrt an dem Zimmer vorbei, im dem King die Nacht vor seinem Tod verbracht hat, und auch das Geb\u00e4ude, von dem aus sein M\u00f6rder geschossen hat, ist Teil des Museums. Alles ist so eingerichtet, wie es 1968 gewesen war.\n<\/p>\n<p>Das Lorraine Motel war in den 50er und 60er Jahren eines der wenigen Hotels in Memphis, das \u00fcberhaupt Afroamerikaner akzeptierte. King \u00fcbernachtete oft dort, und andere regelm\u00e4\u00dfige G\u00e4ste waren die Musiker, die f\u00fcr Stax Records spielten, wie Ray Charles, Lionel Hampton, Aretha Franklin oder Otis Redding.\n<\/p>\n<p style=\"clear:both\"><img loading=\"lazy\" decoding=\"async\" class=\"alignleft\" title=\" \" src=\"\/wp-content\/Bilder\/DeepSouth\/IMGP8528.jpg\" alt=\"\" width=\"365\" height=\"243\" \/><\/p>\n<p><img loading=\"lazy\" decoding=\"async\" class=\"alignright\" style=\"clear:right\" title=\" \" src=\"\/wp-content\/Bilder\/DeepSouth\/IMGP8532.jpg\" alt=\"\" width=\"365\" height=\"243\" \/><\/p>\n<p style=\"clear: both;\">\n<p style=\"clear:both\"><img loading=\"lazy\" decoding=\"async\" class=\"alignleft\" title=\" \" src=\"\/wp-content\/Bilder\/DeepSouth\/IMGP8554.jpg\" alt=\"\" width=\"365\" height=\"243\" \/><\/p>\n<p><img loading=\"lazy\" decoding=\"async\" class=\"alignright\" style=\"clear:right\" title=\" \" src=\"\/wp-content\/Bilder\/DeepSouth\/IMGP8556.jpg\" alt=\"\" width=\"365\" height=\"243\" \/><\/p>\n<p style=\"clear: both;\">\n<p>Blicke vom Motel und von Ray&#8217;s Zimmer, von dem aus geschossen wurde.\n<\/p>\n<p style=\"clear: right;\">\n<p> Die Ausstellung im <em>Canipe\u2019s Amusement Store and Rooming House<\/em> dreht sich um James Earl Ray, Kings M\u00f6rder. Da Ray nach seiner Ergreifung die Tat erst zugab und kurz darauf wieder leugnete, rei\u00dfen die Verschw\u00f6rungstheorien nicht ab. Angeblich hat die damalige US Regierung mit der Mafia zusammengearbeitet, um King aus dem Weg zu schaffen. Klingt etwas unglaublich, und allein schon die abenteuerliche Flucht des bekennenden Rassisten Ray spricht doch sehr dagegen.\n<\/p>\n<p style=\"clear: both;\">\n<p>Der andere bekannte Name, der eng mit Memphis verbunden ist, ist nat\u00fcrlich Elvis Presley. Sein Anwesen, <a href=\"http:\/\/www.elvis.com\/\">Graceland<\/a>, ist nur 10 Fahrminuten von Memphis&#8216; Innenstadt entfernt, und lockt j\u00e4hrlich \u00fcber 700.000 Besucher an, deutlich mehr als das Civil Rights Museum. Vom Besucherzentrum geht es mit dem Bus \u00fcber die Stra\u00dfe zum Anwesen. Neben Elvis&#8216; Haus k\u00f6nnen noch seine Autosammlung und seine beiden Flugzeuge besichtigt werden.<\/p>\n<p style=\"clear:both\"><img loading=\"lazy\" decoding=\"async\" class=\"alignleft\" title=\" \" src=\"\/wp-content\/Bilder\/DeepSouth\/IMGP8447.jpg\" alt=\"\" width=\"365\" height=\"243\" \/><\/p>\n<p><img loading=\"lazy\" decoding=\"async\" class=\"alignright\" style=\"clear:right\" title=\" \" src=\"\/wp-content\/Bilder\/DeepSouth\/IMGP8428.jpg\" alt=\"\" width=\"365\" height=\"243\" \/><\/p>\n<p style=\"clear: both;\">\n<p style=\"clear: right;\">\n<p style=\"clear: right;\"><strong>Little Rock<\/strong><br \/>\n<a href=\"http:\/\/de.wikipedia.org\/wiki\/Little_Rock\">Little Rock<\/a> ist die Hauptstadt von Arkansas, was erst einmal nicht so spannend ist. Aber&#8230; hier war Bill Clinton, der sp\u00e4tere Pr\u00e4sident der USA, zun\u00e4chst Generalstaatsanwalt und sp\u00e4ter Gouverneur. Und so gibt hier das <a href=\"http:\/\/fahrradinontario.net\/?page_id=32\">William J. Clinton Presidential Center<\/a>, was einen Besuch durchaus gerechtfertigt.<\/p>\n<p>Bekannt sind auch die <a href=\"http:\/\/de.wikipedia.org\/wiki\/Little_Rock_Nine\">Little Rock Nine<\/a>, die ersten schwarzen Sch\u00fcler, die eine \u00f6ffentliche Schule in den USA besuchten.\n <\/p>\n<p style=\"clear:both\"><img loading=\"lazy\" decoding=\"async\" class=\"alignleft\" title=\" \" src=\"\/wp-content\/Bilder\/DeepSouth\/IMGP8617.jpg\" alt=\"\" width=\"365\" height=\"243\" \/><\/p>\n<p><img loading=\"lazy\" decoding=\"async\" class=\"alignright\" style=\"clear:right\" title=\" \" src=\"\/wp-content\/Bilder\/DeepSouth\/IMGP8611.jpg\" alt=\"\" width=\"365\" height=\"243\" \/><\/p>\n<p style=\"clear: both;\">\n<p style=\"clear: right;\"><strong>Hot Springs<\/strong><br \/>\nIn <a href=\"http:\/\/www.hotsprings.org\/\">Hot Springs<\/a> hat Bill Clinton seine Jugend verbracht und dort gibt es, wie der Name schon sagt, hei\u00dfe Quellen. Das Wasser schie\u00dft hier geradezu vom gl\u00fchenden Erdinneren durch das por\u00f6se Gestein an die Oberfl\u00e4che ohne dabei Mineralien aufzunehmen und ist beim Austritt immer noch sehr warm. <\/p>\n<p>Also nicht wirklich eine Mineralquelle sondern einfach nur warmes Wasser. Nichtsdestotrotz war Hot Springs \u00fcber lange Zeit ein in in Amerika beliebter Kurort, vergleichbar mit dem europ\u00e4ischen B\u00e4dern Karlsbad oder Bad Wildungen. Insbesondere Chicago\u2019s Gangster haben hier in den 30er Jahren ihren \u201cwohlverdienten\u201d Urlaub verbracht.<\/p>\n<p>In dieser Zeit wurden einige B\u00e4der und Sanatorien gebaut, die immer noch einiges her machen. Ein Spaziergang entlang der <a href=\"http:\/\/www.hotsprings.org\/things_to_do\/historic_hotsprings\/default.aspx\">Bathhouse Row<\/a> hat so auf jeden Fall seinen Reiz.\n<\/p>\n<p style=\"clear:both\"><img loading=\"lazy\" decoding=\"async\" class=\"alignleft\" title=\" \" src=\"\/wp-content\/Bilder\/DeepSouth\/IMGP8645.jpg\" alt=\"\" width=\"365\" height=\"243\" \/><\/p>\n<p><img loading=\"lazy\" decoding=\"async\" class=\"alignright\" style=\"clear:right\" title=\" \" src=\"\/wp-content\/Bilder\/DeepSouth\/IMGP8657.jpg\" alt=\"\" width=\"365\" height=\"243\" \/><\/p>\n<p style=\"clear: both;\">\n<p style=\"clear:both\"><img loading=\"lazy\" decoding=\"async\" class=\"alignleft\" title=\" \" src=\"\/wp-content\/Bilder\/DeepSouth\/IMGP8661.jpg\" alt=\"\" width=\"365\" height=\"243\" \/><\/p>\n<p><img loading=\"lazy\" decoding=\"async\" class=\"alignright\" style=\"clear:right\" title=\" \" src=\"\/wp-content\/Bilder\/DeepSouth\/IMGP8717.jpg\" alt=\"\" width=\"365\" height=\"243\" \/><\/p>\n<p style=\"clear: both;\">\n<p style=\"clear: right;\">\n<p style=\"clear: right;\"><strong>Vicksburg<\/strong><br \/>\nVicksburg liegt auf einer 40 Meter hohen Anh\u00f6he \u00fcber dem Mississippi. \u00dcber diese Lage dominiert die Stadt den Fluss und war somit eine strategisch wichtiger Punkt im amerikanischen B\u00fcrgerkrieg. Generalmajor Ulysses Grant <a href=\"http:\/\/de.wikipedia.org\/wiki\/Schlacht_um_Vicksburg\">belagerte die Stadt<\/a> bis zu ihrer Kapitulation nach sechs Wochen. Diese Eroberung teilte die Konf\u00f6deration in zwei Teile und gilt als kriegsentscheidend.<\/p>\n<p>Und weil das wichtig f\u00fcr die amerikanische Geschichte ist, wurde das ganze Schlachtfeld 1899 zu einem Denkmal. Der <a href=\"http:\/\/www.nps.gov\/vick\/index.htm\">Vicksburg National Military Park<\/a> ist eine riesiges Gel\u00e4nde rund um Vicksburg, mit allerlei Denkm\u00e4lern, die an die verschiedenen Schlachten der Belagerung erinnern.\n<\/p>\n<p style=\"clear:both\"><img loading=\"lazy\" decoding=\"async\" class=\"alignleft\" title=\" \" src=\"\/wp-content\/Bilder\/DeepSouth\/IMGP8854.jpg\" alt=\"\" width=\"365\" height=\"243\" \/><\/p>\n<p><img loading=\"lazy\" decoding=\"async\" class=\"alignright\" style=\"clear:right\" title=\" \" src=\"\/wp-content\/Bilder\/DeepSouth\/IMGP8875.jpg\" alt=\"\" width=\"365\" height=\"243\" \/><\/p>\n<p style=\"clear: both;\">\n<p style=\"clear:both\"><img loading=\"lazy\" decoding=\"async\" class=\"alignleft\" title=\" \" src=\"\/wp-content\/Bilder\/DeepSouth\/IMGP8880.jpg\" alt=\"\" width=\"365\" height=\"243\" \/><\/p>\n<p><img loading=\"lazy\" decoding=\"async\" class=\"alignright\" style=\"clear:right\" title=\" \" src=\"\/wp-content\/Bilder\/DeepSouth\/IMGP8893.jpg\" alt=\"\" width=\"365\" height=\"243\" \/><\/p>\n<p style=\"clear: both;\">\n<p style=\"clear: right;\"><img loading=\"lazy\" decoding=\"async\" class=\"alignright\" title=\" \" src=\"\/wp-content\/Bilder\/DeepSouth\/IMGP8947.jpg\" alt=\"\" width=\"365\" height=\"243\" \/><\/p>\n<p>Am 12. Dezember 1862 lief das Kanonenboot der Nordstaaten <a href=\"http:\/\/en.wikipedia.org\/wiki\/USS_Cairo_%281861%29\">USS Cairo<\/a> auf eine elektrisch gez\u00fcndete Mine auf und sank. Im Flussschlamm war das Wrack auf nat\u00fcrliche Weise konserviert, bis es 1956 wieder entdeckt wurde. Nach erfolglosen Versuchen wurde die Cairo 1965 gehoben, restauriert, und Ende der 70er Jahre schlie\u00dflich im Vicksburg Military Park aufgebaut und zur Besichtigung freigegeben.<\/p>\n<p style=\"clear: both;\">\n<p style=\"clear:both\"><img loading=\"lazy\" decoding=\"async\" class=\"alignleft\" title=\" \" src=\"\/wp-content\/Bilder\/DeepSouth\/IMGP8984.jpg\" alt=\"\" width=\"365\" height=\"243\" \/><\/p>\n<p><img loading=\"lazy\" decoding=\"async\" class=\"alignright\" style=\"clear:right\" title=\" \" src=\"\/wp-content\/Bilder\/DeepSouth\/IMGP9005.jpg\" alt=\"\" width=\"365\" height=\"243\" \/><\/p>\n<p style=\"clear: both;\">\n<p style=\"clear: right;\">\n<p style=\"clear: right;\"><strong>Natchez Trace Parkway<\/strong><br \/>\nDer<a href=\"http:\/\/en.wikipedia.org\/wiki\/Natchez_Trace\"> Natchez Trace Parkway<\/a> ist eine der sch\u00f6nsten Panoramastra\u00dfen in den USA. Er verbindet die St\u00e4dte Nashville in Tennessee mit Natchez in Mississippi. F\u00fcr Lastwagen und anderen kommerziellen Verkehr gesperrt, ist er heute ein 710 Kilometer langer Park, der im 18. Jahrhundert als Verbindung des Ohio Tals mit dem Mississippi entscheidend f\u00fcr die Entwicklung des Landes war. <\/p>\n<p style=\"clear:both\"><img loading=\"lazy\" decoding=\"async\" class=\"alignleft\" title=\" \" src=\"\/wp-content\/Bilder\/DeepSouth\/IMGP9107.jpg\" alt=\"\" width=\"365\" height=\"243\" \/><\/p>\n<p><img loading=\"lazy\" decoding=\"async\" class=\"alignright\" style=\"clear:right\" title=\" \" src=\"\/wp-content\/Bilder\/DeepSouth\/IMGP9113.jpg\" alt=\"\" width=\"365\" height=\"243\" \/><\/p>\n<p style=\"clear: both;\">\n<p style=\"clear: right;\"><strong>Ruinen von Windsor<\/strong><br \/>\nDie <a href=\"http:\/\/en.wikipedia.org\/wiki\/Windsor_Ruins\">Ruinen von Windsor<\/a> liegen zwischen Natchez und Vicksburg, und sind das Ergebnis eines Brands im Jahre 1890. In dem Jahr ist das Herrenhaus der Windsor Plantage durch den unachtsamen Umgang mit einer Zigarre abgebrannt. Zur\u00fcckgeblieben sind nur die 23 S\u00e4ulen, die insbesondere in der D\u00e4mmerung eine sehr gespenstische Atmosph\u00e4re haben.\n<\/p>\n<p style=\"clear:both\"><img loading=\"lazy\" decoding=\"async\" class=\"alignleft\" title=\" \" src=\"\/wp-content\/Bilder\/DeepSouth\/IMGP9061.jpg\" alt=\"\" width=\"365\" height=\"243\" \/><\/p>\n<p><img loading=\"lazy\" decoding=\"async\" class=\"alignright\" style=\"clear:right\" title=\" \" src=\"\/wp-content\/Bilder\/DeepSouth\/IMGP9096.jpg\" alt=\"\" width=\"365\" height=\"243\" \/><\/p>\n<p style=\"clear: both;\">\n<p style=\"clear: right;\"><strong>Natchez<\/strong><br \/>\n<a href=\"http:\/\/de.wikipedia.org\/wiki\/Natchez_%28Mississippi%29\">Natchez<\/a> liegt am s\u00fcdlichen Ende des gleichnamigen Parkways am Mississippi. Gegr\u00fcndet von franz\u00f6sischen Kolonisten, ist sie die \u00e4lteste europ\u00e4ische Siedlung am Mississippi, und es gibt dort viele historische H\u00e4user zu sehen. Am Visitor Reception Center werden verschiedene Touren per Bus oder Kutsche angeboten, oder man l\u00e4uft die vorgeschlagene Tour einfach ab.<\/p>\n<p style=\"clear:both\"><img loading=\"lazy\" decoding=\"async\" class=\"alignleft\" title=\" \" src=\"\/wp-content\/Bilder\/DeepSouth\/IMGP9143.jpg\" alt=\"\" width=\"365\" height=\"243\" \/><\/p>\n<p><img loading=\"lazy\" decoding=\"async\" class=\"alignright\" style=\"clear:right\" title=\" \" src=\"\/wp-content\/Bilder\/DeepSouth\/IMGP9155.jpg\" alt=\"\" width=\"365\" height=\"243\" \/><\/p>\n<p style=\"clear: both;\">\n<p style=\"clear:both\"><img loading=\"lazy\" decoding=\"async\" class=\"alignleft\" title=\" \" src=\"\/wp-content\/Bilder\/DeepSouth\/IMGP9160.jpg\" alt=\"\" width=\"365\" height=\"243\" \/><\/p>\n<p><img loading=\"lazy\" decoding=\"async\" class=\"alignright\" style=\"clear:right\" title=\" \" src=\"\/wp-content\/Bilder\/DeepSouth\/IMGP9164.jpg\" alt=\"\" width=\"365\" height=\"243\" \/><\/p>\n<p style=\"clear: both;\">\n<p style=\"clear:both\"><img loading=\"lazy\" decoding=\"async\" class=\"alignleft\" title=\" \" src=\"\/wp-content\/Bilder\/DeepSouth\/IMGP9180.jpg\" alt=\"\" width=\"365\" height=\"243\" \/><\/p>\n<p><img loading=\"lazy\" decoding=\"async\" class=\"alignright\" style=\"clear:right\" title=\" \" src=\"\/wp-content\/Bilder\/DeepSouth\/IMGP9199.jpg\" alt=\"\" width=\"365\" height=\"243\" \/><\/p>\n<p style=\"clear: both;\">\n<p style=\"clear: right;\">Hier ist Penn Cage der B\u00fcrgermeister in den Thrillern von <a href=\"https:\/\/de.wikipedia.org\/wiki\/Greg_Iles\">Greg Iles<\/a>. Wenn man mehr \u00fcber den Deep South erfahren und dabei auch noch gut unterhalten werden will, sind Greg Iles B\u00fccher ganz sicher empfehlenswert.<\/p>\n<p style=\"clear: right;\"><strong>Baton Rouge<\/strong><br \/>\n<a href=\"http:\/\/de.wikipedia.org\/wiki\/Baton_Rouge\">Baton Rouge<\/a> ist die Hauptstadt Louisianas, und ist von der \u00d6lindustrie und der Lage am Ende des Mississippi gepr\u00e4gt. Die Raffinerie von ExxonMobil geh\u00f6rt zu den zehn gr\u00f6\u00dften weltweit, und der Hafen von Baton Rouge dienst als Umschlagplatz, wo Waren von Hochseeschiffen auf die Eisenbahn, Lastkraftwagen oder kleinere Flussschiffe umgeladen werden.<\/p>\n<p style=\"clear: right;\">\n<p style=\"clear:both\"><img loading=\"lazy\" decoding=\"async\" class=\"alignleft\" title=\" \" src=\"\/wp-content\/Bilder\/DeepSouth\/IMGP9210.jpg\" alt=\"\" width=\"365\" height=\"243\" \/><\/p>\n<p><img loading=\"lazy\" decoding=\"async\" class=\"alignright\" style=\"clear:right\" title=\" \" src=\"\/wp-content\/Bilder\/DeepSouth\/IMGP9221.jpg\" alt=\"\" width=\"365\" height=\"243\" \/><\/p>\n<p style=\"clear: both;\">\n<p style=\"clear: right;\">Von der Aussichtsplattform im 27. Stockwerk des 1932 erbauten State Capitol hat man einen tollen Blick \u00fcber die Stadt. Sein Erbauer, der Gouverneur <a href=\"http:\/\/de.wikipedia.org\/wiki\/Huey_Pierce_Long\">Huey Long<\/a>, wurde tragischerweise 1935 in genau diesem Geb\u00e4ude erschossen.<\/p>\n<p style=\"clear:both\"><img loading=\"lazy\" decoding=\"async\" class=\"alignleft\" title=\" \" src=\"\/wp-content\/Bilder\/DeepSouth\/IMGP9227.jpg\" alt=\"\" width=\"365\" height=\"243\" \/><\/p>\n<p><img loading=\"lazy\" decoding=\"async\" class=\"alignright\" style=\"clear:right\" title=\" \" src=\"\/wp-content\/Bilder\/DeepSouth\/IMGP9258.jpg\" alt=\"\" width=\"365\" height=\"243\" \/><\/p>\n<p style=\"clear: both;\">\n<p style=\"clear: right;\">\n<p style=\"clear: right;\"><strong>Lafayette<\/strong><br \/>\nNachdem im 18. Jahrhundert die Engl\u00e4nder die <a href=\"http:\/\/de.wikipedia.org\/wiki\/Akadier\">Akadier<\/a> aus dem Osten Kanadas vertrieben haben, haben einige von ihnen eine neue Heimat im S\u00fcden Nordamerikas gefunden. Diejenigen, die sich \u00f6stlich von New Orleans angesiedelt und die S\u00fcmpfe bewohnbar gemacht haben, sind heute als <a href=\"http:\/\/de.wikipedia.org\/wiki\/Cajun\">Cajuns<\/a> bekannt, und <a href=\"http:\/\/de.wikipedia.org\/wiki\/Lafayette_%28Louisiana%29\">Lafayette<\/a> ist die gr\u00f6\u00dfte Stadt im Cajun Land. Es wird dort viel akadische Kultur gepflegt, und wieder errichtete Siedlungen aus 18. und 19. Jahrhundert k\u00f6nnen besichtigt werden.<\/p>\n<p style=\"clear:both\"><img loading=\"lazy\" decoding=\"async\" class=\"alignleft\" title=\" \" src=\"\/wp-content\/Bilder\/DeepSouth\/IMGP9323.jpg\" alt=\"\" width=\"365\" height=\"243\" \/><\/p>\n<p><img loading=\"lazy\" decoding=\"async\" class=\"alignright\" style=\"clear:right\" title=\" \" src=\"\/wp-content\/Bilder\/DeepSouth\/IMGP9310.jpg\" alt=\"\" width=\"365\" height=\"243\" \/><\/p>\n<p style=\"clear: both;\">\n<p style=\"clear: both;\">\n<p style=\"clear: right;\"><strong>\u00d6l<\/strong><\/p>\n<p style=\"clear: both;\"><a title=\"\u00d6lbohrinseln vor dem Grand Isle State Park\" rel=\"lightbox[DeepSouth]\" href=\"http:\/\/localhost\/wordpress\/wp-content\/HiResGallery\/2011\/IMGP9338.JPG\"><img loading=\"lazy\" decoding=\"async\" class=\"alignleft\" title=\"\u00d6lbohrinseln vor dem Grand Isle State Park\" src=\"http:\/\/localhost\/wordpress\/wp-content\/uploads\/2011\/04\/IMGP9338_small.jpg\" alt=\"\" width=\"270\" height=\"180\" \/><\/a><\/p>\n<p>Louisianas S\u00fcden steht ganz im Zeichen des \u00d6ls. Es gibt viele Raffinerien und H\u00e4fen, von wo aus die Versorgungsschiffe zu den Plattformen im Golf von Mexiko hin aufbrechen. Eigentlich ein riesiger Sumpf, ist das <a href=\"http:\/\/de.wikipedia.org\/wiki\/Mississippi-Delta\">Mississippi Delta<\/a> durch einigen technischen Aufwand besiedelt und f\u00fcr die \u00d6lindustrie benutzbar gemacht worden. Die Highways stehen auf Stelzen, und man hat das Gef\u00fchl, durch Baumwipfel zu fahren. Von den wenigen \u00f6ffentlich zug\u00e4nglichen Str\u00e4nden kann man die \u00d6lbohrinseln sehen.<\/p>\n<p style=\"clear: both;\">\n<p style=\"clear: both;\"><strong>Plantagen<\/strong><br \/>\nEntlang des unteren Mississippi zwischen New Orleans und Baton Rouge gibt es mehrere Zuckerrohr Plantagen, die dieses Gebiet in der ersten H\u00e4lfte des 19. Jahrhunderts zu einem der reichsten von ganz Nordamerika gemacht haben. Viele davon kann man heute besichtigen, und informative Touren geben einen Eindruck von Leben der Creolen.<\/p>\n<p>Am ber\u00fchmtesten ist <a href=\"http:\/\/www.oakalleyplantation.com\/\">Oak Alley<\/a>, wegen dem von 28 Eichen eingerahmten Eingang zum Haupthaus. Die Eichen wurden gepflanzt, noch bevor das Haus gebaut wurde. <\/p>\n<p>Die interessanteste Plantage ist aber wohl eher <a href=\"http:\/\/www.lauraplantation.com\/\">Laura<\/a>. Da die Geschichte dieser Plantage bis ins Detail erforscht wurde, gibt der Besuch einen recht intensiven Eindruck vom Leben einer beg\u00fcterteren creolischen Familie vom 18. bis zum 20. Jahrhundert. Die Besichtigungstour klammert auch nicht das Leben der Sklaven aus, deren Nachfahren auf der Plantage bis ins sp\u00e4te 20. Jahrhundert gelebt und gearbeitet haben.\n<\/p>\n<p style=\"clear:both\"><img loading=\"lazy\" decoding=\"async\" class=\"alignleft\" title=\" \" src=\"\/wp-content\/Bilder\/DeepSouth\/IMGP9364.jpg\" alt=\"\" width=\"365\" height=\"243\" \/><\/p>\n<p><img loading=\"lazy\" decoding=\"async\" class=\"alignright\" style=\"clear:right\" title=\" \" src=\"\/wp-content\/Bilder\/DeepSouth\/IMGP9395.jpg\" alt=\"\" width=\"365\" height=\"243\" \/><\/p>\n<p style=\"clear: both;\">\n<p style=\"clear:both\"><img loading=\"lazy\" decoding=\"async\" class=\"alignleft\" title=\" \" src=\"\/wp-content\/Bilder\/DeepSouth\/IMGP9405.jpg\" alt=\"\" width=\"365\" height=\"243\" \/><\/p>\n<p><img loading=\"lazy\" decoding=\"async\" class=\"alignright\" style=\"clear:right\" title=\" \" src=\"\/wp-content\/Bilder\/DeepSouth\/IMGP9423.jpg\" alt=\"\" width=\"365\" height=\"243\" \/><\/p>\n<p style=\"clear: both;\">\n<p style=\"clear:both\"><img loading=\"lazy\" decoding=\"async\" class=\"alignleft\" title=\" \" src=\"\/wp-content\/Bilder\/DeepSouth\/IMGP9434.jpg\" alt=\"\" width=\"365\" height=\"243\" \/><\/p>\n<p><img loading=\"lazy\" decoding=\"async\" class=\"alignright\" style=\"clear:right\" title=\" \" src=\"\/wp-content\/Bilder\/DeepSouth\/IMGP9436.jpg\" alt=\"\" width=\"365\" height=\"243\" \/><\/p>\n<p style=\"clear: both;\">\n<p style=\"clear: both;\"><strong>New Orleans<\/strong><br \/>\n<a href=\"http:\/\/de.wikipedia.org\/wiki\/New_Orleans\">New Orleans<\/a> ist vor allem f\u00fcr das French Quarter bekannt, in dem allabendlich viele Kneipen mit Live Musik Einheimische und Touristen anlocken. Interessant an den Geb\u00e4uden dort sind vor allem die Eisenverzierungen an den Balkonen (New Orleans Ironwork).\n<\/p>\n<p style=\"clear:both\"><img loading=\"lazy\" decoding=\"async\" class=\"alignleft\" title=\" \" src=\"\/wp-content\/Bilder\/DeepSouth\/IMGP9537.jpg\" alt=\"\" width=\"365\" height=\"243\" \/><\/p>\n<p><img loading=\"lazy\" decoding=\"async\" class=\"alignright\" style=\"clear:right\" title=\" \" src=\"\/wp-content\/Bilder\/DeepSouth\/IMGP9781.jpg\" alt=\"\" width=\"365\" height=\"243\" \/><\/p>\n<p style=\"clear: both;\">\n<p style=\"clear:both\"><img loading=\"lazy\" decoding=\"async\" class=\"alignleft\" title=\" \" src=\"\/wp-content\/Bilder\/DeepSouth\/IMGP9802.jpg\" alt=\"\" width=\"365\" height=\"243\" \/><\/p>\n<p><img loading=\"lazy\" decoding=\"async\" class=\"alignright\" style=\"clear:right\" title=\" \" src=\"\/wp-content\/Bilder\/DeepSouth\/IMGP9787.jpg\" alt=\"\" width=\"365\" height=\"243\" \/><\/p>\n<p style=\"clear: both;\">\n<p style=\"clear:both\"><img loading=\"lazy\" decoding=\"async\" class=\"alignleft\" title=\" \" src=\"\/wp-content\/Bilder\/DeepSouth\/IMGP9660.jpg\" alt=\"\" width=\"365\" height=\"243\" \/><\/p>\n<p><img loading=\"lazy\" decoding=\"async\" class=\"alignright\" style=\"clear:right\" title=\" \" src=\"\/wp-content\/Bilder\/DeepSouth\/IMGP9674.jpg\" alt=\"\" width=\"365\" height=\"243\" \/><\/p>\n<p style=\"clear: both;\">\n<p style=\"clear:both;\">\n<p>\nNach dem French Quarter sind die Stra\u00dfenbahnen die zweit bekannteste Attraktion in New Orleans. Die Fahrt mit der St. Charles Avenue Linie zum Garden District ist ein Muss bei einem Besuch der Stadt.\n<\/p>\n<p style=\"clear:both\"><img loading=\"lazy\" decoding=\"async\" class=\"alignleft\" title=\" \" src=\"\/wp-content\/Bilder\/DeepSouth\/IMGP9720.jpg\" alt=\"\" width=\"365\" height=\"243\" \/><\/p>\n<p><img loading=\"lazy\" decoding=\"async\" class=\"alignright\" style=\"clear:right\" title=\" \" src=\"\/wp-content\/Bilder\/DeepSouth\/IMGP9746.jpg\" alt=\"\" width=\"365\" height=\"243\" \/><\/p>\n<p style=\"clear: both;\">\n<p>\nIm Garden District gibt es zahlreiche herrschaftliche Villen aus dem 19. Jahrhundert und vor allem den Lafayette Friedhof zu sehen.\n<\/p>\n<p style=\"clear:both\"><img loading=\"lazy\" decoding=\"async\" class=\"alignleft\" title=\" \" src=\"\/wp-content\/Bilder\/DeepSouth\/IMGP9870.jpg\" alt=\"\" width=\"365\" height=\"243\" \/><\/p>\n<p><img loading=\"lazy\" decoding=\"async\" class=\"alignright\" style=\"clear:right\" title=\" \" src=\"\/wp-content\/Bilder\/DeepSouth\/IMGP9875.jpg\" alt=\"\" width=\"365\" height=\"243\" \/><\/p>\n<p style=\"clear: both;\">\n<p style=\"clear:both;\">\n<p>\nWegen des hohen Grundwasserspiegels werden Tote im S\u00fcden Louisianas nicht in herk\u00f6mmlichen Friedh\u00f6fen begraben, sondern oberirdisch in kleinen Mausoleen (Cities of the Dead). Und wenn man durch die alten Friedh\u00f6fe New Orleans spaziert, wird man \u00fcberrascht sein, wie viele deutsche Inschriften es auf den Grabm\u00e4lern gibt.\n<\/p>\n<p style=\"clear:both\"><img loading=\"lazy\" decoding=\"async\" class=\"alignleft\" title=\" \" src=\"\/wp-content\/Bilder\/DeepSouth\/IMGP9876.jpg\" alt=\"\" width=\"365\" height=\"243\" \/><\/p>\n<p><img loading=\"lazy\" decoding=\"async\" class=\"alignright\" style=\"clear:right\" title=\" \" src=\"\/wp-content\/Bilder\/DeepSouth\/IMGP9892.jpg\" alt=\"\" width=\"365\" height=\"243\" \/><\/p>\n<p style=\"clear: both;\">\n<p style=\"clear:both\"><img loading=\"lazy\" decoding=\"async\" class=\"alignleft\" title=\" \" src=\"\/wp-content\/Bilder\/DeepSouth\/IMGP9994.jpg\" alt=\"\" width=\"365\" height=\"243\" \/><\/p>\n<p><img loading=\"lazy\" decoding=\"async\" class=\"alignright\" style=\"clear:right\" title=\" \" src=\"\/wp-content\/Bilder\/DeepSouth\/IMGP9978.jpg\" alt=\"\" width=\"365\" height=\"243\" \/><\/p>\n<p style=\"clear: both;\">\n<p style=\"clear: right;\">\n<p style=\"clear: right;\">\n","protected":false},"excerpt":{"rendered":"<p>Zwar ist Deep South nicht wirklich der s\u00fcdlichste Teil der USA, Texas und Florida reichen noch ein ganzes St\u00fcck weiter <a class=\"more-link\" href=\"http:\/\/fahrradinontario.net\/?page_id=1556\">weiterlesen&#8230;<\/a><\/p>\n","protected":false},"author":2,"featured_media":2002,"parent":1306,"menu_order":18,"comment_status":"closed","ping_status":"closed","template":"","meta":{"footnotes":""},"class_list":["post-1556","page","type-page","status-publish","has-post-thumbnail","hentry"],"_links":{"self":[{"href":"http:\/\/fahrradinontario.net\/index.php?rest_route=\/wp\/v2\/pages\/1556","targetHints":{"allow":["GET"]}}],"collection":[{"href":"http:\/\/fahrradinontario.net\/index.php?rest_route=\/wp\/v2\/pages"}],"about":[{"href":"http:\/\/fahrradinontario.net\/index.php?rest_route=\/wp\/v2\/types\/page"}],"author":[{"embeddable":true,"href":"http:\/\/fahrradinontario.net\/index.php?rest_route=\/wp\/v2\/users\/2"}],"replies":[{"embeddable":true,"href":"http:\/\/fahrradinontario.net\/index.php?rest_route=%2Fwp%2Fv2%2Fcomments&post=1556"}],"version-history":[{"count":10,"href":"http:\/\/fahrradinontario.net\/index.php?rest_route=\/wp\/v2\/pages\/1556\/revisions"}],"predecessor-version":[{"id":2001,"href":"http:\/\/fahrradinontario.net\/index.php?rest_route=\/wp\/v2\/pages\/1556\/revisions\/2001"}],"up":[{"embeddable":true,"href":"http:\/\/fahrradinontario.net\/index.php?rest_route=\/wp\/v2\/pages\/1306"}],"wp:featuredmedia":[{"embeddable":true,"href":"http:\/\/fahrradinontario.net\/index.php?rest_route=\/wp\/v2\/media\/2002"}],"wp:attachment":[{"href":"http:\/\/fahrradinontario.net\/index.php?rest_route=%2Fwp%2Fv2%2Fmedia&parent=1556"}],"curies":[{"name":"wp","href":"https:\/\/api.w.org\/{rel}","templated":true}]}}