{"id":1306,"date":"2009-10-07T18:45:05","date_gmt":"2009-10-07T23:45:05","guid":{"rendered":"http:\/\/fahrradinontario.net\/?page_id=1306"},"modified":"2020-05-02T11:19:35","modified_gmt":"2020-05-02T16:19:35","slug":"fahrradferntouren-in-nordamerika","status":"publish","type":"page","link":"http:\/\/fahrradinontario.net\/?page_id=1306","title":{"rendered":"Touren in den USA und Mexiko"},"content":{"rendered":"<p>In Nordamerika gibt es fantastische Landschaften, die man (nicht nur) mit dem Fahrrad sehr intensiv erleben kann. Die Fahrradmitnahme in Flugzeugen und Z\u00fcgen ist auch relativ unproblematisch, aber mehr dazu auf den einzelnen Seiten. Man sollte sich aber \u00fcber die im Vergleich zu Europa ungeheuren Entfernungen klar sein, und die Planung entsprechend darauf einstellen.<\/p>\n<p>Hier sind meine Berichte von verschiedenen Touren in Nordamerika.<\/p>\n<ul>\n<li><a href=\"http:\/\/fahrradinontario.net\/?page_id=25\">Auf den Spuren von Frank Lloyd Wright<\/a><br \/>\nNicht eine Tour, sondern eine Sammlung aller Orte, die ich besucht habe und etwas mit dem genialen und wahrscheinlich bekanntesten amerikanischen Architekten zu tun haben.<\/li>\n<li><a href=\"http:\/\/fahrradinontario.net\/?page_id=1210\">Mexico &#8211; Yucat\u00e1n<\/a><br \/>\nDas &#8222;Malle&#8220; der Nordamerikaner. Aber wie auch auf Mallorca kann man in Yucat\u00e1n auf dem Fahrrad fernab der Touristikzentren auf ruhigen Stra\u00dfen viel entdecken und den Winter im Norden vergessen.<\/li>\n<li><a href=\"http:\/\/fahrradinontario.net\/?page_id=32\">Presidential Libraries and Museums<\/a><br \/>\nUnd noch eine Sammlung. Infos zu allen Presidential Museums, die ich auf meinen Touren besucht habe.<\/li>\n<li><a href=\"http:\/\/fahrradinontario.net\/?page_id=1630\">New York State<\/a><br \/>\nNicht nur eine, sondern viele Seiten \u00fcber meine Touren durch Ontarios s\u00fcdlichem Nachbarstaat.<\/li>\n<li><a href=\"http:\/\/fahrradinontario.net\/?page_id=1517\">N\u00f6rdliches Neu England<\/a><br \/>\nWer sich f\u00fcr seinen n\u00e4chsten Urlaub nicht f\u00fcr Meer oder Berge entscheiden kann, hat in Neu England beides innerhalb weniger hundert Kilometer.<\/li>\n<li><a href=\"http:\/\/fahrradinontario.net\/?page_id=1737\">Pennsylvania<\/a><br \/>\nDer vielleicht \u201edeutscheste\u201c Staat in den USA hat viel zu bieten und ist gar nicht so weit weg von Ontario.<\/li>\n<li><a href=\"http:\/\/fahrradinontario.net\/?page_id=1556\">Deep South<\/a><br \/>\nGeografisch zwar nicht wirklich der s\u00fcdlichste Ort in den USA, aber die gemeinsame Lebensart verbindet die Staaten Louisiana, Mississippi, Alabama und Arkansas.<\/li>\n<li><a href=\"http:\/\/fahrradinontario.net\/?page_id=828\">Georgia<\/a><br \/>\nMittelgebirgslandschaften, weite Ebenen und atlantische K\u00fcstengebiete. Und nicht nur das. Auch wer an amerikanischer Geschichte interessiert ist, kann in Georgia einiges entdecken.<\/li>\n<\/ul>\n","protected":false},"excerpt":{"rendered":"<p>In Nordamerika gibt es fantastische Landschaften, die man (nicht nur) mit dem Fahrrad sehr intensiv erleben kann. Die Fahrradmitnahme in <a class=\"more-link\" href=\"http:\/\/fahrradinontario.net\/?page_id=1306\">weiterlesen&#8230;<\/a><\/p>\n","protected":false},"author":2,"featured_media":2090,"parent":0,"menu_order":12,"comment_status":"closed","ping_status":"closed","template":"","meta":{"footnotes":""},"class_list":["post-1306","page","type-page","status-publish","has-post-thumbnail","hentry"],"_links":{"self":[{"href":"http:\/\/fahrradinontario.net\/index.php?rest_route=\/wp\/v2\/pages\/1306","targetHints":{"allow":["GET"]}}],"collection":[{"href":"http:\/\/fahrradinontario.net\/index.php?rest_route=\/wp\/v2\/pages"}],"about":[{"href":"http:\/\/fahrradinontario.net\/index.php?rest_route=\/wp\/v2\/types\/page"}],"author":[{"embeddable":true,"href":"http:\/\/fahrradinontario.net\/index.php?rest_route=\/wp\/v2\/users\/2"}],"replies":[{"embeddable":true,"href":"http:\/\/fahrradinontario.net\/index.php?rest_route=%2Fwp%2Fv2%2Fcomments&post=1306"}],"version-history":[{"count":17,"href":"http:\/\/fahrradinontario.net\/index.php?rest_route=\/wp\/v2\/pages\/1306\/revisions"}],"predecessor-version":[{"id":2291,"href":"http:\/\/fahrradinontario.net\/index.php?rest_route=\/wp\/v2\/pages\/1306\/revisions\/2291"}],"wp:featuredmedia":[{"embeddable":true,"href":"http:\/\/fahrradinontario.net\/index.php?rest_route=\/wp\/v2\/media\/2090"}],"wp:attachment":[{"href":"http:\/\/fahrradinontario.net\/index.php?rest_route=%2Fwp%2Fv2%2Fmedia&parent=1306"}],"curies":[{"name":"wp","href":"https:\/\/api.w.org\/{rel}","templated":true}]}}