

{"id":1210,"date":"2009-04-06T19:27:18","date_gmt":"2009-04-07T00:27:18","guid":{"rendered":"http:\/\/fahrradinontario.net\/?page_id=1210"},"modified":"2016-03-25T09:05:29","modified_gmt":"2016-03-25T14:05:29","slug":"mexiko-yukatan","status":"publish","type":"page","link":"http:\/\/fahrradinontario.net\/?page_id=1210","title":{"rendered":"Mexiko &#8211; Yukatan"},"content":{"rendered":"<p>Nachdem ich im Sommer 2008 gute Erfahrungen mit <a href=\"http:\/\/www.freewheeling.ca\/index.htm\">Freewheeling<\/a> aus Nova Scotia gemacht haben, und ich sowieso auch gerne im Winter eine Fahrradtour machen wollte, habe ich mich f\u00fcr die <a href=\"http:\/\/www.freewheeling.ca\/tours\/mexico.htm\">Tour durch Yukatan<\/a> entschieden. Erg\u00e4nzt wurde die Radtour durch zwei Tage vorab in Cancun und zwei Tage danach an der Mayan Riviera.<\/p>\n<p style=\"clear:both\">\n<p style=\"clear:right\"><strong>Cancun<\/strong><br \/>\n<a href=\"http:\/\/de.wikipedia.org\/wiki\/Cancun\">Cancun<\/a> ist der zentrale Anlaufpunkt f\u00fcr einen Besuch  Yukatans und das &#8222;Malle&#8220; Amerikas. In der Zona Hotelera steht eine Bettenburg mit all-inclusive Programm neben der anderen. Daneben gibt es Einkaufszentren, Discos  und alles, was das der Pauschaltourist sonst noch ben\u00f6tigt. Im Reisef\u00fchrer steht dazu treffend: &#8222;Der Bus R2 verkehrt fast im Minutentakt zwischen Mexiko und Amerika. Es gibt weder Zoll noch Passkontrollen und doch sieht man den Unterschied sofort.&#8220;<\/p>\n<p style=\"clear:both\">\n<p style=\"clear:both\"><img loading=\"lazy\" decoding=\"async\" class=\"alignleft\" title=\" \" src=\"\/wp-content\/Bilder\/Yukatan\/IMGP3793.jpg\" alt=\"\" width=\"365\" height=\"243\" \/><\/p>\n<p><img loading=\"lazy\" decoding=\"async\" class=\"alignright\" style=\"clear:right\" title=\" \" src=\"\/wp-content\/Bilder\/Yukatan\/IMGP3716.jpg\" alt=\"\" width=\"365\" height=\"243\" \/><\/p>\n<p style=\"clear:both\">\n<p style=\"clear:right\">Wem das alles zuviel ist, der findet in der Innenstadt kleine und g\u00fcnstige Hotels, die sich als Startpunkt f\u00fcr eine Tour eignen. Als Startpunkt deshalb, weil hier alle internationalen Fl\u00fcge ankommen und abgehen. Man kann zwar \u00fcber Mexico City auch andere Orte auf Yukatan anfliegen, aber das ist umst\u00e4ndlicher und dauert l\u00e4nger.<\/p>\n<p>Bei unserer Tour ging es zuerst mit dem Bus von Cancun auf die Hacienda San Jose in der N\u00e4he von Merida. Die <a href=\"http:\/\/www.thehaciendas.com\/\">Hotel Haciendas<\/a> in Mexiko sind schon etwas ganz besonderes und das absolute Gegenteil zu den Bettenburgen und Resorts an der K\u00fcste. Schon allein die zum Zimmer geh\u00f6rende Badewanne im Garten ist schon etwas besonderes.<\/p>\n<p style=\"clear:both\">\n<p style=\"clear:both\"><img loading=\"lazy\" decoding=\"async\" class=\"alignleft\" title=\" \" src=\"\/wp-content\/Bilder\/Yukatan\/IMGP3837.jpg\" alt=\"\" width=\"365\" height=\"243\" \/><\/p>\n<p><img loading=\"lazy\" decoding=\"async\" class=\"alignright\" style=\"clear:right\" title=\" \" src=\"\/wp-content\/Bilder\/Yukatan\/IMGP3862.jpg\" alt=\"\" width=\"365\" height=\"243\" \/><\/p>\n<p style=\"clear:both\">\n<p style=\"clear:both\">Die Hacienda San Jose ist eine alte <a href=\"http:\/\/de.wikipedia.org\/wiki\/Sisalfaser\">Sisal<\/a> Fabrik, die vor etwa 10 Jahren in ein Hotel umgewandelt wurde. Ganze 15 sehr luxuri\u00f6s eingerichtete Zimmer befinden sich auf einem riesigen Areal inmitten des mexikanischen Urwalds. Und ja, das auf dem linken Foto ist die zum Zimmer geh\u00f6rende Badewanne.<\/p>\n<p>Die Hacienda war dann auch der Ausgangspunkt f\u00fcr die Tour.<\/p>\n<p style=\"clear:both\">\n\n\n\t\t\t\t<div id=\"map_ol3js_1\" class=\"map undefined\" data-map_name=\"undefined\" data-map=\"map_ol3js_1\" style=\"width:100%; max-width:100%; height:400px; display:block; overflow:hidden;border:2px solid grey;\" >\n\t\t\t\t  <div id=\"map_ol3js_1_popup\" class=\"ol-popup\" >\n\t\t\t\t\t<a href=\"#\" id=\"map_ol3js_1_popup-closer\" class=\"ol-popup-closer\"><\/a>\n\t\t\t\t\t<div id=\"map_ol3js_1_popup-content\" ><\/div>\n\t\t\t\t  <\/div>\n\t\t\t\t<\/div>\n\t\t\t\n\n\t\t\t\t<script type=\"text\/javascript\">\n\t\t\t\t\ttranslations['openlayer'] = \"open layer\";\n\t\t\t\t\ttranslations['openlayerAtStartup'] = \"open layer at startup\";\n\t\t\t\t\ttranslations['generateLink'] = \"Der Link zur Karte mit ausgew\u00e4hlten Overlays und angezeigtem Ausschnitt\";\n\t\t\t\t\ttranslations['shortDescription'] = \"Kurzbeschreibung\";\n\t\t\t\t\ttranslations['generatedShortCode'] = \"to get a text control link paste this code in your wordpress editor\";\n\t\t\t\t\ttranslations['closeLayer'] = \"close layer\";\n\t\t\t\t\ttranslations['cantGenerateLink'] = \"put this string in the existing map short code to control this map\";\n\t\t\t  <\/script>\n\n\n\t\t\t  <script type=\"text\/javascript\">\n\t\t\t  vectorM['map_ol3js_1'] = [];\n\t        \n        var raster = getTileLayer(\"osm\",\"NoKey\");\t\t\t\n\n\t\t\t  var map_ol3js_1 = new ol.Map({\n\t\t\t\tinteractions: ol.interaction.defaults.defaults({mouseWheelZoom:false}),\n\t\t\t\tlayers: [raster],\n\t\t\t\ttarget: \"map_ol3js_1\",\n\t\t\t\tview: new ol.View({\n\t\t\t\t  center: ol.proj.transform([-88.466,20.7], \"EPSG:4326\", \"EPSG:3857\"),\n\t\t\t\t  zoom: 8\n\t\t\t\t})\n\t\t\t  });\n\t\t\t  \n    var style0 = {\n      \"Point\": [new ol.style.Style({\n\n          image: new ol.style.Icon({\n            anchor: [0.5, 41],\n            anchorXUnits: \"fraction\",\n            anchorYUnits: \"pixels\",\n            opacity: 0.75,\n            src: \"http:\/\/fahrradinontario.net\/wp-content\/plugins\/osm\/icons\/mic_blue_pinother_02.png\"\n          })\n      })],\n\n      \"LineString\": [new ol.style.Style({\n        stroke: new ol.style.Stroke({\n          color: \"blue\",\n          width: 8\n        })\n      })],\n      \"MultiLineString\": [new ol.style.Style({\n        stroke: new ol.style.Stroke({\n          color: \"blue\",\n          width: 4\n        })\n      })]\n    };\n\t\t  var vectorL0 = new ol.layer.Vector({\n\t\t\t\tsource: new ol.source.Vector({\n\t\t\t\turl:\"\/wp-content\/GPXData\/Yukatan.gpx\",\n\t\t\t\tformat: new ol.format.GPX({\n\t\t\t\t\textractStyles: false\n\t\t\t\t})\n\t\t\t}),\n\t\t\tzIndex: 92,\n\t\t\tstyle: function(feature, resolution) {return style0[feature.getGeometry().getType()];}\n\t\t  });\n\t\t  map_ol3js_1.addLayer(vectorL0);addControls2Map(map_ol3js_1,0,0,3,0,5,6,7,0,1);\nosm_addPopupClickhandler(map_ol3js_1,  \"map_ol3js_1\"); \nosm_addMouseHover(map_ol3js_1); <\/script>\n<p style=\"clear:both\">\n<p>Die Route f\u00fchrt quer durch Yukatan. Allerdings haben wir davon nur 200 km tats\u00e4chlich mit dem Fahrrad bew\u00e4ltigt.<\/p>\n<p style=\"clear:both\">\n<p><\/br><\/p>\n<p style=\"clear:both\"><strong>Von der Hacienda San Jose nach Chichen Itza<\/strong><br \/>\nDer erste Halt war in <a href=\"http:\/\/en.wikipedia.org\/wiki\/Izamal\">Izamal<\/a>. Hier hat <a href=\"http:\/\/de.wikipedia.org\/wiki\/Diego_de_Landa\">Diego de Landa<\/a>, der ma\u00dfgeblich zum Verl\u00f6schen der Maya Kultur beigetragen hat, eine Maya Kultst\u00e4tte abtragen lassen, um darauf ein Kloster zu errichten. Auch Papst Johannes Paul II war hier, und an seinen Besuch 1993 erinnern mehrere Statuen.<\/p>\n<p style=\"clear:both\"><img loading=\"lazy\" decoding=\"async\" class=\"alignleft\" title=\" \" src=\"\/wp-content\/Bilder\/Yukatan\/IMGP3915.jpg\" alt=\"\" width=\"365\" height=\"243\" \/><\/p>\n<p><img loading=\"lazy\" decoding=\"async\" class=\"alignright\" style=\"clear:right\" title=\" \" src=\"\/wp-content\/Bilder\/Yukatan\/IMGP3930.jpg\" alt=\"\" width=\"365\" height=\"243\" \/><\/p>\n<p style=\"clear:both\">\n<p> Ein der weltweit gr\u00f6\u00dften Atrium Anlagen in Izamal. 75 Rundb\u00f6gen umschlie\u00dfen eine Fl\u00e4che von 80.000 m\u00b2. Mit den Kutschen kann man sich durch Izamal fahren lassen. <\/p>\n<p style=\"clear:both\">\n<p style=\"clear:both\"><img loading=\"lazy\" decoding=\"async\" class=\"alignleft\" title=\" \" src=\"\/wp-content\/Bilder\/Yukatan\/IMGP3947.jpg\" alt=\"\" width=\"365\" height=\"243\" \/><\/p>\n<p><img loading=\"lazy\" decoding=\"async\" class=\"alignright\" style=\"clear:right\" title=\" \" src=\"\/wp-content\/Bilder\/Yukatan\/IMGP3952.jpg\" alt=\"\" width=\"365\" height=\"243\" \/><\/p>\n<p style=\"clear:both\">\n<p>Abseits der gro\u00dfen Touristikzentren sind die Stra\u00dfen sehr ruhig und man begegnet selten Autos. Und wenn doch, wird \u00e4u\u00dferst r\u00fccksichtsvoll mit Fahrradfahrern umgegangen, so dass das Radeln wenig gef\u00e4hrlich ist. Au\u00dferdem ist Yukatan sehr flach und die h\u00f6chsten Erhebungen, die man zu bew\u00e4ltigen hat, sind Br\u00fccken \u00fcber die Autobahnen. Allerdings ist es auch im Winter sehr hei\u00df und die Sonne knallt ordentlich. Deshalb muss man beim Fahrradfahren besonders darauf achten, viel und oft zu trinken.<\/p>\n<p style=\"clear:both\">\n<p><\/br><\/p>\n<p><strong>Chichen Itza<\/strong><br \/>\n<a href=\"http:\/\/de.wikipedia.org\/wiki\/Chichen_Itza\">Chichen Itza<\/a> ist eine der bekanntesten Zeugnisse der Maya Kultur, und von den Resorts an der K\u00fcste bequem in ein paar Stunden zu erreichen. Dementsprechend ergie\u00dfen sich am sp\u00e4ten Vormittag die Busladungen mit Touristen in das Gel\u00e4nde. Wenn also m\u00f6glich, sollte man seinen Besuch eher f\u00fcr den fr\u00fchen Morgen oder Abend planen. Sobald es dunkel wird und die meisten Besucher wieder abgezogen sind, bekommt man so auch noch in den Genuss einer Lightshow.<\/p>\n<p style=\"clear:both\"><img loading=\"lazy\" decoding=\"async\" class=\"alignleft\" title=\" \" src=\"\/wp-content\/Bilder\/Yukatan\/IMGP4038.jpg\" alt=\"\" width=\"365\" height=\"243\" \/><\/p>\n<p><img loading=\"lazy\" decoding=\"async\" class=\"alignright\" style=\"clear:right\" title=\" \" src=\"\/wp-content\/Bilder\/Yukatan\/IMGP4059.jpg\" alt=\"\" width=\"365\" height=\"243\" \/><\/p>\n<p style=\"clear:both\">\n<p>Die ber\u00fchmte Pyramide des Kukulkan darf leider nicht mehr bestiegen werden.<\/p>\n<p style=\"clear:both\">\n<p style=\"clear:both\"><img loading=\"lazy\" decoding=\"async\" class=\"alignleft\" title=\" \" src=\"\/wp-content\/Bilder\/Yukatan\/IMGP4063.jpg\" alt=\"\" width=\"365\" height=\"243\" \/><\/p>\n<p><img loading=\"lazy\" decoding=\"async\" class=\"alignright\" style=\"clear:right\" title=\" \" src=\"\/wp-content\/Bilder\/Yukatan\/IMGP4083.jpg\" alt=\"\" width=\"365\" height=\"243\" \/><\/p>\n<p style=\"clear:both\">\n<p>Von der Tour durch die Ruinen erholt man sich am besten in der nahe gelegenen Lol Ha Cenote.<\/p>\n<p style=\"clear:both\">\n<p><\/br><\/p>\n<p style=\"clear:both\"><strong>Von Chichen Itza nach Coba<\/strong><br \/>\nVon Chichen Itza geht es erst einmal zur\u00fcck nach Dzitas und dann weiter bis nach Valladolid. Kurz vor Valladolid kommt man nach Uayma. Dort gibt es zwar eine Umgehungsstra\u00dfe, der Weg durch die Stadt lohnt sich aber wegen der interessanten Kirche. Die wurde im 17. Jahrhundert mit Steinen von einem Mayatempel erbaut und 2004 renoviert.<\/p>\n<p style=\"clear:both\">\n<p style=\"clear:both\"><img loading=\"lazy\" decoding=\"async\" class=\"alignleft\" title=\" \" src=\"\/wp-content\/Bilder\/Yukatan\/IMGP4186.jpg\" alt=\"\" width=\"365\" height=\"243\" \/><\/p>\n<p><img loading=\"lazy\" decoding=\"async\" class=\"alignright\" style=\"clear:right\" title=\" \" src=\"\/wp-content\/Bilder\/Yukatan\/IMGP4213.jpg\" alt=\"\" width=\"365\" height=\"243\" \/><\/p>\n<p style=\"clear:both\">\n<p style=\"clear:both\"><a href=\"http:\/\/de.wikipedia.org\/wiki\/Valladolid_(Yucat%C3%A1n)\">Valladolid<\/a> ist ein kleine aber alte Stadt, die Mitte des 16. Jahrhunderts gegr\u00fcndet wurde. Neben der Kathedrale ist auch der Gouverneurspalast gerade gegen\u00fcber sehenswert. Dort gibt es mehrere Murals (Wandmalereien) zu sehen, die Szenen aus Mexikos Geschichte zeigen.<\/p>\n<p style=\"clear:both\">\n<p style=\"clear:both\"><img loading=\"lazy\" decoding=\"async\" class=\"alignleft\" title=\" \" src=\"\/wp-content\/Bilder\/Yukatan\/IMGP4286.jpg\" alt=\"\" width=\"365\" height=\"243\" \/><\/p>\n<p><img loading=\"lazy\" decoding=\"async\" class=\"alignright\" style=\"clear:right\" title=\" \" src=\"\/wp-content\/Bilder\/Yukatan\/IMGP4296.jpg\" alt=\"\" width=\"365\" height=\"243\" \/><\/p>\n<p style=\"clear:both\">\n<p style=\"clear:both\"><a href=\"http:\/\/de.wikipedia.org\/wiki\/Cob%C3%A1\">Coba<\/a> ist von Touristen nicht so \u00fcberlaufen wie Chichen Itza, aber nicht weniger sehenswert. Die Nohoch Mul Pyramide ist mit 42 m die h\u00f6chste in Mexiko und darf sogar noch bestiegen werden. Das ist zwar anstrengend, lohnt sich wegen des Ausblicks aber auf jeden Fall.<\/p>\n<p>In der N\u00e4he der Maya Anlagen gibt es einige unterirdische <a href=\"http:\/\/de.wikipedia.org\/wiki\/Cenote\">Cenotes<\/a>, in denen man schwimmen kann, und den Macanxoc See mit Krokodilen (in dem man zwar auch schwimmen kann, es aber lieber nicht tun sollte).<\/p>\n<p style=\"clear:both\">\n<p style=\"clear:both\"><img loading=\"lazy\" decoding=\"async\" class=\"alignleft\" title=\" \" src=\"\/wp-content\/Bilder\/Yukatan\/IMGP4350.jpg\" alt=\"\" width=\"365\" height=\"243\" \/><\/p>\n<p><img loading=\"lazy\" decoding=\"async\" class=\"alignright\" style=\"clear:right\" title=\" \" src=\"\/wp-content\/Bilder\/Yukatan\/IMGP4355.jpg\" alt=\"\" width=\"365\" height=\"243\" \/><\/p>\n<p style=\"clear:both\">\n<p><\/br><\/p>\n<p style=\"clear:both\"><strong>Tulum<\/strong><br \/>\nVon Cobar ging es dann (mit dem Bus) weiter nach <a href=\"http:\/\/de.wikipedia.org\/wiki\/Tul%C3%BAm\">Tulum<\/a>. Wer wenig mit der Touristenfabrik Cancun anfangen kann, findet hier sein Paradies. Gesetzliche Vorschriften verbieten den Bau von Geb\u00e4uden, die h\u00f6her als die Palmen sind, und das Resultat sind weniger Touristen und ein Strand, der nicht von Riesenbauten eingegrenzt ist.<\/p>\n<p style=\"clear:both\">\n<p style=\"clear:both\"><img loading=\"lazy\" decoding=\"async\" class=\"alignleft\" title=\" \" src=\"\/wp-content\/Bilder\/Yukatan\/IMGP4398.jpg\" alt=\"\" width=\"365\" height=\"243\" \/><\/p>\n<p><img loading=\"lazy\" decoding=\"async\" class=\"alignright\" style=\"clear:right\" title=\" \" src=\"\/wp-content\/Bilder\/Yukatan\/IMGP4531.jpg\" alt=\"\" width=\"365\" height=\"243\" \/><\/p>\n<p style=\"clear:both\">\n<p style=\"clear:both\">Auch in Tulum gibt einige Maya Ruinen. Die sind zwar nicht so beeindruckend wie einige andere, aber durch ihre Lage auf einem Plateau \u00fcber dem Strand doch ziemlich spektakul\u00e4r. Beim Besuch sollte man unbedingt seine Badesachen mitnehmen, denn wann kann man schon einmal ein Bad unterhalb fast 1000 Jahre alten Mayaruinen nehmen?<\/p>\n<p style=\"clear:both\">\n<p style=\"clear:both\"><img loading=\"lazy\" decoding=\"async\" class=\"alignleft\" title=\" \" src=\"\/wp-content\/Bilder\/Yukatan\/IMGP4494.jpg\" alt=\"\" width=\"365\" height=\"243\" \/><\/p>\n<p><img loading=\"lazy\" decoding=\"async\" class=\"alignright\" style=\"clear:right\" title=\" \" src=\"\/wp-content\/Bilder\/Yukatan\/IMGP4480.jpg\" alt=\"\" width=\"365\" height=\"243\" \/><\/p>\n<p style=\"clear:both\">\n<p style=\"clear:both\"><img loading=\"lazy\" decoding=\"async\" class=\"alignleft\" title=\" \" src=\"\/wp-content\/Bilder\/Yukatan\/IMGP4502.jpg\" alt=\"\" width=\"365\" height=\"243\" \/><\/p>\n<p><img loading=\"lazy\" decoding=\"async\" class=\"alignright\" style=\"clear:right\" title=\" \" src=\"\/wp-content\/Bilder\/Yukatan\/IMGP4510.jpg\" alt=\"\" width=\"365\" height=\"243\" \/><\/p>\n<p style=\"clear:both\">\n<p>Zwei der vielen Cenotes &#8211; glasklares Wasser mitten im Urwald.<\/p>\n<p style=\"clear:both\">\n<p><\/br><\/p>\n<p style=\"clear:both\"><strong>Von Tulum nach Playa del Carmen<\/strong><br \/>\nWeiter geht es mit dem Auto entlang der K\u00fcste. Hier der Verkehr schon etwas dichter, die Stra\u00dfen gr\u00f6\u00dfer und weniger einladend zum Fahrradfahren.<\/p>\n<p>Um Tulum gibt es viele weitere Cenotes. Ich habe noch die <a href=\"http:\/\/www.hiddenworlds.com.mx\/\">Hidden Worlds <\/a>besucht. Das sind mehrere H\u00f6hlen und unterirdischen Seen, in denen man schwimmen und tauchen kann.<\/p>\n<p style=\"clear:both\">\n<p style=\"clear:both\"><img loading=\"lazy\" decoding=\"async\" class=\"alignleft\" title=\" \" src=\"\/wp-content\/Bilder\/Yukatan\/IMGP4688.jpg\" alt=\"\" width=\"365\" height=\"243\" \/><\/p>\n<p><img loading=\"lazy\" decoding=\"async\" class=\"alignright\" style=\"clear:right\" title=\" \" src=\"\/wp-content\/Bilder\/Yukatan\/IMGP4700.jpg\" alt=\"\" width=\"365\" height=\"243\" \/><\/p>\n<p style=\"clear:both\">\n<p style=\"clear:both\"><img loading=\"lazy\" decoding=\"async\" class=\"alignleft\" title=\" \" src=\"\/wp-content\/Bilder\/Yukatan\/IMGP4720.jpg\" alt=\"\" width=\"365\" height=\"243\" \/><\/p>\n<p><img loading=\"lazy\" decoding=\"async\" class=\"alignright\" style=\"clear:right\" title=\" \" src=\"\/wp-content\/Bilder\/Yukatan\/IMGP4725.jpg\" alt=\"\" width=\"365\" height=\"243\" \/><\/p>\n<p style=\"clear:both\">\n<p>Die Yalku-Lagune zwischen Tulum und Playa del Carmen eignet sich hervorragend zum Schnorcheln. Das Wasser ist warm, glasklar und voll mit bunten Fischen. Mit etwas Gl\u00fcck entdeckt man sogar eine Meeresschildkr\u00f6te oder einen Rochen.<\/p>\n<p style=\"clear:both\">\n<p style=\"clear:both\"><img loading=\"lazy\" decoding=\"async\" class=\"alignleft\" title=\" \" src=\"\/wp-content\/Bilder\/Yukatan\/IMGP4760.jpg\" alt=\"\" width=\"365\" height=\"243\" \/><\/p>\n<p><img loading=\"lazy\" decoding=\"async\" class=\"alignright\" style=\"clear:right\" title=\" \" src=\"\/wp-content\/Bilder\/Yukatan\/IMGP4777.jpg\" alt=\"\" width=\"365\" height=\"243\" \/><\/p>\n<p style=\"clear:both\">\n<p>Playa del Carmen ist haupts\u00e4chlich wegen der Avenida 5 bekannt, die parallel zum kleinen Strand verl\u00e4uft. Auf dieser Flaniermeile reihen sich Restaurants an Bars und Touristengesch\u00e4fte, und es herrscht bis sp\u00e4t am Abend Partystimmung. Au\u00dferdem verkehrt von Playa del Carmen eine F\u00e4hre nach <a href=\"http:\/\/de.wikipedia.org\/wiki\/Cozumel\">Cozumel<\/a>.<\/p>\n<p style=\"clear:both\">\n<p><\/br><\/p>\n<p style=\"clear:both\"><strong>Xcaret<\/strong><br \/>\n<a href=\"http:\/\/de.wikipedia.org\/wiki\/Xcaret\">Xcaret<\/a> ist eine Mischung aus Natur- und Vergn\u00fcgungspark. Da alle Attraktionen einen Bezug zur lokalen Kultur und Natur haben, erscheint Xcaret etwas weniger k\u00fcnstlich als viele andere Vergn\u00fcgungsparks. Dar\u00fcber hinaus dienen einige der Einrichtungen wie z.B. die Schildkr\u00f6tenzuchtfarm zugleich Unterhaltung wie auch dem Studium und Erhalt der Natur.<\/p>\n<p style=\"clear:both\">\n<p style=\"clear:both\"><img loading=\"lazy\" decoding=\"async\" class=\"alignleft\" title=\" \" src=\"\/wp-content\/Bilder\/Yukatan\/IMGP4792.jpg\" alt=\"\" width=\"365\" height=\"243\" \/><\/p>\n<p><img loading=\"lazy\" decoding=\"async\" class=\"alignright\" style=\"clear:right\" title=\" \" src=\"\/wp-content\/Bilder\/Yukatan\/IMGP4834.jpg\" alt=\"\" width=\"365\" height=\"243\" \/><\/p>\n<p style=\"clear:both\">\n<p style=\"clear:both\"><img loading=\"lazy\" decoding=\"async\" class=\"alignleft\" title=\" \" src=\"\/wp-content\/Bilder\/Yukatan\/IMGP4858.jpg\" alt=\"\" width=\"365\" height=\"243\" \/><\/p>\n<p><img loading=\"lazy\" decoding=\"async\" class=\"alignright\" style=\"clear:right\" title=\" \" src=\"\/wp-content\/Bilder\/Yukatan\/IMGP4860.jpg\" alt=\"\" width=\"365\" height=\"243\" \/><\/p>\n<p style=\"clear:both\">\n<p style=\"clear:both\">Der mexikanische Friedhof ist f\u00fcr mich das Beeindruckendste und Sch\u00f6nste in Xcaret. Jedes Grab ist sehr individuell und fantasievoll gestaltet, und alle Gr\u00e4ber zusammen bilden ein Feuerwerk mit kreativen Ideen, wie es so kaum ein Museum zu bieten hat.<\/p>\n<p style=\"clear:both\">\n<p style=\"clear:both\"><img loading=\"lazy\" decoding=\"async\" class=\"alignleft\" title=\" \" src=\"\/wp-content\/Bilder\/Yukatan\/IMGP4947.jpg\" alt=\"\" width=\"365\" height=\"243\" \/><\/p>\n<p><img loading=\"lazy\" decoding=\"async\" class=\"alignright\" style=\"clear:right\" title=\" \" src=\"\/wp-content\/Bilder\/Yukatan\/IMGP4948.jpg\" alt=\"\" width=\"365\" height=\"243\" \/><\/p>\n<p style=\"clear:both\">\n<p style=\"clear:both\"><img loading=\"lazy\" decoding=\"async\" class=\"alignleft\" title=\" \" src=\"\/wp-content\/Bilder\/Yukatan\/IMGP5009.jpg\" alt=\"\" width=\"365\" height=\"243\" \/><\/p>\n<p><img loading=\"lazy\" decoding=\"async\" class=\"alignright\" style=\"clear:right\" title=\" \" src=\"\/wp-content\/Bilder\/Yukatan\/IMGP5034.jpg\" alt=\"\" width=\"365\" height=\"243\" \/><\/p>\n<p style=\"clear:both\">\n<p>Abends gibt es eine Show und auf dem Weg zum Theater kann man Maya in urt\u00fcmlichen Outfit bewundern. Ob die Kost\u00fcme wirklich echt ist, vermag ich nicht zu sagen. Es sieht aber auf jeden Fall gut aus.<\/p>\n<p style=\"clear:both\">\n<p style=\"clear:both\"><img loading=\"lazy\" decoding=\"async\" class=\"alignleft\" title=\" \" src=\"\/wp-content\/Bilder\/Yukatan\/IMGP5036.jpg\" alt=\"\" width=\"365\" height=\"243\" \/><\/p>\n<p><img loading=\"lazy\" decoding=\"async\" class=\"alignright\" style=\"clear:right\" title=\" \" src=\"\/wp-content\/Bilder\/Yukatan\/IMGP5162.jpg\" alt=\"\" width=\"365\" height=\"243\" \/><\/p>\n<p style=\"clear:both\">\n<p><\/br><\/p>\n<p style=\"clear:both\"><strong>Links<\/strong><\/p>\n<ul>\n<li>Die <a href=\"http:\/\/www.sven-gronemeyer.de\/index.html\">Seite eines Arch\u00e4ologen<\/a> mit vielen Information zur Kultur der Maya.<\/li>\n<li>Und noch <a href=\"http:\/\/www.indianer-welt.de\/\">eine private Seite<\/a> mit vielen Informationen zu den amerikanischen Ureinwohnern. <\/li>\n<\/ul>\n<p style=\"clear:both\">\n","protected":false},"excerpt":{"rendered":"<p>Nachdem ich im Sommer 2008 gute Erfahrungen mit Freewheeling aus Nova Scotia gemacht haben, und ich sowieso auch gerne im <a class=\"more-link\" href=\"http:\/\/fahrradinontario.net\/?page_id=1210\">weiterlesen&#8230;<\/a><\/p>\n","protected":false},"author":2,"featured_media":1878,"parent":1306,"menu_order":3,"comment_status":"closed","ping_status":"closed","template":"","meta":{"footnotes":""},"class_list":["post-1210","page","type-page","status-publish","has-post-thumbnail","hentry"],"_links":{"self":[{"href":"http:\/\/fahrradinontario.net\/index.php?rest_route=\/wp\/v2\/pages\/1210","targetHints":{"allow":["GET"]}}],"collection":[{"href":"http:\/\/fahrradinontario.net\/index.php?rest_route=\/wp\/v2\/pages"}],"about":[{"href":"http:\/\/fahrradinontario.net\/index.php?rest_route=\/wp\/v2\/types\/page"}],"author":[{"embeddable":true,"href":"http:\/\/fahrradinontario.net\/index.php?rest_route=\/wp\/v2\/users\/2"}],"replies":[{"embeddable":true,"href":"http:\/\/fahrradinontario.net\/index.php?rest_route=%2Fwp%2Fv2%2Fcomments&post=1210"}],"version-history":[{"count":23,"href":"http:\/\/fahrradinontario.net\/index.php?rest_route=\/wp\/v2\/pages\/1210\/revisions"}],"predecessor-version":[{"id":1955,"href":"http:\/\/fahrradinontario.net\/index.php?rest_route=\/wp\/v2\/pages\/1210\/revisions\/1955"}],"up":[{"embeddable":true,"href":"http:\/\/fahrradinontario.net\/index.php?rest_route=\/wp\/v2\/pages\/1306"}],"wp:featuredmedia":[{"embeddable":true,"href":"http:\/\/fahrradinontario.net\/index.php?rest_route=\/wp\/v2\/media\/1878"}],"wp:attachment":[{"href":"http:\/\/fahrradinontario.net\/index.php?rest_route=%2Fwp%2Fv2%2Fmedia&parent=1210"}],"curies":[{"name":"wp","href":"https:\/\/api.w.org\/{rel}","templated":true}]}}