

{"id":1176,"date":"2009-02-01T12:04:14","date_gmt":"2009-02-01T17:04:14","guid":{"rendered":"http:\/\/fahrradinontario.net\/?page_id=1176"},"modified":"2018-03-16T18:33:50","modified_gmt":"2018-03-16T23:33:50","slug":"rund-um-den-ontariosee","status":"publish","type":"page","link":"http:\/\/fahrradinontario.net\/?page_id=1176","title":{"rendered":"Rund um den Ontariosee"},"content":{"rendered":"<p>Der Ontariosee ist der \u00f6stlichste und letzte in der Kette der gro\u00dfen Seen. Gespeist wird er haupts\u00e4chlich vom Eriesee \u00fcber die Niagaraf\u00e4lle, und der Ablauf geschieht durch den St. Lawrence Strom in den Atlantik. Eine Rundreise lohnt sich und an seinen Ufern gibt es viel Natur, Geschichte und auch \u00dcberraschendes zu entdecken.<br \/>\n<br \/>\nDen Ontariosee kann man recht gut mit dem Fahrrad erkunden oder sogar umrunden, da es zwei gut gepflegte und ausgebaute Trailsysteme gibt.\n<\/p>\n<p style=\"clear:both\"><img loading=\"lazy\" decoding=\"async\" class=\"alignright\" title=\" \" src=\"\/wp-content\/Bilder\/Ontariosee\/P7100032.jpg\" alt=\"\" width=\"365\" height=\"243\" \/><\/p>\n<p><\/br><\/p>\n<p>Das ist zum einen der <a href=\"https:\/\/www.waterfronttrail.org\/\">Waterfront Trail<\/a> auf der n\u00f6rdlichen Seite in Ontario. Wo es keine Fahrradwege gibt, f\u00fchrt der Trail durch ruhige Nebenstra\u00dfen und nur an wenigen Stellen auf Hauptstra\u00dfen mit viel Autoverkehr.<\/p>\n<p style=\"clear: both;\">\n<p>Das Pendent auf der s\u00fcdlichen Seite im New York State ist der <a href=\"http:\/\/www.seawaytrail.com\/\">Great Lakes Seaway Trail<\/a>. Der ist zwar eigentlich eine Autoroute, da es aber nur \u00fcber Nebenstra\u00dfen geht, ist der Seaway Trail auch mit dem Fahrrad gut zu befahren.<\/p>\n<p>Damit w\u00e4re das &#8222;wo lang&#8220; gekl\u00e4rt, und jetzt schauen wir uns einmal die lohnenswerten Ziele an. Unsere Rundreise beginnt am gr\u00f6\u00dften Zufluss, dem Niagara, und f\u00fchrt zuerst am n\u00f6rdlichen Ufer entlang durch Ontario.<\/p>\n\n\n\t\t\t\t<div id=\"map_ol3js_1\" class=\"map undefined\" data-map_name=\"undefined\" data-map=\"map_ol3js_1\" style=\"width:100%; max-width:100%; height:400px; display:block; overflow:hidden;border:2px solid grey;\" >\n\t\t\t\t  <div id=\"map_ol3js_1_popup\" class=\"ol-popup\" >\n\t\t\t\t\t<a href=\"#\" id=\"map_ol3js_1_popup-closer\" class=\"ol-popup-closer\"><\/a>\n\t\t\t\t\t<div id=\"map_ol3js_1_popup-content\" ><\/div>\n\t\t\t\t  <\/div>\n\t\t\t\t<\/div>\n\t\t\t\n\n\t\t\t\t<script type=\"text\/javascript\">\n\t\t\t\t\ttranslations['openlayer'] = \"open layer\";\n\t\t\t\t\ttranslations['openlayerAtStartup'] = \"open layer at startup\";\n\t\t\t\t\ttranslations['generateLink'] = \"Der Link zur Karte mit ausgew\u00e4hlten Overlays und angezeigtem Ausschnitt\";\n\t\t\t\t\ttranslations['shortDescription'] = \"Kurzbeschreibung\";\n\t\t\t\t\ttranslations['generatedShortCode'] = \"to get a text control link paste this code in your wordpress editor\";\n\t\t\t\t\ttranslations['closeLayer'] = \"close layer\";\n\t\t\t\t\ttranslations['cantGenerateLink'] = \"put this string in the existing map short code to control this map\";\n\t\t\t  <\/script>\n\n\n\t\t\t  <script type=\"text\/javascript\">\n\t\t\t  vectorM['map_ol3js_1'] = [];\n\t        \n        var raster = getTileLayer(\"osm\",\"NoKey\");\t\t\t\n\n\t\t\t  var map_ol3js_1 = new ol.Map({\n\t\t\t\tinteractions: ol.interaction.defaults.defaults({mouseWheelZoom:false}),\n\t\t\t\tlayers: [raster],\n\t\t\t\ttarget: \"map_ol3js_1\",\n\t\t\t\tview: new ol.View({\n\t\t\t\t  center: ol.proj.transform([-77.9,43.7], \"EPSG:4326\", \"EPSG:3857\"),\n\t\t\t\t  zoom: 8\n\t\t\t\t})\n\t\t\t  });\n\t\t\t  \n    var style0 = {\n      \"Point\": [new ol.style.Style({\n\n          image: new ol.style.Icon({\n            anchor: [0.5, 41],\n            anchorXUnits: \"fraction\",\n            anchorYUnits: \"pixels\",\n            opacity: 0.75,\n            src: \"http:\/\/fahrradinontario.net\/wp-content\/plugins\/osm\/icons\/mic_blue_pinother_02.png\"\n          })\n      })],\n\n      \"LineString\": [new ol.style.Style({\n        stroke: new ol.style.Stroke({\n          color: \"blue\",\n          width: 8\n        })\n      })],\n      \"MultiLineString\": [new ol.style.Style({\n        stroke: new ol.style.Stroke({\n          color: \"blue\",\n          width: 4\n        })\n      })]\n    };\n\t\t  vectorL0 = new ol.layer.Vector({\n\n\t\t\tsource: new ol.source.Vector({\n\t\t  url:\"\/wp-content\/GPXData\/OntarioSee.kml\",\n\t\t\t  format: new ol.format.KML({ showPointNames: false})\n\t\t\t}),\n         zIndex: 92\n\t\t  });map_ol3js_1.addLayer(vectorL0);addControls2Map(map_ol3js_1,0,0,3,0,5,6,7,0,1);\nosm_addPopupClickhandler(map_ol3js_1,  \"map_ol3js_1\"); \nosm_addMouseHover(map_ol3js_1); <\/script>\n<p style=\"clear: both;\">\n<p><\/br><\/p>\n<p><strong>Von Niagara-on-the-Lake nach Hamilton<\/strong><\/p>\n<p style=\"clear:both\"><img loading=\"lazy\" decoding=\"async\" class=\"alignleft\" title=\" \" src=\"\/wp-content\/Bilder\/Ontariosee\/IMGP4989.jpg\" alt=\"\" width=\"243\" height=\"365\" \/><\/p>\n<p>Wo der Niagara in den Ontariosee m\u00fcndet, f\u00e4ngt der Waterfront Trail an. Die Niagara Halbinsel liegt zwischen dem Erie- und dem Ontariosee. Die beiden Seen sind sowohl Feuchtigkeits- wie auch W\u00e4rmespeicher und machen dadurch die Gegend besonders fruchtbar. Es gibt viele Obst- und Weinfelder, die sich bis an das Seeufer herunterziehen. Daher gibt es auf diesem Abschnitt nur an wenigen Stellen Zugang zum Wasser.<\/p>\n<p>In St. Catharines kreuzt man den <a href=\"https:\/\/de.wikipedia.org\/wiki\/Wellandkanal\">Welland Canal<\/a>. Dar\u00fcber steigen die gro\u00dfen Schiffe \u00fcber acht Schleusen auf das Escarpment und brauchen daf\u00fcr einen ganzen Tag.<\/p>\n<p>Mehrere B\u00e4che kommen das Escarpment herunter und ergie\u00dfen sich in den Ontariosee. Es gibt entsprechend viele Wasserfalle zu sehen, viele allerdings nur im Fr\u00fchjahr, denn im Sommer trocknen einige davon komplett aus.<\/p>\n<p style=\"clear:both\"><img loading=\"lazy\" decoding=\"async\" class=\"alignright\" title=\" \" src=\"\/wp-content\/Bilder\/Ontariosee\/IMGP1772.jpg\" alt=\"\" width=\"365\" height=\"243\" \/><\/p>\n<p><\/br><\/p>\n<p>Wo es noch Wasser gibt, kann man an bestimmten Tagen im Herbst ein besonderes Schauspiel beobachten. Lachse m\u00fchen sich zum Laichen vom See kommend die B\u00e4che hinauf.<\/p>\n<p style=\"clear:both\">\n<p style=\"clear:both\"><img loading=\"lazy\" decoding=\"async\" class=\"alignleft\" title=\" \" src=\"\/wp-content\/Bilder\/Ontariosee\/IMGP1466.jpg\" alt=\"\" width=\"365\" height=\"243\" \/><\/p>\n<p><\/br><\/p>\n<p>Bei Grimsby ist das Niagara Escartment dem See am n\u00e4chsten, und man hat vom <a href=\"https:\/\/npca.ca\/conservation-areas\/beamer-memorial\">Beamer Memorial Conservation Area<\/a>  einen tollen Ausblick \u00fcber die Landschaft und den See.<\/p>\n<p style=\"clear:both\">\n<p><\/br><\/p>\n<p><strong>Hamilton<\/strong><br \/>\nHamilton liegt am westlichen Ende des Ontariosees, und ist mit \u00fcber 300.000 Einwohnern ein recht gro\u00dfe Stadt. Wenn man nur an Hamilton vorbeif\u00e4hrt und auf dem  <a href=\"https:\/\/de.wikipedia.org\/wiki\/Queen_Elizabeth_Way\">Queen Elizabeth Way<\/a> (QEW) \u00fcber die gro\u00dfe Br\u00fccke f\u00e4hrt, fallen sofort die die Stahlwerke am Hamilton Harbour auf.<\/p>\n<p style=\"clear:both\"><img loading=\"lazy\" decoding=\"async\" class=\"alignleft\" title=\" \" src=\"\/wp-content\/Bilder\/Ontariosee\/IMGP8607.jpg\" alt=\"\" width=\"365\" height=\"243\" \/><\/p>\n<p>Eine lange Sandband grenzt den Hamilton Harbour vom Ontariosee ab. Der Hamilton Harbour war lange Zeit nicht nur ein Ziel f\u00fcr Wochenendausfl\u00fcge, sondern auch die Kloake der Anwohner und Hamiltons Industrie. In den 1950 Jahren wurde deshalb das Ufer f\u00fcr alle Erholungsaktivit\u00e4ten gesperrt. In den 70er Jahren wurden dann endlich Ma\u00dfnahmen beschlossen, die Wasserqualit\u00e4t zu verbessern, und heute gibt es wieder viele Naherholungsgebiete rund um dem Hamilton Harbour.<\/p>\n<p style=\"clear:both\"><img loading=\"lazy\" decoding=\"async\" class=\"alignright\" title=\" \" src=\"\/wp-content\/Bilder\/Ontariosee\/IMGP8691.jpg\" alt=\"\" width=\"365\" height=\"243\" \/><\/p>\n<p><\/br><\/p>\n<p>Damit Schiffe in den Hamilton Harbour einfahren k\u00f6nnen, gibt es eine Zugbr\u00fccke und direkt daneben \u00fcberspannt der &#8222;Skyway&#8220; den Durchgang zum Hafen. Dar\u00fcber rollt auf der QEW der gr\u00f6\u00dfte Teil des Stra\u00dfenverkehres zwischen Toronto und den USA.<\/p>\n<p style=\"clear:both\">\n<p>In Hamilton gibt es allerlei zu sehen wie zum Beispiel die <a href=\"https:\/\/en.wikipedia.org\/wiki\/LIUNA_Station\">LIUNA Station<\/a>, den ehemaligen Bahnhof, der heute ein Konferenzzentrum ist, oder das Dundrum Castle. Das Dundrum Castle liegt hoch \u00fcber dem Hamilton Harbour und wurde Anfang des 19. Jahrhunderts von einem wohlhabenden fr\u00fchen Einwohner Hamiltons erbaut und hat seitdem mehrfach den Besitzer gewechselt bis es in Jahre 1900 von der Stadt gekauft wurde.<\/p>\n<p style=\"clear:both\"><img loading=\"lazy\" decoding=\"async\" class=\"alignleft\" title=\" \" src=\"\/wp-content\/Bilder\/Ontariosee\/IMGP1891.jpg\" alt=\"\" width=\"365\" height=\"243\" \/><\/p>\n<p><img loading=\"lazy\" decoding=\"async\" class=\"alignright\" style=\"clear:right\" title=\" \" src=\"\/wp-content\/Bilder\/Ontariosee\/IMGP8641.jpg\" alt=\"\" width=\"365\" height=\"243\" \/><\/p>\n<p style=\"clear:both\">\n<p><\/br><\/p>\n<p><strong>Von Hamilton nach Oshawa<\/strong><br \/>\nNach Hamilton f\u00e4ngt die Greater Toronto Region an, und es reiht sich eine Stadt an die n\u00e4chste. Es gibt dazwischen aber auch viele Parks und ein paar Naturschutzgebiete am See.<\/p>\n<p style=\"clear:both\"><img loading=\"lazy\" decoding=\"async\" class=\"alignleft\" title=\" \" src=\"\/wp-content\/Bilder\/Ontariosee\/IMGP4177.jpg\" alt=\"\" width=\"365\" height=\"243\" \/><\/p>\n<p><\/br><\/p>\n<p>Auch der Ontariosee hat seine Kreidefelsen. Die Scarborough Bluffs sind recht beeindruckend und bestehen eigentlich aus Sandstein. Der Park befindet sich am Seeufer in Scarborough, Torontos \u00f6stlichem Stadtteil, und wurde in den 70ern und 80ern k\u00fcnstlich aufgesch\u00fcttet. Oberhalb der Felsen gibt es eine Wiese von der man einen tollen Ausblick auf den See hat.<\/p>\n<p style=\"clear:both\">\n<p style=\"clear: right;\">\n<p style=\"clear: both;\">\u00d6stlich von Toronto liegen einige kleine und beschaulich St\u00e4dtchen am Ontariosee.<\/p>\n<p style=\"clear:both\"><img loading=\"lazy\" decoding=\"async\" class=\"alignright\" title=\" \" src=\"\/wp-content\/Bilder\/Ontariosee\/IMGP6159.jpg\" alt=\"\" width=\"365\" height=\"243\" \/><\/p>\n<p><\/br><\/p>\n<p>In Pickering und Darlington stehen zwei von insgesamt nur vier aktiven Atomkraftwerken in Kanada und nutzten das Wasser des Sees zur K\u00fchlung.<\/p>\n<p style=\"clear:both\">\n<p>In Oshawa gibt es am Lakeview Park das <a href=\"http:\/\/www.oshawamuseum.org\/\">Oshawa Museum<\/a>, ein Freilichtmuseum, wo es H\u00e4user zu besichtigen gibt, die von den fr\u00fchen Siedlern Anfang des 19. Jahrhunderts gebaut wurden.<\/p>\n<p style=\"clear:both\"><img loading=\"lazy\" decoding=\"async\" class=\"alignleft\" title=\" \" src=\"\/wp-content\/Bilder\/Ontariosee\/P7100026.jpg\" alt=\"\" width=\"365\" height=\"243\" \/><\/p>\n<p><img loading=\"lazy\" decoding=\"async\" class=\"alignright\" style=\"clear:right\" title=\" \" src=\"\/wp-content\/Bilder\/Ontariosee\/IMGP7209.jpg\" alt=\"\" width=\"365\" height=\"243\" \/><\/p>\n<p style=\"clear:both\">\n<p><\/br><\/p>\n<p id=\"Presquile\" style=\"clear: right;\"><strong>Presque&#8217;Ile<\/strong><br \/>\nDer <a href=\"http:\/\/www.ontarioparks.com\/english\/pres.html\">Presque&#8217;Ile Provincial Park<\/a> ist ein Naherholungsgebiet bei Brighton, ungef\u00e4hr 150 Kilometer \u00f6stlich von Toronto. Es gibt dort einen gro\u00dfen Strand, Campingpl\u00e4tze, Wander- und Fahrradwege und einen ber\u00fchmten Leuchtturm. Presque&#8217;Ile ist \u00fcbrigens das franz\u00f6sische Wort f\u00fcr Halbinsel, und davon gibt es mehrere rund um die gro\u00dfen Seen.<\/p>\n<p style=\"clear:both\"><img loading=\"lazy\" decoding=\"async\" class=\"alignleft\" title=\" \" src=\"\/wp-content\/Bilder\/Ontariosee\/IMGP3097.jpg\" alt=\"\" width=\"365\" height=\"243\" \/><\/p>\n<p><img loading=\"lazy\" decoding=\"async\" class=\"alignright\" style=\"clear:right\" title=\" \" src=\"\/wp-content\/Bilder\/Ontariosee\/IMGP3119.jpg\" alt=\"\" width=\"365\" height=\"243\" \/><\/p>\n<p style=\"clear:both\">\n<p><\/br><\/p>\n<p><strong>Prince Edward County<\/strong><br \/>\n<a href=\"http:\/\/en.wikipedia.org\/wiki\/Prince_Edward_County,_Ontario\">Prince Edward County<\/a> ist eine gr\u00f6\u00dfere Halbinsel im Ontariosee und befindet sich ungef\u00e4hr 200 km \u00f6stlich von Toronto, nicht weit entfernt von Kingston und den 1000 Islands.<\/p>\n<p>Die Attraktion ist der <a href=\"http:\/\/www.ontarioparks.com\/english\/sand.html\">Sandbanks Provincial Park<\/a>, die gr\u00f6\u00dfte S\u00fc\u00dfwasserd\u00fcne der Welt. Dort befinden sich einige Campingpl\u00e4tze und ein hervorragender Sandstrand mit ganz ordentlichen Wellen, wo zwischen Juni und August karibische Gef\u00fchle aufkommen k\u00f6nnen.  Allerdings ist das S\u00fc\u00dfwasser des Lake Ontario wesentlich angenehmer, und es gibt auch keine Tiere, f\u00fcr die man ein potentielles Abendessen darstellt.<\/p>\n<p style=\"clear:both\"><img loading=\"lazy\" decoding=\"async\" class=\"alignleft\" title=\" \" src=\"\/wp-content\/Bilder\/Ontariosee\/IMGP5709.jpg\" alt=\"\" width=\"365\" height=\"243\" \/><\/p>\n<p><img loading=\"lazy\" decoding=\"async\" class=\"alignright\" style=\"clear:right\" title=\" \" src=\"\/wp-content\/Bilder\/Ontariosee\/IMGP7728.jpg\" alt=\"\" width=\"365\" height=\"243\" \/><\/p>\n<p style=\"clear:both\">\n<p>Ein wirkliches Naturschauspiel ist der Lake On The Mountain. Er liegt 60 Meter \u00fcber dem Wasserspiegel des Ontariosees, hat keinen sichtbaren Zufluss, und ist dennoch immer reichlich mit Wasser gef\u00fcllt.<\/p>\n<p style=\"clear:both\"><img loading=\"lazy\" decoding=\"async\" class=\"alignleft\" title=\" \" src=\"\/wp-content\/Bilder\/Ontariosee\/IMGP2400.jpg\" alt=\"\" width=\"365\" height=\"243\" \/><\/p>\n<p><img loading=\"lazy\" decoding=\"async\" class=\"alignright\" style=\"clear:right\" title=\" \" src=\"\/wp-content\/Bilder\/Ontariosee\/IMGP2407.jpg\" alt=\"\" width=\"365\" height=\"243\" \/><\/p>\n<p style=\"clear:both\">\n<p><\/br><\/p>\n<p id=\"Kingston\" style=\"clear: right;\"><strong>Kingston<\/strong><br \/>\n <a href=\"http:\/\/de.wikipedia.org\/wiki\/Kingston_(Ontario)\">Kingston<\/a> ist eine nette kleine Universit\u00e4tsstadt mit einem im Sommer recht regen Nachtleben. Au\u00dferdem befindet sich in Kingston eine die gr\u00f6\u00dfte Strafvollzugsanstalt Ontarios.<\/p>\n<p style=\"clear:both\"><img loading=\"lazy\" decoding=\"async\" class=\"alignleft\" title=\" \" src=\"\/wp-content\/Bilder\/Ontariosee\/IMGP5740.jpg\" alt=\"\" width=\"365\" height=\"243\" \/><\/p>\n<p><img loading=\"lazy\" decoding=\"async\" class=\"alignright\" style=\"clear:right\" title=\" \" src=\"\/wp-content\/Bilder\/Ontariosee\/IMGP5733.jpg\" alt=\"\" width=\"365\" height=\"243\" \/><\/p>\n<p style=\"clear:both\">\n<p><\/br><\/p>\n<p id=\"WolfeIsland\"><strong>Wolfe Island<\/strong><br \/>\n<a href=\"http:\/\/www.wolfeisland.com\/\">Wolfe Island<\/a> ist die gr\u00f6\u00dfte der 1000 Islands. Zu erreichen ist sie mit F\u00e4hren entweder von Kingston oder von Cape Vincent im US-Bundesstaat New York. Die Haupteinnahmequelle f\u00fcr die wenigen Inselbewohner ist der Tourismus, und so gibt es drei gut beschilderte Radrundwege und zwei Golfkurse. Wolfe Island ist au\u00dferdem ein Paradies f\u00fcr Vogelbeobachter.<\/p>\n<p style=\"clear:both\"><img loading=\"lazy\" decoding=\"async\" class=\"alignleft\" title=\" \" src=\"\/wp-content\/Bilder\/Ontariosee\/IMGP0586.jpg\" alt=\"\" width=\"365\" height=\"243\" \/><\/p>\n<p><\/br><\/p>\n<p>Wolfe Island geh\u00f6rt zu Kanada und die Verbindung nach Cape Vincent im US-Bundesstaat New York ist eine kleine F\u00e4hre die weniger als zehn Autos auf einmal transportieren kann. Entsprechend geruhsam geht es beim Grenz\u00fcbergang zu. Wenn man die Zeit auf den F\u00e4hren nicht mitrechnet, ist es wohl der \u00dcbergang von Kanada nach den USA mit der k\u00fcrzesten Wartezeit.<\/p>\n<p style=\"clear:both\">\n<p><\/br><\/p>\n<p id=\"Islands\" style=\"clear: both;\"><strong>1000 Islands<\/strong><br \/>\nWo der Ontariosee in den Sankt-Lorenz-Strom abflie\u00dft, befinden sich hunderte von <a href=\"http:\/\/de.wikipedia.org\/wiki\/1000_Islands\">kleinen und gr\u00f6\u00dferen Inseln<\/a>. Die meisten von ihnen sind seit Anfang des 19. Jahrhunderts in Privatbesitz und ihre Eigent\u00fcmer nutzen sie als Sommerresidenzen. Ein Teil des Gebietes ist ein Nationalpark und aufgrund der vielf\u00e4ltigen Natur auch ein UNESCO-Biosph\u00e4renreservat.<\/p>\n<p style=\"clear:both\"><img loading=\"lazy\" decoding=\"async\" class=\"alignleft\" title=\" \" src=\"\/wp-content\/Bilder\/Ontariosee\/IMGP5768.jpg\" alt=\"\" width=\"365\" height=\"243\" \/><\/p>\n<p><img loading=\"lazy\" decoding=\"async\" class=\"alignright\" style=\"clear:right\" title=\" \" src=\"\/wp-content\/Bilder\/Ontariosee\/IMGP5763.jpg\" alt=\"\" width=\"365\" height=\"243\" \/><\/p>\n<p style=\"clear:both\">\n<p style=\"clear:both\"><img loading=\"lazy\" decoding=\"async\" class=\"alignright\" title=\" \" src=\"\/wp-content\/Bilder\/Ontariosee\/IMGP5831.jpg\" alt=\"\" width=\"365\" height=\"243\" \/><\/p>\n<p><\/br><\/p>\n<p>Die beste Aussicht auf die Inseln hat man nat\u00fcrlich vom Schiff aus, und Bootstouren zu den 1000 Islands starten von Kingston und Gananoque aus. Gleich beim Grenz\u00fcbergang Lansdowne gibt auf Hill Island den <a href=\"http:\/\/1000islandstower.com\/\">1000 Islands Tower<\/a>, der einen Panoramablick auf die Inseln und die <a href=\"https:\/\/de.wikipedia.org\/wiki\/Thousand_Islands_Bridge\">Thousand Islands Bridge<\/a> aus 300 Meter H\u00f6he bietet.<\/p>\n<p style=\"clear:both\">\n<p>Sehr sch\u00f6ne Bilder mit Motiven aus der 1000 Islands Region gibt es auf der Internetseite und in den Fotob\u00fcchern von <a href=\"http:\/\/www.1000islandsphotoart.com\/\">Ian Coristine<\/a>.<\/p>\n<p><\/br><\/p>\n<p id=\"Islands\" style=\"clear: both;\"><strong>Boldt Castle<\/strong><br \/>\nJe gr\u00f6\u00dfer der Geldbeutel, desto gr\u00f6\u00dfer auch das Sommerhaus. Jeder hat schon einmal den Spruch &#8222;vom Tellerw\u00e4scher zum Million\u00e4r&#8220; geh\u00f6rt. Der beschreibt ziemlich genau die Lebensgeschichte des George C. Boldt. Er kam in den 1860er Jahren mit seinen Eltern von der Insel R\u00fcgen in die USA und hat sich buchst\u00e4blich vom K\u00fcchengehilfe zum Leiter des Waldorf-Astoria-Hotels in New York hochgearbeitet.<\/p>\n<p style=\"clear:both\"><img loading=\"lazy\" decoding=\"async\" class=\"alignleft\" title=\" \" src=\"\/wp-content\/Bilder\/Ontariosee\/IMGP0597.jpg\" alt=\"\" width=\"365\" height=\"243\" \/><\/p>\n<p><img loading=\"lazy\" decoding=\"async\" class=\"alignright\" style=\"clear:right\" title=\" \" src=\"\/wp-content\/Bilder\/Ontariosee\/IMGP0629.jpg\" alt=\"\" width=\"365\" height=\"243\" \/><\/p>\n<p style=\"clear:both\">\n<p style=\"clear:both\"><img loading=\"lazy\" decoding=\"async\" class=\"alignleft\" title=\" \" src=\"\/wp-content\/Bilder\/Ontariosee\/IMGP0647.jpg\" alt=\"\" width=\"365\" height=\"243\" \/><\/p>\n<p><\/br><\/p>\n<p>Das <a href=\"http:\/\/de.wikipedia.org\/wiki\/Boldt_Castle\">Boldt Castle<\/a> hat er f\u00fcr seine Frau Louise gebaut und dabei Motive deutscher Burgen und Schl\u00f6sser verwendet. Nach dem Tod Louises wurden die Bauarbeiten sofort eingestellt, und daher blieben viele R\u00e4ume unvollendet.<\/p>\n<p style=\"clear:both\">\n<p><\/br><\/p>\n<p style=\"clear: both;\"><strong>Sackets Harbour<\/strong><\/p>\n<p style=\"clear:both\"><img loading=\"lazy\" decoding=\"async\" class=\"alignleft\" title=\" \" src=\"\/wp-content\/Bilder\/Ontariosee\/IMGP0653.jpg\" alt=\"\" width=\"365\" height=\"243\" \/><\/p>\n<p><\/br><\/p>\n<p><a href=\"https:\/\/de.wikipedia.org\/wiki\/Sackets_Harbor\">Sackets Harbour<\/a> ist ein kleiner Ort am \u00f6stlichen Ende des Ontariosee auf amerikanischer Seite. Bekannt ist der Ort, weil dort w\u00e4hrend des Britisch-Amerikanischen Krieges ein Teil der amerikanischen Kriegsflotte untergebracht war, und ein Angriff der Briten zu einer Schlacht f\u00fchrte. Ein kleines Museum erinnert an die Geschehnisse, und einmal im Jahr wird die Schlacht nachgespielt.<\/p>\n<p style=\"clear:both\">\n<p><\/br><\/p>\n<p id=\"ChimneyBluffs\" style=\"clear: both;\"><strong>Sodus Bay und Chimney Bluffs<\/strong><br \/>\n Die Sodus Bay liegt etwa 50 km \u00f6stlich von Rochster und ist eine gro\u00dfe Bucht im Ontariosee. An ihrem \u00f6stlichem Ufer liegt <a href=\"http:\/\/en.wikipedia.org\/wiki\/Sodus_Point,_New_York\">Sodus Point<\/a>. Dort gibt es einen sch\u00f6nen Strand, und man kann man einen <a href=\"http:\/\/www.soduspointlighthouse.org\/\">Leuchtturm<\/a> besichtigen, der urspr\u00fcnglich 1825 gebaut wurde und bis 1901 seinen Dienst versah. Der Turm wurde 1871 abgerissen und wieder neu aufgebaut.<\/p>\n<p style=\"clear:both\"><img loading=\"lazy\" decoding=\"async\" class=\"alignleft\" title=\" \" src=\"\/wp-content\/Bilder\/Ontariosee\/IMGP0801.jpg\" alt=\"\" width=\"365\" height=\"243\" \/><\/p>\n<p><img loading=\"lazy\" decoding=\"async\" class=\"alignright\" style=\"clear:right\" title=\" \" src=\"\/wp-content\/Bilder\/Ontariosee\/IMGP0910.jpg\" alt=\"\" width=\"365\" height=\"243\" \/><\/p>\n<p style=\"clear:both\">\n<p><\/br><\/p>\n<p id=\"Rochester\" style=\"clear: both;\"><strong>Rochester<\/strong><br \/>\n<a href=\"http:\/\/de.wikipedia.org\/wiki\/Rochester_(New_York)\">Rochester<\/a> liegt wie auch der Letchworth Canyon am Genesee Fluss was \u00fcbersetzt so viel hei\u00dft wie \u201eFluss der vielen F\u00e4lle\u201c. Und tats\u00e4chlich gibt es mitten in Rochester zwei recht gro\u00dfe Wasserf\u00e4lle, deren Kraft f\u00fcr M\u00fchlen genutzt wurde. Die Bl\u00fcte erlebte Rochester mit dem Eriekanal, der die gro\u00dfen Seen mit dem Hudson River verbindet. Kodak und Xerox wurden hier gegr\u00fcndet, und so nennt sich Rochester auch gerne <em>World&#8217;s Image Center<\/em>. Aber der industrielle Niedergang der Region um die gro\u00dfen Seen hat auch Rochester getroffen.<\/p>\n<p style=\"clear: right;\"><img loading=\"lazy\" decoding=\"async\" class=\"aligncenter\" title=\" \" src=\"\/wp-content\/Bilder\/Ontariosee\/Rochester.jpg\" alt=\"\" width=\"1200\" height=\"411\" \/><\/a> Gro\u00dfer Wasserfall mitten in der Stadt.<\/p>\n<p style=\"clear:both\"><img loading=\"lazy\" decoding=\"async\" class=\"alignleft\" title=\" \" src=\"\/wp-content\/Bilder\/Ontariosee\/IMGP0680.jpg\" alt=\"\" width=\"365\" height=\"243\" \/><\/p>\n<p><img loading=\"lazy\" decoding=\"async\" class=\"alignright\" style=\"clear:right\" title=\" \" src=\"\/wp-content\/Bilder\/Ontariosee\/IMGP0798.jpg\" alt=\"\" width=\"365\" height=\"243\" \/><\/p>\n<p style=\"clear:both\">\n<p style=\"clear: both;\">Das wohl lohnenswerte Ziel in Rochester ist das <a href=\"http:\/\/www.eastmanhouse.org\/\">George Eastman House<\/a>. Das Wohnhaus des Kodak Gr\u00fcnders kann besichtigt werden und bietet neben einem Archiv und einem Theater wechselnde Ausstellungen mehr oder weniger bekannter Fotografen. Au\u00dferdem gibt es F\u00fchrungen durch das Haus und die Gartenanlagen, die beide recht beeindruckend sind, und einen Eindruck vom Reichtum des Besitzers geben.<\/p>\n<p style=\"clear:both\"><img loading=\"lazy\" decoding=\"async\" class=\"alignleft\" title=\" \" src=\"\/wp-content\/Bilder\/Ontariosee\/IMGP0549.jpg\" alt=\"\" width=\"365\" height=\"243\" \/><\/p>\n<p><img loading=\"lazy\" decoding=\"async\" class=\"alignright\" style=\"clear:right\" title=\" \" src=\"\/wp-content\/Bilder\/Ontariosee\/IMGP0537.jpg\" alt=\"\" width=\"365\" height=\"243\" \/><\/p>\n<p style=\"clear:both\">\n<p><\/br><\/p>\n<p id=\"Niagara\" style=\"clear: both;\"><strong>Fort Niagara<\/strong><br \/>\n Die Rundreise endet beinahe dort, wo sie begonnen hat: in Niagara. Nur diesmal auf der amerikanischen Seite. An der M\u00fcndung des Niagara, direkt gegen\u00fcber Niagara-on-the-Lake, steht das <a href=\"http:\/\/de.wikipedia.org\/wiki\/Fort_Niagara\">Fort Niagara<\/a>.<\/p>\n<p>Die Geschichte des Forts beginnt im 17. Jahrhundert mit der Kolonialisierung durch die Franzosen. Nach deren Abzug stand es abwechselnd unter britischer und amerikanischer Herrschaft. Im britisch-amerikanischen Krieg 1813 spielte es eine zentrale Rolle und war der Schauplatz einiger Schlachten.<\/p>\n<p>Als der Krieg vorbei war und der Eriekanal gebaut wurde, verlor es allerdings komplett an Bedeutung und wurde unterschiedlich genutzt. Nach dem zweiten Weltkrieg diente es sogar als Lager f\u00fcr deutsche Kriegsgefangene. Heute ist es ein State Park und kann besichtigt werden. Die Aussicht auf den Niagara und den Ontariosee vom Fort ist grandios.<\/p>\n<p style=\"clear:both\"><img loading=\"lazy\" decoding=\"async\" class=\"alignleft\" title=\" \" src=\"\/wp-content\/Bilder\/Ontariosee\/IMGP1911.jpg\" alt=\"\" width=\"365\" height=\"243\" \/><\/p>\n<p><img loading=\"lazy\" decoding=\"async\" class=\"alignright\" style=\"clear:right\" title=\" \" src=\"\/wp-content\/Bilder\/Ontariosee\/IMGP1915.jpg\" alt=\"\" width=\"365\" height=\"243\" \/><\/p>\n<p style=\"clear:both\">\n","protected":false},"excerpt":{"rendered":"<p>Der Ontariosee ist der \u00f6stlichste und letzte in der Kette der gro\u00dfen Seen. Gespeist wird er haupts\u00e4chlich vom Eriesee \u00fcber <a class=\"more-link\" href=\"http:\/\/fahrradinontario.net\/?page_id=1176\">weiterlesen&#8230;<\/a><\/p>\n","protected":false},"author":2,"featured_media":1838,"parent":14,"menu_order":14,"comment_status":"closed","ping_status":"closed","template":"","meta":{"footnotes":""},"class_list":["post-1176","page","type-page","status-publish","has-post-thumbnail","hentry"],"_links":{"self":[{"href":"http:\/\/fahrradinontario.net\/index.php?rest_route=\/wp\/v2\/pages\/1176","targetHints":{"allow":["GET"]}}],"collection":[{"href":"http:\/\/fahrradinontario.net\/index.php?rest_route=\/wp\/v2\/pages"}],"about":[{"href":"http:\/\/fahrradinontario.net\/index.php?rest_route=\/wp\/v2\/types\/page"}],"author":[{"embeddable":true,"href":"http:\/\/fahrradinontario.net\/index.php?rest_route=\/wp\/v2\/users\/2"}],"replies":[{"embeddable":true,"href":"http:\/\/fahrradinontario.net\/index.php?rest_route=%2Fwp%2Fv2%2Fcomments&post=1176"}],"version-history":[{"count":40,"href":"http:\/\/fahrradinontario.net\/index.php?rest_route=\/wp\/v2\/pages\/1176\/revisions"}],"predecessor-version":[{"id":2039,"href":"http:\/\/fahrradinontario.net\/index.php?rest_route=\/wp\/v2\/pages\/1176\/revisions\/2039"}],"up":[{"embeddable":true,"href":"http:\/\/fahrradinontario.net\/index.php?rest_route=\/wp\/v2\/pages\/14"}],"wp:featuredmedia":[{"embeddable":true,"href":"http:\/\/fahrradinontario.net\/index.php?rest_route=\/wp\/v2\/media\/1838"}],"wp:attachment":[{"href":"http:\/\/fahrradinontario.net\/index.php?rest_route=%2Fwp%2Fv2%2Fmedia&parent=1176"}],"curies":[{"name":"wp","href":"https:\/\/api.w.org\/{rel}","templated":true}]}}