{"id":11,"date":"2008-11-10T18:58:02","date_gmt":"2008-11-10T23:58:02","guid":{"rendered":"http:\/\/localhost\/wordpress\/?page_id=11"},"modified":"2016-01-09T12:14:50","modified_gmt":"2016-01-09T17:14:50","slug":"leben-in-toronto","status":"publish","type":"page","link":"http:\/\/fahrradinontario.net\/?page_id=11","title":{"rendered":"Leben in Toronto"},"content":{"rendered":"<p>Ein paar Informationen \u00fcber das Leben in Kanada und insbesondere Tornoto. Als Deutscher im Ausland zu leben, bedeutet immer auf einige gewohnte Dinge verzichten zu m\u00fcssen. Das ist aber eventuell weniger als man zuerst glaubt. Man muss nur wissen, wo es was gibt.<\/p>\n<ul>\n<li><a href=\"http:\/\/fahrradinontario.net\/?page_id=247\">Kanada \u2013 Was ist da eigentlich anders?<br \/>\n <\/a>Meine Hitliste der Unterschiede zwischen Kanada und Deutschland. Das war einmal eine Top Ten, die aber durch neue Erlebnisse regelm\u00e4\u00dfig w\u00e4chst.<\/li>\n<li><a href=\"http:\/\/fahrradinontario.net\/?page_id=252\">Meine 2 Cents<br \/>\n <\/a>Ein paar Gedanken an diejenigen, die selber vorhaben, nach Kanada zu ziehen.<\/li>\n<li><a href=\"http:\/\/fahrradinontario.net\/?page_id=257\">Wo bekommt man deutsche Lebensmittel?<br \/>\n <\/a>L\u00e4den, wo man gewohntes auch in und um Toronto bekommt.<\/li>\n<li><a href=\"http:\/\/fahrradinontario.net\/?page_id=938\">Kanadisches Bier<br \/>\n <\/a>Eines meiner Highlights. Wer hat sonst noch eine deutschsprachige Seite \u00fcber kanadisches Bier zu bieten?<\/li>\n<li><a href=\"http:\/\/fahrradinontario.net\/?page_id=262\">L\u00e4den<br \/>\n <\/a>Einige (f\u00fcr mich) besondere L\u00e4den in Toronto.<\/li>\n<\/ul>\n","protected":false},"excerpt":{"rendered":"<p>Ein paar Informationen \u00fcber das Leben in Kanada und insbesondere Tornoto. Als Deutscher im Ausland zu leben, bedeutet immer auf <a class=\"more-link\" href=\"http:\/\/fahrradinontario.net\/?page_id=11\">weiterlesen&#8230;<\/a><\/p>\n","protected":false},"author":2,"featured_media":0,"parent":0,"menu_order":4,"comment_status":"closed","ping_status":"closed","template":"","meta":{"footnotes":""},"class_list":["post-11","page","type-page","status-publish","hentry"],"_links":{"self":[{"href":"http:\/\/fahrradinontario.net\/index.php?rest_route=\/wp\/v2\/pages\/11","targetHints":{"allow":["GET"]}}],"collection":[{"href":"http:\/\/fahrradinontario.net\/index.php?rest_route=\/wp\/v2\/pages"}],"about":[{"href":"http:\/\/fahrradinontario.net\/index.php?rest_route=\/wp\/v2\/types\/page"}],"author":[{"embeddable":true,"href":"http:\/\/fahrradinontario.net\/index.php?rest_route=\/wp\/v2\/users\/2"}],"replies":[{"embeddable":true,"href":"http:\/\/fahrradinontario.net\/index.php?rest_route=%2Fwp%2Fv2%2Fcomments&post=11"}],"version-history":[{"count":9,"href":"http:\/\/fahrradinontario.net\/index.php?rest_route=\/wp\/v2\/pages\/11\/revisions"}],"predecessor-version":[{"id":1623,"href":"http:\/\/fahrradinontario.net\/index.php?rest_route=\/wp\/v2\/pages\/11\/revisions\/1623"}],"wp:attachment":[{"href":"http:\/\/fahrradinontario.net\/index.php?rest_route=%2Fwp%2Fv2%2Fmedia&parent=11"}],"curies":[{"name":"wp","href":"https:\/\/api.w.org\/{rel}","templated":true}]}}